{"id":3213,"date":"2023-05-24T10:18:41","date_gmt":"2023-05-24T10:18:41","guid":{"rendered":"https:\/\/blogsaverroes.juntadeandalucia.es\/eizapata\/?page_id=3213"},"modified":"2024-05-17T08:57:14","modified_gmt":"2024-05-17T08:57:14","slug":"encuentros-con-autores","status":"publish","type":"page","link":"https:\/\/blogsaverroes.juntadeandalucia.es\/eizapata\/encuentros-con-autores\/","title":{"rendered":"COMISI\u00d3N MIXTA ENCUENTROS CON AUTORES"},"content":{"rendered":"<p>Esta Comisi\u00f3n Mixta surge como iniciativa a ra\u00edz de unos de los sue\u00f1os y pretende fomentar la lectura entre nuestro alumnado, el profesorado y toda la Comunidad Educativa de la E.I. Zapata facilitando encuentros literarios con autores y autoras de Andaluc\u00eda que incentiven la lectura de sus obras a trav\u00e9s de un mensaje de Igualdad.&nbsp;<\/p>\n<p><strong>1\u00ba ENCUENTRO CON AUTORES: BEATRIZ UBAGO MOLINA, 29 DE NOVIEMBRE DE 2022:<\/strong><\/p>\n<p>Desde el Proyecto de Prevenci\u00f3n de la Violencia de G\u00e9nero en el que participa nuestro centro desde 2021 y desde nuestras actividades como Comunidad de Aprendizaje, hemos iniciado hoy una de las pr\u00e1cticas de \u00e9xito: las tertulias dial\u00f3gicas.<\/p>\n<p>De la mano de la escritora&nbsp;<a class=\"x1i10hfl xjbqb8w x1ejq31n xd10rxx x1sy0etr x17r0tee x972fbf xcfux6l x1qhh985 xm0m39n x9f619 x1ypdohk xt0psk2 xe8uvvx xdj266r x11i5rnm xat24cr x1mh8g0r xexx8yu x4uap5 x18d9i69 xkhd6sd x16tdsg8 x1hl2dhg xggy1nq x1a2a7pz notranslate _a6hd\" role=\"link\" href=\"https:\/\/www.instagram.com\/bea_ubago\/\">@bea_ubago<\/a>&nbsp;Beatriz Ubago las familias de nuestro centro han tenido la oportunidad de hablar con ella sobre un tema fundamental en nuestra escuela y en la sociedad: LA COEDUCACI\u00d3N.<\/p>\n<p>Escuchar las aportaciones de una experta en el tema como es Beatriz Ubago y poder reflexionar en grupo sobre sus cuento y los mensajes que transmite as\u00ed como, invitar a la reflexi\u00f3n individual sobre los estereotipos que nos atrapan en el d\u00eda a d\u00eda ha sido muy enriquecedor.<\/p>\n<p>Hoy nos vamos del cole con nuestras gafas moradas puestas y con la convicci\u00f3n de que s\u00f3lo educando desde la coeducaci\u00f3n y la corresponsabilidad llegaremos a un mundo sin desigualdades \ud83d\udc9c<\/p>\nngg_shortcode_0_placeholder\n<p><strong>2\u00ba ENCUENTRO CON AUTORES: ESTELA MORENO BERM\u00daDEZ, 3 DE NOVIEMBRE DE 2023:<\/strong><\/p>\n<p>Hoy Pepuka ha tra\u00eddo a nuestro cole su mensaje&nbsp;<a class=\"x1i10hfl xjbqb8w x1ejq31n xd10rxx x1sy0etr x17r0tee x972fbf xcfux6l x1qhh985 xm0m39n x9f619 x1ypdohk xt0psk2 xe8uvvx xdj266r x11i5rnm xat24cr x1mh8g0r xexx8yu x4uap5 x18d9i69 xkhd6sd x16tdsg8 x1hl2dhg xggy1nq x1a2a7pz _aa9_ _a6hd\" role=\"link\" href=\"https:\/\/www.instagram.com\/explore\/tags\/quenotequitenlasonrisa\/\">#quenotequitenlasonrisa<\/a>, trabajando en nuestro Aula Unitaria con su cuento.<br \/>\nNos ha ayudado a identificar y validar las emociones propias y ajenas, trabajando los valores de respeto, igualdad, buenos tratos y desmitificando el amor rom\u00e1ntico e identificando se\u00f1ales de malos tratos, previniendo desde la infancia la violencia machista.<\/p>\nngg_shortcode_1_placeholder\n<p><strong>3\u00ba ENCUENTRO CON AUTORES: JOS\u00c9 MANUEL DE MOLINA BAUTISTA, 30 DE NOVIEMBRE DE 2023:<\/strong><\/p>\n<div class=\"xdj266r x11i5rnm xat24cr x1mh8g0r x1vvkbs x126k92a\">\n<div dir=\"auto\">Hoy hemos tenido el placer de contar en nuestro centro con la visita del historiador Jos\u00e9 Manuel De Molina.<\/div>\n<\/div>\n<div class=\"x11i5rnm xat24cr x1mh8g0r x1vvkbs xtlvy1s x126k92a\">\n<div dir=\"auto\">Ha acudido a ayudarnos en nuestro Proyecto sobre Picasso y nos ha contado datos curiosos que relacionan al pintor con nuestra localidad, Alhaur\u00edn de la Torre a trav\u00e9s de su obra: \u00abEl Gallo de Alhaurinejo\u00bb.<\/div>\n<\/div>\n<div class=\"x11i5rnm xat24cr x1mh8g0r x1vvkbs xtlvy1s x126k92a\">\n<div dir=\"auto\">Gracias una vez m\u00e1s, por regalarnos tu sabidur\u00eda y acercarnos a la cultura de una forma tan bonita, pr\u00e1ctica y cercana.<\/div>\n<div dir=\"auto\">ngg_shortcode_2_placeholder<\/div>\n<\/div>\n<p><strong>4\u00ba ENCUENTRO CON AUTORES: MELISSA VIZCA\u00cdNO <span class=\"OYPEnA text-decoration-none text-strikethrough-none\">WOJCIECHOWSKI<\/span>, 12 DE FEBRERO DE 2024:<\/strong><\/p>\n<div class=\"xdj266r x11i5rnm xat24cr x1mh8g0r x1vvkbs x126k92a\">\n<div dir=\"auto\">El 12 de febrero, tuvimos la maravillosa visita de Melissa Vizca\u00edno, dentista en la Cl\u00ednica Dental Herrera.<\/div>\n<\/div>\n<div class=\"x11i5rnm xat24cr x1mh8g0r x1vvkbs xtlvy1s x126k92a\">\n<div dir=\"auto\">Nos traslad\u00f3 una serie de indicaciones sobre h\u00e1bitos de cuidado oral para nuestro alumnado y pudimos ponerlo en pr\u00e1ctica de forma muy l\u00fadica.<\/div>\n<\/div>\n<div class=\"x11i5rnm xat24cr x1mh8g0r x1vvkbs xtlvy1s x126k92a\">\n<div dir=\"auto\">Es crucial que nuestro alumnado pueda tener informaci\u00f3n de 1\u00aa mano de su dentista de cabecera, conozca que debe realizarse chequeos regulares que ayudan a prevenir problemas dentales en un futuro.<\/div>\n<\/div>\n<div class=\"x11i5rnm xat24cr x1mh8g0r x1vvkbs xtlvy1s x126k92a\">\n<div dir=\"auto\">Nuestras familias tuvieron la suerte de estar presentes para poder trasladarles cualquier inquietud sobre el tema.<\/div>\n<\/div>\n<div class=\"x11i5rnm xat24cr x1mh8g0r x1vvkbs xtlvy1s x126k92a\">\n<div dir=\"auto\">El final de la visita fue muy especial pues, descubrimos que el Se\u00f1or P\u00e9rez hab\u00eda instalado en nuestra clase su Puerta Roja, a trav\u00e9s de la cu\u00e1l, saldr\u00e1 a recoger los dientes que se nos vayan cayendo.<\/div>\n<div dir=\"auto\">&nbsp;<\/div>\n<div dir=\"auto\">Melissa Vizca\u00edno es la autora del libro \u00abLa puerta roja del Se\u00f1or P\u00e9rez\u00bb, y nos lo present\u00f3 para explicarnos&nbsp; qu\u00e9 ocurre con los primeros dientes que se nos caen. En su m\u00e1gica f\u00e1bula, Oliver junto al se\u00f1or P\u00e9rez se adentran en el maravilloso mundo de los dientes y nos ense\u00f1an lo importante que es cuidarlos bien.<\/div>\n<\/div>\n<div dir=\"auto\">ngg_shortcode_3_placeholder<\/div>\n<div dir=\"auto\">&nbsp;<\/div>\n","protected":false},"excerpt":{"rendered":"<p>Esta Comisi\u00f3n Mixta surge como iniciativa a ra\u00edz de unos de los sue\u00f1os y pretende fomentar la lectura entre nuestro alumnado, el profesorado y toda la Comunidad Educativa de la E.I. Zapata facilitando encuentros literarios con autores y autoras de Andaluc\u00eda que incentiven la lectura de sus obras a trav\u00e9s de un mensaje de Igualdad.&nbsp; &hellip; <\/p>\n<p class=\"link-more\"><a href=\"https:\/\/blogsaverroes.juntadeandalucia.es\/eizapata\/encuentros-con-autores\/\" class=\"more-link\">Continuar leyendo<span class=\"screen-reader-text\"> \u00abCOMISI\u00d3N MIXTA ENCUENTROS CON AUTORES\u00bb<\/span><\/a><\/p>\n","protected":false},"author":10362,"featured_media":0,"parent":0,"menu_order":0,"comment_status":"closed","ping_status":"closed","template":"","meta":{"ngg_post_thumbnail":0,"footnotes":"","_mc_calendar":[]},"aioseo_notices":[],"_links":{"self":[{"href":"https:\/\/blogsaverroes.juntadeandalucia.es\/eizapata\/wp-json\/wp\/v2\/pages\/3213"}],"collection":[{"href":"https:\/\/blogsaverroes.juntadeandalucia.es\/eizapata\/wp-json\/wp\/v2\/pages"}],"about":[{"href":"https:\/\/blogsaverroes.juntadeandalucia.es\/eizapata\/wp-json\/wp\/v2\/types\/page"}],"author":[{"embeddable":true,"href":"https:\/\/blogsaverroes.juntadeandalucia.es\/eizapata\/wp-json\/wp\/v2\/users\/10362"}],"replies":[{"embeddable":true,"href":"https:\/\/blogsaverroes.juntadeandalucia.es\/eizapata\/wp-json\/wp\/v2\/comments?post=3213"}],"version-history":[{"count":14,"href":"https:\/\/blogsaverroes.juntadeandalucia.es\/eizapata\/wp-json\/wp\/v2\/pages\/3213\/revisions"}],"predecessor-version":[{"id":3414,"href":"https:\/\/blogsaverroes.juntadeandalucia.es\/eizapata\/wp-json\/wp\/v2\/pages\/3213\/revisions\/3414"}],"wp:attachment":[{"href":"https:\/\/blogsaverroes.juntadeandalucia.es\/eizapata\/wp-json\/wp\/v2\/media?parent=3213"}],"curies":[{"name":"wp","href":"https:\/\/api.w.org\/{rel}","templated":true}]}}