{"id":3259,"date":"2024-02-08T09:50:46","date_gmt":"2024-02-08T09:50:46","guid":{"rendered":"https:\/\/blogsaverroes.juntadeandalucia.es\/eizapata\/?page_id=3259"},"modified":"2025-02-14T10:22:43","modified_gmt":"2025-02-14T10:22:43","slug":"comisionmixtaespaciosconvida","status":"publish","type":"page","link":"https:\/\/blogsaverroes.juntadeandalucia.es\/eizapata\/comisionmixtaespaciosconvida\/","title":{"rendered":"COMISI\u00d3N MIXTA ESPACIOS CON VIDA"},"content":{"rendered":"<p><a href=\"https:\/\/blogsaverroes.juntadeandalucia.es\/eizapata\/files\/2024\/05\/424596549_910862403925073_270289616467426808_n.jpg\"><img loading=\"lazy\" decoding=\"async\" class=\"aligncenter size-full wp-image-3401\" src=\"https:\/\/blogsaverroes.juntadeandalucia.es\/eizapata\/files\/2024\/05\/424596549_910862403925073_270289616467426808_n.jpg\" alt=\"\" width=\"206\" height=\"206\" srcset=\"https:\/\/blogsaverroes.juntadeandalucia.es\/eizapata\/files\/2024\/05\/424596549_910862403925073_270289616467426808_n.jpg 206w, https:\/\/blogsaverroes.juntadeandalucia.es\/eizapata\/files\/2024\/05\/424596549_910862403925073_270289616467426808_n-150x150.jpg 150w, https:\/\/blogsaverroes.juntadeandalucia.es\/eizapata\/files\/2024\/05\/424596549_910862403925073_270289616467426808_n-100x100.jpg 100w\" sizes=\"(max-width: 206px) 100vw, 206px\" \/><\/a><\/p>\n<p>La colaboraci\u00f3n de la Comisi\u00f3n mixta de \u00abEspacios con Vida\u00bb en nuestro Proyecto de Comunidades de Aprendizaje aporta numerosas ventajas significativas en la transformaci\u00f3n de los espacios educativos de nuestro centro:<\/p>\n<p>1. Mejora del Entorno Educativo: La transformaci\u00f3n de espacios, que pretendemos llevar a cabo, permitir\u00e1 crear ambientes m\u00e1s acogedores, motivadores y estimulantes para el aprendizaje. Esto aumentar\u00e1 el bienestar de nuestro alumnado y su disposici\u00f3n aumentar\u00e1 en la participaci\u00f3n de actividades educativas.<\/p>\n<p>2. Fomento de la Colaboraci\u00f3n: La comisi\u00f3n mixta de Espacios con Vida dise\u00f1ar\u00e1 espacios que facilitar\u00e1n la interacci\u00f3n y el trabajo en equipo entre los nuestro alumnado, el voluntariado y el resto de colaboradores de la Comunidad Educativa promoviendo una cultura de aprendizaje colaborativo.<\/p>\n<p>3. Adaptaci\u00f3n a Diversas Necesidades: La personalizaci\u00f3n, que se pretende realizar en cuanto a los espacios, nos permitir\u00e1 adaptarnos a las diversas necesidades de nuestro alumnado, asegurando as\u00ed una educaci\u00f3n inclusiva.<\/p>\n<p>4. Innovaci\u00f3n Pedag\u00f3gica: Creemos que los espacios bien dise\u00f1ados pueden apoyar nuestra metodolog\u00eda innovadora, el aprendizaje basado en Proyectos, el aprendizaje activo y el uso de las nuevas tecnolog\u00edas.<\/p>\n<p>5. Incremento del Compromiso Comunitario: La participaci\u00f3n de la comisi\u00f3n mixta de Espacios con Vida involucrar\u00e1 a la Comunidad Educativa de nuestro centro en el proceso de transformaci\u00f3n, fortaleciendo los lazos de nuestra Comunidad de Aprendizaje y aumentando el sentido de pertenencia y responsabilidad hacia los espacios educativos de nuestro centro.<\/p>\n<p>6. Mejor Uso del Espacio: Pensamos que optimizar y reconfigurar los espacios, puede hacer que su uso sea m\u00e1s eficiente en lo que respecta a los recursos disponibles con los que contamos, creando \u00e1reas multifuncionales que se adapten a diferentes actividades educativas y actuaciones educativas de \u00e9xito de nuestra Comunidad de Aprendizaje.<\/p>\n<p>7. Est\u00edmulo a la Creatividad: Los espacios bien dise\u00f1ados pueden inspirar creatividad tanto en nuestro alumnado como en nuestros docentes, fomentando un ambiente propicio para la innovaci\u00f3n y el pensamiento cr\u00edtico.<\/p>\n<p>8. Aumento de la Motivaci\u00f3n y el Rendimiento: Un entorno bien cuidado y atractivo puede aumentar el aliento de nuestro alumnado y, consecuentemente, mejorar su rendimiento acad\u00e9mico.<\/p>\n<p><img loading=\"lazy\" decoding=\"async\" class=\"aligncenter size-full wp-image-3396\" src=\"https:\/\/blogsaverroes.juntadeandalucia.es\/eizapata\/files\/2024\/05\/Imagen-de-WhatsApp-2024-05-11-a-las-13.17.51_55158475.jpg\" alt=\"\" width=\"436\" height=\"578\" srcset=\"https:\/\/blogsaverroes.juntadeandalucia.es\/eizapata\/files\/2024\/05\/Imagen-de-WhatsApp-2024-05-11-a-las-13.17.51_55158475.jpg 436w, https:\/\/blogsaverroes.juntadeandalucia.es\/eizapata\/files\/2024\/05\/Imagen-de-WhatsApp-2024-05-11-a-las-13.17.51_55158475-226x300.jpg 226w\" sizes=\"(max-width: 436px) 100vw, 436px\" \/><br \/>\n<iframe loading=\"lazy\" src=\"https:\/\/www.facebook.com\/plugins\/post.php?href=https%3A%2F%2Fwww.facebook.com%2Fei.zapata.5%2Fposts%2Fpfbid0R6GJCKoZ7DEAp9Hb2rKuSE3Sq2Ds5LYNyux9JuuWEXt18vfHFitShdivqmQ1rL9yl&amp;show_text=true&amp;width=500&amp;is_preview=true\" width=\"500\" height=\"645\" frameborder=\"0\" scrolling=\"no\"><\/iframe><br \/>\n<iframe loading=\"lazy\" src=\"https:\/\/www.facebook.com\/plugins\/post.php?href=https%3A%2F%2Fwww.facebook.com%2Fei.zapata.5%2Fposts%2Fpfbid0GTagAM1Kj7iN3enqNkckgD4UjjYJhMkpKoFiuazRGnGwAHje6tg7TWjVS3x1umcal&amp;show_text=true&amp;width=500\" width=\"500\" height=\"671\" scrolling=\"no\" frameborder=\"0\"><\/iframe><br \/>\n<iframe loading=\"lazy\" src=\"https:\/\/www.facebook.com\/plugins\/post.php?href=https%3A%2F%2Fwww.facebook.com%2Fei.zapata.5%2Fposts%2Fpfbid02iNxzwp9aPgidM5wuySczwsJZihGyLYJJamFUZ39WtXNuW4NULLNnyx4b65JzyhSZl&amp;show_text=true&amp;width=500\" width=\"500\" height=\"737\" scrolling=\"no\" frameborder=\"0\"><\/iframe><br \/>\n<iframe loading=\"lazy\" src=\"https:\/\/www.facebook.com\/plugins\/post.php?href=https%3A%2F%2Fwww.facebook.com%2Fei.zapata.5%2Fposts%2Fpfbid02baNX51REKMT4ZcfYkwifLANsi8UnmAt1DetQpsVDfrMHuMBrh5QgcdGL2KtyoiCl&amp;show_text=true&amp;width=500\" width=\"500\" height=\"787\" scrolling=\"no\" frameborder=\"0\"><\/iframe><br \/>\n<iframe loading=\"lazy\" src=\"https:\/\/www.facebook.com\/plugins\/post.php?href=https%3A%2F%2Fwww.facebook.com%2Fei.zapata.5%2Fposts%2Fpfbid02FHKhZz7pPRwwLFZzXnovgzBxdrni4FAjbVgk5uGbMRqWfwRZVRC8SoEmwCE67dvvl&amp;show_text=true&amp;width=500\" width=\"500\" height=\"690\" scrolling=\"no\" frameborder=\"0\"><\/iframe><\/p>\n","protected":false},"excerpt":{"rendered":"<p>La colaboraci\u00f3n de la Comisi\u00f3n mixta de \u00abEspacios con Vida\u00bb en nuestro Proyecto de Comunidades de Aprendizaje aporta numerosas ventajas significativas en la transformaci\u00f3n de los espacios educativos de nuestro centro: 1. Mejora del Entorno Educativo: La transformaci\u00f3n de espacios, que pretendemos llevar a cabo, permitir\u00e1 crear ambientes m\u00e1s acogedores, motivadores y estimulantes para el &hellip; <\/p>\n<p class=\"link-more\"><a href=\"https:\/\/blogsaverroes.juntadeandalucia.es\/eizapata\/comisionmixtaespaciosconvida\/\" class=\"more-link\">Continuar leyendo<span class=\"screen-reader-text\"> \u00abCOMISI\u00d3N MIXTA ESPACIOS CON VIDA\u00bb<\/span><\/a><\/p>\n","protected":false},"author":10362,"featured_media":0,"parent":0,"menu_order":0,"comment_status":"closed","ping_status":"closed","template":"","meta":{"ngg_post_thumbnail":0,"footnotes":"","_mc_calendar":[]},"aioseo_notices":[],"_links":{"self":[{"href":"https:\/\/blogsaverroes.juntadeandalucia.es\/eizapata\/wp-json\/wp\/v2\/pages\/3259"}],"collection":[{"href":"https:\/\/blogsaverroes.juntadeandalucia.es\/eizapata\/wp-json\/wp\/v2\/pages"}],"about":[{"href":"https:\/\/blogsaverroes.juntadeandalucia.es\/eizapata\/wp-json\/wp\/v2\/types\/page"}],"author":[{"embeddable":true,"href":"https:\/\/blogsaverroes.juntadeandalucia.es\/eizapata\/wp-json\/wp\/v2\/users\/10362"}],"replies":[{"embeddable":true,"href":"https:\/\/blogsaverroes.juntadeandalucia.es\/eizapata\/wp-json\/wp\/v2\/comments?post=3259"}],"version-history":[{"count":43,"href":"https:\/\/blogsaverroes.juntadeandalucia.es\/eizapata\/wp-json\/wp\/v2\/pages\/3259\/revisions"}],"predecessor-version":[{"id":3592,"href":"https:\/\/blogsaverroes.juntadeandalucia.es\/eizapata\/wp-json\/wp\/v2\/pages\/3259\/revisions\/3592"}],"wp:attachment":[{"href":"https:\/\/blogsaverroes.juntadeandalucia.es\/eizapata\/wp-json\/wp\/v2\/media?parent=3259"}],"curies":[{"name":"wp","href":"https:\/\/api.w.org\/{rel}","templated":true}]}}