{"id":3428,"date":"2024-05-17T10:12:04","date_gmt":"2024-05-17T10:12:04","guid":{"rendered":"https:\/\/blogsaverroes.juntadeandalucia.es\/eizapata\/?page_id=3428"},"modified":"2024-05-17T11:20:22","modified_gmt":"2024-05-17T11:20:22","slug":"comision-mixta-de-organizacion","status":"publish","type":"page","link":"https:\/\/blogsaverroes.juntadeandalucia.es\/eizapata\/comision-mixta-de-organizacion\/","title":{"rendered":"COMISI\u00d3N MIXTA DE ORGANIZACI\u00d3N"},"content":{"rendered":"<p><a href=\"https:\/\/blogsaverroes.juntadeandalucia.es\/eizapata\/files\/2024\/05\/Imagen-de-WhatsApp-2024-05-16-a-las-09.44.26_7cc3f7ff.jpg\"><img loading=\"lazy\" decoding=\"async\" class=\"aligncenter size-full wp-image-3441\" src=\"https:\/\/blogsaverroes.juntadeandalucia.es\/eizapata\/files\/2024\/05\/Imagen-de-WhatsApp-2024-05-16-a-las-09.44.26_7cc3f7ff.jpg\" alt=\"\" width=\"2048\" height=\"1536\" srcset=\"https:\/\/blogsaverroes.juntadeandalucia.es\/eizapata\/files\/2024\/05\/Imagen-de-WhatsApp-2024-05-16-a-las-09.44.26_7cc3f7ff.jpg 2048w, https:\/\/blogsaverroes.juntadeandalucia.es\/eizapata\/files\/2024\/05\/Imagen-de-WhatsApp-2024-05-16-a-las-09.44.26_7cc3f7ff-300x225.jpg 300w, https:\/\/blogsaverroes.juntadeandalucia.es\/eizapata\/files\/2024\/05\/Imagen-de-WhatsApp-2024-05-16-a-las-09.44.26_7cc3f7ff-1024x768.jpg 1024w, https:\/\/blogsaverroes.juntadeandalucia.es\/eizapata\/files\/2024\/05\/Imagen-de-WhatsApp-2024-05-16-a-las-09.44.26_7cc3f7ff-768x576.jpg 768w, https:\/\/blogsaverroes.juntadeandalucia.es\/eizapata\/files\/2024\/05\/Imagen-de-WhatsApp-2024-05-16-a-las-09.44.26_7cc3f7ff-1536x1152.jpg 1536w\" sizes=\"(max-width: 706px) 89vw, (max-width: 767px) 82vw, 740px\" \/><\/a><\/p>\n<p>La colaboraci\u00f3n de la Comisi\u00f3n mixta de \u00abOrganizaci\u00f3n\u00bb en nuestro Proyecto de Comunidades de Aprendizaje considera que iniciar un Proyecto de Formaciones para Familias nos permite seguir progresando en todos los aspectos del Plan de convivencia de nuestro centro y enlazarlo con las actividades encuadradas dentro del marco Educaci\u00f3n Emocional y Resoluci\u00f3n Pac\u00edfica de Conflictos, con el apoyo del Pacto de Estado contra la Violencia de g\u00e9nero en el que participamos actualmente.<\/p>\n<p>Surge tras el deseo de seguir con el Proyecto que iniciamos el curso anterior 2022\/2023 referente a la Formaci\u00f3n para familias.&nbsp;<\/p>\n<p>Consideramos que es una herramienta muy positiva para educar en equilibrio familia-escuela, unidos con un objetivo com\u00fan: ayudar con las dificultades de la infancia, armon\u00eda entre hogar y escuela, desarrollar habilidades de conexi\u00f3n, l\u00edmites positivos\u2026 que les ayudan a conectar con sus hijos\/as en casa y esto hace que \u00e9stos vengan al cole con una predisposici\u00f3n positiva.&nbsp;<\/p>\n<p>Queremos convertirnos en referente de Formadores en Bienestar Emocional y, por tanto, ofrecer una formaci\u00f3n espec\u00edfica en alfabetizaci\u00f3n e indicadores en bienestar emocional y en salud mental, tan necesario en el d\u00eda a d\u00eda tanto del alumnado como de las familias, tal y como recoge la Resoluci\u00f3n de 13 de julio de 2023, de la Direcci\u00f3n General de Ordenaci\u00f3n, Inclusi\u00f3n, Participaci\u00f3n y Evaluaci\u00f3n Educativa, por la que se establece la organizaci\u00f3n y el funcionamiento del Programa de Bienestar Emocional en el \u00e1mbito educativo en los centros docentes no universitarios sostenidos con fondos p\u00fablicos dependientes de la Consejer\u00eda de Desarrollo Educativo y Formaci\u00f3n Profesional para el curso 2023\/2024.<\/p>\n<p>Con esta medida que aprueba la Comisi\u00f3n de Organizaci\u00f3n, estableceremos medidas preventivas en nuestro centro, para evitar con estas habilidades y conocimientos que ofrecemos a toda nuestra Comunidad Educativa, problemas psicosociales de mayor envergadura.<\/p>\n<p><iframe loading=\"lazy\" src=\"https:\/\/www.facebook.com\/plugins\/post.php?href=https%3A%2F%2Fwww.facebook.com%2Fei.zapata.5%2Fposts%2Fpfbid037gqKRrdTAMhp7V5xPQHQa9oetMf6Vj6c3Z8tNZ2mAtYTL5vE7ELZmiTprv1NthJEl&amp;show_text=true&amp;width=500&amp;is_preview=true\" width=\"500\" height=\"729\" scrolling=\"no\" frameborder=\"0\"><\/iframe><br \/>\n<iframe loading=\"lazy\" src=\"https:\/\/www.facebook.com\/plugins\/post.php?href=https%3A%2F%2Fwww.facebook.com%2Fei.zapata.5%2Fposts%2Fpfbid0gVGwPYGgPD5KUuowQxLaqk7M8K8GmuXMtG31igUiNDWi1M4XNCZw9UgaLc6kPixPl&amp;show_text=true&amp;width=500&amp;is_preview=true\" width=\"500\" height=\"729\" scrolling=\"no\" frameborder=\"0\"><\/iframe><br \/>\n<iframe loading=\"lazy\" src=\"https:\/\/www.facebook.com\/plugins\/post.php?href=https%3A%2F%2Fwww.facebook.com%2Fei.zapata.5%2Fposts%2Fpfbid033mgDCJnE9sbouh71gk1tU3Q5jMW3Mr55wTu3Q5y9yjopUJin62W8iJR3enTuUB4hl&amp;show_text=true&amp;width=500&amp;is_preview=true\" width=\"500\" height=\"729\" scrolling=\"no\" frameborder=\"0\"><\/iframe><br \/>\n<iframe loading=\"lazy\" src=\"https:\/\/www.facebook.com\/plugins\/post.php?href=https%3A%2F%2Fwww.facebook.com%2Fei.zapata.5%2Fposts%2Fpfbid02N3TBxyzGeG22vPxF2p6KgF4ovHSKJKZfH2KeFiZaFCaH2b2cRS7oj1LEQNguKzyvl&amp;show_text=true&amp;width=500&amp;is_preview=true\" width=\"500\" height=\"690\" scrolling=\"no\" frameborder=\"0\"><\/iframe><\/p>\n","protected":false},"excerpt":{"rendered":"<p>La colaboraci\u00f3n de la Comisi\u00f3n mixta de \u00abOrganizaci\u00f3n\u00bb en nuestro Proyecto de Comunidades de Aprendizaje considera que iniciar un Proyecto de Formaciones para Familias nos permite seguir progresando en todos los aspectos del Plan de convivencia de nuestro centro y enlazarlo con las actividades encuadradas dentro del marco Educaci\u00f3n Emocional y Resoluci\u00f3n Pac\u00edfica de Conflictos, &hellip; <\/p>\n<p class=\"link-more\"><a href=\"https:\/\/blogsaverroes.juntadeandalucia.es\/eizapata\/comision-mixta-de-organizacion\/\" class=\"more-link\">Continuar leyendo<span class=\"screen-reader-text\"> \u00abCOMISI\u00d3N MIXTA DE ORGANIZACI\u00d3N\u00bb<\/span><\/a><\/p>\n","protected":false},"author":10362,"featured_media":0,"parent":0,"menu_order":0,"comment_status":"closed","ping_status":"closed","template":"","meta":{"ngg_post_thumbnail":0,"footnotes":"","_mc_calendar":[]},"aioseo_notices":[],"_links":{"self":[{"href":"https:\/\/blogsaverroes.juntadeandalucia.es\/eizapata\/wp-json\/wp\/v2\/pages\/3428"}],"collection":[{"href":"https:\/\/blogsaverroes.juntadeandalucia.es\/eizapata\/wp-json\/wp\/v2\/pages"}],"about":[{"href":"https:\/\/blogsaverroes.juntadeandalucia.es\/eizapata\/wp-json\/wp\/v2\/types\/page"}],"author":[{"embeddable":true,"href":"https:\/\/blogsaverroes.juntadeandalucia.es\/eizapata\/wp-json\/wp\/v2\/users\/10362"}],"replies":[{"embeddable":true,"href":"https:\/\/blogsaverroes.juntadeandalucia.es\/eizapata\/wp-json\/wp\/v2\/comments?post=3428"}],"version-history":[{"count":6,"href":"https:\/\/blogsaverroes.juntadeandalucia.es\/eizapata\/wp-json\/wp\/v2\/pages\/3428\/revisions"}],"predecessor-version":[{"id":3489,"href":"https:\/\/blogsaverroes.juntadeandalucia.es\/eizapata\/wp-json\/wp\/v2\/pages\/3428\/revisions\/3489"}],"wp:attachment":[{"href":"https:\/\/blogsaverroes.juntadeandalucia.es\/eizapata\/wp-json\/wp\/v2\/media?parent=3428"}],"curies":[{"name":"wp","href":"https:\/\/api.w.org\/{rel}","templated":true}]}}