{"id":35,"date":"2021-02-04T08:21:43","date_gmt":"2021-02-04T08:21:43","guid":{"rendered":"http:\/\/blogsaverroes.juntadeandalucia.es\/pre\/ceip\/?page_id=35"},"modified":"2024-03-05T10:55:48","modified_gmt":"2024-03-05T10:55:48","slug":"el-centro-2","status":"publish","type":"page","link":"https:\/\/blogsaverroes.juntadeandalucia.es\/eizapata\/el-centro-2\/","title":{"rendered":"Datos del centro"},"content":{"rendered":"<p><a href=\"https:\/\/blogsaverroes.juntadeandalucia.es\/eizapata\/files\/2021\/02\/Captura-de-pantalla-2021-02-04-a-las-20.00.42.png\"><img loading=\"lazy\" decoding=\"async\" class=\"alignnone size-full wp-image-2812\" src=\"https:\/\/blogsaverroes.juntadeandalucia.es\/eizapata\/files\/2021\/02\/Captura-de-pantalla-2021-02-04-a-las-20.00.42.png\" alt=\"\" width=\"1606\" height=\"1198\" srcset=\"https:\/\/blogsaverroes.juntadeandalucia.es\/eizapata\/files\/2021\/02\/Captura-de-pantalla-2021-02-04-a-las-20.00.42.png 1606w, https:\/\/blogsaverroes.juntadeandalucia.es\/eizapata\/files\/2021\/02\/Captura-de-pantalla-2021-02-04-a-las-20.00.42-300x224.png 300w, https:\/\/blogsaverroes.juntadeandalucia.es\/eizapata\/files\/2021\/02\/Captura-de-pantalla-2021-02-04-a-las-20.00.42-1024x764.png 1024w, https:\/\/blogsaverroes.juntadeandalucia.es\/eizapata\/files\/2021\/02\/Captura-de-pantalla-2021-02-04-a-las-20.00.42-768x573.png 768w, https:\/\/blogsaverroes.juntadeandalucia.es\/eizapata\/files\/2021\/02\/Captura-de-pantalla-2021-02-04-a-las-20.00.42-1536x1146.png 1536w\" sizes=\"(max-width: 706px) 89vw, (max-width: 767px) 82vw, 740px\" \/><\/a><\/p>\n<p><strong>Datos de contacto:<\/strong><\/p>\n<p><strong>Direcci\u00f3n:<\/strong> Calle De las Cintas, 1, Zapata, Alhaur\u00edn de la Torre,29130, M\u00e1laga<\/p>\n<p><strong>Tel\u00e9fono \/ M\u00f3vil:&nbsp;<\/strong>951. 298. 329 \/ 671. 594. 053<\/p>\n<p><strong>Email:<\/strong>&nbsp;29000396.edu@juntadeandalucia.es<\/p>\n<p>&nbsp;<\/p>\n<h4><strong>Oferta educativa<\/strong><\/h4>\n<p>Nuestro centro imparte ense\u00f1anzas de Segundo ciclo de <a title=\"Educaci\u00f3n infantil\" href=\"https:\/\/blogsaverroes.juntadeandalucia.es\/eizapata\/educacion-infantil\/\">Educaci\u00f3n Infantil&nbsp;<\/a>&nbsp;y Primer Ciclo de Educaci\u00f3n Primaria.<\/p>\n<p>&nbsp;<\/p>\n<h4>Instalaciones<\/h4>\nngg_shortcode_0_placeholder\n","protected":false},"excerpt":{"rendered":"<p>Datos de contacto: Direcci\u00f3n: Calle De las Cintas, 1, Zapata, Alhaur\u00edn de la Torre,29130, M\u00e1laga Tel\u00e9fono \/ M\u00f3vil:&nbsp;951. 298. 329 \/ 671. 594. 053 Email:&nbsp;29000396.edu@juntadeandalucia.es &nbsp; Oferta educativa Nuestro centro imparte ense\u00f1anzas de Segundo ciclo de Educaci\u00f3n Infantil&nbsp;&nbsp;y Primer Ciclo de Educaci\u00f3n Primaria. &nbsp; Instalaciones<\/p>\n","protected":false},"author":1,"featured_media":0,"parent":0,"menu_order":0,"comment_status":"closed","ping_status":"open","template":"","meta":{"ngg_post_thumbnail":0,"footnotes":"","_mc_calendar":[]},"aioseo_notices":[],"_links":{"self":[{"href":"https:\/\/blogsaverroes.juntadeandalucia.es\/eizapata\/wp-json\/wp\/v2\/pages\/35"}],"collection":[{"href":"https:\/\/blogsaverroes.juntadeandalucia.es\/eizapata\/wp-json\/wp\/v2\/pages"}],"about":[{"href":"https:\/\/blogsaverroes.juntadeandalucia.es\/eizapata\/wp-json\/wp\/v2\/types\/page"}],"author":[{"embeddable":true,"href":"https:\/\/blogsaverroes.juntadeandalucia.es\/eizapata\/wp-json\/wp\/v2\/users\/1"}],"replies":[{"embeddable":true,"href":"https:\/\/blogsaverroes.juntadeandalucia.es\/eizapata\/wp-json\/wp\/v2\/comments?post=35"}],"version-history":[{"count":73,"href":"https:\/\/blogsaverroes.juntadeandalucia.es\/eizapata\/wp-json\/wp\/v2\/pages\/35\/revisions"}],"predecessor-version":[{"id":3352,"href":"https:\/\/blogsaverroes.juntadeandalucia.es\/eizapata\/wp-json\/wp\/v2\/pages\/35\/revisions\/3352"}],"wp:attachment":[{"href":"https:\/\/blogsaverroes.juntadeandalucia.es\/eizapata\/wp-json\/wp\/v2\/media?parent=35"}],"curies":[{"name":"wp","href":"https:\/\/api.w.org\/{rel}","templated":true}]}}