{"id":3593,"date":"2025-02-14T10:26:26","date_gmt":"2025-02-14T10:26:26","guid":{"rendered":"https:\/\/blogsaverroes.juntadeandalucia.es\/eizapata\/?page_id=3593"},"modified":"2025-02-14T10:31:42","modified_gmt":"2025-02-14T10:31:42","slug":"proyecto-de-transformacion-del-aula-unitaria","status":"publish","type":"page","link":"https:\/\/blogsaverroes.juntadeandalucia.es\/eizapata\/proyecto-de-transformacion-del-aula-unitaria\/","title":{"rendered":"Proyecto de transformaci\u00f3n del Aula Unitaria"},"content":{"rendered":"<p>La importancia de la transformaci\u00f3n de los espacios en el aprendizaje y las emociones<\/p>\n<p>En nuestro centro creemos firmemente que el entorno en el que aprendemos influye directamente en nuestras emociones, nuestra concentraci\u00f3n y nuestro bienestar. Por eso, hemos apostado por una transformaci\u00f3n de espacios que nos ayude a crear un ambiente c\u00e1lido, acogedor y en armon\u00eda con nuestro entorno natural.<\/p>\n<p>Un dise\u00f1o que invita a la calma y al aprendizaje.<\/p>\n<p>Estamos dise\u00f1ando nuestro espacio con una paleta de colores suaves: blancos, nude y tonos tierra, que aportan tranquilidad y serenidad. Estos colores no solo embellecen el aula, sino que tambi\u00e9n favorecen la relajaci\u00f3n, la concentraci\u00f3n y la regulaci\u00f3n emocional de los ni\u00f1os y ni\u00f1as, de los docentes y de las familias.<\/p>\n<p>Adem\u00e1s, hemos incorporado materiales naturales como el esparto, el mimbre y la madera, elementos que evocan nuestra conexi\u00f3n con la naturaleza de nuestro entorno rural y generan un ambiente m\u00e1s hogare\u00f1o y acogedor. Esta transformaci\u00f3n no es solo est\u00e9tica; est\u00e1 basada en estudios que demuestran que los espacios bien dise\u00f1ados influyen en la creatividad, el bienestar y el rendimiento acad\u00e9mico.<\/p>\n<p>Un entorno adaptado a nuestras necesidades.<\/p>\n<p>Siendo un centro rural en pleno coraz\u00f3n de Zapata, nuestro objetivo es que el aula sea una extensi\u00f3n del entorno natural en el que vivimos. Queremos que los ni\u00f1os y ni\u00f1as se sientan c\u00f3modos, tranquilos y motivados para aprender, en un espacio que los acoja y los invite a desarrollar su curiosidad y autonom\u00eda.<\/p>\n<p>Este nuevo dise\u00f1o nos permite:<\/p>\n<p>\u2705 Fomentar la calma y la concentraci\u00f3n.<br \/>\n\u2705 Estimular la creatividad y la imaginaci\u00f3n.<br \/>\n\u2705 Reducir la sobreestimulaci\u00f3n visual.<br \/>\n\u2705 Crear un ambiente m\u00e1s hogare\u00f1o y seguro.<\/p>\n<p>La transformaci\u00f3n de los espacios es mucho m\u00e1s que un cambio de decoraci\u00f3n; es una apuesta por el bienestar emocional y el aprendizaje de nuestros ni\u00f1os y ni\u00f1as. Seguimos avanzando para construir un espacio donde crecer y aprender sea una experiencia enriquecedora y feliz.<\/p>\nngg_shortcode_0_placeholder\n","protected":false},"excerpt":{"rendered":"<p>La importancia de la transformaci\u00f3n de los espacios en el aprendizaje y las emociones En nuestro centro creemos firmemente que el entorno en el que aprendemos influye directamente en nuestras emociones, nuestra concentraci\u00f3n y nuestro bienestar. Por eso, hemos apostado por una transformaci\u00f3n de espacios que nos ayude a crear un ambiente c\u00e1lido, acogedor y &hellip; <\/p>\n<p class=\"link-more\"><a href=\"https:\/\/blogsaverroes.juntadeandalucia.es\/eizapata\/proyecto-de-transformacion-del-aula-unitaria\/\" class=\"more-link\">Continuar leyendo<span class=\"screen-reader-text\"> \u00abProyecto de transformaci\u00f3n del Aula Unitaria\u00bb<\/span><\/a><\/p>\n","protected":false},"author":10362,"featured_media":0,"parent":0,"menu_order":0,"comment_status":"closed","ping_status":"closed","template":"","meta":{"ngg_post_thumbnail":0,"footnotes":"","_mc_calendar":[]},"aioseo_notices":[],"_links":{"self":[{"href":"https:\/\/blogsaverroes.juntadeandalucia.es\/eizapata\/wp-json\/wp\/v2\/pages\/3593"}],"collection":[{"href":"https:\/\/blogsaverroes.juntadeandalucia.es\/eizapata\/wp-json\/wp\/v2\/pages"}],"about":[{"href":"https:\/\/blogsaverroes.juntadeandalucia.es\/eizapata\/wp-json\/wp\/v2\/types\/page"}],"author":[{"embeddable":true,"href":"https:\/\/blogsaverroes.juntadeandalucia.es\/eizapata\/wp-json\/wp\/v2\/users\/10362"}],"replies":[{"embeddable":true,"href":"https:\/\/blogsaverroes.juntadeandalucia.es\/eizapata\/wp-json\/wp\/v2\/comments?post=3593"}],"version-history":[{"count":3,"href":"https:\/\/blogsaverroes.juntadeandalucia.es\/eizapata\/wp-json\/wp\/v2\/pages\/3593\/revisions"}],"predecessor-version":[{"id":3603,"href":"https:\/\/blogsaverroes.juntadeandalucia.es\/eizapata\/wp-json\/wp\/v2\/pages\/3593\/revisions\/3603"}],"wp:attachment":[{"href":"https:\/\/blogsaverroes.juntadeandalucia.es\/eizapata\/wp-json\/wp\/v2\/media?parent=3593"}],"curies":[{"name":"wp","href":"https:\/\/api.w.org\/{rel}","templated":true}]}}