{"id":42,"date":"2020-11-24T08:40:47","date_gmt":"2020-11-24T08:40:47","guid":{"rendered":"http:\/\/blogsaverroes.juntadeandalucia.es\/pre\/ceip\/?page_id=42"},"modified":"2025-09-11T11:22:53","modified_gmt":"2025-09-11T11:22:53","slug":"equipo-docente","status":"publish","type":"page","link":"https:\/\/blogsaverroes.juntadeandalucia.es\/eizapata\/equipo-docente\/","title":{"rendered":"Equipo Docente"},"content":{"rendered":"<p>&nbsp;<\/p>\n<p><img loading=\"lazy\" decoding=\"async\" class=\"aligncenter size-full wp-image-3625\" src=\"https:\/\/blogsaverroes.juntadeandalucia.es\/eizapata\/files\/2025\/08\/Colorful-Grid-Process-Flow-Chart.png\" alt=\"\" width=\"1024\" height=\"768\" srcset=\"https:\/\/blogsaverroes.juntadeandalucia.es\/eizapata\/files\/2025\/08\/Colorful-Grid-Process-Flow-Chart.png 1024w, https:\/\/blogsaverroes.juntadeandalucia.es\/eizapata\/files\/2025\/08\/Colorful-Grid-Process-Flow-Chart-300x225.png 300w, https:\/\/blogsaverroes.juntadeandalucia.es\/eizapata\/files\/2025\/08\/Colorful-Grid-Process-Flow-Chart-768x576.png 768w\" sizes=\"(max-width: 706px) 89vw, (max-width: 767px) 82vw, 740px\" \/><\/p>\n<p>&nbsp;<\/p>\n<p><img loading=\"lazy\" decoding=\"async\" class=\"aligncenter size-full wp-image-3638\" src=\"https:\/\/blogsaverroes.juntadeandalucia.es\/eizapata\/files\/2025\/09\/Copia-de-Black-White-Simple-Meet-The-Team-Instagram-Post.png\" alt=\"\" width=\"1080\" height=\"1080\" srcset=\"https:\/\/blogsaverroes.juntadeandalucia.es\/eizapata\/files\/2025\/09\/Copia-de-Black-White-Simple-Meet-The-Team-Instagram-Post.png 1080w, https:\/\/blogsaverroes.juntadeandalucia.es\/eizapata\/files\/2025\/09\/Copia-de-Black-White-Simple-Meet-The-Team-Instagram-Post-300x300.png 300w, https:\/\/blogsaverroes.juntadeandalucia.es\/eizapata\/files\/2025\/09\/Copia-de-Black-White-Simple-Meet-The-Team-Instagram-Post-1024x1024.png 1024w, https:\/\/blogsaverroes.juntadeandalucia.es\/eizapata\/files\/2025\/09\/Copia-de-Black-White-Simple-Meet-The-Team-Instagram-Post-150x150.png 150w, https:\/\/blogsaverroes.juntadeandalucia.es\/eizapata\/files\/2025\/09\/Copia-de-Black-White-Simple-Meet-The-Team-Instagram-Post-768x768.png 768w, https:\/\/blogsaverroes.juntadeandalucia.es\/eizapata\/files\/2025\/09\/Copia-de-Black-White-Simple-Meet-The-Team-Instagram-Post-100x100.png 100w\" sizes=\"(max-width: 706px) 89vw, (max-width: 767px) 82vw, 740px\" \/><\/p>\n<div class=\"xdj266r x14z9mp xat24cr x1lziwak x1vvkbs x126k92a\">\n<div dir=\"auto\"><span class=\"html-span xexx8yu xyri2b x18d9i69 x1c1uobl x1hl2dhg x16tdsg8 x1vvkbs x3nfvp2 x1j61x8r x1fcty0u xdj266r xat24cr xm2jcoa x1mpyi22 xxymvpz xlup9mm x1kky2od\"><img loading=\"lazy\" decoding=\"async\" class=\"xz74otr x15mokao x1ga7v0g x16uus16 xbiv7yw\" src=\"https:\/\/static.xx.fbcdn.net\/images\/emoji.php\/v9\/te0\/1\/16\/1f31f.png\" alt=\"\ud83c\udf1f\" width=\"16\" height=\"16\"><\/span> \u00a1Conoce a nuestro Equipo Docente 2025\/26! <span class=\"html-span xexx8yu xyri2b x18d9i69 x1c1uobl x1hl2dhg x16tdsg8 x1vvkbs x3nfvp2 x1j61x8r x1fcty0u xdj266r xat24cr xm2jcoa x1mpyi22 xxymvpz xlup9mm x1kky2od\"><img loading=\"lazy\" decoding=\"async\" class=\"xz74otr x15mokao x1ga7v0g x16uus16 xbiv7yw\" src=\"https:\/\/static.xx.fbcdn.net\/images\/emoji.php\/v9\/te0\/1\/16\/1f31f.png\" alt=\"\ud83c\udf1f\" width=\"16\" height=\"16\"><\/span><\/div>\n<\/div>\n<div class=\"x14z9mp xat24cr x1lziwak x1vvkbs xtlvy1s x126k92a\">\n<div dir=\"auto\">En la E.I. Zapata creemos que cada curso es una nueva oportunidad para crecer y so\u00f1ar junto a nuestros peque\u00f1os\/as. El motor de todo ello es nuestro equipo docente, que con entusiasmo, profesionalidad y coraz\u00f3n, hace que la escuela sea un lugar \u00fanico.<\/div>\n<\/div>\n<div class=\"x14z9mp xat24cr x1lziwak x1vvkbs xtlvy1s x126k92a\">\n<div dir=\"auto\"><span class=\"html-span xexx8yu xyri2b x18d9i69 x1c1uobl x1hl2dhg x16tdsg8 x1vvkbs x3nfvp2 x1j61x8r x1fcty0u xdj266r xat24cr xm2jcoa x1mpyi22 xxymvpz xlup9mm x1kky2od\"><img loading=\"lazy\" decoding=\"async\" class=\"xz74otr x15mokao x1ga7v0g x16uus16 xbiv7yw\" src=\"https:\/\/static.xx.fbcdn.net\/images\/emoji.php\/v9\/t94\/1\/16\/1f469_200d_1f3eb.png\" alt=\"\ud83d\udc69\u200d\ud83c\udfeb\" width=\"16\" height=\"16\"><\/span> A la izquierda, Miriam Rojas Ar\u00e9valo \u2013 Tutora del Aula Unitaria.<\/div>\n<div dir=\"auto\">Con frescura, dedicaci\u00f3n y un trato cercano, convierte cada d\u00eda en una experiencia llena de descubrimientos. Su mirada atenta y creativa consigue que cada ni\u00f1o\/a se sienta protagonista de su aprendizaje.<\/div>\n<\/div>\n<div class=\"x14z9mp xat24cr x1lziwak x1vvkbs xtlvy1s x126k92a\">\n<div dir=\"auto\"><span class=\"html-span xexx8yu xyri2b x18d9i69 x1c1uobl x1hl2dhg x16tdsg8 x1vvkbs x3nfvp2 x1j61x8r x1fcty0u xdj266r xat24cr xm2jcoa x1mpyi22 xxymvpz xlup9mm x1kky2od\"><img loading=\"lazy\" decoding=\"async\" class=\"xz74otr x15mokao x1ga7v0g x16uus16 xbiv7yw\" src=\"https:\/\/static.xx.fbcdn.net\/images\/emoji.php\/v9\/t94\/1\/16\/1f469_200d_1f3eb.png\" alt=\"\ud83d\udc69\u200d\ud83c\udfeb\" width=\"16\" height=\"16\"><\/span> En el centro, Ver\u00f3nica Fern\u00e1ndez Valderrama \u2013 Directora y maestra de apoyo.<\/div>\n<div dir=\"auto\">So\u00f1adora y comprometida con la innovaci\u00f3n, impulsa proyectos que transforman la escuela, apostando por metodolog\u00edas activas y una Comunidad de Aprendizaje viva y participativa.<\/div>\n<\/div>\n<div class=\"x14z9mp xat24cr x1lziwak x1vvkbs xtlvy1s x126k92a\">\n<div dir=\"auto\"><span class=\"html-span xexx8yu xyri2b x18d9i69 x1c1uobl x1hl2dhg x16tdsg8 x1vvkbs x3nfvp2 x1j61x8r x1fcty0u xdj266r xat24cr xm2jcoa x1mpyi22 xxymvpz xlup9mm x1kky2od\"><img loading=\"lazy\" decoding=\"async\" class=\"xz74otr x15mokao x1ga7v0g x16uus16 xbiv7yw\" src=\"https:\/\/static.xx.fbcdn.net\/images\/emoji.php\/v9\/t94\/1\/16\/1f469_200d_1f3eb.png\" alt=\"\ud83d\udc69\u200d\ud83c\udfeb\" width=\"16\" height=\"16\"><\/span> A la derecha, Sandra \u2013 Maestra de Religi\u00f3n.<\/div>\n<div dir=\"auto\">Aporta calma, valores y cari\u00f1o, creando un espacio donde el respeto y la empat\u00eda florecen de manera natural, contribuyendo a que la convivencia sea cada vez m\u00e1s rica y positiva.<\/div>\n<\/div>\n<div class=\"x14z9mp xat24cr x1lziwak x1vvkbs xtlvy1s x126k92a\">\n<div dir=\"auto\"><span class=\"html-span xexx8yu xyri2b x18d9i69 x1c1uobl x1hl2dhg x16tdsg8 x1vvkbs x3nfvp2 x1j61x8r x1fcty0u xdj266r xat24cr xm2jcoa x1mpyi22 xxymvpz xlup9mm x1kky2od\"><img loading=\"lazy\" decoding=\"async\" class=\"xz74otr x15mokao x1ga7v0g x16uus16 xbiv7yw\" src=\"https:\/\/static.xx.fbcdn.net\/images\/emoji.php\/v9\/tf4\/1\/16\/2728.png\" alt=\"\u2728\" width=\"16\" height=\"16\"><\/span> Juntas formamos un equipo que acompa\u00f1a a la infancia en una etapa \u00fanica e irrepetible, poniendo siempre el foco en el bienestar, la curiosidad y la ilusi\u00f3n por aprender.<\/div>\n<\/div>\n","protected":false},"excerpt":{"rendered":"<p>&nbsp; &nbsp; \u00a1Conoce a nuestro Equipo Docente 2025\/26! En la E.I. Zapata creemos que cada curso es una nueva oportunidad para crecer y so\u00f1ar junto a nuestros peque\u00f1os\/as. El motor de todo ello es nuestro equipo docente, que con entusiasmo, profesionalidad y coraz\u00f3n, hace que la escuela sea un lugar \u00fanico. A la izquierda, Miriam &hellip; <\/p>\n<p class=\"link-more\"><a href=\"https:\/\/blogsaverroes.juntadeandalucia.es\/eizapata\/equipo-docente\/\" class=\"more-link\">Continuar leyendo<span class=\"screen-reader-text\"> \u00abEquipo Docente\u00bb<\/span><\/a><\/p>\n","protected":false},"author":1,"featured_media":0,"parent":0,"menu_order":0,"comment_status":"closed","ping_status":"open","template":"","meta":{"ngg_post_thumbnail":0,"footnotes":"","_mc_calendar":[]},"aioseo_notices":[],"_links":{"self":[{"href":"https:\/\/blogsaverroes.juntadeandalucia.es\/eizapata\/wp-json\/wp\/v2\/pages\/42"}],"collection":[{"href":"https:\/\/blogsaverroes.juntadeandalucia.es\/eizapata\/wp-json\/wp\/v2\/pages"}],"about":[{"href":"https:\/\/blogsaverroes.juntadeandalucia.es\/eizapata\/wp-json\/wp\/v2\/types\/page"}],"author":[{"embeddable":true,"href":"https:\/\/blogsaverroes.juntadeandalucia.es\/eizapata\/wp-json\/wp\/v2\/users\/1"}],"replies":[{"embeddable":true,"href":"https:\/\/blogsaverroes.juntadeandalucia.es\/eizapata\/wp-json\/wp\/v2\/comments?post=42"}],"version-history":[{"count":50,"href":"https:\/\/blogsaverroes.juntadeandalucia.es\/eizapata\/wp-json\/wp\/v2\/pages\/42\/revisions"}],"predecessor-version":[{"id":3639,"href":"https:\/\/blogsaverroes.juntadeandalucia.es\/eizapata\/wp-json\/wp\/v2\/pages\/42\/revisions\/3639"}],"wp:attachment":[{"href":"https:\/\/blogsaverroes.juntadeandalucia.es\/eizapata\/wp-json\/wp\/v2\/media?parent=42"}],"curies":[{"name":"wp","href":"https:\/\/api.w.org\/{rel}","templated":true}]}}