{"id":44,"date":"2020-11-24T08:42:15","date_gmt":"2020-11-24T08:42:15","guid":{"rendered":"http:\/\/blogsaverroes.juntadeandalucia.es\/pre\/ceip\/?page_id=44"},"modified":"2023-09-06T16:29:46","modified_gmt":"2023-09-06T16:29:46","slug":"planes-y-proyectos","status":"publish","type":"page","link":"https:\/\/blogsaverroes.juntadeandalucia.es\/eizapata\/planes-y-proyectos\/","title":{"rendered":"Planes y Proyectos"},"content":{"rendered":"<p>&nbsp;<\/p>\n<p>Cada centro personaliza y adapta su Proyecto Educativo adheri\u00e9ndose a diferentes <strong>Planes y Proyectos<\/strong>&nbsp;promovidos desde la Consejer\u00eda de Educaci\u00f3n, Cultura y Deporte.<\/p>\n<p>Este apartado recoger\u00eda la descripci\u00f3n, finalidades, actividades, coordinador\/a, etc. de estos Planes y Programas desarrollados por el centro. A continuaci\u00f3n se muestran algunos de ellos.<\/p>\n<ul>\n<li><strong><a title=\"Plan de Igualdad\" href=\"https:\/\/eizapataigualdad.blogspot.com\/\">Plan de Igualdad.<\/a><\/strong><\/li>\n<li><strong><a href=\"http:\/\/pactodeestadoenzapata.blogspot.com\">Pacto de Estado Contra la Violencia de G\u00e9nero.<\/a><\/strong><\/li>\n<li><strong>Plan de Transformaci\u00f3n Digital Educativa.<\/strong><\/li>\n<li><a href=\"https:\/\/drive.google.com\/file\/d\/1mOGQ90L_ZnGZt_pI-GI2nl7GLy-DUdAO\/view?usp=sharing\"><strong>Plan de Autoprotecci\u00f3n.<\/strong><\/a><\/li>\n<li><a href=\"http:\/\/escuelaespaciodepazeizapata.blogspot.com\"><strong>Red Andaluza: Escuela espacio de paz.<\/strong><\/a><\/li>\n<li><a href=\"https:\/\/bibliotecaeizapata.blogspot.com\/\"><strong>Organizaci\u00f3n y Funcionamiento de la Biblioteca Escolar.<\/strong><\/a><\/li>\n<li><a href=\"https:\/\/eeizapata.blogspot.com\"><strong>Creciendo en salud.<\/strong><\/a><\/li>\n<li><strong>Aldea B.<\/strong><\/li>\n<li><a href=\"https:\/\/proyectostarszapata.blogspot.com\/\"><strong>Proyecto Stars.<\/strong> (No vigente este curso 2023\/2024)<\/a><\/li>\n<li><a href=\"https:\/\/steaminvestigacionaeroespacialzapata.blogspot.com\/\"><strong>Proyecto STEAM: Investigaci\u00f3n aeroespacial aplicada al aula.<\/strong> <\/a><a href=\"https:\/\/proyectostarszapata.blogspot.com\/\">(No vigente este curso 2023\/2024)<\/a><\/li>\n<\/ul>\n<p>&nbsp;<\/p>\n","protected":false},"excerpt":{"rendered":"<p>&nbsp; Cada centro personaliza y adapta su Proyecto Educativo adheri\u00e9ndose a diferentes Planes y Proyectos&nbsp;promovidos desde la Consejer\u00eda de Educaci\u00f3n, Cultura y Deporte. Este apartado recoger\u00eda la descripci\u00f3n, finalidades, actividades, coordinador\/a, etc. de estos Planes y Programas desarrollados por el centro. A continuaci\u00f3n se muestran algunos de ellos. Plan de Igualdad. Pacto de Estado Contra &hellip; <\/p>\n<p class=\"link-more\"><a href=\"https:\/\/blogsaverroes.juntadeandalucia.es\/eizapata\/planes-y-proyectos\/\" class=\"more-link\">Continuar leyendo<span class=\"screen-reader-text\"> \u00abPlanes y Proyectos\u00bb<\/span><\/a><\/p>\n","protected":false},"author":1,"featured_media":0,"parent":0,"menu_order":0,"comment_status":"closed","ping_status":"closed","template":"","meta":{"ngg_post_thumbnail":0,"footnotes":"","_mc_calendar":[]},"aioseo_notices":[],"_links":{"self":[{"href":"https:\/\/blogsaverroes.juntadeandalucia.es\/eizapata\/wp-json\/wp\/v2\/pages\/44"}],"collection":[{"href":"https:\/\/blogsaverroes.juntadeandalucia.es\/eizapata\/wp-json\/wp\/v2\/pages"}],"about":[{"href":"https:\/\/blogsaverroes.juntadeandalucia.es\/eizapata\/wp-json\/wp\/v2\/types\/page"}],"author":[{"embeddable":true,"href":"https:\/\/blogsaverroes.juntadeandalucia.es\/eizapata\/wp-json\/wp\/v2\/users\/1"}],"replies":[{"embeddable":true,"href":"https:\/\/blogsaverroes.juntadeandalucia.es\/eizapata\/wp-json\/wp\/v2\/comments?post=44"}],"version-history":[{"count":18,"href":"https:\/\/blogsaverroes.juntadeandalucia.es\/eizapata\/wp-json\/wp\/v2\/pages\/44\/revisions"}],"predecessor-version":[{"id":3236,"href":"https:\/\/blogsaverroes.juntadeandalucia.es\/eizapata\/wp-json\/wp\/v2\/pages\/44\/revisions\/3236"}],"wp:attachment":[{"href":"https:\/\/blogsaverroes.juntadeandalucia.es\/eizapata\/wp-json\/wp\/v2\/media?parent=44"}],"curies":[{"name":"wp","href":"https:\/\/api.w.org\/{rel}","templated":true}]}}