{"id":49,"date":"2021-02-02T08:47:05","date_gmt":"2021-02-02T08:47:05","guid":{"rendered":"http:\/\/blogsaverroes.juntadeandalucia.es\/pre\/ceip\/?page_id=49"},"modified":"2024-11-18T14:45:46","modified_gmt":"2024-11-18T14:45:46","slug":"plan-de-centro","status":"publish","type":"page","link":"https:\/\/blogsaverroes.juntadeandalucia.es\/eizapata\/plan-de-centro\/","title":{"rendered":"Plan de centro"},"content":{"rendered":"<p class=\"CDt4Ke zfr3Q\" dir=\"ltr\">Ajust\u00e1ndose a lo estipulado en la normativa correspondiente al Reglamento de Organizaci\u00f3n de Centros de Educaci\u00f3n Infantil y Primaria,&nbsp; se ofrece al p\u00fablico en general la documentaci\u00f3n acad\u00e9mica de nuestro Colegio, la cual se puede consultar desde nuestra p\u00e1gina web.<\/p>\n<p class=\"CDt4Ke zfr3Q\" dir=\"ltr\">El Plan de Centro de la E.I. Zapata comprende los siguientes elementos prescriptivos referenciados en la normativa:<\/p>\n<p class=\"CDt4Ke zfr3Q\" dir=\"ltr\">&#8211; Proyecto Educativo.<\/p>\n<p class=\"CDt4Ke zfr3Q\" dir=\"ltr\">&#8211; Reglamento de Organizaci\u00f3n y Funcionamiento.<\/p>\n<p class=\"CDt4Ke zfr3Q\" dir=\"ltr\">&#8211; Proyecto de Gesti\u00f3n.<\/p>\n<p class=\"CDt4Ke zfr3Q\" dir=\"ltr\">El Proyecto Educativo del Centro recoge los valores, los objetivos, las prioridades y las formas de actuaci\u00f3n. Asimismo, incorpora la concreci\u00f3n del curr\u00edculum establecido por la Administraci\u00f3n educativa fijado y aprobado por el Claustro, as\u00ed como el tratamiento transversal en las \u00e1reas, materias o \u00e1mbitos de la educaci\u00f3n en valores y otras ense\u00f1anzas. Tal Proyecto tiene en cuenta las caracter\u00edsticas del entorno social y cultural del Centro, recoge la forma de atenci\u00f3n a la diversidad del alumnado y la acci\u00f3n tutorial, as\u00ed como el plan de convivencia, respetando el principio de no discriminaci\u00f3n y de inclusi\u00f3n educativa como valores fundamentales, as\u00ed como los principios y objetivos recogidos en la LOE\/LOMLOE (Ley Org\u00e1nica 2\/2006, de 3 de mayo, de Educaci\u00f3n, texto consolidado de la \u00faltima modificaci\u00f3n de 30 de diciembre de 2020), y la LEA (Ley 17\/2007, de 10 de diciembre, de Educaci\u00f3n de Andaluc\u00eda).<\/p>\n<p class=\"CDt4Ke zfr3Q\" dir=\"ltr\">El Reglamento de Organizaci\u00f3n y Funcionamiento recoge las normas organizativas y funcionales que facilitan un clima de trabajo adecuado para que logremos alcanzar los objetivos que nos hemos planteado. Asimismo, permite mantener un ambiente de respeto, confianza y colaboraci\u00f3n entre todos los sectores de la comunidad educativa.<\/p>\n<p class=\"CDt4Ke zfr3Q\" dir=\"ltr\">El Proyecto de Gesti\u00f3n es el que recoge la ordenaci\u00f3n y utilizaci\u00f3n de los recursos del centro, tanto materiales como humanos.<\/p>\n<p class=\"CDt4Ke zfr3Q\" dir=\"ltr\">Sirva como \u00edndice del Plan de Centro (para el presente curso escolar) el siguiente documento, que contempla adem\u00e1s de lo prescrito la normativa vigente otros de car\u00e1cter propio y singular. Este documento puede ser consultados pinchando sobre la imagen:<\/p>\n<p><a href=\"https:\/\/drive.google.com\/file\/d\/1GtWYNU5p9i2tp4hYEDSxgQPv7kU4PmGA\/view?usp=sharing\"><img loading=\"lazy\" decoding=\"async\" class=\"aligncenter size-full wp-image-3544\" src=\"https:\/\/blogsaverroes.juntadeandalucia.es\/eizapata\/files\/2024\/11\/Captura-de-pantalla-2024-11-18-a-las-15.44.44.png\" alt=\"\" width=\"838\" height=\"1178\" srcset=\"https:\/\/blogsaverroes.juntadeandalucia.es\/eizapata\/files\/2024\/11\/Captura-de-pantalla-2024-11-18-a-las-15.44.44.png 838w, https:\/\/blogsaverroes.juntadeandalucia.es\/eizapata\/files\/2024\/11\/Captura-de-pantalla-2024-11-18-a-las-15.44.44-213x300.png 213w, https:\/\/blogsaverroes.juntadeandalucia.es\/eizapata\/files\/2024\/11\/Captura-de-pantalla-2024-11-18-a-las-15.44.44-728x1024.png 728w, https:\/\/blogsaverroes.juntadeandalucia.es\/eizapata\/files\/2024\/11\/Captura-de-pantalla-2024-11-18-a-las-15.44.44-768x1080.png 768w\" sizes=\"(max-width: 706px) 89vw, (max-width: 767px) 82vw, 740px\" \/><\/a><\/p>\n<p dir=\"ltr\">&nbsp;<\/p>\n<p dir=\"ltr\">&nbsp;<\/p>\n<p class=\"CDt4Ke zfr3Q\" dir=\"ltr\">&nbsp;<\/p>\n<p dir=\"ltr\">&nbsp;<\/p>\n<p dir=\"ltr\">&nbsp;<\/p>\n<p dir=\"ltr\">&nbsp;<\/p>\n<p dir=\"ltr\">&nbsp;<\/p>\n","protected":false},"excerpt":{"rendered":"<p>Ajust\u00e1ndose a lo estipulado en la normativa correspondiente al Reglamento de Organizaci\u00f3n de Centros de Educaci\u00f3n Infantil y Primaria,&nbsp; se ofrece al p\u00fablico en general la documentaci\u00f3n acad\u00e9mica de nuestro Colegio, la cual se puede consultar desde nuestra p\u00e1gina web. El Plan de Centro de la E.I. Zapata comprende los siguientes elementos prescriptivos referenciados en &hellip; <\/p>\n<p class=\"link-more\"><a href=\"https:\/\/blogsaverroes.juntadeandalucia.es\/eizapata\/plan-de-centro\/\" class=\"more-link\">Continuar leyendo<span class=\"screen-reader-text\"> \u00abPlan de centro\u00bb<\/span><\/a><\/p>\n","protected":false},"author":1,"featured_media":0,"parent":0,"menu_order":0,"comment_status":"closed","ping_status":"open","template":"","meta":{"ngg_post_thumbnail":0,"footnotes":"","_mc_calendar":[]},"aioseo_notices":[],"_links":{"self":[{"href":"https:\/\/blogsaverroes.juntadeandalucia.es\/eizapata\/wp-json\/wp\/v2\/pages\/49"}],"collection":[{"href":"https:\/\/blogsaverroes.juntadeandalucia.es\/eizapata\/wp-json\/wp\/v2\/pages"}],"about":[{"href":"https:\/\/blogsaverroes.juntadeandalucia.es\/eizapata\/wp-json\/wp\/v2\/types\/page"}],"author":[{"embeddable":true,"href":"https:\/\/blogsaverroes.juntadeandalucia.es\/eizapata\/wp-json\/wp\/v2\/users\/1"}],"replies":[{"embeddable":true,"href":"https:\/\/blogsaverroes.juntadeandalucia.es\/eizapata\/wp-json\/wp\/v2\/comments?post=49"}],"version-history":[{"count":51,"href":"https:\/\/blogsaverroes.juntadeandalucia.es\/eizapata\/wp-json\/wp\/v2\/pages\/49\/revisions"}],"predecessor-version":[{"id":3545,"href":"https:\/\/blogsaverroes.juntadeandalucia.es\/eizapata\/wp-json\/wp\/v2\/pages\/49\/revisions\/3545"}],"wp:attachment":[{"href":"https:\/\/blogsaverroes.juntadeandalucia.es\/eizapata\/wp-json\/wp\/v2\/media?parent=49"}],"curies":[{"name":"wp","href":"https:\/\/api.w.org\/{rel}","templated":true}]}}