{"id":77,"date":"2020-09-08T06:54:56","date_gmt":"2020-09-08T06:54:56","guid":{"rendered":"http:\/\/blogsaverroes.juntadeandalucia.es\/pre\/ceip\/?page_id=77"},"modified":"2022-09-06T20:12:47","modified_gmt":"2022-09-06T20:12:47","slug":"por-que-somos-cda","status":"publish","type":"page","link":"https:\/\/blogsaverroes.juntadeandalucia.es\/eizapata\/por-que-somos-cda\/","title":{"rendered":"\u00bfPor qu\u00e9 somos CdA?"},"content":{"rendered":"<p style=\"text-align: left\">Desde este a\u00f1o 2022 solicitamos ser reconocidos como <strong>Comunidad de Aprendizaje<\/strong>.<\/p>\n<p style=\"text-align: left\">Necesit\u00e1bamos un cambio as\u00ed en nuestro centro para implicar m\u00e1s a\u00fan a las familias, para comprometer a quienes estaban ah\u00ed pero que necesitaban una participaci\u00f3n m\u00e1s activa, lo vivimos como una oportunidad.<\/p>\n<p style=\"text-align: left\">Contamos con un inicio en el recorrido de algunos de los \u00e1mbitos de<br \/>\nintervenci\u00f3n para la transformaci\u00f3n en Comunidad de Aprendizaje. Este recorrido viene fraguando el cambio que ahora pretendemos formalizar, desde el curso pasado con el cambio del Equipo directivo.<\/p>\n<p style=\"text-align: left\">Valorando lo que tenemos, a partir de lo cual empezamos a caminar, somos conscientes de la profunda transformaci\u00f3n en actitudes y actuaciones que nos quedan por abordar, en los diferentes \u00e1mbitos y factores que supondr\u00e1n la estructura de la transformaci\u00f3n:<\/p>\n<p style=\"text-align: center\"><strong>1. En cuanto al voluntariado y participaci\u00f3n:<\/strong><\/p>\n<p>Nos gustar\u00eda orientar la participaci\u00f3n de voluntarios en la formaci\u00f3n de grupos interactivos, biblioteca tutorizada, apadrinamiento lector&#8230;<\/p>\n<p>Por otra parte, y dado que tenemos una estrecha relaci\u00f3n con la Asociaci\u00f3n de vecinos de Zapata y la Asociaci\u00f3n Eo, Eo, donde colaboramos en el cuidado y respeto Medioambiental, los H\u00e1bitos de vida saludable y la consecuci\u00f3n de los objetivos de desarrollo sostenible, pretendemos reforzar nuestra colaboraci\u00f3n con ellos e invitarlos a colaborar en este proceso. As\u00ed mismo, iniciamos en este mes de febrero actividades con alumnado voluntario de la UMA.<\/p>\n<p style=\"text-align: center\"><strong>2. En cuanto a la formaci\u00f3n:<\/strong><\/p>\n<p>Nos gustar\u00eda fomentar el uso de una metodolog\u00eda basada en el aprendizaje cooperativo y para ello es nuestra intenci\u00f3n formarnos adecuadamente para instaurar la cultura cooperativa en nuestra aula unitaria, as\u00ed como seguir con las formaciones que estamos recibiendo sobre escuela Rural con el CEP de Ronda desde el curso pasado relacionadas con: ABP, Gamificaci\u00f3n, Herramientas digitales, Programaci\u00f3n, metodolog\u00edas activas&#8230;<\/p>\n<p>Adem\u00e1s, nos gustar\u00eda recibir formaci\u00f3n, junto con las familias y cualquier miembro de la comunidad educativa que as\u00ed lo desee, sobre grupos interactivos, tertulias dial\u00f3gicas y tutorizaci\u00f3n para poder implantarlas adecuadamente cuando pasemos la experiencia piloto programada.<\/p>\n<p style=\"text-align: center\"><strong>3. En cuanto al \u00e9xito escolar:<\/strong><\/p>\n<p>Una de las preocupaciones fundamentales de nuestro centro ha sido c\u00f3mo mejorar nuestra respuesta educativa a la diversidad de alumnado con que contamos en el aula unitaria.<\/p>\n<p>Pensamos que mediante las siguientes pr\u00e1cticas de \u00e9xito que describimos esta preocupaci\u00f3n quedar\u00eda cubierta:<\/p>\n<ul style=\"list-style-type: disc\">\n<li>Grupos interactivos: Tratando de cubrir de forma sistem\u00e1tica las \u00e1reas y materias de todo el alumnado.<\/li>\n<li>Biblioteca tutorizada: Se organizar\u00e1 en colaboraci\u00f3n con otras entidades locales.<\/li>\n<li>Tertulias dial\u00f3gicas en el aula.<\/li>\n<li>Tertulias dial\u00f3gicas en familia.<\/li>\n<\/ul>\n<p>Estas pr\u00e1cticas se implantar\u00e1n de forma paulatina desde este curso 2022\/2023.<\/p>\n<p style=\"text-align: center\"><strong>4. En cuanto a la potenciaci\u00f3n de aprendizajes:<\/strong><\/p>\n<p style=\"text-align: left\">Unificando did\u00e1cticamente aprendizajes b\u00e1sicos en distintas materias y \u00e1reas y etapas de Infantil y Primaria a trav\u00e9s de metodolog\u00edas activas e innovadoras.<\/p>\n<p style=\"text-align: left\">En l\u00ednea con lo que vamos trabajando en el \u00faltimo curso, completaremos la implantaci\u00f3n del aprendizaje cooperativo como l\u00ednea metodol\u00f3gica base en las dos etapas, y realizar los cambios y adaptaciones did\u00e1cticas necesarias para esta implantaci\u00f3n.<\/p>\n<p style=\"text-align: left\">Iniciaremos la implantaci\u00f3n del Plan de Familias Lectoras.<\/p>\n<p style=\"text-align: center\"><strong>5. En cuanto a la convivencia escolar:<\/strong><\/p>\n<p style=\"text-align: left\">Queremos fomentar la convivencia basada en el di\u00e1logo de toda la comunidad mediante el fomento de las asambleas como elemento de estudio, discusi\u00f3n y consenso de las normas del Centro y socializaci\u00f3n de las mismas, formaci\u00f3n de la comisi\u00f3n mixta de convivencia, trabajo de mediaci\u00f3n y formaci\u00f3n de mediadores, formaci\u00f3n para el profesorado en gesti\u00f3n de la convivencia en el aula&#8230;<\/p>\n<p>&nbsp;<\/p>\n<p><a href=\"http:\/\/comunidaddeaprendizajeeizapata.blogspot.com\">Pulsa para conocer nuestras actuaciones de \u00e9xito<\/a><\/p>\n<p>&nbsp;<\/p>\n","protected":false},"excerpt":{"rendered":"<p>Desde este a\u00f1o 2022 solicitamos ser reconocidos como Comunidad de Aprendizaje. Necesit\u00e1bamos un cambio as\u00ed en nuestro centro para implicar m\u00e1s a\u00fan a las familias, para comprometer a quienes estaban ah\u00ed pero que necesitaban una participaci\u00f3n m\u00e1s activa, lo vivimos como una oportunidad. Contamos con un inicio en el recorrido de algunos de los \u00e1mbitos &hellip; <\/p>\n<p class=\"link-more\"><a href=\"https:\/\/blogsaverroes.juntadeandalucia.es\/eizapata\/por-que-somos-cda\/\" class=\"more-link\">Continuar leyendo<span class=\"screen-reader-text\"> \u00ab\u00bfPor qu\u00e9 somos CdA?\u00bb<\/span><\/a><\/p>\n","protected":false},"author":1,"featured_media":0,"parent":0,"menu_order":0,"comment_status":"closed","ping_status":"open","template":"","meta":{"ngg_post_thumbnail":0,"footnotes":"","_mc_calendar":[]},"aioseo_notices":[],"_links":{"self":[{"href":"https:\/\/blogsaverroes.juntadeandalucia.es\/eizapata\/wp-json\/wp\/v2\/pages\/77"}],"collection":[{"href":"https:\/\/blogsaverroes.juntadeandalucia.es\/eizapata\/wp-json\/wp\/v2\/pages"}],"about":[{"href":"https:\/\/blogsaverroes.juntadeandalucia.es\/eizapata\/wp-json\/wp\/v2\/types\/page"}],"author":[{"embeddable":true,"href":"https:\/\/blogsaverroes.juntadeandalucia.es\/eizapata\/wp-json\/wp\/v2\/users\/1"}],"replies":[{"embeddable":true,"href":"https:\/\/blogsaverroes.juntadeandalucia.es\/eizapata\/wp-json\/wp\/v2\/comments?post=77"}],"version-history":[{"count":16,"href":"https:\/\/blogsaverroes.juntadeandalucia.es\/eizapata\/wp-json\/wp\/v2\/pages\/77\/revisions"}],"predecessor-version":[{"id":3053,"href":"https:\/\/blogsaverroes.juntadeandalucia.es\/eizapata\/wp-json\/wp\/v2\/pages\/77\/revisions\/3053"}],"wp:attachment":[{"href":"https:\/\/blogsaverroes.juntadeandalucia.es\/eizapata\/wp-json\/wp\/v2\/media?parent=77"}],"curies":[{"name":"wp","href":"https:\/\/api.w.org\/{rel}","templated":true}]}}