{"id":82,"date":"2020-09-06T06:59:55","date_gmt":"2020-09-06T06:59:55","guid":{"rendered":"http:\/\/blogsaverroes.juntadeandalucia.es\/pre\/ceip\/?page_id=82"},"modified":"2025-08-26T21:09:11","modified_gmt":"2025-08-26T21:09:11","slug":"horarios","status":"publish","type":"page","link":"https:\/\/blogsaverroes.juntadeandalucia.es\/eizapata\/horarios\/","title":{"rendered":"Horarios"},"content":{"rendered":"<p>El horario del centro es de Lunes a Viernes de 9:00 a 14:00 horas, excepto el d\u00eda 10, de septiembre de 2025, en el que siguiendo se establecer\u00e1 un horario flexible tal y como se detalla a continuaci\u00f3n:<\/p>\n<p><img loading=\"lazy\" decoding=\"async\" class=\"aligncenter size-full wp-image-3627\" src=\"https:\/\/blogsaverroes.juntadeandalucia.es\/eizapata\/files\/2025\/08\/Presentacion-de-Educacion-Material-Escolar-Sobre-Mi-En-Blanco-Amarillo-Rosa-y-Azul.png\" alt=\"\" width=\"1920\" height=\"1080\" srcset=\"https:\/\/blogsaverroes.juntadeandalucia.es\/eizapata\/files\/2025\/08\/Presentacion-de-Educacion-Material-Escolar-Sobre-Mi-En-Blanco-Amarillo-Rosa-y-Azul.png 1920w, https:\/\/blogsaverroes.juntadeandalucia.es\/eizapata\/files\/2025\/08\/Presentacion-de-Educacion-Material-Escolar-Sobre-Mi-En-Blanco-Amarillo-Rosa-y-Azul-300x169.png 300w, https:\/\/blogsaverroes.juntadeandalucia.es\/eizapata\/files\/2025\/08\/Presentacion-de-Educacion-Material-Escolar-Sobre-Mi-En-Blanco-Amarillo-Rosa-y-Azul-1024x576.png 1024w, https:\/\/blogsaverroes.juntadeandalucia.es\/eizapata\/files\/2025\/08\/Presentacion-de-Educacion-Material-Escolar-Sobre-Mi-En-Blanco-Amarillo-Rosa-y-Azul-768x432.png 768w, https:\/\/blogsaverroes.juntadeandalucia.es\/eizapata\/files\/2025\/08\/Presentacion-de-Educacion-Material-Escolar-Sobre-Mi-En-Blanco-Amarillo-Rosa-y-Azul-1536x864.png 1536w\" sizes=\"(max-width: 706px) 89vw, (max-width: 767px) 82vw, 740px\" \/><\/p>\n<p><strong>No disponemos de aula matinal, ni comedor<\/strong>, ni actividades extraescolares en estos momentos.<\/p>\n","protected":false},"excerpt":{"rendered":"<p>El horario del centro es de Lunes a Viernes de 9:00 a 14:00 horas, excepto el d\u00eda 10, de septiembre de 2025, en el que siguiendo se establecer\u00e1 un horario flexible tal y como se detalla a continuaci\u00f3n: No disponemos de aula matinal, ni comedor, ni actividades extraescolares en estos momentos.<\/p>\n","protected":false},"author":1,"featured_media":0,"parent":0,"menu_order":0,"comment_status":"closed","ping_status":"open","template":"","meta":{"ngg_post_thumbnail":0,"footnotes":"","_mc_calendar":[]},"aioseo_notices":[],"_links":{"self":[{"href":"https:\/\/blogsaverroes.juntadeandalucia.es\/eizapata\/wp-json\/wp\/v2\/pages\/82"}],"collection":[{"href":"https:\/\/blogsaverroes.juntadeandalucia.es\/eizapata\/wp-json\/wp\/v2\/pages"}],"about":[{"href":"https:\/\/blogsaverroes.juntadeandalucia.es\/eizapata\/wp-json\/wp\/v2\/types\/page"}],"author":[{"embeddable":true,"href":"https:\/\/blogsaverroes.juntadeandalucia.es\/eizapata\/wp-json\/wp\/v2\/users\/1"}],"replies":[{"embeddable":true,"href":"https:\/\/blogsaverroes.juntadeandalucia.es\/eizapata\/wp-json\/wp\/v2\/comments?post=82"}],"version-history":[{"count":8,"href":"https:\/\/blogsaverroes.juntadeandalucia.es\/eizapata\/wp-json\/wp\/v2\/pages\/82\/revisions"}],"predecessor-version":[{"id":3628,"href":"https:\/\/blogsaverroes.juntadeandalucia.es\/eizapata\/wp-json\/wp\/v2\/pages\/82\/revisions\/3628"}],"wp:attachment":[{"href":"https:\/\/blogsaverroes.juntadeandalucia.es\/eizapata\/wp-json\/wp\/v2\/media?parent=82"}],"curies":[{"name":"wp","href":"https:\/\/api.w.org\/{rel}","templated":true}]}}