{"id":869,"date":"2015-03-16T07:03:52","date_gmt":"2015-03-16T07:03:52","guid":{"rendered":"http:\/\/blogsaverroes.juntadeandalucia.es\/pre\/ceip\/?page_id=84"},"modified":"2025-08-26T21:33:45","modified_gmt":"2025-08-26T21:33:45","slug":"calendario-escolar","status":"publish","type":"page","link":"https:\/\/blogsaverroes.juntadeandalucia.es\/eizapata\/calendario-escolar\/","title":{"rendered":"Calendario escolar"},"content":{"rendered":"<p>Publicado el Calendario escolar para el curso escolar 2025\/2026 y la Resoluci\u00f3n por la que se dictan las normas que han de regir el calendario.<\/p>\n<p>Resoluci\u00f3n de <strong>22 de mayo de 2025<\/strong>&nbsp;de la Delegaci\u00f3n Territorial de Desarrollo Educativo y Formaci\u00f3n Profesional y de Universidad, Investigaci\u00f3n e Innovaci\u00f3n en M\u00e1laga por la que se dictan las normas que han de regir el calendario escolar para el curso escolar 2025\/2026 en todos los centros docentes p\u00fablicos y privados a excepci\u00f3n de los universitarios.<\/p>\n<p><img loading=\"lazy\" decoding=\"async\" class=\"aligncenter size-full wp-image-3629\" src=\"https:\/\/blogsaverroes.juntadeandalucia.es\/eizapata\/files\/2025\/08\/Captura-de-pantalla-2025-08-26-a-las-23.12.24.png\" alt=\"\" width=\"840\" height=\"1188\" srcset=\"https:\/\/blogsaverroes.juntadeandalucia.es\/eizapata\/files\/2025\/08\/Captura-de-pantalla-2025-08-26-a-las-23.12.24.png 840w, https:\/\/blogsaverroes.juntadeandalucia.es\/eizapata\/files\/2025\/08\/Captura-de-pantalla-2025-08-26-a-las-23.12.24-212x300.png 212w, https:\/\/blogsaverroes.juntadeandalucia.es\/eizapata\/files\/2025\/08\/Captura-de-pantalla-2025-08-26-a-las-23.12.24-724x1024.png 724w, https:\/\/blogsaverroes.juntadeandalucia.es\/eizapata\/files\/2025\/08\/Captura-de-pantalla-2025-08-26-a-las-23.12.24-768x1086.png 768w\" sizes=\"(max-width: 706px) 89vw, (max-width: 767px) 82vw, 740px\" \/><\/p>\n<p><img loading=\"lazy\" decoding=\"async\" class=\"aligncenter size-full wp-image-3630\" src=\"https:\/\/blogsaverroes.juntadeandalucia.es\/eizapata\/files\/2025\/08\/Captura-de-pantalla-2025-08-26-a-las-23.12.41.png\" alt=\"\" width=\"828\" height=\"1184\" srcset=\"https:\/\/blogsaverroes.juntadeandalucia.es\/eizapata\/files\/2025\/08\/Captura-de-pantalla-2025-08-26-a-las-23.12.41.png 828w, https:\/\/blogsaverroes.juntadeandalucia.es\/eizapata\/files\/2025\/08\/Captura-de-pantalla-2025-08-26-a-las-23.12.41-210x300.png 210w, https:\/\/blogsaverroes.juntadeandalucia.es\/eizapata\/files\/2025\/08\/Captura-de-pantalla-2025-08-26-a-las-23.12.41-716x1024.png 716w, https:\/\/blogsaverroes.juntadeandalucia.es\/eizapata\/files\/2025\/08\/Captura-de-pantalla-2025-08-26-a-las-23.12.41-768x1098.png 768w\" sizes=\"(max-width: 706px) 89vw, (max-width: 767px) 82vw, 740px\" \/><\/p>\n<p>Seg\u00fan la Resoluci\u00f3n, los Centros con una fiesta local coincidente con el periodo lectivo: ser\u00e1 festivo el d\u00eda de fiesta local correspondiente, martes 20 de enero de 2026 (San Sebasti\u00e1n), y no lectivo el d\u00eda 6 de abril de 2026.<\/p>\n<p>M\u00e1s info sobre la <a href=\"https:\/\/drive.google.com\/file\/d\/1x9_fpjHrGyXT2uTH49k7iPAX4iqPkO-c\/view?usp=sharing\">RESOLUCI\u00d3N DE 28 DE MAYO DE 2024 DE LA DELEGACI\u00d3N TERRITORIAL DE LA CONSEJER\u00cdA DE DESARROLLO EDUCATIVO Y FORMACI\u00d3N PROFESIONAL DE LA JUNTA DE ANDALUC\u00cdA EN M\u00c1LAGA POR LA QUE SE DICTAN LAS NORMAS QUE HAN DE REGIR EL CALENDARIO ESCOLAR PARA EL CURSO ESCOLAR 2024\/2025 EN TODOS LOS CENTROS DOCENTES P\u00daBLICOS Y PRIVADOS A EXCEPCI\u00d3N DE LOS UNIVERSITARIOS, pulsando aqu\u00ed.<\/a><\/p>\n","protected":false},"excerpt":{"rendered":"<p>Publicado el Calendario escolar para el curso escolar 2025\/2026 y la Resoluci\u00f3n por la que se dictan las normas que han de regir el calendario. Resoluci\u00f3n de 22 de mayo de 2025&nbsp;de la Delegaci\u00f3n Territorial de Desarrollo Educativo y Formaci\u00f3n Profesional y de Universidad, Investigaci\u00f3n e Innovaci\u00f3n en M\u00e1laga por la que se dictan las &hellip; <\/p>\n<p class=\"link-more\"><a href=\"https:\/\/blogsaverroes.juntadeandalucia.es\/eizapata\/calendario-escolar\/\" class=\"more-link\">Continuar leyendo<span class=\"screen-reader-text\"> \u00abCalendario escolar\u00bb<\/span><\/a><\/p>\n","protected":false},"author":1,"featured_media":0,"parent":0,"menu_order":0,"comment_status":"closed","ping_status":"open","template":"","meta":{"ngg_post_thumbnail":0,"footnotes":"","_mc_calendar":[]},"aioseo_notices":[],"_links":{"self":[{"href":"https:\/\/blogsaverroes.juntadeandalucia.es\/eizapata\/wp-json\/wp\/v2\/pages\/869"}],"collection":[{"href":"https:\/\/blogsaverroes.juntadeandalucia.es\/eizapata\/wp-json\/wp\/v2\/pages"}],"about":[{"href":"https:\/\/blogsaverroes.juntadeandalucia.es\/eizapata\/wp-json\/wp\/v2\/types\/page"}],"author":[{"embeddable":true,"href":"https:\/\/blogsaverroes.juntadeandalucia.es\/eizapata\/wp-json\/wp\/v2\/users\/1"}],"replies":[{"embeddable":true,"href":"https:\/\/blogsaverroes.juntadeandalucia.es\/eizapata\/wp-json\/wp\/v2\/comments?post=869"}],"version-history":[{"count":24,"href":"https:\/\/blogsaverroes.juntadeandalucia.es\/eizapata\/wp-json\/wp\/v2\/pages\/869\/revisions"}],"predecessor-version":[{"id":3636,"href":"https:\/\/blogsaverroes.juntadeandalucia.es\/eizapata\/wp-json\/wp\/v2\/pages\/869\/revisions\/3636"}],"wp:attachment":[{"href":"https:\/\/blogsaverroes.juntadeandalucia.es\/eizapata\/wp-json\/wp\/v2\/media?parent=869"}],"curies":[{"name":"wp","href":"https:\/\/api.w.org\/{rel}","templated":true}]}}