{"id":23,"date":"2021-04-22T08:59:32","date_gmt":"2021-04-22T08:59:32","guid":{"rendered":"https:\/\/blogsaverroes.juntadeandalucia.es\/ejerciciosrea\/?page_id=23"},"modified":"2022-08-25T06:04:41","modified_gmt":"2022-08-25T06:04:41","slug":"acerca-de","status":"publish","type":"page","link":"https:\/\/blogsaverroes.juntadeandalucia.es\/ejerciciosrea\/acerca-de\/","title":{"rendered":"Acerca de"},"content":{"rendered":"<p>[et_pb_section fb_built=\u00bb1&#8243; _builder_version=\u00bb3.23.3&#8243; inner_width_tablet=\u00bb50px\u00bb inner_max_width_tablet=\u00bb50px\u00bb z_index_tablet=\u00bb500&#8243; box_shadow_horizontal_tablet=\u00bb0px\u00bb box_shadow_vertical_tablet=\u00bb0px\u00bb box_shadow_blur_tablet=\u00bb40px\u00bb box_shadow_spread_tablet=\u00bb0px\u00bb global_colors_info=\u00bb{}\u00bb][et_pb_row _builder_version=\u00bb3.25&#8243; background_size=\u00bbinitial\u00bb background_position=\u00bbtop_left\u00bb background_repeat=\u00bbrepeat\u00bb global_colors_info=\u00bb{}\u00bb][et_pb_column type=\u00bb4_4&#8243; _builder_version=\u00bb3.25&#8243; custom_padding=\u00bb|||\u00bb global_colors_info=\u00bb{}\u00bb custom_padding__hover=\u00bb|||\u00bb][et_pb_text _builder_version=\u00bb3.27.4&#8243; text_text_color=\u00bb#000000&#8243; header_font=\u00bbMontserrat Alternates|600|||||||\u00bb header_text_color=\u00bb#000000&#8243; header_font_size=\u00bb44px\u00bb z_index_tablet=\u00bb500&#8243; text_text_shadow_horizontal_length_tablet=\u00bb0px\u00bb text_text_shadow_vertical_length_tablet=\u00bb0px\u00bb text_text_shadow_blur_strength_tablet=\u00bb1px\u00bb link_text_shadow_horizontal_length_tablet=\u00bb0px\u00bb link_text_shadow_vertical_length_tablet=\u00bb0px\u00bb link_text_shadow_blur_strength_tablet=\u00bb1px\u00bb ul_text_shadow_horizontal_length_tablet=\u00bb0px\u00bb ul_text_shadow_vertical_length_tablet=\u00bb0px\u00bb ul_text_shadow_blur_strength_tablet=\u00bb1px\u00bb ol_text_shadow_horizontal_length_tablet=\u00bb0px\u00bb ol_text_shadow_vertical_length_tablet=\u00bb0px\u00bb ol_text_shadow_blur_strength_tablet=\u00bb1px\u00bb quote_text_shadow_horizontal_length_tablet=\u00bb0px\u00bb quote_text_shadow_vertical_length_tablet=\u00bb0px\u00bb quote_text_shadow_blur_strength_tablet=\u00bb1px\u00bb header_text_shadow_horizontal_length_tablet=\u00bb0px\u00bb header_text_shadow_vertical_length_tablet=\u00bb0px\u00bb header_text_shadow_blur_strength_tablet=\u00bb1px\u00bb header_2_text_shadow_horizontal_length_tablet=\u00bb0px\u00bb header_2_text_shadow_vertical_length_tablet=\u00bb0px\u00bb header_2_text_shadow_blur_strength_tablet=\u00bb1px\u00bb header_3_text_shadow_horizontal_length_tablet=\u00bb0px\u00bb header_3_text_shadow_vertical_length_tablet=\u00bb0px\u00bb header_3_text_shadow_blur_strength_tablet=\u00bb1px\u00bb header_4_text_shadow_horizontal_length_tablet=\u00bb0px\u00bb header_4_text_shadow_vertical_length_tablet=\u00bb0px\u00bb header_4_text_shadow_blur_strength_tablet=\u00bb1px\u00bb header_5_text_shadow_horizontal_length_tablet=\u00bb0px\u00bb header_5_text_shadow_vertical_length_tablet=\u00bb0px\u00bb header_5_text_shadow_blur_strength_tablet=\u00bb1px\u00bb header_6_text_shadow_horizontal_length_tablet=\u00bb0px\u00bb header_6_text_shadow_vertical_length_tablet=\u00bb0px\u00bb header_6_text_shadow_blur_strength_tablet=\u00bb1px\u00bb box_shadow_horizontal_tablet=\u00bb0px\u00bb box_shadow_vertical_tablet=\u00bb0px\u00bb box_shadow_blur_tablet=\u00bb40px\u00bb box_shadow_spread_tablet=\u00bb0px\u00bb global_colors_info=\u00bb{}\u00bb]<\/p>\n<h1><i class=\"fas fa-address-card\"><\/i> Acerca de<\/h1>\n<p>[\/et_pb_text][et_pb_text disabled_on=\u00bboff|off|off\u00bb _builder_version=\u00bb4.14.5&#8243; _module_preset=\u00bbdefault\u00bb global_colors_info=\u00bb{}\u00bb]<\/p>\n<p>El presente blog contiene recursos interactivos elaborados con la herramienta H5P por los diferentes equipos de elaboradores del <a href=\"https:\/\/www.juntadeandalucia.es\/educacion\/portals\/web\/transformacion-digital-educativa\/rea\" target=\"_blank\" rel=\"noopener noreferrer\">Proyecto REA Andaluc\u00eda.<\/a><\/p>\n<p>[\/et_pb_text][et_pb_image src=\u00bbhttps:\/\/blogsaverroes.juntadeandalucia.es\/ejerciciosrea\/files\/2022\/01\/portada_guia_generica.jpg\u00bb title_text=\u00bbportada_guia_generica\u00bb url=\u00bbhttps:\/\/www.juntadeandalucia.es\/educacion\/portals\/web\/transformacion-digital-educativa\/rea\u00bb url_new_window=\u00bbon\u00bb align=\u00bbcenter\u00bb disabled_on=\u00bboff|off|off\u00bb admin_label=\u00bbImagen\u00bb _builder_version=\u00bb4.14.5&#8243; _module_preset=\u00bbdefault\u00bb global_colors_info=\u00bb{}\u00bb][\/et_pb_image][et_pb_text _builder_version=\u00bb3.27.4&#8243; text_text_color=\u00bb#000000&#8243; z_index_tablet=\u00bb500&#8243; box_shadow_horizontal_tablet=\u00bb0px\u00bb box_shadow_vertical_tablet=\u00bb0px\u00bb box_shadow_blur_tablet=\u00bb40px\u00bb box_shadow_spread_tablet=\u00bb0px\u00bb global_colors_info=\u00bb{}\u00bb]<\/p>\n<p>Los blogs o bit\u00e1coras son un fen\u00f3meno que han tenido gran aceptaci\u00f3n en Internet, porque permiten, de manera f\u00e1cil y r\u00e1pida, que cualquier persona publique en un espacio propio sus ideas y las comparta con otras personas en la red. El formato blog se ha generalizado como el m\u00e1s aceptado medio de publicaci\u00f3n, espacio personal, profesional o grupal, y se ha dejado notar en otros \u00e1mbitos, como el period\u00edstico o el educativo.<\/p>\n<p>[\/et_pb_text][\/et_pb_column][\/et_pb_row][et_pb_row column_structure=\u00bb1_3,1_3,1_3&#8243; _builder_version=\u00bb3.25&#8243; background_size=\u00bbinitial\u00bb background_position=\u00bbtop_left\u00bb background_repeat=\u00bbrepeat\u00bb global_colors_info=\u00bb{}\u00bb][et_pb_column type=\u00bb1_3&#8243; _builder_version=\u00bb3.25&#8243; custom_padding=\u00bb|||\u00bb global_colors_info=\u00bb{}\u00bb custom_padding__hover=\u00bb|||\u00bb][et_pb_text _builder_version=\u00bb3.27.4&#8243; z_index_tablet=\u00bb500&#8243; box_shadow_horizontal_tablet=\u00bb0px\u00bb box_shadow_vertical_tablet=\u00bb0px\u00bb box_shadow_blur_tablet=\u00bb40px\u00bb box_shadow_spread_tablet=\u00bb0px\u00bb global_colors_info=\u00bb{}\u00bb]<\/p>\n<p><img loading=\"lazy\" decoding=\"async\" class=\"aligncenter size-full wp-image-118746\" src=\"https:\/\/blogsaverroes.juntadeandalucia.es\/ejerciciosrea\/files\/2021\/04\/7_color.fw_-1-1.png\" alt=\"Dibujo de tres c\u00edrculos de colores\" width=\"127\" height=\"126\"><\/p>\n<p style=\"text-align: center;\"><strong>COMUNICACI\u00d3N<\/strong><\/p>\n<p>[\/et_pb_text][\/et_pb_column][et_pb_column type=\u00bb1_3&#8243; _builder_version=\u00bb3.25&#8243; custom_padding=\u00bb|||\u00bb global_colors_info=\u00bb{}\u00bb custom_padding__hover=\u00bb|||\u00bb][et_pb_text _builder_version=\u00bb3.27.4&#8243; z_index_tablet=\u00bb500&#8243; box_shadow_horizontal_tablet=\u00bb0px\u00bb box_shadow_vertical_tablet=\u00bb0px\u00bb box_shadow_blur_tablet=\u00bb40px\u00bb box_shadow_spread_tablet=\u00bb0px\u00bb global_colors_info=\u00bb{}\u00bb]<\/p>\n<p><img loading=\"lazy\" decoding=\"async\" class=\"aligncenter wp-image-118748 size-full\" src=\"https:\/\/blogsaverroes.juntadeandalucia.es\/ejerciciosrea\/files\/2021\/04\/4_paginas_hija.fw_-1-1.png\" alt=\"Dibujo de dos pesta\u00f1as de navegaci\u00f3n en Internet superpuestas\" width=\"127\" height=\"126\"><\/p>\n<p style=\"text-align: center;\"><strong>MULTISITIO<\/strong><\/p>\n<p>[\/et_pb_text][\/et_pb_column][et_pb_column type=\u00bb1_3&#8243; _builder_version=\u00bb3.25&#8243; custom_padding=\u00bb|||\u00bb global_colors_info=\u00bb{}\u00bb custom_padding__hover=\u00bb|||\u00bb][et_pb_text _builder_version=\u00bb3.27.4&#8243; z_index_tablet=\u00bb500&#8243; box_shadow_horizontal_tablet=\u00bb0px\u00bb box_shadow_vertical_tablet=\u00bb0px\u00bb box_shadow_blur_tablet=\u00bb40px\u00bb box_shadow_spread_tablet=\u00bb0px\u00bb global_colors_info=\u00bb{}\u00bb]<\/p>\n<p><img loading=\"lazy\" decoding=\"async\" class=\"aligncenter wp-image-118749 size-full\" src=\"https:\/\/blogsaverroes.juntadeandalucia.es\/ejerciciosrea\/files\/2021\/04\/9_redes.fw_-1.png\" alt=\"Dibujo de tres c\u00edrculos unidos por una recta\" width=\"127\" height=\"126\"><\/p>\n<p style=\"text-align: center;\"><strong>INTERCONEXI\u00d3N<\/strong><\/p>\n<p>[\/et_pb_text][\/et_pb_column][\/et_pb_row][et_pb_row _builder_version=\u00bb3.25&#8243; background_size=\u00bbinitial\u00bb background_position=\u00bbtop_left\u00bb background_repeat=\u00bbrepeat\u00bb global_colors_info=\u00bb{}\u00bb][et_pb_column type=\u00bb4_4&#8243; _builder_version=\u00bb3.25&#8243; custom_padding=\u00bb|||\u00bb global_colors_info=\u00bb{}\u00bb custom_padding__hover=\u00bb|||\u00bb][et_pb_text _builder_version=\u00bb4.14.5&#8243; text_text_color=\u00bb#000000&#8243; hover_enabled=\u00bb0&#8243; z_index_tablet=\u00bb500&#8243; box_shadow_horizontal_tablet=\u00bb0px\u00bb box_shadow_vertical_tablet=\u00bb0px\u00bb box_shadow_blur_tablet=\u00bb40px\u00bb box_shadow_spread_tablet=\u00bb0px\u00bb global_colors_info=\u00bb{}\u00bb sticky_enabled=\u00bb0&#8243;]<\/p>\n<p>Como actividad basada en la comunicaci\u00f3n, la docencia no queda al margen de la influencia de los blogs como herramienta educativa y comunicativa. Su flexibilidad los hace adaptables a cualquier materia, asignatura y nivel educativo.<br \/>Con estas consideraciones la Consejer\u00eda de Desarrollo Educativo y Formaci\u00f3n Profesional de la Junta de Andaluc\u00eda puso en marcha en 2010 <strong>BlogsAverroes<\/strong>, un servicio de hosting basado en WordPress Multisitio, que tiene como finalidad proporcionar al profesorado de los centros educativos p\u00fablicos andaluces un instrumento que les permita difundir sus experiencias docentes, publicar contenidos y recursos educativos y desarrollar actividades de car\u00e1cter did\u00e1ctico.<\/p>\n<p>Pero <strong>BlogsAverroes<\/strong> no es solo un servicio de blog. Al estar basado en WordPress, tambi\u00e9n permite a los centros educativos crear su propia p\u00e1gina web de forma f\u00e1cil y din\u00e1mica utilizando alguna de las plantillas predise\u00f1adas para ello, adem\u00e1s de tambi\u00e9n poder dise\u00f1ar blog de aula por parte de todos los docentes andaluces a trav\u00e9s del usuario IdEA.<\/p>\n<p>[\/et_pb_text][\/et_pb_column][\/et_pb_row][\/et_pb_section]<\/p>\n","protected":false},"excerpt":{"rendered":"<p>Acerca deEl presente blog contiene recursos interactivos elaborados con la herramienta H5P por los diferentes equipos de elaboradores del Proyecto REA Andaluc\u00eda.Los blogs o bit\u00e1coras son un fen\u00f3meno que han tenido gran aceptaci\u00f3n en Internet, porque permiten, de manera f\u00e1cil y r\u00e1pida, que cualquier persona publique en un espacio propio sus ideas y las comparta [&hellip;]<\/p>\n","protected":false},"author":7051,"featured_media":0,"parent":0,"menu_order":0,"comment_status":"closed","ping_status":"closed","template":"","meta":{"_et_pb_use_builder":"on","_et_pb_old_content":"","_et_gb_content_width":"","ngg_post_thumbnail":0,"footnotes":""},"aioseo_notices":[],"_links":{"self":[{"href":"https:\/\/blogsaverroes.juntadeandalucia.es\/ejerciciosrea\/wp-json\/wp\/v2\/pages\/23"}],"collection":[{"href":"https:\/\/blogsaverroes.juntadeandalucia.es\/ejerciciosrea\/wp-json\/wp\/v2\/pages"}],"about":[{"href":"https:\/\/blogsaverroes.juntadeandalucia.es\/ejerciciosrea\/wp-json\/wp\/v2\/types\/page"}],"author":[{"embeddable":true,"href":"https:\/\/blogsaverroes.juntadeandalucia.es\/ejerciciosrea\/wp-json\/wp\/v2\/users\/7051"}],"replies":[{"embeddable":true,"href":"https:\/\/blogsaverroes.juntadeandalucia.es\/ejerciciosrea\/wp-json\/wp\/v2\/comments?post=23"}],"version-history":[{"count":7,"href":"https:\/\/blogsaverroes.juntadeandalucia.es\/ejerciciosrea\/wp-json\/wp\/v2\/pages\/23\/revisions"}],"predecessor-version":[{"id":956,"href":"https:\/\/blogsaverroes.juntadeandalucia.es\/ejerciciosrea\/wp-json\/wp\/v2\/pages\/23\/revisions\/956"}],"wp:attachment":[{"href":"https:\/\/blogsaverroes.juntadeandalucia.es\/ejerciciosrea\/wp-json\/wp\/v2\/media?parent=23"}],"curies":[{"name":"wp","href":"https:\/\/api.w.org\/{rel}","templated":true}]}}