{"id":949,"date":"2022-08-25T05:58:09","date_gmt":"2022-08-25T05:58:09","guid":{"rendered":"https:\/\/blogsaverroes.juntadeandalucia.es\/ejerciciosrea\/?page_id=949"},"modified":"2022-08-25T05:58:15","modified_gmt":"2022-08-25T05:58:15","slug":"accesibilidad","status":"publish","type":"page","link":"https:\/\/blogsaverroes.juntadeandalucia.es\/ejerciciosrea\/accesibilidad\/","title":{"rendered":"Accesibilidad"},"content":{"rendered":"<p>[et_pb_section fb_built=\u00bb1&#8243; _builder_version=\u00bb3.23.3&#8243; inner_width_tablet=\u00bb50px\u00bb inner_max_width_tablet=\u00bb50px\u00bb z_index_tablet=\u00bb500&#8243; box_shadow_horizontal_tablet=\u00bb0px\u00bb box_shadow_vertical_tablet=\u00bb0px\u00bb box_shadow_blur_tablet=\u00bb40px\u00bb box_shadow_spread_tablet=\u00bb0px\u00bb global_colors_info=\u00bb{}\u00bb theme_builder_area=\u00bbpost_content\u00bb][et_pb_row _builder_version=\u00bb3.25&#8243; background_size=\u00bbinitial\u00bb background_position=\u00bbtop_left\u00bb background_repeat=\u00bbrepeat\u00bb global_colors_info=\u00bb{}\u00bb theme_builder_area=\u00bbpost_content\u00bb][et_pb_column type=\u00bb4_4&#8243; _builder_version=\u00bb3.25&#8243; custom_padding=\u00bb|||\u00bb global_colors_info=\u00bb{}\u00bb custom_padding__hover=\u00bb|||\u00bb theme_builder_area=\u00bbpost_content\u00bb][et_pb_text _builder_version=\u00bb4.14.5&#8243; text_text_color=\u00bb#000000&#8243; header_font=\u00bbMontserrat Alternates|600|||||||\u00bb header_text_color=\u00bb#000000&#8243; header_font_size=\u00bb44px\u00bb hover_enabled=\u00bb0&#8243; z_index_tablet=\u00bb500&#8243; text_text_shadow_horizontal_length_tablet=\u00bb0px\u00bb text_text_shadow_vertical_length_tablet=\u00bb0px\u00bb text_text_shadow_blur_strength_tablet=\u00bb1px\u00bb link_text_shadow_horizontal_length_tablet=\u00bb0px\u00bb link_text_shadow_vertical_length_tablet=\u00bb0px\u00bb link_text_shadow_blur_strength_tablet=\u00bb1px\u00bb ul_text_shadow_horizontal_length_tablet=\u00bb0px\u00bb ul_text_shadow_vertical_length_tablet=\u00bb0px\u00bb ul_text_shadow_blur_strength_tablet=\u00bb1px\u00bb ol_text_shadow_horizontal_length_tablet=\u00bb0px\u00bb ol_text_shadow_vertical_length_tablet=\u00bb0px\u00bb ol_text_shadow_blur_strength_tablet=\u00bb1px\u00bb quote_text_shadow_horizontal_length_tablet=\u00bb0px\u00bb quote_text_shadow_vertical_length_tablet=\u00bb0px\u00bb quote_text_shadow_blur_strength_tablet=\u00bb1px\u00bb header_text_shadow_horizontal_length_tablet=\u00bb0px\u00bb header_text_shadow_vertical_length_tablet=\u00bb0px\u00bb header_text_shadow_blur_strength_tablet=\u00bb1px\u00bb header_2_text_shadow_horizontal_length_tablet=\u00bb0px\u00bb header_2_text_shadow_vertical_length_tablet=\u00bb0px\u00bb header_2_text_shadow_blur_strength_tablet=\u00bb1px\u00bb header_3_text_shadow_horizontal_length_tablet=\u00bb0px\u00bb header_3_text_shadow_vertical_length_tablet=\u00bb0px\u00bb header_3_text_shadow_blur_strength_tablet=\u00bb1px\u00bb header_4_text_shadow_horizontal_length_tablet=\u00bb0px\u00bb header_4_text_shadow_vertical_length_tablet=\u00bb0px\u00bb header_4_text_shadow_blur_strength_tablet=\u00bb1px\u00bb header_5_text_shadow_horizontal_length_tablet=\u00bb0px\u00bb header_5_text_shadow_vertical_length_tablet=\u00bb0px\u00bb header_5_text_shadow_blur_strength_tablet=\u00bb1px\u00bb header_6_text_shadow_horizontal_length_tablet=\u00bb0px\u00bb header_6_text_shadow_vertical_length_tablet=\u00bb0px\u00bb header_6_text_shadow_blur_strength_tablet=\u00bb1px\u00bb box_shadow_horizontal_tablet=\u00bb0px\u00bb box_shadow_vertical_tablet=\u00bb0px\u00bb box_shadow_blur_tablet=\u00bb40px\u00bb box_shadow_spread_tablet=\u00bb0px\u00bb global_colors_info=\u00bb{}\u00bb theme_builder_area=\u00bbpost_content\u00bb sticky_enabled=\u00bb0&#8243;]<\/p>\n<h1><i class=\"fas fa-user-lock\"><\/i> Accesibilidad<\/h1>\n<p>[\/et_pb_text][et_pb_text _builder_version=\u00bb4.14.5&#8243; text_text_color=\u00bb#000000&#8243; header_font=\u00bbMontserrat Alternates|600|||||||\u00bb header_text_color=\u00bb#000000&#8243; header_font_size=\u00bb44px\u00bb hover_enabled=\u00bb0&#8243; z_index_tablet=\u00bb500&#8243; text_text_shadow_horizontal_length_tablet=\u00bb0px\u00bb text_text_shadow_vertical_length_tablet=\u00bb0px\u00bb text_text_shadow_blur_strength_tablet=\u00bb1px\u00bb link_text_shadow_horizontal_length_tablet=\u00bb0px\u00bb link_text_shadow_vertical_length_tablet=\u00bb0px\u00bb link_text_shadow_blur_strength_tablet=\u00bb1px\u00bb ul_text_shadow_horizontal_length_tablet=\u00bb0px\u00bb ul_text_shadow_vertical_length_tablet=\u00bb0px\u00bb ul_text_shadow_blur_strength_tablet=\u00bb1px\u00bb ol_text_shadow_horizontal_length_tablet=\u00bb0px\u00bb ol_text_shadow_vertical_length_tablet=\u00bb0px\u00bb ol_text_shadow_blur_strength_tablet=\u00bb1px\u00bb quote_text_shadow_horizontal_length_tablet=\u00bb0px\u00bb quote_text_shadow_vertical_length_tablet=\u00bb0px\u00bb quote_text_shadow_blur_strength_tablet=\u00bb1px\u00bb header_text_shadow_horizontal_length_tablet=\u00bb0px\u00bb header_text_shadow_vertical_length_tablet=\u00bb0px\u00bb header_text_shadow_blur_strength_tablet=\u00bb1px\u00bb header_2_text_shadow_horizontal_length_tablet=\u00bb0px\u00bb header_2_text_shadow_vertical_length_tablet=\u00bb0px\u00bb header_2_text_shadow_blur_strength_tablet=\u00bb1px\u00bb header_3_text_shadow_horizontal_length_tablet=\u00bb0px\u00bb header_3_text_shadow_vertical_length_tablet=\u00bb0px\u00bb header_3_text_shadow_blur_strength_tablet=\u00bb1px\u00bb header_4_text_shadow_horizontal_length_tablet=\u00bb0px\u00bb header_4_text_shadow_vertical_length_tablet=\u00bb0px\u00bb header_4_text_shadow_blur_strength_tablet=\u00bb1px\u00bb header_5_text_shadow_horizontal_length_tablet=\u00bb0px\u00bb header_5_text_shadow_vertical_length_tablet=\u00bb0px\u00bb header_5_text_shadow_blur_strength_tablet=\u00bb1px\u00bb header_6_text_shadow_horizontal_length_tablet=\u00bb0px\u00bb header_6_text_shadow_vertical_length_tablet=\u00bb0px\u00bb header_6_text_shadow_blur_strength_tablet=\u00bb1px\u00bb box_shadow_horizontal_tablet=\u00bb0px\u00bb box_shadow_vertical_tablet=\u00bb0px\u00bb box_shadow_blur_tablet=\u00bb40px\u00bb box_shadow_spread_tablet=\u00bb0px\u00bb global_colors_info=\u00bb{}\u00bb theme_builder_area=\u00bbpost_content\u00bb sticky_enabled=\u00bb0&#8243;]<\/p>\n<p>La Consejer\u00eda de Desarrollo Educativo y Formaci\u00f3n Profesional de la Junta de Andaluc\u00eda est\u00e1 comprometida en hacer accesible su sitio web de conformidad con el <a href=\"https:\/\/www.boe.es\/buscar\/act.php?id=BOE-A-2018-12699\" target=\"_blank\" rel=\"noopener noreferrer\">Real Decreto 1112\/2018, de 7 de septiembre, sobre accesibilidad de los sitios web y aplicaciones para dispositivos m\u00f3viles del sector p\u00fablico<\/a>.<\/p>\n<p>La presente declaraci\u00f3n de accesibilidad se aplica al sitio web <a href=\"https:\/\/blogsaverroes.juntadeandalucia.es\/ejerciciosrea\/\">https:\/\/blogsaverroes.juntadeandalucia.es\/ejerciciosrea\/<\/a><\/p>\n<p>&nbsp;<\/p>\n<h2>Situaci\u00f3n de cumplimiento<\/h2>\n<p>Este sitio web es parcialmente conforme con el Real Decreto 1112\/2018, de 7 de septiembre, sobre accesibilidad de los sitios web y aplicaciones para dispositivos m\u00f3viles del sector p\u00fablico, debido a la falta de conformidad de los aspectos que se indican a continuaci\u00f3n.<\/p>\n<p>&nbsp;<\/p>\n<h2>Contenido no accesible<\/h2>\n<p>El contenido que se recoge a continuaci\u00f3n no es accesible por lo siguiente:<\/p>\n<ul>\n<li>Falta de conformidad con el RD 1112\/2018:\n<ul>\n<li>Este sitio Web es una red de miles de Blogs, por lo que se escapa del \u00e1mbito de control en materia de accesibilidad, los contenidos y modificaciones de aspectos visuales realizados por los usuarios internos de BlogsAverroes en sus blogs de aula y espacios de centro, una vez est\u00e9 creado el Sitio. Desde BlogsAverroes se realizan las garant\u00edas de accesibilidad para el Sitio Web Principal (sin acceso por usuarios internos en modo edici\u00f3n), as\u00ed como las plantillas de Centro por defecto antes de que los usuarios hagan modificaciones sobre sus espacios.<\/li>\n<li>En algunas p\u00e1ginas podr\u00edan identificarse problemas en la generaci\u00f3n del html (ej. listas incorrectamente formadas, agrupaci\u00f3n estructural, tablas).<\/li>\n<li>Existen fallos puntuales de redacci\u00f3n de los contenidos que pueden incumplir reglas sobre el uso de encabezados.<\/li>\n<\/ul>\n<\/li>\n<li>El contenido no entra dentro del \u00e1mbito de la legislaci\u00f3n aplicable:\n<ul>\n<li>Podr\u00edan existir archivos ofim\u00e1ticos en PDF u otros formatos publicados antes del 21 de marzo de 2022 que no cumplan en su totalidad todos los requisitos de accesibilidad.<\/li>\n<\/ul>\n<\/li>\n<\/ul>\n<h2>Preparaci\u00f3n de la presente declaraci\u00f3n de accesibilidad<\/h2>\n<p>La presente declaraci\u00f3n fue preparada el 21 de marzo de 2022, con conformidad del nivel AA de las WCAG 2.1.<\/p>\n<p>La preparaci\u00f3n se ha realizado mediante una autoevaluaci\u00f3n de los requisitos de la norma UNE-EN 301-549:2019.<\/p>\n<p>\u00daltima revisi\u00f3n realizada: En curso.<\/p>\n<p>&nbsp;<\/p>\n<h2>Observaciones y datos de contacto<\/h2>\n<p>Puede realizar comunicaciones sobre requisitos de accesibilidad (art\u00edculo 10.2.a) del RD 1112\/2018) como por ejemplo:<\/p>\n<ul>\n<li>Informar sobre cualquier posible incumplimiento por parte de este sitio web.<\/li>\n<li>Transmitir otras dificultades de acceso al contenido.<\/li>\n<li>Formular cualquier otra consulta o sugerencia de mejora relativa a la accesibilidad del sitio web.<\/li>\n<\/ul>\n<p>A trav\u00e9s de la direcci\u00f3n de correo electr\u00f3nico: <a href=\"mailto:blogsaverroes.ced@juntadeandalucia.es\">blogsaverroes.ced@juntadeandalucia.es<\/a>.<\/p>\n<p>Las comunicaciones ser\u00e1n recibidas y tratadas por el Servicio de Sistemas de Informaci\u00f3n.<\/p>\n<p>&nbsp;<\/p>\n<h2>Procedimiento de aplicaci\u00f3n<\/h2>\n<p>Puede realizar reclamaciones sobre sus solicitudes de informaci\u00f3n accesible o quejas (art\u00edculo 13 del RD 1112\/2018) a trav\u00e9s del <a href=\"https:\/\/www.juntadeandalucia.es\/servicios\/procedimientos\/detalle\/14637\/datos-basicos.html\" target=\"_blank\" rel=\"noopener noreferrer\">Libro de Sugerencias y Reclamaciones<\/a>, mediante <a href=\"https:\/\/www.juntadeandalucia.es\/lsr\/lsr\/inicio.jsp\" target=\"_blank\" rel=\"noopener noreferrer\">la solicitud en l\u00ednea<\/a> o bien rellenando los <a href=\"https:\/\/www.juntadeandalucia.es\/haciendayadministracionpublica\/rpa-icms-doc\/icmsDescargaDoc.do?tipo=4b40ba71bf0bae77c7a9e6765035191a&amp;id=6c408e43867f920423fa717a2e096d99\" target=\"_blank\" rel=\"noopener noreferrer\">formularios<\/a> y present\u00e1ndolos en los Registros de Documentos, indicando la materia \u00abAccesibilidad de sitio web o aplicaci\u00f3n m\u00f3vil\u00bb.<\/p>\n<p>[\/et_pb_text][\/et_pb_column][\/et_pb_row][\/et_pb_section]<\/p>\n","protected":false},"excerpt":{"rendered":"<p>AccesibilidadLa Consejer\u00eda de Desarrollo Educativo y Formaci\u00f3n Profesional de la Junta de Andaluc\u00eda est\u00e1 comprometida en hacer accesible su sitio web de conformidad con el Real Decreto 1112\/2018, de 7 de septiembre, sobre accesibilidad de los sitios web y aplicaciones para dispositivos m\u00f3viles del sector p\u00fablico. La presente declaraci\u00f3n de accesibilidad se aplica al sitio [&hellip;]<\/p>\n","protected":false},"author":7051,"featured_media":0,"parent":0,"menu_order":0,"comment_status":"closed","ping_status":"closed","template":"","meta":{"_et_pb_use_builder":"on","_et_pb_old_content":"","_et_gb_content_width":"","ngg_post_thumbnail":0,"footnotes":""},"aioseo_notices":[],"_links":{"self":[{"href":"https:\/\/blogsaverroes.juntadeandalucia.es\/ejerciciosrea\/wp-json\/wp\/v2\/pages\/949"}],"collection":[{"href":"https:\/\/blogsaverroes.juntadeandalucia.es\/ejerciciosrea\/wp-json\/wp\/v2\/pages"}],"about":[{"href":"https:\/\/blogsaverroes.juntadeandalucia.es\/ejerciciosrea\/wp-json\/wp\/v2\/types\/page"}],"author":[{"embeddable":true,"href":"https:\/\/blogsaverroes.juntadeandalucia.es\/ejerciciosrea\/wp-json\/wp\/v2\/users\/7051"}],"replies":[{"embeddable":true,"href":"https:\/\/blogsaverroes.juntadeandalucia.es\/ejerciciosrea\/wp-json\/wp\/v2\/comments?post=949"}],"version-history":[{"count":2,"href":"https:\/\/blogsaverroes.juntadeandalucia.es\/ejerciciosrea\/wp-json\/wp\/v2\/pages\/949\/revisions"}],"predecessor-version":[{"id":952,"href":"https:\/\/blogsaverroes.juntadeandalucia.es\/ejerciciosrea\/wp-json\/wp\/v2\/pages\/949\/revisions\/952"}],"wp:attachment":[{"href":"https:\/\/blogsaverroes.juntadeandalucia.es\/ejerciciosrea\/wp-json\/wp\/v2\/media?parent=949"}],"curies":[{"name":"wp","href":"https:\/\/api.w.org\/{rel}","templated":true}]}}