{"id":64,"date":"2020-04-14T13:21:30","date_gmt":"2020-04-14T11:21:30","guid":{"rendered":"https:\/\/blogsaverroes.juntadeandalucia.es\/elauladeingles\/?page_id=64"},"modified":"2020-06-08T18:19:06","modified_gmt":"2020-06-08T16:19:06","slug":"bienvenidos","status":"publish","type":"page","link":"https:\/\/blogsaverroes.juntadeandalucia.es\/elauladeingles\/","title":{"rendered":"\u00a1Bienvenidos!"},"content":{"rendered":"<p>En este blog podr\u00e9is econtrar enlaces, juegos, canciones y fichas en ingl\u00e9s para ni\u00f1os y ni\u00f1as de Educaci\u00f3n Infantil y de Primaria. El blog intenta ser una ayuda&nbsp; y un recurso para comenzar a adentrar nuestros ni\u00f1as y ni\u00f1os en el idioma del ingl\u00e9s o para afianzar aprendizajes ya adquiridos.<\/p>\n<p>&nbsp;<\/p>\n","protected":false},"excerpt":{"rendered":"<p>En este blog podr\u00e9is econtrar enlaces, juegos, canciones y fichas en ingl\u00e9s para ni\u00f1os y ni\u00f1as de Educaci\u00f3n Infantil y de Primaria. El blog intenta ser una ayuda&nbsp; y un recurso para comenzar a adentrar nuestros ni\u00f1as y ni\u00f1os en el idioma del ingl\u00e9s o para afianzar aprendizajes ya adquiridos. &nbsp;<\/p>\n","protected":false},"author":9684,"featured_media":620,"parent":0,"menu_order":0,"comment_status":"closed","ping_status":"closed","template":"","meta":{"ngg_post_thumbnail":0,"footnotes":""},"aioseo_notices":[],"_links":{"self":[{"href":"https:\/\/blogsaverroes.juntadeandalucia.es\/elauladeingles\/wp-json\/wp\/v2\/pages\/64"}],"collection":[{"href":"https:\/\/blogsaverroes.juntadeandalucia.es\/elauladeingles\/wp-json\/wp\/v2\/pages"}],"about":[{"href":"https:\/\/blogsaverroes.juntadeandalucia.es\/elauladeingles\/wp-json\/wp\/v2\/types\/page"}],"author":[{"embeddable":true,"href":"https:\/\/blogsaverroes.juntadeandalucia.es\/elauladeingles\/wp-json\/wp\/v2\/users\/9684"}],"replies":[{"embeddable":true,"href":"https:\/\/blogsaverroes.juntadeandalucia.es\/elauladeingles\/wp-json\/wp\/v2\/comments?post=64"}],"version-history":[{"count":11,"href":"https:\/\/blogsaverroes.juntadeandalucia.es\/elauladeingles\/wp-json\/wp\/v2\/pages\/64\/revisions"}],"predecessor-version":[{"id":622,"href":"https:\/\/blogsaverroes.juntadeandalucia.es\/elauladeingles\/wp-json\/wp\/v2\/pages\/64\/revisions\/622"}],"wp:featuredmedia":[{"embeddable":true,"href":"https:\/\/blogsaverroes.juntadeandalucia.es\/elauladeingles\/wp-json\/wp\/v2\/media\/620"}],"wp:attachment":[{"href":"https:\/\/blogsaverroes.juntadeandalucia.es\/elauladeingles\/wp-json\/wp\/v2\/media?parent=64"}],"curies":[{"name":"wp","href":"https:\/\/api.w.org\/{rel}","templated":true}]}}