{"id":1117,"date":"2024-10-19T20:47:37","date_gmt":"2024-10-19T20:47:37","guid":{"rendered":"https:\/\/blogsaverroes.juntadeandalucia.es\/elblogdefrances\/?page_id=1117"},"modified":"2025-10-16T07:37:04","modified_gmt":"2025-10-16T07:37:04","slug":"comment-ca-va","status":"publish","type":"page","link":"https:\/\/blogsaverroes.juntadeandalucia.es\/elblogdefrances\/comment-ca-va\/","title":{"rendered":"Comment \u00e7a va? \u00bfC\u00f3mo est\u00e1s?"},"content":{"rendered":"<ul>\n<li><strong>Repasemos los saludos:<\/strong><\/li>\n<\/ul>\n<p><img loading=\"lazy\" decoding=\"async\" class=\"aligncenter\" src=\"https:\/\/encrypted-tbn0.gstatic.com\/images?q=tbn:ANd9GcR-NE4kr-mEuWig6OZZEquZs3tPKMO5kLSfzQ&amp;usqp=CAU\" alt=\"Les Salutations! - 7s\" width=\"383\" height=\"208\"><\/p>\n<ul>\n<li>Aprendamos cinco formas de<strong>&nbsp;saludar<\/strong>&nbsp;y cinco formas de&nbsp;<strong>despedirse. Est\u00e1n ordenadas seg\u00fan sale el sol y hasta que anochece. :<\/strong><\/li>\n<\/ul>\n<p><a href=\"https:\/\/drive.google.com\/file\/d\/1GRjJxb--MFs_DospvuNfDCwTy7GYltYD\/view\"><img loading=\"lazy\" decoding=\"async\" class=\"aligncenter\" src=\"https:\/\/blogsaverroes.juntadeandalucia.es\/elblogdefrances\/files\/2020\/12\/manos-300x194.png\" width=\"428\" height=\"277\"><\/a><\/p>\n<p>&nbsp;<\/p>\n<ul>\n<li>Haz clic y<strong>&nbsp;escucha<\/strong>&nbsp;en el siguiente enlace:&nbsp;<a href=\"http:\/\/www.learnalberta.ca\/content\/flbla\/html\/scenarios\/scenario1\/index.html?scenario=1&amp;group=4&amp;activity=2&amp;totalactivities=20\">http:\/\/www.learnalberta.ca\/content\/flbla\/html\/scenarios\/scenario1\/index.html?scenario=1&amp;group=4&amp;activity=2&amp;totalactivities=20<\/a><\/li>\n<li>Haz<strong>&nbsp;clic y lee<\/strong>&nbsp;el c\u00f3mic:&nbsp;<a href=\"http:\/\/www.learnalberta.ca\/content\/flbla\/html\/scenarios\/scenario1\/index.html?scenario=1&amp;group=7&amp;activity=3&amp;totalactivities=20\">http:\/\/www.learnalberta.ca\/content\/flbla\/html\/scenarios\/scenario1\/index.html?scenario=1&amp;group=7&amp;activity=3&amp;totalactivities=20<\/a><\/li>\n<li>Haz clic en la imagen,<strong>&nbsp;escucha y haz la actividad:<\/strong><\/li>\n<\/ul>\n<p><a href=\"https:\/\/www.learnalberta.ca\/content\/flbla\/html\/scenarios\/scenario1\/index.html?scenario=1&amp;group=0&amp;totalactivities=20\"><img loading=\"lazy\" decoding=\"async\" class=\"aligncenter\" src=\"https:\/\/blogsaverroes.juntadeandalucia.es\/elblogdefrances\/files\/2020\/12\/comic-300x117.png\" width=\"467\" height=\"182\"><\/a><\/p>\n<h6>Aprendamos ahora a decir c\u00f3mo estamos:&nbsp;&nbsp;Comment \u00e7a va?<\/h6>\n<p><img loading=\"lazy\" decoding=\"async\" class=\"wp-image-220 size-full aligncenter\" src=\"https:\/\/blogsaverroes.juntadeandalucia.es\/elblogdefrances\/files\/2020\/11\/%C3%A7a-va.png\" alt=\"\" width=\"529\" height=\"403\"><\/p>\n<ul>\n<li>A continuaci\u00f3n, ver\u00e1s c\u00f3mo se saluda en franc\u00e9s dependiendo de la hora del d\u00eda. F\u00edjate bien y escucha con atenci\u00f3n en este v\u00eddeo:<\/li>\n<\/ul>\n<p style=\"text-align: center\"><iframe loading=\"lazy\" src=\"\/\/www.youtube.com\/embed\/wI5G3fcup5w\" width=\"560\" height=\"314\"><\/iframe><\/p>\n<p>&nbsp;<\/p>\n<p style=\"text-align: center\"><iframe loading=\"lazy\" src=\"\/\/www.youtube.com\/embed\/WhbvCHT6SKw\" width=\"560\" height=\"314\"><\/iframe><\/p>\n<ul>\n<li>\u00bfSabr\u00edas decirme cu\u00e1ntas veces escuchas la palabra&nbsp;<strong>Bonjour<\/strong>&nbsp;en este extracto de pel\u00edcula?<\/li>\n<\/ul>\n<p style=\"text-align: center\"><iframe loading=\"lazy\" src=\"\/\/www.youtube.com\/embed\/Vm7gj9vqBjY\" width=\"560\" height=\"314\"><\/iframe><\/p>\n<p>&nbsp;<\/p>\n<ul>\n<li>Practica jugando:<\/li>\n<\/ul>\n<p><a href=\"https:\/\/www.educandy.com\/\"><img decoding=\"async\" class=\"aligncenter\" src=\"https:\/\/www.educandy.com\/site\/images\/logo.png\" alt=\"Educandy logo\"><\/a><\/p>\n<p>&nbsp;<\/p>\n<p><a href=\"https:\/\/www.educandy.com\/site\/resource.php?activity-code=11a13e\"><img decoding=\"async\" class=\"aligncenter\" src=\"https:\/\/www.educandy.com\/site\/images\/logo.png\" alt=\"Educandy logo\"><\/a><\/p>\n<ul>\n<li>Aprenderemos a presentarnos:<\/li>\n<\/ul>\n<p style=\"text-align: center\"><iframe loading=\"lazy\" src=\"\/\/www.youtube.com\/embed\/9BgyvEXTZbk\" width=\"560\" height=\"314\"><\/iframe><\/p>\n<p>&nbsp;<\/p>\n<p>&nbsp;<\/p>\n<p>&nbsp;<\/p>\n","protected":false},"excerpt":{"rendered":"<p>Repasemos los saludos: Aprendamos cinco formas de&nbsp;saludar&nbsp;y cinco formas de&nbsp;despedirse. Est\u00e1n ordenadas seg\u00fan sale el sol y hasta que anochece. : &nbsp; Haz clic y&nbsp;escucha&nbsp;en el siguiente enlace:&nbsp;http:\/\/www.learnalberta.ca\/content\/flbla\/html\/scenarios\/scenario1\/index.html?scenario=1&amp;group=4&amp;activity=2&amp;totalactivities=20 Haz&nbsp;clic y lee&nbsp;el c\u00f3mic:&nbsp;http:\/\/www.learnalberta.ca\/content\/flbla\/html\/scenarios\/scenario1\/index.html?scenario=1&amp;group=7&amp;activity=3&amp;totalactivities=20 Haz clic&#46;&#46;&#46;<\/p>\n","protected":false},"author":10861,"featured_media":1207,"parent":0,"menu_order":0,"comment_status":"closed","ping_status":"closed","template":"","meta":{"ngg_post_thumbnail":0,"footnotes":""},"aioseo_notices":[],"_links":{"self":[{"href":"https:\/\/blogsaverroes.juntadeandalucia.es\/elblogdefrances\/wp-json\/wp\/v2\/pages\/1117"}],"collection":[{"href":"https:\/\/blogsaverroes.juntadeandalucia.es\/elblogdefrances\/wp-json\/wp\/v2\/pages"}],"about":[{"href":"https:\/\/blogsaverroes.juntadeandalucia.es\/elblogdefrances\/wp-json\/wp\/v2\/types\/page"}],"author":[{"embeddable":true,"href":"https:\/\/blogsaverroes.juntadeandalucia.es\/elblogdefrances\/wp-json\/wp\/v2\/users\/10861"}],"replies":[{"embeddable":true,"href":"https:\/\/blogsaverroes.juntadeandalucia.es\/elblogdefrances\/wp-json\/wp\/v2\/comments?post=1117"}],"version-history":[{"count":10,"href":"https:\/\/blogsaverroes.juntadeandalucia.es\/elblogdefrances\/wp-json\/wp\/v2\/pages\/1117\/revisions"}],"predecessor-version":[{"id":1615,"href":"https:\/\/blogsaverroes.juntadeandalucia.es\/elblogdefrances\/wp-json\/wp\/v2\/pages\/1117\/revisions\/1615"}],"wp:featuredmedia":[{"embeddable":true,"href":"https:\/\/blogsaverroes.juntadeandalucia.es\/elblogdefrances\/wp-json\/wp\/v2\/media\/1207"}],"wp:attachment":[{"href":"https:\/\/blogsaverroes.juntadeandalucia.es\/elblogdefrances\/wp-json\/wp\/v2\/media?parent=1117"}],"curies":[{"name":"wp","href":"https:\/\/api.w.org\/{rel}","templated":true}]}}