{"id":1123,"date":"2024-10-19T20:48:17","date_gmt":"2024-10-19T20:48:17","guid":{"rendered":"https:\/\/blogsaverroes.juntadeandalucia.es\/elblogdefrances\/?page_id=1123"},"modified":"2025-10-16T07:57:43","modified_gmt":"2025-10-16T07:57:43","slug":"les-nombres","status":"publish","type":"page","link":"https:\/\/blogsaverroes.juntadeandalucia.es\/elblogdefrances\/les-nombres\/","title":{"rendered":"Les nombres \/Los n\u00fameros"},"content":{"rendered":"<ul>\n<li><strong>Los n\u00fameros del 0 al 20:<\/strong><\/li>\n<\/ul>\n<p style=\"text-align: center\"><iframe loading=\"lazy\" src=\"\/\/www.youtube.com\/embed\/UsEz58BblMY\" width=\"536\" height=\"300\"><\/iframe><\/p>\n<ul>\n<li><strong>En la libreta copiamos c\u00f3mo se escriben cada n\u00famero:<\/strong><\/li>\n<\/ul>\n<p><img loading=\"lazy\" decoding=\"async\" class=\"aligncenter\" src=\"https:\/\/lecoinducervanties.files.wordpress.com\/2011\/10\/chiffres-de-0-c3a0-20.jpg\" alt=\"LES NOMBRES DE 0 \u00c0 20 | LE COIN DE FRAN\u00c7AIS\" width=\"606\" height=\"508\"><\/p>\n<p>&nbsp;<\/p>\n<ul>\n<li>Y ahora para practicar, haz clic en el enlace y repasa la escritura de n\u00fameros del 1 al 20. Se trata de una&nbsp;<strong>ficha interactiva:<\/strong>&nbsp;&nbsp; &nbsp; &nbsp;<a href=\"https:\/\/es.liveworksheets.com\/bu480044om\">https:\/\/es.liveworksheets.com\/bu480044om<\/a><\/li>\n<li>Juega con<strong> wordwall.<\/strong> Haz clic en el enlace:<\/li>\n<\/ul>\n<p>&nbsp;<a href=\"https:\/\/wordwall.net\/es\/resource\/8566275\"><img loading=\"lazy\" decoding=\"async\" class=\"alignnone size-full wp-image-1291\" src=\"https:\/\/blogsaverroes.juntadeandalucia.es\/elblogdefrances\/files\/2025\/01\/Screenshot_1.png\" alt=\"\" width=\"319\" height=\"295\" srcset=\"https:\/\/blogsaverroes.juntadeandalucia.es\/elblogdefrances\/files\/2025\/01\/Screenshot_1.png 319w, https:\/\/blogsaverroes.juntadeandalucia.es\/elblogdefrances\/files\/2025\/01\/Screenshot_1-300x277.png 300w\" sizes=\"(max-width: 319px) 100vw, 319px\" \/><\/a><\/p>\n<ul>\n<li><strong>QUIZ:<\/strong><\/li>\n<\/ul>\n<p><a href=\"https:\/\/view.genial.ly\/637318a472c4dc0010bdd8bd\/interactive-content-quiz-les-nombres-de-0-a-20\"><img loading=\"lazy\" decoding=\"async\" class=\"\" src=\"https:\/\/blogsaverroes.juntadeandalucia.es\/elblogdefrances\/files\/2023\/11\/Captura-de-pantalla-114-e1698880417837.png\" width=\"457\" height=\"192\"><\/a><\/p>\n<ul>\n<li><strong>Genially<\/strong> n\u00fameros del 1 al 20:<\/li>\n<\/ul>\n<p>&nbsp;<\/p>\n<p><a href=\"https:\/\/view.genially.com\/5fa2a8405ef4550d7bcc1406\/learning-experience-didactic-unit-numeros-de-0-a-20\"><img loading=\"lazy\" decoding=\"async\" class=\"aligncenter\" src=\"https:\/\/blogsaverroes.juntadeandalucia.es\/elblogdefrances\/files\/2023\/11\/Captura-de-pantalla-115-e1698880681523.png\" width=\"538\" height=\"243\"><\/a><\/p>\n<p>&nbsp;<\/p>\n<p>&nbsp;<\/p>\n<ul>\n<li>Otras actividades para practicar las cifras:<\/li>\n<li>Escribimos en a espalda de nuestra pareja un n\u00famero con un dedo. Debe de averiguarla.<\/li>\n<li>Realizamos un dictado de n\u00fameros del 1 al 20.<\/li>\n<li>Jugamos a Loto: \u00a1Bingo!<\/li>\n<li><strong>N\u00fameros del 20 al 50:<\/strong><\/li>\n<\/ul>\n<p style=\"text-align: center\"><iframe loading=\"lazy\" src=\"\/\/www.youtube.com\/embed\/wlYqz2unHKc\" width=\"446\" height=\"250\"><\/iframe><\/p>\n<ul>\n<li><strong>C\u00f3pialos en tu cuaderno:<\/strong><\/li>\n<\/ul>\n<p><img decoding=\"async\" class=\"aligncenter\" src=\"https:\/\/1.bp.blogspot.com\/-J_4G9vPYQRc\/UwvlrazQrTI\/AAAAAAAACbQ\/KKKuElIdxnQ\/s1600\/sous-main-educatif-enfants-sur-les-chiffres+(1).jpg\"><\/p>\n<ul>\n<li><strong>Fichas interactivas para practicar los n\u00fameros:<\/strong><\/li>\n<\/ul>\n<p><strong>Ficha 1 (0 \u00e0 31)<\/strong><\/p>\n<p><a href=\"https:\/\/es.liveworksheets.com\/worksheets\/fr\/Fran%C3%A7ais_Langue_%C3%89trang%C3%A8re_(FLE)\/Les_nombres\/Les_nombres_de_0_%C3%A0_31_oq371084up\">https:\/\/es.liveworksheets.com\/worksheets\/fr\/Fran%C3%A7ais_Langue_%C3%89trang%C3%A8re_(FLE)\/Les_nombres\/Les_nombres_de_0_%C3%A0_31_oq371084up<\/a><\/p>\n<p><strong>Ficha 2&nbsp; (0 \u00e0 31)<\/strong><\/p>\n<p><a href=\"https:\/\/es.liveworksheets.com\/zj1516942di\">https:\/\/es.liveworksheets.com\/zj1516942di<\/a><\/p>\n<p><strong>Ficha 3 (0 \u00e0 31)<\/strong><\/p>\n<p><a href=\"https:\/\/es.liveworksheets.com\/yq1751905sy\">https:\/\/es.liveworksheets.com\/yq1751905sy<\/a><\/p>\n<p><strong>Ficha 4 (0 al 31)<\/strong><\/p>\n<p><a href=\"https:\/\/es.liveworksheets.com\/bm1815713lh\">https:\/\/es.liveworksheets.com\/bm1815713lh<\/a><\/p>\n<p>&nbsp;<\/p>\n<p style=\"text-align: center\"><img loading=\"lazy\" decoding=\"async\" class=\"\" src=\"https:\/\/sdk.bitmoji.com\/render\/panel\/8581a60e-70e4-4cec-8215-7bc2ac2b796a-ddb8076c-1ffd-438d-9910-78e435b4f5ad-v1.png?transparent=1&amp;palette=1\" alt=\"ten out of ten\" width=\"226\" height=\"226\"><\/p>\n<p>Ahora, aprenderemos hasta el n\u00famero 100. Os dejo un cuadro resumen:<\/p>\n<p style=\"text-align: center\"><img decoding=\"async\" src=\"https:\/\/blogger.googleusercontent.com\/img\/b\/R29vZ2xl\/AVvXsEiuEUEv0aRZUMn-R7xqWe7q4DdadcXeBIMh1Nkmt-25zEKfn_3wqSvKnpattKdzl8LaLj5rTV1Zj2taEk_dtAHw7KG1KymtSRUo56DNCQ3vGQgjz1RTt_gAIGbRfA-vH1cQcdlTuMpuPl4B\/s1600\/nombres.jpg\"><\/p>\n<p>Os dejo este enlace, como <a href=\"https:\/\/www.education.vic.gov.au\/languagesonline\/index.html?l=french&amp;t=4\">banco de recursos<\/a>. para trabajar los n\u00fameros.<\/p>\n<p>Juego wordwall (1 \u00e0 100):&nbsp;<a href=\"https:\/\/www.languagesonline.org.uk\/Wordwall\/French\/Y1L\/Chiffres_20-100\/Chiffres13.htm\">https:\/\/www.languagesonline.org.uk\/Wordwall\/French\/Y1L\/Chiffres_20-100\/Chiffres13.htm<\/a><\/p>\n<p>Pag web de un blog:&nbsp;<a href=\"https:\/\/fleneso.blogspot.com\/2013\/01\/les-nombres-de-0-60-en-chiffres-et-en.html\">https:\/\/fleneso.blogspot.com\/2013\/01\/les-nombres-de-0-60-en-chiffres-et-en.html<\/a><\/p>\n<p>Actividades interactivas n\u00fameros del 20 al 69:&nbsp;<a href=\"https:\/\/www.education.vic.gov.au\/languagesonline\/index.html?l=french&amp;t=4\">https:\/\/www.education.vic.gov.au\/languagesonline\/index.html?l=french&amp;t=4<\/a><\/p>\n","protected":false},"excerpt":{"rendered":"<p>Los n\u00fameros del 0 al 20: En la libreta copiamos c\u00f3mo se escriben cada n\u00famero: &nbsp; Y ahora para practicar, haz clic en el enlace y repasa la escritura de n\u00fameros del 1 al&#46;&#46;&#46;<\/p>\n","protected":false},"author":10861,"featured_media":0,"parent":0,"menu_order":0,"comment_status":"closed","ping_status":"closed","template":"","meta":{"ngg_post_thumbnail":0,"footnotes":""},"aioseo_notices":[],"_links":{"self":[{"href":"https:\/\/blogsaverroes.juntadeandalucia.es\/elblogdefrances\/wp-json\/wp\/v2\/pages\/1123"}],"collection":[{"href":"https:\/\/blogsaverroes.juntadeandalucia.es\/elblogdefrances\/wp-json\/wp\/v2\/pages"}],"about":[{"href":"https:\/\/blogsaverroes.juntadeandalucia.es\/elblogdefrances\/wp-json\/wp\/v2\/types\/page"}],"author":[{"embeddable":true,"href":"https:\/\/blogsaverroes.juntadeandalucia.es\/elblogdefrances\/wp-json\/wp\/v2\/users\/10861"}],"replies":[{"embeddable":true,"href":"https:\/\/blogsaverroes.juntadeandalucia.es\/elblogdefrances\/wp-json\/wp\/v2\/comments?post=1123"}],"version-history":[{"count":14,"href":"https:\/\/blogsaverroes.juntadeandalucia.es\/elblogdefrances\/wp-json\/wp\/v2\/pages\/1123\/revisions"}],"predecessor-version":[{"id":1627,"href":"https:\/\/blogsaverroes.juntadeandalucia.es\/elblogdefrances\/wp-json\/wp\/v2\/pages\/1123\/revisions\/1627"}],"wp:attachment":[{"href":"https:\/\/blogsaverroes.juntadeandalucia.es\/elblogdefrances\/wp-json\/wp\/v2\/media?parent=1123"}],"curies":[{"name":"wp","href":"https:\/\/api.w.org\/{rel}","templated":true}]}}