{"id":1144,"date":"2024-10-19T20:51:39","date_gmt":"2024-10-19T20:51:39","guid":{"rendered":"https:\/\/blogsaverroes.juntadeandalucia.es\/elblogdefrances\/?page_id=1144"},"modified":"2025-10-16T07:47:52","modified_gmt":"2025-10-16T07:47:52","slug":"les-saisons","status":"publish","type":"page","link":"https:\/\/blogsaverroes.juntadeandalucia.es\/elblogdefrances\/les-saisons\/","title":{"rendered":"Les mois de l \u00b4ann\u00e9e et Les saisons \/ Los meses del a\u00f1o y las estaciones."},"content":{"rendered":"<p><img loading=\"lazy\" decoding=\"async\" class=\"alignleft\" src=\"https:\/\/sdk.bitmoji.com\/render\/panel\/4773aa63-7a56-4120-9c33-019fd70dd876-8586ac83-ca17-412f-9266-cbba9e7492a4-v1.png?transparent=1&amp;palette=1\" alt=\"Bitmoji Image\" width=\"166\" height=\"166\"><strong> Aprendamos los meses del a\u00f1o y&nbsp; las estaciones del a\u00f1o en franc\u00e9s: primavera, verano, oto\u00f1o e invierno en franc\u00e9s. <\/strong><\/p>\n<p><strong>LES MOIS ET&nbsp; Les SAISONS DE L\u00b4ANN\u00c9E. Despu\u00e9s, seremos capaces de expresar en qu\u00e9 fecha es nuestro cumplea\u00f1os, indicando mes y estaci\u00f3n del a\u00f1o.<\/strong><\/p>\n<p>&nbsp;<\/p>\n<ul>\n<li>V\u00eddeo los <strong>meses del a\u00f1o<\/strong>:<\/li>\n<\/ul>\n<p style=\"text-align: center\"><iframe loading=\"lazy\" src=\"\/\/www.youtube.com\/embed\/7_u2SigckNQ\" width=\"560\" height=\"314\"><\/iframe><\/p>\n<ul>\n<li><strong>Copiamos en libreta:<\/strong><\/li>\n<\/ul>\n<p><img loading=\"lazy\" decoding=\"async\" class=\"aligncenter\" src=\"https:\/\/blogger.googleusercontent.com\/img\/b\/R29vZ2xl\/AVvXsEim936-SgjoNeFoAKbh45-5NI0TZflTbNAr3ACON0SUDv1CqfQoZViKPlisFY6vzQVXLJaf0hYZbCiBY0PTlf1DH18S_VpyJ8xz5k7VEa8ljufGSWpGN7kKRTngqwJdOA5hBm-qwThqP3Co\/s320\/French-months-poster.jpg\" width=\"345\" height=\"348\"><\/p>\n<ul>\n<li><strong>Repasamos;<\/strong><\/li>\n<\/ul>\n<p style=\"text-align: center\"><iframe loading=\"lazy\" src=\"\/\/www.youtube.com\/embed\/XZhY8frvDTA\" width=\"560\" height=\"314\"><\/iframe><\/p>\n<ul>\n<li>En la siguiente tabla tienes<strong>&nbsp;juegos<\/strong>&nbsp;para practicar:<\/li>\n<\/ul>\n<table style=\"border-collapse: collapse;width: 100%\">\n<tbody>\n<tr>\n<td style=\"width: 33.3333%\"><a href=\"https:\/\/wordwall.net\/es\/resource\/6726663\/french\/bien-dit-1-vocabulaire-51-les-mois-de-lann%c3%a9e\"><img decoding=\"async\" src=\"https:\/\/blogsaverroes.juntadeandalucia.es\/elblogdefrances\/files\/2024\/03\/jpours-de-la-semanaine.png\"><\/a><\/td>\n<td style=\"width: 33.3333%\"><a href=\"https:\/\/wordwall.net\/es\/resource\/4620703\/les-mois-de-lann%c3%a9e\"><img decoding=\"async\" src=\"https:\/\/blogsaverroes.juntadeandalucia.es\/elblogdefrances\/files\/2024\/03\/topil.png\"><\/a><\/td>\n<td style=\"width: 33.3333%\"><a href=\"https:\/\/wordwall.net\/es\/resource\/5167498\/les-mois-de-lann%c3%a9e\"><img decoding=\"async\" src=\"https:\/\/blogsaverroes.juntadeandalucia.es\/elblogdefrances\/files\/2024\/03\/sopa-1.png\"><\/a><\/td>\n<\/tr>\n<\/tbody>\n<\/table>\n<ul>\n<li>Fichas interactivas <strong>meses del a\u00f1o.<\/strong><\/li>\n<\/ul>\n<table style=\"border-collapse: collapse;width: 100%\">\n<tbody>\n<tr>\n<td style=\"width: 33.3333%\"><a href=\"https:\/\/www.liveworksheets.com\/w\/fr\/francais-langue-etrangere-fle\/133633\"><img decoding=\"async\" src=\"https:\/\/blogsaverroes.juntadeandalucia.es\/elblogdefrances\/files\/2025\/01\/Screenshot_4.png\"><\/a><\/td>\n<td style=\"width: 33.3333%\"><a href=\"https:\/\/www.liveworksheets.com\/w\/fr\/french-second-language\/794687\"><img decoding=\"async\" src=\"https:\/\/blogsaverroes.juntadeandalucia.es\/elblogdefrances\/files\/2025\/01\/Screenshot_5.png\"><\/a><\/td>\n<td style=\"width: 33.3333%\"><a href=\"https:\/\/www.logicieleducatif.fr\/jeu\/les-mois-de-l-annee\"><img loading=\"lazy\" decoding=\"async\" class=\"alignnone size-full wp-image-1355\" src=\"https:\/\/blogsaverroes.juntadeandalucia.es\/elblogdefrances\/files\/2025\/01\/Screenshot_6.png\" alt=\"\" width=\"775\" height=\"344\" srcset=\"https:\/\/blogsaverroes.juntadeandalucia.es\/elblogdefrances\/files\/2025\/01\/Screenshot_6.png 775w, https:\/\/blogsaverroes.juntadeandalucia.es\/elblogdefrances\/files\/2025\/01\/Screenshot_6-300x133.png 300w, https:\/\/blogsaverroes.juntadeandalucia.es\/elblogdefrances\/files\/2025\/01\/Screenshot_6-768x341.png 768w, https:\/\/blogsaverroes.juntadeandalucia.es\/elblogdefrances\/files\/2025\/01\/Screenshot_6-700x311.png 700w, https:\/\/blogsaverroes.juntadeandalucia.es\/elblogdefrances\/files\/2025\/01\/Screenshot_6-332x147.png 332w\" sizes=\"(max-width: 775px) 100vw, 775px\" \/><\/a><\/td>\n<\/tr>\n<\/tbody>\n<\/table>\n<p style=\"text-align: center\"><iframe loading=\"lazy\" src=\"\/\/www.youtube.com\/embed\/n7XeCj_uvns\" width=\"450\" height=\"252\"><\/iframe><\/p>\n<ul>\n<li><strong>&nbsp;<\/strong>En <strong>la libreta<\/strong> hacemos el siguiente dibujo, clic si quieres <strong>ficha fotocopiable<\/strong><\/li>\n<\/ul>\n<p><a href=\"https:\/\/drive.google.com\/file\/d\/1w1oBVjvqsLzSwHt4JKE7eOd_eJy6rYBy\/view?usp=sharing\"><img loading=\"lazy\" decoding=\"async\" class=\"aligncenter\" src=\"https:\/\/blogsaverroes.juntadeandalucia.es\/elblogdefrances\/files\/2023\/02\/Captura-de-pantalla-82-1-e1676810182909.png\" width=\"566\" height=\"569\"><\/a><\/p>\n<ul>\n<li><strong>Ficha fotocopiable:<\/strong><\/li>\n<\/ul>\n<p><a href=\"https:\/\/drive.google.com\/file\/d\/1vskTQWmZZ8TkV4wywICpd77Hd2GZkO63\/view?usp=sharing\"><img loading=\"lazy\" decoding=\"async\" class=\" wp-image-1409 aligncenter\" src=\"https:\/\/blogsaverroes.juntadeandalucia.es\/elblogdefrances\/files\/2025\/02\/Screenshot_10.png\" alt=\"\" width=\"191\" height=\"256\" srcset=\"https:\/\/blogsaverroes.juntadeandalucia.es\/elblogdefrances\/files\/2025\/02\/Screenshot_10.png 393w, https:\/\/blogsaverroes.juntadeandalucia.es\/elblogdefrances\/files\/2025\/02\/Screenshot_10-224x300.png 224w, https:\/\/blogsaverroes.juntadeandalucia.es\/elblogdefrances\/files\/2025\/02\/Screenshot_10-332x445.png 332w\" sizes=\"(max-width: 191px) 100vw, 191px\" \/><\/a><\/p>\n<ul>\n<li><strong>Poes\u00eda<\/strong> de Ana Mar\u00eda Chapouton:&nbsp;<strong><em>Il pleut de feuilles.<\/em><\/strong><\/li>\n<\/ul>\n<p style=\"text-align: center\"><iframe loading=\"lazy\" src=\"\/\/www.youtube.com\/embed\/XI2sEnF1VFM\" width=\"450\" height=\"252\"><\/iframe><\/p>\n<ul>\n<li style=\"list-style-type: none\">\n<ul>\n<li>Mirad, como los ni\u00f1os <strong>la recitan:&nbsp;<\/strong>\n<p style=\"text-align: center\"><iframe loading=\"lazy\" src=\"\/\/www.youtube.com\/embed\/3-y354cKQBI\" width=\"250\" height=\"140\"><\/iframe><\/p>\n<\/li>\n<li>Copiemos en <strong>la libreta<\/strong> la letra de la poes\u00eda:<\/li>\n<\/ul>\n<\/li>\n<li style=\"list-style-type: none\"><img loading=\"lazy\" decoding=\"async\" class=\"aligncenter\" src=\"https:\/\/blogsaverroes.juntadeandalucia.es\/elblogdefrances\/files\/2021\/01\/poema-294x300.png\" width=\"324\" height=\"331\">\n<ul style=\"text-align: center\">\n<li style=\"text-align: left\"><strong>Juegos de las estaciones del a\u00f1o.<\/strong><\/li>\n<li>\n<table style=\"border-collapse: collapse;width: 100%\">\n<tbody>\n<tr>\n<td style=\"width: 33.3333%\"><a href=\"https:\/\/wordwall.net\/es\/resource\/7807982\/questionnaire-les-jours-les-mois-les-dates\"><img loading=\"lazy\" decoding=\"async\" class=\"alignnone size-full wp-image-1346\" src=\"https:\/\/blogsaverroes.juntadeandalucia.es\/elblogdefrances\/files\/2025\/01\/Screenshot_1-3.png\" alt=\"\" width=\"803\" height=\"430\" srcset=\"https:\/\/blogsaverroes.juntadeandalucia.es\/elblogdefrances\/files\/2025\/01\/Screenshot_1-3.png 803w, https:\/\/blogsaverroes.juntadeandalucia.es\/elblogdefrances\/files\/2025\/01\/Screenshot_1-3-300x161.png 300w, https:\/\/blogsaverroes.juntadeandalucia.es\/elblogdefrances\/files\/2025\/01\/Screenshot_1-3-768x411.png 768w, https:\/\/blogsaverroes.juntadeandalucia.es\/elblogdefrances\/files\/2025\/01\/Screenshot_1-3-700x375.png 700w, https:\/\/blogsaverroes.juntadeandalucia.es\/elblogdefrances\/files\/2025\/01\/Screenshot_1-3-332x178.png 332w\" sizes=\"(max-width: 803px) 100vw, 803px\" \/><\/a><\/td>\n<td style=\"width: 33.3333%\"><a href=\"http:\/\/Juguemos repasando con wordwall los meses del a\u00f1o, las estaciones y (algunos n\u00fameros):https:\/\/wordwall.net\/es\/resource\/7807982 Sigamos jugando con wordwall: https:\/\/wordwall.net\/es\/resource\/484981\"><img loading=\"lazy\" decoding=\"async\" class=\"alignnone size-full wp-image-1347\" src=\"https:\/\/blogsaverroes.juntadeandalucia.es\/elblogdefrances\/files\/2025\/01\/Screenshot_2.png\" alt=\"\" width=\"768\" height=\"369\" srcset=\"https:\/\/blogsaverroes.juntadeandalucia.es\/elblogdefrances\/files\/2025\/01\/Screenshot_2.png 768w, https:\/\/blogsaverroes.juntadeandalucia.es\/elblogdefrances\/files\/2025\/01\/Screenshot_2-300x144.png 300w, https:\/\/blogsaverroes.juntadeandalucia.es\/elblogdefrances\/files\/2025\/01\/Screenshot_2-700x336.png 700w, https:\/\/blogsaverroes.juntadeandalucia.es\/elblogdefrances\/files\/2025\/01\/Screenshot_2-332x160.png 332w\" sizes=\"(max-width: 768px) 100vw, 768px\" \/><\/a><\/td>\n<td style=\"width: 33.3333%\"><a href=\"https:\/\/wordwall.net\/es\/resource\/29619369\/les-saisons-de-lann%C3%A9e\"><img loading=\"lazy\" decoding=\"async\" class=\"alignnone size-full wp-image-1348\" src=\"https:\/\/blogsaverroes.juntadeandalucia.es\/elblogdefrances\/files\/2025\/01\/Screenshot_3.png\" alt=\"\" width=\"842\" height=\"389\" srcset=\"https:\/\/blogsaverroes.juntadeandalucia.es\/elblogdefrances\/files\/2025\/01\/Screenshot_3.png 842w, https:\/\/blogsaverroes.juntadeandalucia.es\/elblogdefrances\/files\/2025\/01\/Screenshot_3-300x139.png 300w, https:\/\/blogsaverroes.juntadeandalucia.es\/elblogdefrances\/files\/2025\/01\/Screenshot_3-768x355.png 768w, https:\/\/blogsaverroes.juntadeandalucia.es\/elblogdefrances\/files\/2025\/01\/Screenshot_3-700x323.png 700w, https:\/\/blogsaverroes.juntadeandalucia.es\/elblogdefrances\/files\/2025\/01\/Screenshot_3-332x153.png 332w\" sizes=\"(max-width: 842px) 100vw, 842px\" \/><\/a><\/td>\n<\/tr>\n<\/tbody>\n<\/table>\n<\/li>\n<\/ul>\n<\/li>\n<li><strong>Fichas interactivas sobre los meses del a\u00f1o.<\/strong><\/li>\n<\/ul>\n<table style=\"border-collapse: collapse;width: 100%;height: 280px\">\n<tbody>\n<tr>\n<td style=\"width: 218.641px\"><a href=\"https:\/\/www.liveworksheets.com\/w\/fr\/francais-langue-etrangere-fle\/133633\"><img loading=\"lazy\" decoding=\"async\" class=\"alignnone size-full wp-image-1352\" src=\"https:\/\/blogsaverroes.juntadeandalucia.es\/elblogdefrances\/files\/2025\/01\/Screenshot_4.png\" alt=\"\" width=\"646\" height=\"441\" srcset=\"https:\/\/blogsaverroes.juntadeandalucia.es\/elblogdefrances\/files\/2025\/01\/Screenshot_4.png 646w, https:\/\/blogsaverroes.juntadeandalucia.es\/elblogdefrances\/files\/2025\/01\/Screenshot_4-300x205.png 300w, https:\/\/blogsaverroes.juntadeandalucia.es\/elblogdefrances\/files\/2025\/01\/Screenshot_4-332x227.png 332w\" sizes=\"(max-width: 646px) 100vw, 646px\" \/><\/a><\/td>\n<td style=\"width: 218.641px\"><a href=\"https:\/\/www.liveworksheets.com\/w\/fr\/french-second-language\/794687\"><img loading=\"lazy\" decoding=\"async\" class=\"alignnone size-full wp-image-1354\" src=\"https:\/\/blogsaverroes.juntadeandalucia.es\/elblogdefrances\/files\/2025\/01\/Screenshot_5.png\" alt=\"\" width=\"821\" height=\"423\" srcset=\"https:\/\/blogsaverroes.juntadeandalucia.es\/elblogdefrances\/files\/2025\/01\/Screenshot_5.png 821w, https:\/\/blogsaverroes.juntadeandalucia.es\/elblogdefrances\/files\/2025\/01\/Screenshot_5-300x155.png 300w, https:\/\/blogsaverroes.juntadeandalucia.es\/elblogdefrances\/files\/2025\/01\/Screenshot_5-768x396.png 768w, https:\/\/blogsaverroes.juntadeandalucia.es\/elblogdefrances\/files\/2025\/01\/Screenshot_5-700x361.png 700w, https:\/\/blogsaverroes.juntadeandalucia.es\/elblogdefrances\/files\/2025\/01\/Screenshot_5-332x171.png 332w\" sizes=\"(max-width: 821px) 100vw, 821px\" \/><\/a><\/td>\n<td style=\"width: 218.719px\"><a href=\"https:\/\/www.logicieleducatif.fr\/jeu\/les-mois-de-l-annee\"><img loading=\"lazy\" decoding=\"async\" class=\"alignnone size-full wp-image-1355\" src=\"https:\/\/blogsaverroes.juntadeandalucia.es\/elblogdefrances\/files\/2025\/01\/Screenshot_6.png\" alt=\"\" width=\"775\" height=\"344\" srcset=\"https:\/\/blogsaverroes.juntadeandalucia.es\/elblogdefrances\/files\/2025\/01\/Screenshot_6.png 775w, https:\/\/blogsaverroes.juntadeandalucia.es\/elblogdefrances\/files\/2025\/01\/Screenshot_6-300x133.png 300w, https:\/\/blogsaverroes.juntadeandalucia.es\/elblogdefrances\/files\/2025\/01\/Screenshot_6-768x341.png 768w, https:\/\/blogsaverroes.juntadeandalucia.es\/elblogdefrances\/files\/2025\/01\/Screenshot_6-700x311.png 700w, https:\/\/blogsaverroes.juntadeandalucia.es\/elblogdefrances\/files\/2025\/01\/Screenshot_6-332x147.png 332w\" sizes=\"(max-width: 775px) 100vw, 775px\" \/><\/a><\/td>\n<\/tr>\n<\/tbody>\n<\/table>\n","protected":false},"excerpt":{"rendered":"<p>Aprendamos los meses del a\u00f1o y&nbsp; las estaciones del a\u00f1o en franc\u00e9s: primavera, verano, oto\u00f1o e invierno en franc\u00e9s. LES MOIS ET&nbsp; Les SAISONS DE L\u00b4ANN\u00c9E. Despu\u00e9s, seremos capaces de expresar en qu\u00e9 fecha&#46;&#46;&#46;<\/p>\n","protected":false},"author":10861,"featured_media":0,"parent":0,"menu_order":0,"comment_status":"closed","ping_status":"closed","template":"","meta":{"ngg_post_thumbnail":0,"footnotes":""},"aioseo_notices":[],"_links":{"self":[{"href":"https:\/\/blogsaverroes.juntadeandalucia.es\/elblogdefrances\/wp-json\/wp\/v2\/pages\/1144"}],"collection":[{"href":"https:\/\/blogsaverroes.juntadeandalucia.es\/elblogdefrances\/wp-json\/wp\/v2\/pages"}],"about":[{"href":"https:\/\/blogsaverroes.juntadeandalucia.es\/elblogdefrances\/wp-json\/wp\/v2\/types\/page"}],"author":[{"embeddable":true,"href":"https:\/\/blogsaverroes.juntadeandalucia.es\/elblogdefrances\/wp-json\/wp\/v2\/users\/10861"}],"replies":[{"embeddable":true,"href":"https:\/\/blogsaverroes.juntadeandalucia.es\/elblogdefrances\/wp-json\/wp\/v2\/comments?post=1144"}],"version-history":[{"count":24,"href":"https:\/\/blogsaverroes.juntadeandalucia.es\/elblogdefrances\/wp-json\/wp\/v2\/pages\/1144\/revisions"}],"predecessor-version":[{"id":1624,"href":"https:\/\/blogsaverroes.juntadeandalucia.es\/elblogdefrances\/wp-json\/wp\/v2\/pages\/1144\/revisions\/1624"}],"wp:attachment":[{"href":"https:\/\/blogsaverroes.juntadeandalucia.es\/elblogdefrances\/wp-json\/wp\/v2\/media?parent=1144"}],"curies":[{"name":"wp","href":"https:\/\/api.w.org\/{rel}","templated":true}]}}