{"id":1174,"date":"2024-10-19T20:54:52","date_gmt":"2024-10-19T20:54:52","guid":{"rendered":"https:\/\/blogsaverroes.juntadeandalucia.es\/elblogdefrances\/?page_id=1174"},"modified":"2025-11-16T11:39:41","modified_gmt":"2025-11-16T11:39:41","slug":"les-prepositions","status":"publish","type":"page","link":"https:\/\/blogsaverroes.juntadeandalucia.es\/elblogdefrances\/les-prepositions\/","title":{"rendered":"Les pr\u00e9positions."},"content":{"rendered":"<p>Comencemos estudiando l<strong>as preposiciones<\/strong> de lugar en franc\u00e9s:<\/p>\n<p style=\"text-align: center\"><iframe loading=\"lazy\" src=\"\/\/www.youtube.com\/embed\/mOhf1pUcHII\" width=\"250\" height=\"140\"><\/iframe><\/p>\n<p>&nbsp;<\/p>\n<p style=\"text-align: center\"><strong><span style=\"color: #ff0000\">dans:<\/span>&nbsp; dentro<\/strong><\/p>\n<p style=\"text-align: center\"><strong><span style=\"color: #ff0000\">devant<\/span>:&nbsp;delante<\/strong><\/p>\n<p style=\"text-align: center\"><strong><span style=\"color: #ff0000\">derri\u00e8re:<\/span>&nbsp; detr\u00e1s<\/strong><\/p>\n<p style=\"text-align: center\"><strong><span style=\"color: #ff0000\">sur<\/span>: sobre<\/strong><\/p>\n<p style=\"text-align: center\"><strong><span style=\"color: #ff0000\">sous<\/span>:: debajo<\/strong><\/p>\n<p style=\"text-align: center\"><strong><span style=\"color: #ff0000\">entre<\/span>: entre<\/strong><\/p>\n<p style=\"text-align: center\"><strong><span style=\"color: #ff0000\">\u00e0 c\u00f4t\u00e9 de<\/span>:&nbsp;al lado de<\/strong><\/p>\n<p><strong>Aprendamos las preposiciones de lugar, con una canci\u00f3n:<\/strong><\/p>\n<p style=\"text-align: center\"><iframe loading=\"lazy\" src=\"\/\/www.youtube.com\/embed\/oZvAcJZseOo\" width=\"250\" height=\"140\"><\/iframe><\/p>\n<p style=\"text-align: center\"><iframe loading=\"lazy\" src=\"\/\/www.youtube.com\/embed\/KjSJ06AD7t4\" width=\"560\" height=\"314\"><\/iframe><\/p>\n<ul>\n<li>Ahora practiquemos con alguna ficha interactiva:<\/li>\n<\/ul>\n<p><a href=\"https:\/\/www.liveworksheets.com\/c?a=s&amp;t=XzLPTKypHS&amp;sr=n&amp;l=ed&amp;i=foosx&amp;r=tp&amp;f=dzdcuuuz&amp;ms=uz&amp;cd=p-g----ih--lrnejjpmzhngnkxxxgxg&amp;mw=hs\"><img loading=\"lazy\" decoding=\"async\" class=\"alignnone size-full wp-image-1253 aligncenter\" src=\"https:\/\/blogsaverroes.juntadeandalucia.es\/elblogdefrances\/files\/2024\/11\/preposiciones.png\" alt=\"\" width=\"179\" height=\"245\"><\/a><\/p>\n<ul>\n<li>Ahora <strong>juguemos:&nbsp;<\/strong><\/li>\n<\/ul>\n<p style=\"text-align: center\"><a href=\"https:\/\/wordwall.net\/es\/resource\/1226758\/pr%C3%A9positions-de-lieu-unit%C3%A9-4\"><img loading=\"lazy\" decoding=\"async\" class=\"alignnone wp-image-1255\" src=\"https:\/\/blogsaverroes.juntadeandalucia.es\/elblogdefrances\/files\/2024\/11\/juego-prepositions.png\" alt=\"\" width=\"468\" height=\"278\" srcset=\"https:\/\/blogsaverroes.juntadeandalucia.es\/elblogdefrances\/files\/2024\/11\/juego-prepositions.png 759w, https:\/\/blogsaverroes.juntadeandalucia.es\/elblogdefrances\/files\/2024\/11\/juego-prepositions-300x178.png 300w, https:\/\/blogsaverroes.juntadeandalucia.es\/elblogdefrances\/files\/2024\/11\/juego-prepositions-700x416.png 700w, https:\/\/blogsaverroes.juntadeandalucia.es\/elblogdefrances\/files\/2024\/11\/juego-prepositions-332x197.png 332w\" sizes=\"(max-width: 468px) 100vw, 468px\" \/><\/a><\/p>\n<p>&nbsp;<\/p>\n","protected":false},"excerpt":{"rendered":"<p>Comencemos estudiando las preposiciones de lugar en franc\u00e9s: &nbsp; dans:&nbsp; dentro devant:&nbsp;delante derri\u00e8re:&nbsp; detr\u00e1s sur: sobre sous:: debajo entre: entre \u00e0 c\u00f4t\u00e9 de:&nbsp;al lado de Aprendamos las preposiciones de lugar, con una canci\u00f3n: Ahora&#46;&#46;&#46;<\/p>\n","protected":false},"author":10861,"featured_media":0,"parent":0,"menu_order":0,"comment_status":"closed","ping_status":"closed","template":"","meta":{"ngg_post_thumbnail":0,"footnotes":""},"aioseo_notices":[],"_links":{"self":[{"href":"https:\/\/blogsaverroes.juntadeandalucia.es\/elblogdefrances\/wp-json\/wp\/v2\/pages\/1174"}],"collection":[{"href":"https:\/\/blogsaverroes.juntadeandalucia.es\/elblogdefrances\/wp-json\/wp\/v2\/pages"}],"about":[{"href":"https:\/\/blogsaverroes.juntadeandalucia.es\/elblogdefrances\/wp-json\/wp\/v2\/types\/page"}],"author":[{"embeddable":true,"href":"https:\/\/blogsaverroes.juntadeandalucia.es\/elblogdefrances\/wp-json\/wp\/v2\/users\/10861"}],"replies":[{"embeddable":true,"href":"https:\/\/blogsaverroes.juntadeandalucia.es\/elblogdefrances\/wp-json\/wp\/v2\/comments?post=1174"}],"version-history":[{"count":7,"href":"https:\/\/blogsaverroes.juntadeandalucia.es\/elblogdefrances\/wp-json\/wp\/v2\/pages\/1174\/revisions"}],"predecessor-version":[{"id":1678,"href":"https:\/\/blogsaverroes.juntadeandalucia.es\/elblogdefrances\/wp-json\/wp\/v2\/pages\/1174\/revisions\/1678"}],"wp:attachment":[{"href":"https:\/\/blogsaverroes.juntadeandalucia.es\/elblogdefrances\/wp-json\/wp\/v2\/media?parent=1174"}],"curies":[{"name":"wp","href":"https:\/\/api.w.org\/{rel}","templated":true}]}}