{"id":1214,"date":"2024-10-19T21:29:52","date_gmt":"2024-10-19T21:29:52","guid":{"rendered":"https:\/\/blogsaverroes.juntadeandalucia.es\/elblogdefrances\/?page_id=1214"},"modified":"2025-10-13T21:26:53","modified_gmt":"2025-10-13T21:26:53","slug":"se-presenter","status":"publish","type":"page","link":"https:\/\/blogsaverroes.juntadeandalucia.es\/elblogdefrances\/se-presenter\/","title":{"rendered":"Se pr\u00e9senter."},"content":{"rendered":"<p style=\"text-align: left\"><span style=\"font-family: 'comic sans ms', sans-serif\">&nbsp; &nbsp; &nbsp; &nbsp; &nbsp; &nbsp; &nbsp; &nbsp; &nbsp; &nbsp; &nbsp; &nbsp; &nbsp; &nbsp; &nbsp; &nbsp; &nbsp; &nbsp; &nbsp; &nbsp; &nbsp; &nbsp; &nbsp; &nbsp; &nbsp; &nbsp; &nbsp; <img loading=\"lazy\" decoding=\"async\" class=\"aligncenter\" src=\"https:\/\/www.1jour1actu.com\/wp-content\/uploads\/2023\/08\/157-05-fillesgarcons-927x618.jpg\" alt=\"\u00c9mission 1jour1actu le direct \u00ab Filles-gar\u00e7ons, gares aux st\u00e9r\u00e9otypes ! \u00bb - 1jour1actu.com\" width=\"650\" height=\"433\"> Aprendamos a presentarnos. <\/span><\/p>\n<p><span style=\"font-family: 'comic sans ms', sans-serif\">Comenzaremos diciendo nuestro nombre, despu\u00e9s nuestra edad y finalmente a\u00f1adiremos informaci\u00f3n sobre nuestros gustos, aficiones e intereses.<\/span><\/p>\n<p><span style=\"font-family: 'comic sans ms', sans-serif\">Comment tu t\u00b4appelles? <\/span><\/p>\n<p><span style=\"font-family: 'comic sans ms', sans-serif\">\u00bfConoces los 10 nombres m\u00e1s usados en Francia?<\/span><\/p>\n<p><img decoding=\"async\" class=\"aligncenter\" src=\"https:\/\/f7da21f883.cbaul-cdnwnd.com\/d8dcfe73a67178af49fc8e2e4015e97c\/200000010-b9936ba8de\/pr%C3%A9noms.jpg\" alt=\"Pr\u00e9noms en fran\u00e7ais. Algunos nombres franceses :: LA CLASE DE SEXTO B\"><\/p>\n<ul>\n<li><strong>Expresi\u00f3n Oral Je m\u00b4appelle&#8230;: <\/strong>pong\u00e1monos de pie y hagamos un c\u00edrculo, separados unos de otros. Elijamos nuestro nombre en franc\u00e9s o invent\u00e9monoslo. Yo comenzar\u00e9 diciendo Je m\u00b4appelle Anne, il s\u00b4appelle Pierre&#8230; (se\u00f1alando al compa\u00f1ero\/a de al lado)<\/li>\n<li><strong>Comprensi\u00f3n Oral: Comment tu t\u00b4appelles?<\/strong>:&nbsp; Vamos a aprender a presentarnos en franc\u00e9s. A continuaci\u00f3n, os dejo un v\u00eddeo:<\/li>\n<\/ul>\n<p><a href=\"https:\/\/www.youtube.com\/watch?v=WhbvCHT6SKw&amp;t=49s\"><img loading=\"lazy\" decoding=\"async\" class=\"alignnone size-full wp-image-1588 aligncenter\" src=\"https:\/\/blogsaverroes.juntadeandalucia.es\/elblogdefrances\/files\/2025\/10\/Captura-de-pantalla-1-e1760387815305.png\" alt=\"\" width=\"486\" height=\"316\" srcset=\"https:\/\/blogsaverroes.juntadeandalucia.es\/elblogdefrances\/files\/2025\/10\/Captura-de-pantalla-1-e1760387815305.png 486w, https:\/\/blogsaverroes.juntadeandalucia.es\/elblogdefrances\/files\/2025\/10\/Captura-de-pantalla-1-e1760387815305-300x195.png 300w\" sizes=\"(max-width: 486px) 100vw, 486px\" \/><\/a><\/p>\n<ul>\n<li><strong>Genially<\/strong> para aprender il s\u00b4appelle&#8230;elle s\u00b4appelle&#8230;<\/li>\n<\/ul>\n<p style=\"text-align: center\"><a href=\"https:\/\/view.genially.com\/5d02102850998d0f719041b7\/presentation-comment-ilelle-sappelle\"><img loading=\"lazy\" decoding=\"async\" class=\"alignnone size-full wp-image-1589\" src=\"https:\/\/blogsaverroes.juntadeandalucia.es\/elblogdefrances\/files\/2025\/10\/Captura-de-pantalla-2-e1760388596591.png\" alt=\"\" width=\"374\" height=\"230\" srcset=\"https:\/\/blogsaverroes.juntadeandalucia.es\/elblogdefrances\/files\/2025\/10\/Captura-de-pantalla-2-e1760388596591.png 374w, https:\/\/blogsaverroes.juntadeandalucia.es\/elblogdefrances\/files\/2025\/10\/Captura-de-pantalla-2-e1760388596591-300x184.png 300w\" sizes=\"(max-width: 374px) 100vw, 374px\" \/><\/a><\/p>\n<p style=\"text-align: center\"><img loading=\"lazy\" decoding=\"async\" class=\"wp-image-1508\" src=\"https:\/\/blogsaverroes.juntadeandalucia.es\/elblogdefrances\/files\/2025\/04\/comic.png\" alt=\"\" width=\"131\" height=\"131\" srcset=\"https:\/\/blogsaverroes.juntadeandalucia.es\/elblogdefrances\/files\/2025\/04\/comic.png 398w, https:\/\/blogsaverroes.juntadeandalucia.es\/elblogdefrances\/files\/2025\/04\/comic-300x300.png 300w, https:\/\/blogsaverroes.juntadeandalucia.es\/elblogdefrances\/files\/2025\/04\/comic-150x150.png 150w, https:\/\/blogsaverroes.juntadeandalucia.es\/elblogdefrances\/files\/2025\/04\/comic-80x80.png 80w, https:\/\/blogsaverroes.juntadeandalucia.es\/elblogdefrances\/files\/2025\/04\/comic-320x320.png 320w\" sizes=\"(max-width: 131px) 100vw, 131px\" \/><\/p>\n<ul>\n<li><strong>Expresi\u00f3n oral: Que \u00e2ge tu-as? <\/strong>(\u00bfQu\u00e9 edad tienes?) Lanzamos el bal\u00f3n a cualquier compa\u00f1ero y decimos nuestra edad. J\u00b4ai&#8230;ans<\/li>\n<li><strong>Genially: Quel \u00e2ge il\/elle a?<\/strong><\/li>\n<\/ul>\n<p>&nbsp;<\/p>\n<p style=\"text-align: center\"><a href=\"https:\/\/view.genially.com\/5ff1ddc4a4c36c0d86000d1a\/presentation-quel-age-as-tu\"><img loading=\"lazy\" decoding=\"async\" class=\"alignnone wp-image-1595\" src=\"https:\/\/blogsaverroes.juntadeandalucia.es\/elblogdefrances\/files\/2025\/10\/Captura-de-pantalla-5-e1760390245718.png\" alt=\"\" width=\"570\" height=\"320\" srcset=\"https:\/\/blogsaverroes.juntadeandalucia.es\/elblogdefrances\/files\/2025\/10\/Captura-de-pantalla-5-e1760390245718.png 1331w, https:\/\/blogsaverroes.juntadeandalucia.es\/elblogdefrances\/files\/2025\/10\/Captura-de-pantalla-5-e1760390245718-300x169.png 300w, https:\/\/blogsaverroes.juntadeandalucia.es\/elblogdefrances\/files\/2025\/10\/Captura-de-pantalla-5-e1760390245718-1024x575.png 1024w, https:\/\/blogsaverroes.juntadeandalucia.es\/elblogdefrances\/files\/2025\/10\/Captura-de-pantalla-5-e1760390245718-768x432.png 768w\" sizes=\"(max-width: 570px) 100vw, 570px\" \/><\/a><\/p>\n<p>&nbsp;<\/p>\n<ul>\n<li><strong>Comprensi\u00f3n oral youtube: Comment tu t\u00b4appelles\/ quel \u00c2ge tu as?<\/strong><\/li>\n<\/ul>\n<p><a href=\"https:\/\/www.youtube.com\/watch?v=y8trQNgkVPk\"><img loading=\"lazy\" decoding=\"async\" class=\"wp-image-1597 aligncenter\" src=\"https:\/\/blogsaverroes.juntadeandalucia.es\/elblogdefrances\/files\/2025\/10\/Captura-de-pantalla-6-e1760390511318.png\" alt=\"\" width=\"625\" height=\"355\" srcset=\"https:\/\/blogsaverroes.juntadeandalucia.es\/elblogdefrances\/files\/2025\/10\/Captura-de-pantalla-6-e1760390511318.png 1340w, https:\/\/blogsaverroes.juntadeandalucia.es\/elblogdefrances\/files\/2025\/10\/Captura-de-pantalla-6-e1760390511318-300x170.png 300w, https:\/\/blogsaverroes.juntadeandalucia.es\/elblogdefrances\/files\/2025\/10\/Captura-de-pantalla-6-e1760390511318-1024x582.png 1024w, https:\/\/blogsaverroes.juntadeandalucia.es\/elblogdefrances\/files\/2025\/10\/Captura-de-pantalla-6-e1760390511318-768x436.png 768w\" sizes=\"(max-width: 625px) 100vw, 625px\" \/><\/a><\/p>\n<p>&nbsp;<\/p>\n<p>&nbsp;<\/p>\n","protected":false},"excerpt":{"rendered":"<p>&nbsp; &nbsp; &nbsp; &nbsp; &nbsp; &nbsp; &nbsp; &nbsp; &nbsp; &nbsp; &nbsp; &nbsp; &nbsp; &nbsp; &nbsp; &nbsp; &nbsp; &nbsp; &nbsp; &nbsp; &nbsp; &nbsp; &nbsp; &nbsp; &nbsp; &nbsp; &nbsp; Aprendamos a presentarnos. Comenzaremos diciendo nuestro nombre,&#46;&#46;&#46;<\/p>\n","protected":false},"author":10861,"featured_media":0,"parent":0,"menu_order":0,"comment_status":"closed","ping_status":"closed","template":"","meta":{"ngg_post_thumbnail":0,"footnotes":""},"aioseo_notices":[],"_links":{"self":[{"href":"https:\/\/blogsaverroes.juntadeandalucia.es\/elblogdefrances\/wp-json\/wp\/v2\/pages\/1214"}],"collection":[{"href":"https:\/\/blogsaverroes.juntadeandalucia.es\/elblogdefrances\/wp-json\/wp\/v2\/pages"}],"about":[{"href":"https:\/\/blogsaverroes.juntadeandalucia.es\/elblogdefrances\/wp-json\/wp\/v2\/types\/page"}],"author":[{"embeddable":true,"href":"https:\/\/blogsaverroes.juntadeandalucia.es\/elblogdefrances\/wp-json\/wp\/v2\/users\/10861"}],"replies":[{"embeddable":true,"href":"https:\/\/blogsaverroes.juntadeandalucia.es\/elblogdefrances\/wp-json\/wp\/v2\/comments?post=1214"}],"version-history":[{"count":8,"href":"https:\/\/blogsaverroes.juntadeandalucia.es\/elblogdefrances\/wp-json\/wp\/v2\/pages\/1214\/revisions"}],"predecessor-version":[{"id":1598,"href":"https:\/\/blogsaverroes.juntadeandalucia.es\/elblogdefrances\/wp-json\/wp\/v2\/pages\/1214\/revisions\/1598"}],"wp:attachment":[{"href":"https:\/\/blogsaverroes.juntadeandalucia.es\/elblogdefrances\/wp-json\/wp\/v2\/media?parent=1214"}],"curies":[{"name":"wp","href":"https:\/\/api.w.org\/{rel}","templated":true}]}}