{"id":1221,"date":"2024-10-20T08:49:04","date_gmt":"2024-10-20T08:49:04","guid":{"rendered":"https:\/\/blogsaverroes.juntadeandalucia.es\/elblogdefrances\/?page_id=1221"},"modified":"2025-10-28T16:28:41","modified_gmt":"2025-10-28T16:28:41","slug":"la-maison","status":"publish","type":"page","link":"https:\/\/blogsaverroes.juntadeandalucia.es\/elblogdefrances\/la-maison\/","title":{"rendered":"La maison \/ La casa"},"content":{"rendered":"<p><img loading=\"lazy\" decoding=\"async\" class=\"alignnone wp-image-1224 aligncenter\" src=\"https:\/\/blogsaverroes.juntadeandalucia.es\/elblogdefrances\/files\/2024\/10\/481bc932-78e3-46e9-994c-5fe48d7b039e-28f2c39d-de1d-442c-87dd-1d35e1acb416-v1.png\" alt=\"\" width=\"269\" height=\"269\" srcset=\"https:\/\/blogsaverroes.juntadeandalucia.es\/elblogdefrances\/files\/2024\/10\/481bc932-78e3-46e9-994c-5fe48d7b039e-28f2c39d-de1d-442c-87dd-1d35e1acb416-v1.png 398w, https:\/\/blogsaverroes.juntadeandalucia.es\/elblogdefrances\/files\/2024\/10\/481bc932-78e3-46e9-994c-5fe48d7b039e-28f2c39d-de1d-442c-87dd-1d35e1acb416-v1-300x300.png 300w, https:\/\/blogsaverroes.juntadeandalucia.es\/elblogdefrances\/files\/2024\/10\/481bc932-78e3-46e9-994c-5fe48d7b039e-28f2c39d-de1d-442c-87dd-1d35e1acb416-v1-150x150.png 150w, https:\/\/blogsaverroes.juntadeandalucia.es\/elblogdefrances\/files\/2024\/10\/481bc932-78e3-46e9-994c-5fe48d7b039e-28f2c39d-de1d-442c-87dd-1d35e1acb416-v1-332x332.png 332w, https:\/\/blogsaverroes.juntadeandalucia.es\/elblogdefrances\/files\/2024\/10\/481bc932-78e3-46e9-994c-5fe48d7b039e-28f2c39d-de1d-442c-87dd-1d35e1acb416-v1-268x268.png 268w\" sizes=\"(max-width: 269px) 100vw, 269px\" \/><\/p>\n<p><strong>Voici deux vid\u00e9os pour travailler le vocabulaire de la maison:<\/strong><\/p>\n<ul>\n<li>Une pr\u00e9sentation imag\u00e9e du vocabulaire (Les pi\u00e8ces et \u00e9tages)<\/li>\n<li>Jeu \u00abO\u00f9 est Lu?\u00bb o\u00f9 il faut retrouver Lu dans les diff\u00e9rentes pi\u00e8ces de la maison.<\/li>\n<\/ul>\n<p style=\"text-align: center\"><iframe loading=\"lazy\" src=\"\/\/www.youtube.com\/embed\/OS40JObvjSo\" width=\"560\" height=\"314\"><\/iframe><\/p>\n<p>Ahora practiquemos las partes de la casa jugando con el siguiente v\u00eddeo. \u00bfD\u00f3nde est\u00e1 Lu?<\/p>\n<p style=\"text-align: center\"><iframe loading=\"lazy\" src=\"\/\/www.youtube.com\/embed\/f9r-8q-a3nM?t=61s\" width=\"560\" height=\"314\"><\/iframe><\/p>\n<p>Estos v\u00eddeos pertenecen al blog de nuestra nuestra compa\u00f1era: https:\/\/maprofdefle.com\/2020\/04\/11\/le-vocabulaire-de-la-maison-pieces\/.<\/p>\n<ul>\n<li>Aprendamos <strong>el vocabulario<\/strong> haciendo estos dos juegos en clase: \u00abchef d\u00b4orchestre \u00bb y \u00bb Dans la maison il y a&#8230;\u00bb.&nbsp; En el primero se elige a un compa\u00f1ero y se sale de la clase. Dentro elegimos un director de orquesta. Repetimos todos al un\u00edsono el vocabulario varias veces cambiando de palabra cuando el director haga un gesto. En el segundo juego, se trata de repetir y acumular haciendo una cadena.<\/li>\n<li><strong>Juegos interactivos:<\/strong><\/li>\n<\/ul>\n<table style=\"border-collapse: collapse;width: 100%\">\n<tbody>\n<tr>\n<td style=\"width: 33.3333%\"><a href=\"https:\/\/wordwall.net\/resource\/65856292\/les-pieces-de-la-maison\"><img loading=\"lazy\" decoding=\"async\" class=\"alignnone size-full wp-image-1228\" src=\"https:\/\/blogsaverroes.juntadeandalucia.es\/elblogdefrances\/files\/2024\/10\/maison.png\" alt=\"\" width=\"740\" height=\"328\" srcset=\"https:\/\/blogsaverroes.juntadeandalucia.es\/elblogdefrances\/files\/2024\/10\/maison.png 740w, https:\/\/blogsaverroes.juntadeandalucia.es\/elblogdefrances\/files\/2024\/10\/maison-300x133.png 300w, https:\/\/blogsaverroes.juntadeandalucia.es\/elblogdefrances\/files\/2024\/10\/maison-700x310.png 700w, https:\/\/blogsaverroes.juntadeandalucia.es\/elblogdefrances\/files\/2024\/10\/maison-332x147.png 332w\" sizes=\"(max-width: 740px) 100vw, 740px\" \/><\/a><\/td>\n<td style=\"width: 33.3333%\"><a href=\"https:\/\/wordwall.net\/resource\/10565448\/french\/ks2-french-la-maison-the-house\"><img loading=\"lazy\" decoding=\"async\" class=\"alignnone size-full wp-image-1229\" src=\"https:\/\/blogsaverroes.juntadeandalucia.es\/elblogdefrances\/files\/2024\/10\/casa-2.png\" alt=\"\" width=\"837\" height=\"402\" srcset=\"https:\/\/blogsaverroes.juntadeandalucia.es\/elblogdefrances\/files\/2024\/10\/casa-2.png 837w, https:\/\/blogsaverroes.juntadeandalucia.es\/elblogdefrances\/files\/2024\/10\/casa-2-300x144.png 300w, https:\/\/blogsaverroes.juntadeandalucia.es\/elblogdefrances\/files\/2024\/10\/casa-2-768x369.png 768w, https:\/\/blogsaverroes.juntadeandalucia.es\/elblogdefrances\/files\/2024\/10\/casa-2-700x336.png 700w, https:\/\/blogsaverroes.juntadeandalucia.es\/elblogdefrances\/files\/2024\/10\/casa-2-332x159.png 332w\" sizes=\"(max-width: 837px) 100vw, 837px\" \/><\/a><\/td>\n<td style=\"width: 33.3333%\"><img loading=\"lazy\" decoding=\"async\" class=\"alignnone size-full wp-image-1230\" src=\"https:\/\/blogsaverroes.juntadeandalucia.es\/elblogdefrances\/files\/2024\/10\/cuisine.png\" alt=\"\" width=\"752\" height=\"406\" srcset=\"https:\/\/blogsaverroes.juntadeandalucia.es\/elblogdefrances\/files\/2024\/10\/cuisine.png 752w, https:\/\/blogsaverroes.juntadeandalucia.es\/elblogdefrances\/files\/2024\/10\/cuisine-300x162.png 300w, https:\/\/blogsaverroes.juntadeandalucia.es\/elblogdefrances\/files\/2024\/10\/cuisine-700x378.png 700w, https:\/\/blogsaverroes.juntadeandalucia.es\/elblogdefrances\/files\/2024\/10\/cuisine-332x179.png 332w\" sizes=\"(max-width: 752px) 100vw, 752px\" \/><\/td>\n<\/tr>\n<\/tbody>\n<\/table>\n<table style=\"border-collapse: collapse;width: 100%\">\n<tbody>\n<tr>\n<td style=\"width: 33.3333%\"><a href=\"https:\/\/es.liveworksheets.com\/ut147519dq\"><img loading=\"lazy\" decoding=\"async\" class=\"alignnone wp-image-1238\" src=\"https:\/\/blogsaverroes.juntadeandalucia.es\/elblogdefrances\/files\/2024\/10\/live-1.png\" alt=\"\" width=\"160\" height=\"205\" srcset=\"https:\/\/blogsaverroes.juntadeandalucia.es\/elblogdefrances\/files\/2024\/10\/live-1.png 432w, https:\/\/blogsaverroes.juntadeandalucia.es\/elblogdefrances\/files\/2024\/10\/live-1-234x300.png 234w, https:\/\/blogsaverroes.juntadeandalucia.es\/elblogdefrances\/files\/2024\/10\/live-1-332x426.png 332w\" sizes=\"(max-width: 160px) 100vw, 160px\" \/><\/a><\/td>\n<td style=\"width: 33.3333%\"><img loading=\"lazy\" decoding=\"async\" class=\"alignnone size-full wp-image-1240\" src=\"https:\/\/blogsaverroes.juntadeandalucia.es\/elblogdefrances\/files\/2024\/10\/live-2.png\" alt=\"\" width=\"596\" height=\"388\" srcset=\"https:\/\/blogsaverroes.juntadeandalucia.es\/elblogdefrances\/files\/2024\/10\/live-2.png 596w, https:\/\/blogsaverroes.juntadeandalucia.es\/elblogdefrances\/files\/2024\/10\/live-2-300x195.png 300w, https:\/\/blogsaverroes.juntadeandalucia.es\/elblogdefrances\/files\/2024\/10\/live-2-332x216.png 332w\" sizes=\"(max-width: 596px) 100vw, 596px\" \/><\/td>\n<td style=\"width: 33.3333%\">&nbsp;<\/td>\n<\/tr>\n<\/tbody>\n<\/table>\n<ul>\n<li>Veamos las palabras de cada parte de la casa con esta <strong>ficha de vocabulario<\/strong>:<\/li>\n<\/ul>\n<p><a href=\"https:\/\/drive.google.com\/file\/d\/1i-Yq629u5cEEObskqYJoM1X1t8qAoKBt\/view?usp=sharing\">https:\/\/drive.google.com\/file\/d\/1i-Yq629u5cEEObskqYJoM1X1t8qAoKBt\/view?usp=sharing<\/a><\/p>\n<p><img loading=\"lazy\" decoding=\"async\" class=\"aligncenter\" src=\"https:\/\/i0.wp.com\/liberteegalitecreativite.com\/wp-content\/uploads\/2019\/01\/8-1.png?w=720&amp;h=604&amp;ssl=1\" alt=\"8\" width=\"371\" height=\"311\"><\/p>\n<p>&nbsp;<\/p>\n<p><img loading=\"lazy\" decoding=\"async\" class=\"aligncenter\" src=\"https:\/\/i0.wp.com\/liberteegalitecreativite.com\/wp-content\/uploads\/2019\/01\/6-1.png?w=2000&amp;h=&amp;ssl=1\" width=\"406\" height=\"340\"><\/p>\n<p>&nbsp;<\/p>\n<p><img loading=\"lazy\" decoding=\"async\" class=\"aligncenter\" src=\"https:\/\/i0.wp.com\/liberteegalitecreativite.com\/wp-content\/uploads\/2019\/01\/4-1.png?w=2000&amp;h=&amp;ssl=1\" width=\"414\" height=\"347\"><\/p>\n<p>&nbsp;<\/p>\n<p><img loading=\"lazy\" decoding=\"async\" class=\"aligncenter\" src=\"https:\/\/i0.wp.com\/liberteegalitecreativite.com\/wp-content\/uploads\/2019\/01\/2-2.png?w=2000&amp;h=&amp;ssl=1\" width=\"379\" height=\"318\"><\/p>\n<ul>\n<li>Convirt\u00e1monos en unos arquitectos: Vamos a fabricar una <strong>Casita plegable:<\/strong><\/li>\n<\/ul>\n<p style=\"text-align: center\"><iframe loading=\"lazy\" src=\"\/\/www.youtube.com\/embed\/mK0ogTzQBmM?t=12s\" width=\"250\" height=\"140\"><\/iframe><\/p>\n<ul>\n<li>Realizaremos nuestra maison en 3D. Mira este v\u00eddeo:<\/li>\n<\/ul>\n<p style=\"text-align: center\"><iframe loading=\"lazy\" src=\"\/\/www.youtube.com\/embed\/MrvnfT3zsPo?t=42s\" width=\"250\" height=\"140\"><\/iframe><\/p>\n<ul>\n<li><strong>Plantilla de las partes de la casa para descargar:<\/strong><\/li>\n<\/ul>\n<p><a href=\"https:\/\/drive.google.com\/file\/d\/1jzvlktn0GBbk_K5erC5N4bvrooQ3y45e\/view?usp=sharing\">https:\/\/drive.google.com\/file\/d\/1jzvlktn0GBbk_K5erC5N4bvrooQ3y45e\/view?usp=sharing<\/a><\/p>\n<ul>\n<li>Si te animas a hacerla m\u00e1s grande, te dejo un v\u00eddeo:<\/li>\n<\/ul>\n<p style=\"text-align: center\"><iframe loading=\"lazy\" src=\"\/\/www.youtube.com\/embed\/uD92TfrSndc?t=168s\" width=\"250\" height=\"140\"><\/iframe><\/p>\n<ul>\n<li>As\u00ed deber\u00eda quedar:<\/li>\n<\/ul>\n<p><img loading=\"lazy\" decoding=\"async\" class=\"\" src=\"https:\/\/liberteegalitecreativite.com\/wp-content\/uploads\/2020\/02\/img-6852.jpg?w=1086\" alt=\"IMG-6852\" width=\"240\" height=\"320\"><img loading=\"lazy\" decoding=\"async\" class=\"\" src=\"https:\/\/i0.wp.com\/liberteegalitecreativite.com\/wp-content\/uploads\/2020\/02\/img-6918-1.jpg?w=358&amp;h=477&amp;ssl=1\" alt=\"IMG-6918 (1)\" width=\"233\" height=\"310\"><\/p>\n<p><span style=\"font-size: 8pt\"><em>Todos estas ideas est\u00e1n recogidas en el blog de nuestra compa\u00f1era: https:\/\/liberteegalitecreativite.com\/tag\/les-pieces-de-la-maison\/<\/em><\/span><\/p>\n<ul>\n<li>Os dejo un <span style=\"color: #339966\">enlace<\/span> para que hag\u00e1is clic en \u00e9l y ve\u00e1is c\u00f3mo han quedado las casas de nuestro alumnado del<span style=\"color: #ff6600\"> CEIP Santa Ana:&nbsp; <a href=\"https:\/\/drive.google.com\/drive\/folders\/1esxbVmQlrf-58NrlOtSs9QqFTeg2mFX3\">https:\/\/drive.google.com\/drive\/folders\/1esxbVmQlrf-58NrlOtSs9QqFTeg2mFX3<\/a><\/span><\/li>\n<li>Practiquemos:<\/li>\n<\/ul>\n<p>Presentemos el vocabulario de la unidad con la siguiente presentaci\u00f3n, haz clic en el <strong>Genially.<\/strong><\/p>\n<p><a href=\"https:\/\/view.genially.com\/68fe87fdbb74b87ef598ee47\/interactive-content-jhabite-dans-une-maison\"><img loading=\"lazy\" decoding=\"async\" class=\"alignnone size-full wp-image-1644 aligncenter\" src=\"https:\/\/blogsaverroes.juntadeandalucia.es\/elblogdefrances\/files\/2025\/10\/Captura-de-pantalla-213-e1761515441735.png\" alt=\"\" width=\"755\" height=\"423\" srcset=\"https:\/\/blogsaverroes.juntadeandalucia.es\/elblogdefrances\/files\/2025\/10\/Captura-de-pantalla-213-e1761515441735.png 755w, https:\/\/blogsaverroes.juntadeandalucia.es\/elblogdefrances\/files\/2025\/10\/Captura-de-pantalla-213-e1761515441735-300x168.png 300w\" sizes=\"(max-width: 755px) 100vw, 755px\" \/><\/a><\/p>\n<p><img loading=\"lazy\" decoding=\"async\" class=\"alignnone size-full wp-image-1637\" src=\"https:\/\/blogsaverroes.juntadeandalucia.es\/elblogdefrances\/files\/2025\/10\/ejercicio-1.png\" alt=\"\" width=\"670\" height=\"501\" srcset=\"https:\/\/blogsaverroes.juntadeandalucia.es\/elblogdefrances\/files\/2025\/10\/ejercicio-1.png 670w, https:\/\/blogsaverroes.juntadeandalucia.es\/elblogdefrances\/files\/2025\/10\/ejercicio-1-300x224.png 300w\" sizes=\"(max-width: 670px) 100vw, 670px\" \/><\/p>\n<p>&nbsp;<\/p>\n<p><img loading=\"lazy\" decoding=\"async\" class=\"alignnone size-full wp-image-1638\" src=\"https:\/\/blogsaverroes.juntadeandalucia.es\/elblogdefrances\/files\/2025\/10\/ejercicio-2.png\" alt=\"\" width=\"627\" height=\"339\" srcset=\"https:\/\/blogsaverroes.juntadeandalucia.es\/elblogdefrances\/files\/2025\/10\/ejercicio-2.png 627w, https:\/\/blogsaverroes.juntadeandalucia.es\/elblogdefrances\/files\/2025\/10\/ejercicio-2-300x162.png 300w\" sizes=\"(max-width: 627px) 100vw, 627px\" \/><\/p>\n<p>&nbsp;<\/p>\n<p><img loading=\"lazy\" decoding=\"async\" class=\"alignnone size-full wp-image-1639\" src=\"https:\/\/blogsaverroes.juntadeandalucia.es\/elblogdefrances\/files\/2025\/10\/ejercicio-3.png\" alt=\"\" width=\"651\" height=\"287\" srcset=\"https:\/\/blogsaverroes.juntadeandalucia.es\/elblogdefrances\/files\/2025\/10\/ejercicio-3.png 651w, https:\/\/blogsaverroes.juntadeandalucia.es\/elblogdefrances\/files\/2025\/10\/ejercicio-3-300x132.png 300w\" sizes=\"(max-width: 651px) 100vw, 651px\" \/><\/p>\n<p><img loading=\"lazy\" decoding=\"async\" class=\"alignnone size-full wp-image-1640\" src=\"https:\/\/blogsaverroes.juntadeandalucia.es\/elblogdefrances\/files\/2025\/10\/ejer-4.png\" alt=\"\" width=\"642\" height=\"474\" srcset=\"https:\/\/blogsaverroes.juntadeandalucia.es\/elblogdefrances\/files\/2025\/10\/ejer-4.png 642w, https:\/\/blogsaverroes.juntadeandalucia.es\/elblogdefrances\/files\/2025\/10\/ejer-4-300x221.png 300w\" sizes=\"(max-width: 642px) 100vw, 642px\" \/><\/p>\n<ul>\n<li>Juegos wordwall sobre las partes de la casa:<\/li>\n<\/ul>\n<p><a href=\"https:\/\/wordwall.net\/resource\/31199401\/french\/pieces-de-la-maison-2\">https:\/\/wordwall.net\/resource\/31199401\/french\/pieces-de-la-maison-2<\/a><\/p>\n<p><iframe class=\"wp-embedded-content\" sandbox=\"allow-scripts\" security=\"restricted\" title=\"Les pi\u00e8ces de la maison\" src=\"https:\/\/wordwall.net\/embed\/eb6d66a92ec04197be6d930cb8c79006?themeId=41&#038;ref=oembed#?secret=m4E7R2oeCY\" data-secret=\"m4E7R2oeCY\" width=\"500\" height=\"380\" frameborder=\"0\"><\/iframe><\/p>\n<ul>\n<li><a href=\"https:\/\/drive.google.com\/file\/d\/1Dm-K9g_ppQDBIYFueMdRzdB6iOSX8lda\/view?usp=sharing\">Ficha<\/a> para practicar el vocabulario visto.<\/li>\n<\/ul>\n<p><a href=\"https:\/\/mllefolyot.wordpress.com\/wp-content\/uploads\/2012\/01\/les-pic3a8ces-de-la-maison.pdf\"><img loading=\"lazy\" decoding=\"async\" class=\"alignnone wp-image-1646 aligncenter\" src=\"https:\/\/blogsaverroes.juntadeandalucia.es\/elblogdefrances\/files\/2025\/10\/Captura-de-pantalla-214-e1761515680186.png\" alt=\"\" width=\"467\" height=\"430\" srcset=\"https:\/\/blogsaverroes.juntadeandalucia.es\/elblogdefrances\/files\/2025\/10\/Captura-de-pantalla-214-e1761515680186.png 635w, https:\/\/blogsaverroes.juntadeandalucia.es\/elblogdefrances\/files\/2025\/10\/Captura-de-pantalla-214-e1761515680186-300x276.png 300w\" sizes=\"(max-width: 467px) 100vw, 467px\" \/><\/a><\/p>\n","protected":false},"excerpt":{"rendered":"<p>Voici deux vid\u00e9os pour travailler le vocabulaire de la maison: Une pr\u00e9sentation imag\u00e9e du vocabulaire (Les pi\u00e8ces et \u00e9tages) Jeu \u00abO\u00f9 est Lu?\u00bb o\u00f9 il faut retrouver Lu dans les diff\u00e9rentes pi\u00e8ces de la&#46;&#46;&#46;<\/p>\n","protected":false},"author":10861,"featured_media":0,"parent":0,"menu_order":0,"comment_status":"closed","ping_status":"closed","template":"","meta":{"ngg_post_thumbnail":0,"footnotes":""},"aioseo_notices":[],"_links":{"self":[{"href":"https:\/\/blogsaverroes.juntadeandalucia.es\/elblogdefrances\/wp-json\/wp\/v2\/pages\/1221"}],"collection":[{"href":"https:\/\/blogsaverroes.juntadeandalucia.es\/elblogdefrances\/wp-json\/wp\/v2\/pages"}],"about":[{"href":"https:\/\/blogsaverroes.juntadeandalucia.es\/elblogdefrances\/wp-json\/wp\/v2\/types\/page"}],"author":[{"embeddable":true,"href":"https:\/\/blogsaverroes.juntadeandalucia.es\/elblogdefrances\/wp-json\/wp\/v2\/users\/10861"}],"replies":[{"embeddable":true,"href":"https:\/\/blogsaverroes.juntadeandalucia.es\/elblogdefrances\/wp-json\/wp\/v2\/comments?post=1221"}],"version-history":[{"count":25,"href":"https:\/\/blogsaverroes.juntadeandalucia.es\/elblogdefrances\/wp-json\/wp\/v2\/pages\/1221\/revisions"}],"predecessor-version":[{"id":1649,"href":"https:\/\/blogsaverroes.juntadeandalucia.es\/elblogdefrances\/wp-json\/wp\/v2\/pages\/1221\/revisions\/1649"}],"wp:attachment":[{"href":"https:\/\/blogsaverroes.juntadeandalucia.es\/elblogdefrances\/wp-json\/wp\/v2\/media?parent=1221"}],"curies":[{"name":"wp","href":"https:\/\/api.w.org\/{rel}","templated":true}]}}