{"id":1313,"date":"2025-01-18T20:13:39","date_gmt":"2025-01-18T20:13:39","guid":{"rendered":"https:\/\/blogsaverroes.juntadeandalucia.es\/elblogdefrances\/?page_id=1313"},"modified":"2025-03-04T21:05:58","modified_gmt":"2025-03-04T21:05:58","slug":"verbe-etre","status":"publish","type":"page","link":"https:\/\/blogsaverroes.juntadeandalucia.es\/elblogdefrances\/verbe-etre\/","title":{"rendered":"Verbe \u00catre"},"content":{"rendered":"<ul>\n<li style=\"text-align: center\">Aprendamos el verbo <strong>\u00caTRE:<\/strong><\/li>\n<\/ul>\n<p style=\"text-align: center\"><iframe loading=\"lazy\" src=\"\/\/www.youtube.com\/embed\/z2IrJ0DB0Xg\" width=\"536\" height=\"300\"><\/iframe><\/p>\n<ul>\n<li>Repasemos <strong>jugando<\/strong>:<\/li>\n<\/ul>\n<table style=\"border-collapse: collapse;width: 100%;height: 101px\">\n<tbody>\n<tr style=\"height: 101px\">\n<td style=\"width: 33.3333%;height: 101px\"><a href=\"https:\/\/wordwall.net\/es\/resource\/684469\/etre\"><img loading=\"lazy\" decoding=\"async\" class=\"alignnone wp-image-1315\" src=\"https:\/\/blogsaverroes.juntadeandalucia.es\/elblogdefrances\/files\/2025\/01\/Screenshot_1-2.png\" alt=\"\" width=\"222\" height=\"137\" srcset=\"https:\/\/blogsaverroes.juntadeandalucia.es\/elblogdefrances\/files\/2025\/01\/Screenshot_1-2.png 609w, https:\/\/blogsaverroes.juntadeandalucia.es\/elblogdefrances\/files\/2025\/01\/Screenshot_1-2-300x185.png 300w, https:\/\/blogsaverroes.juntadeandalucia.es\/elblogdefrances\/files\/2025\/01\/Screenshot_1-2-332x205.png 332w, https:\/\/blogsaverroes.juntadeandalucia.es\/elblogdefrances\/files\/2025\/01\/Screenshot_1-2-268x164.png 268w\" sizes=\"(max-width: 222px) 100vw, 222px\" \/><\/a><\/td>\n<td style=\"width: 33.3333%;height: 101px\"><a href=\"https:\/\/wordwall.net\/es\/resource\/6309010\/french\/f1-daccord-1b1-le-verbe-etre\"><img loading=\"lazy\" decoding=\"async\" class=\"alignnone size-full wp-image-1314\" src=\"https:\/\/blogsaverroes.juntadeandalucia.es\/elblogdefrances\/files\/2025\/01\/Screenshot_1-1.png\" alt=\"\" width=\"609\" height=\"376\" srcset=\"https:\/\/blogsaverroes.juntadeandalucia.es\/elblogdefrances\/files\/2025\/01\/Screenshot_1-1.png 609w, https:\/\/blogsaverroes.juntadeandalucia.es\/elblogdefrances\/files\/2025\/01\/Screenshot_1-1-300x185.png 300w, https:\/\/blogsaverroes.juntadeandalucia.es\/elblogdefrances\/files\/2025\/01\/Screenshot_1-1-332x205.png 332w, https:\/\/blogsaverroes.juntadeandalucia.es\/elblogdefrances\/files\/2025\/01\/Screenshot_1-1-268x164.png 268w\" sizes=\"(max-width: 609px) 100vw, 609px\" \/><\/a><\/td>\n<td style=\"width: 33.3333%;height: 101px\">&nbsp;<\/td>\n<\/tr>\n<\/tbody>\n<\/table>\n<ul>\n<li>Hoja de vocabulario con los <strong>adjetivos para la descripci\u00f3n f\u00edsica:<\/strong><\/li>\n<\/ul>\n<p><a href=\"https:\/\/drive.google.com\/file\/d\/1WoSgc24tBAZQIPyOJa4CDDhOb-YmoNuI\/view?usp=sharing\"><img decoding=\"async\" src=\"https:\/\/blogsaverroes.juntadeandalucia.es\/elblogdefrances\/files\/2021\/01\/la-description-physique-dictionnaire-visuel_33972_1.jpg\"><\/a><\/p>\n<ul>\n<li>Repasemos con estas <strong>fichas interactivas:<\/strong><\/li>\n<\/ul>\n<p><strong>Ficha n\u00ba<\/strong>1:&nbsp;<a href=\"https:\/\/www.liveworksheets.com\/es\/c?a=s&amp;t=eDPzhFyGVS&amp;sr=n&amp;l=xq&amp;i=ntton&amp;r=dp&amp;f=dzdczdzo&amp;ms=uz&amp;cd=pr\u2013gw-i\u2014lmtlzzjlnhngnkgngjxg&amp;mw=hs\">https:\/\/www.liveworksheets.com\/es\/c?a=s&amp;t=eDPzhFyGVS&amp;sr=n&amp;l=xq&amp;i=ntton&amp;r=dp&amp;f=dzdczdzo&amp;ms=uz&amp;cd=pr\u2013gw-i\u2014lmtlzzjlnhngnkgngjxg&amp;mw=hs<\/a><\/p>\n<p><strong>Ficha n\u00ba2<\/strong>:&nbsp;<a href=\"https:\/\/www.liveworksheets.com\/es\/c?a=s&amp;t=eDPzhFyGVS&amp;sr=n&amp;l=bg&amp;i=ofunzs&amp;r=xz&amp;f=dzdczdzo&amp;ms=uz&amp;cd=pr\u2013gw-i\u2014lfbjexlgpmgngnkgngjxg&amp;mw=hs\">https:\/\/www.liveworksheets.com\/es\/c?a=s&amp;t=eDPzhFyGVS&amp;sr=n&amp;l=bg&amp;i=ofunzs&amp;r=xz&amp;f=dzdczdzo&amp;ms=uz&amp;cd=pr\u2013gw-i\u2014lfbjexlgpmgngnkgngjxg&amp;mw=hs<\/a><\/p>\n<ul>\n<li>Adjetivos para utilizar en la descripci\u00f3n del car\u00e1cter, haz clic en la imagen.<\/li>\n<\/ul>\n<p><a href=\"https:\/\/www.canva.com\/design\/DAGfX5HPo0o\/fxzCmulJcq1a7BdeRVxFnA\/edit?utm_content=DAGfX5HPo0o&amp;utm_campaign=designshare&amp;utm_medium=link2&amp;utm_source=sharebutton\"><img loading=\"lazy\" decoding=\"async\" class=\"size-full wp-image-1451 alignnone\" src=\"https:\/\/blogsaverroes.juntadeandalucia.es\/elblogdefrances\/files\/2025\/02\/adjetivos.png\" alt=\"\" width=\"916\" height=\"472\" srcset=\"https:\/\/blogsaverroes.juntadeandalucia.es\/elblogdefrances\/files\/2025\/02\/adjetivos.png 916w, https:\/\/blogsaverroes.juntadeandalucia.es\/elblogdefrances\/files\/2025\/02\/adjetivos-300x155.png 300w, https:\/\/blogsaverroes.juntadeandalucia.es\/elblogdefrances\/files\/2025\/02\/adjetivos-768x396.png 768w, https:\/\/blogsaverroes.juntadeandalucia.es\/elblogdefrances\/files\/2025\/02\/adjetivos-700x361.png 700w, https:\/\/blogsaverroes.juntadeandalucia.es\/elblogdefrances\/files\/2025\/02\/adjetivos-332x171.png 332w\" sizes=\"(max-width: 916px) 100vw, 916px\" \/><\/a><\/p>\n<p><span style=\"font-size: 10.6667px\">Haz clic en la imagen para descargar la ficha.<\/span><\/p>\n<p style=\"text-align: center\"><a href=\"https:\/\/drive.google.com\/file\/d\/1yn-7h2u2eBzPv771yEP9fihqtfe-u-G6\/view?usp=sharing\"><img loading=\"lazy\" decoding=\"async\" class=\"alignnone size-full wp-image-1455\" src=\"https:\/\/blogsaverroes.juntadeandalucia.es\/elblogdefrances\/files\/2025\/02\/emojis.png\" alt=\"\" width=\"512\" height=\"581\" srcset=\"https:\/\/blogsaverroes.juntadeandalucia.es\/elblogdefrances\/files\/2025\/02\/emojis.png 512w, https:\/\/blogsaverroes.juntadeandalucia.es\/elblogdefrances\/files\/2025\/02\/emojis-264x300.png 264w, https:\/\/blogsaverroes.juntadeandalucia.es\/elblogdefrances\/files\/2025\/02\/emojis-332x377.png 332w\" sizes=\"(max-width: 512px) 100vw, 512px\" \/><\/a><\/p>\n<p><span style=\"font-size: 8pt\"><em>Cr\u00e9dit images :&nbsp;<a href=\"https:\/\/acupoffrench.com\/\" target=\"_blank\" rel=\"noopener\">https:\/\/acupoffrench.com\/<\/a>&nbsp; et&nbsp; Cr\u00e9dit image :&nbsp;<a href=\"https:\/\/lebaobabbleu.com\/\" target=\"_blank\" rel=\"noopener\">https:\/\/lebaobabbleu.com\/<\/a><\/em><\/span><\/p>\n<ul>\n<li>Ahora, aprendamos a diferenciar los adjetivos masculinos y femeninos en franc\u00e9s tanto en la ortograf\u00eda como en la pronunciaci\u00f3n.&nbsp; Escucha y ve el v\u00eddeo. En \u00e9l, podr\u00e1s aprender que los adjetivos los clasificamos en&nbsp; Invariables (la misma palabra sirve para adjetivo femenino y masculino), regulares ( son los que se forman a\u00f1adiendo una e al final del adjetivo masculino) y los adjetivos particulares (la \u00faltima parte del adjetivo cambia para formar el femenino)<\/li>\n<\/ul>\n<p style=\"text-align: center\"><iframe loading=\"lazy\" src=\"\/\/www.youtube.com\/embed\/0pimETJHv4g?t=4s\" width=\"250\" height=\"140\"><\/iframe><\/p>\n<p><img loading=\"lazy\" decoding=\"async\" class=\"size-full wp-image-1460 aligncenter\" src=\"https:\/\/blogsaverroes.juntadeandalucia.es\/elblogdefrances\/files\/2025\/02\/esquema.png\" alt=\"\" width=\"666\" height=\"390\" srcset=\"https:\/\/blogsaverroes.juntadeandalucia.es\/elblogdefrances\/files\/2025\/02\/esquema.png 666w, https:\/\/blogsaverroes.juntadeandalucia.es\/elblogdefrances\/files\/2025\/02\/esquema-300x176.png 300w, https:\/\/blogsaverroes.juntadeandalucia.es\/elblogdefrances\/files\/2025\/02\/esquema-332x194.png 332w\" sizes=\"(max-width: 666px) 100vw, 666px\" \/><\/p>\n<ul>\n<li>Ejercicio para practicar. Al dictado oral, ten\u00e9is que dibujar lo que entend\u00e9is. Despu\u00e9s, comparad vuestros dibujos resultantes.<\/li>\n<\/ul>\n<p><img loading=\"lazy\" decoding=\"async\" class=\"alignnone size-full wp-image-1463 aligncenter\" src=\"https:\/\/blogsaverroes.juntadeandalucia.es\/elblogdefrances\/files\/2025\/02\/dessine.png\" alt=\"\" width=\"271\" height=\"227\"><\/p>\n<ul>\n<li><em><strong>Qui est-ce qui? Describimos a un compa\u00f1ero o compa\u00f1era de clase y los dem\u00e1s deben de averiguar de qui\u00e9n se trata.<\/strong><\/em><\/li>\n<li>Hagamos nuestro propio avatar en l\u00ednea, sin necesidad de registrarnos.<\/li>\n<li><a href=\"https:\/\/avatarmaker.com\/\"><img loading=\"lazy\" decoding=\"async\" class=\"wp-image-1466 aligncenter\" src=\"https:\/\/blogsaverroes.juntadeandalucia.es\/elblogdefrances\/files\/2025\/02\/avatar-maker.png\" alt=\"\" width=\"219\" height=\"164\" srcset=\"https:\/\/blogsaverroes.juntadeandalucia.es\/elblogdefrances\/files\/2025\/02\/avatar-maker.png 459w, https:\/\/blogsaverroes.juntadeandalucia.es\/elblogdefrances\/files\/2025\/02\/avatar-maker-300x224.png 300w, https:\/\/blogsaverroes.juntadeandalucia.es\/elblogdefrances\/files\/2025\/02\/avatar-maker-332x248.png 332w\" sizes=\"(max-width: 219px) 100vw, 219px\" \/><\/a><\/li>\n<li>Te dejo de otras aplicaciones por si tuvieras problemas y necesitaras alguna distinta sin necesidad de registrarte: cartoonify, avatoon, face.co<\/li>\n<li>Ahora, compliqu\u00e9moslo y a\u00f1\u00e1damosle voz. Ser\u00eda muy interesante que cada uno le a\u00f1adiese un mensaje a nuestro avatar en franc\u00e9s: voki,&nbsp; mouth (por crazy talk),&nbsp; blabberize)<\/li>\n<\/ul>\n<p>&nbsp;<\/p>\n<ul>\n<li>Tablero para jugar quien es quien: enlace de Genially<\/li>\n<\/ul>\n<p><a href=\"https:\/\/view.genially.com\/67c761e500ee917dec61a601\/presentation-tablero-qui-est-ce-qui\">https:\/\/view.genially.com\/67c761e500ee917dec61a601\/presentation-tablero-qui-est-ce-qui<\/a><\/p>\n","protected":false},"excerpt":{"rendered":"<p>Aprendamos el verbo \u00caTRE: Repasemos jugando: &nbsp; Hoja de vocabulario con los adjetivos para la descripci\u00f3n f\u00edsica: Repasemos con estas fichas interactivas: Ficha n\u00ba1:&nbsp;https:\/\/www.liveworksheets.com\/es\/c?a=s&amp;t=eDPzhFyGVS&amp;sr=n&amp;l=xq&amp;i=ntton&amp;r=dp&amp;f=dzdczdzo&amp;ms=uz&amp;cd=pr\u2013gw-i\u2014lmtlzzjlnhngnkgngjxg&amp;mw=hs Ficha n\u00ba2:&nbsp;https:\/\/www.liveworksheets.com\/es\/c?a=s&amp;t=eDPzhFyGVS&amp;sr=n&amp;l=bg&amp;i=ofunzs&amp;r=xz&amp;f=dzdczdzo&amp;ms=uz&amp;cd=pr\u2013gw-i\u2014lfbjexlgpmgngnkgngjxg&amp;mw=hs Adjetivos para utilizar en la descripci\u00f3n del car\u00e1cter,&#46;&#46;&#46;<\/p>\n","protected":false},"author":10861,"featured_media":0,"parent":0,"menu_order":0,"comment_status":"closed","ping_status":"closed","template":"","meta":{"ngg_post_thumbnail":0,"footnotes":""},"aioseo_notices":[],"_links":{"self":[{"href":"https:\/\/blogsaverroes.juntadeandalucia.es\/elblogdefrances\/wp-json\/wp\/v2\/pages\/1313"}],"collection":[{"href":"https:\/\/blogsaverroes.juntadeandalucia.es\/elblogdefrances\/wp-json\/wp\/v2\/pages"}],"about":[{"href":"https:\/\/blogsaverroes.juntadeandalucia.es\/elblogdefrances\/wp-json\/wp\/v2\/types\/page"}],"author":[{"embeddable":true,"href":"https:\/\/blogsaverroes.juntadeandalucia.es\/elblogdefrances\/wp-json\/wp\/v2\/users\/10861"}],"replies":[{"embeddable":true,"href":"https:\/\/blogsaverroes.juntadeandalucia.es\/elblogdefrances\/wp-json\/wp\/v2\/comments?post=1313"}],"version-history":[{"count":23,"href":"https:\/\/blogsaverroes.juntadeandalucia.es\/elblogdefrances\/wp-json\/wp\/v2\/pages\/1313\/revisions"}],"predecessor-version":[{"id":1472,"href":"https:\/\/blogsaverroes.juntadeandalucia.es\/elblogdefrances\/wp-json\/wp\/v2\/pages\/1313\/revisions\/1472"}],"wp:attachment":[{"href":"https:\/\/blogsaverroes.juntadeandalucia.es\/elblogdefrances\/wp-json\/wp\/v2\/media?parent=1313"}],"curies":[{"name":"wp","href":"https:\/\/api.w.org\/{rel}","templated":true}]}}