{"id":1382,"date":"2025-02-03T17:28:59","date_gmt":"2025-02-03T17:28:59","guid":{"rendered":"https:\/\/blogsaverroes.juntadeandalucia.es\/elblogdefrances\/?page_id=1382"},"modified":"2026-02-02T16:14:22","modified_gmt":"2026-02-02T16:14:22","slug":"quel-temps-fail-il","status":"publish","type":"page","link":"https:\/\/blogsaverroes.juntadeandalucia.es\/elblogdefrances\/quel-temps-fail-il\/","title":{"rendered":"La m\u00e9t\u00e9o"},"content":{"rendered":"<p><img loading=\"lazy\" decoding=\"async\" class=\"alignnone wp-image-1386\" src=\"https:\/\/blogsaverroes.juntadeandalucia.es\/elblogdefrances\/files\/2025\/02\/imagen.png\" alt=\"\" width=\"222\" height=\"222\" srcset=\"https:\/\/blogsaverroes.juntadeandalucia.es\/elblogdefrances\/files\/2025\/02\/imagen.png 398w, https:\/\/blogsaverroes.juntadeandalucia.es\/elblogdefrances\/files\/2025\/02\/imagen-300x300.png 300w, https:\/\/blogsaverroes.juntadeandalucia.es\/elblogdefrances\/files\/2025\/02\/imagen-150x150.png 150w, https:\/\/blogsaverroes.juntadeandalucia.es\/elblogdefrances\/files\/2025\/02\/imagen-332x332.png 332w, https:\/\/blogsaverroes.juntadeandalucia.es\/elblogdefrances\/files\/2025\/02\/imagen-268x268.png 268w\" sizes=\"(max-width: 222px) 100vw, 222px\" \/><\/p>\n<ul>\n<li><strong>&nbsp;Mise en route.&nbsp; <\/strong><strong style=\"font-family: 'Open Sans', sans-serif;font-size: 15px;font-style: normal\">\u00c9coute la chanson.<\/strong><\/li>\n<\/ul>\n<p style=\"text-align: center\"><iframe loading=\"lazy\" src=\"\/\/www.youtube.com\/embed\/-0ngHkDsvJI\" width=\"560\" height=\"314\"><\/iframe><\/p>\n<ul>\n<li>Escuchamos el parte meteorol\u00f3gico en franc\u00e9s. \u00c9coute le bulletin de la m\u00e9teo.&nbsp;<a href=\"https:\/\/www.lachainemeteo.com\/videos-meteo\/videos-meteo-france\/meteo-du-jour-78\">https:\/\/www.lachainemeteo.com\/videos-meteo\/videos-meteo-france\/meteo-du-jour-78<\/a><\/li>\n<li>Leamos el mapa de Francia: <a href=\"https:\/\/meteofrance.com\/\">https:\/\/meteofrance.com\/<\/a><\/li>\n<\/ul>\n<p>&nbsp;<\/p>\n<p><em><strong><span style=\"font-size: 8pt\">P\u00e1gina web:&nbsp;&nbsp;<a href=\"https:\/\/enseigner.tv5monde.com\/fiches-pedagogiques-fle\/soleil-soleil\">https:\/\/enseigner.tv5monde.com\/fiches-pedagogiques-fle\/soleil-soleil<\/a><\/span><\/strong><\/em><\/p>\n<p style=\"text-align: center\"><span style=\"font-size: 12pt\"><strong>Quel temps fai-il aujourd\u00b4hui<\/strong><\/span><span style=\"font-size: 12pt\"><strong>?<\/strong>&nbsp; =&nbsp; Qu\u00e9 tiempo hace hoy?<\/span><\/p>\n<p style=\"text-align: center\"><iframe loading=\"lazy\" src=\"\/\/www.youtube.com\/embed\/eBvJVOuBPXI\" width=\"560\" height=\"314\"><\/iframe><\/p>\n<ul>\n<li>Aprendamos el vocabulario con esta presentaci\u00f3n:<\/li>\n<\/ul>\n<p>&nbsp;<\/p>\n<p><a href=\"https:\/\/view.genially.com\/696d5b21c8b12d7eb3340e37\/presentation-quel-temps-fait-il\"><img loading=\"lazy\" decoding=\"async\" class=\"wp-image-1719 aligncenter\" src=\"https:\/\/blogsaverroes.juntadeandalucia.es\/elblogdefrances\/files\/2026\/01\/Gemini_Generated_Image_e51pkte51pkte51p-1.png\" alt=\"\" width=\"390\" height=\"390\" srcset=\"https:\/\/blogsaverroes.juntadeandalucia.es\/elblogdefrances\/files\/2026\/01\/Gemini_Generated_Image_e51pkte51pkte51p-1.png 1024w, https:\/\/blogsaverroes.juntadeandalucia.es\/elblogdefrances\/files\/2026\/01\/Gemini_Generated_Image_e51pkte51pkte51p-1-300x300.png 300w, https:\/\/blogsaverroes.juntadeandalucia.es\/elblogdefrances\/files\/2026\/01\/Gemini_Generated_Image_e51pkte51pkte51p-1-150x150.png 150w, https:\/\/blogsaverroes.juntadeandalucia.es\/elblogdefrances\/files\/2026\/01\/Gemini_Generated_Image_e51pkte51pkte51p-1-768x768.png 768w, https:\/\/blogsaverroes.juntadeandalucia.es\/elblogdefrances\/files\/2026\/01\/Gemini_Generated_Image_e51pkte51pkte51p-1-80x80.png 80w, https:\/\/blogsaverroes.juntadeandalucia.es\/elblogdefrances\/files\/2026\/01\/Gemini_Generated_Image_e51pkte51pkte51p-1-320x320.png 320w\" sizes=\"(max-width: 390px) 100vw, 390px\" \/><\/a><\/p>\n<ul>\n<li>Aprendamos el vocabulario b\u00e1sico:<\/li>\n<\/ul>\n<p style=\"text-align: center\"><img loading=\"lazy\" decoding=\"async\" class=\"\" src=\"https:\/\/blogger.googleusercontent.com\/img\/b\/R29vZ2xl\/AVvXsEhiumcdbFj9PD03hzVeYwAhn0xHLGHGDY5vxx4_iHS8eL33jexhpf5sIVUF3m09RunjSi08931eXhZKgBppHdSEtz6nh6jdCFKUsWsKnr7-SMiIyq1kHtKCL-A6AzudQSgD9TGxqKn0clo\/s1600\/la+m%C3%A9t%C3%A9o.png\" width=\"518\" height=\"518\"><\/p>\n<ul>\n<li><strong>Exercice de compr\u00e9hension orale:<\/strong><\/li>\n<\/ul>\n<p style=\"text-align: center\"><iframe loading=\"lazy\" src=\"\/\/www.youtube.com\/embed\/tv0IVdTFXuc?t=28s\" width=\"560\" height=\"314\"><\/iframe><\/p>\n<p>&nbsp;<\/p>\n<p style=\"text-align: center\"><img loading=\"lazy\" decoding=\"async\" class=\"alignnone size-full wp-image-1391\" src=\"https:\/\/blogsaverroes.juntadeandalucia.es\/elblogdefrances\/files\/2025\/02\/Screenshot_1.png\" alt=\"\" width=\"761\" height=\"162\" srcset=\"https:\/\/blogsaverroes.juntadeandalucia.es\/elblogdefrances\/files\/2025\/02\/Screenshot_1.png 761w, https:\/\/blogsaverroes.juntadeandalucia.es\/elblogdefrances\/files\/2025\/02\/Screenshot_1-300x64.png 300w, https:\/\/blogsaverroes.juntadeandalucia.es\/elblogdefrances\/files\/2025\/02\/Screenshot_1-700x149.png 700w, https:\/\/blogsaverroes.juntadeandalucia.es\/elblogdefrances\/files\/2025\/02\/Screenshot_1-332x71.png 332w\" sizes=\"(max-width: 761px) 100vw, 761px\" \/><\/p>\n<ul>\n<li>Fichas interactivas&nbsp;<\/li>\n<\/ul>\n<p><a href=\"https:\/\/www.liveworksheets.com\/c?a=c&amp;m=d&amp;sr=n&amp;l=iu&amp;i=unxdzou&amp;r=ze&amp;f=dzdfzutu&amp;ms=uz&amp;cd=knloxxlmngjxgrngnegxzxxg&amp;mw=hs\"><img loading=\"lazy\" decoding=\"async\" class=\"alignnone size-full wp-image-1392\" src=\"https:\/\/blogsaverroes.juntadeandalucia.es\/elblogdefrances\/files\/2025\/02\/exercice-1.png\" alt=\"\" width=\"696\" height=\"236\" srcset=\"https:\/\/blogsaverroes.juntadeandalucia.es\/elblogdefrances\/files\/2025\/02\/exercice-1.png 696w, https:\/\/blogsaverroes.juntadeandalucia.es\/elblogdefrances\/files\/2025\/02\/exercice-1-300x102.png 300w, https:\/\/blogsaverroes.juntadeandalucia.es\/elblogdefrances\/files\/2025\/02\/exercice-1-332x113.png 332w\" sizes=\"(max-width: 696px) 100vw, 696px\" \/><\/a><\/p>\n<p><a href=\"https:\/\/www.liveworksheets.com\/c?a=c&amp;m=d&amp;sr=n&amp;l=gx&amp;i=uftcnzs&amp;r=ml&amp;f=dzdfzutu&amp;ms=uz&amp;cd=knlbmxezklgpvangnegxzxxg&amp;mw=hs\"><img loading=\"lazy\" decoding=\"async\" class=\"alignnone size-full wp-image-1393\" src=\"https:\/\/blogsaverroes.juntadeandalucia.es\/elblogdefrances\/files\/2025\/02\/Screenshot_2.png\" alt=\"\" width=\"683\" height=\"229\" srcset=\"https:\/\/blogsaverroes.juntadeandalucia.es\/elblogdefrances\/files\/2025\/02\/Screenshot_2.png 683w, https:\/\/blogsaverroes.juntadeandalucia.es\/elblogdefrances\/files\/2025\/02\/Screenshot_2-300x101.png 300w, https:\/\/blogsaverroes.juntadeandalucia.es\/elblogdefrances\/files\/2025\/02\/Screenshot_2-332x111.png 332w\" sizes=\"(max-width: 683px) 100vw, 683px\" \/><\/a><\/p>\n<p><a href=\"https:\/\/www.liveworksheets.com\/c?a=c&amp;m=d&amp;sr=n&amp;l=pn&amp;i=ftzdsx&amp;r=gh&amp;f=dzdfzutu&amp;ms=uz&amp;cd=knlhlezgnpmbwngnegxzxxg&amp;mw=hs\"><img loading=\"lazy\" decoding=\"async\" class=\"alignnone size-full wp-image-1395\" src=\"https:\/\/blogsaverroes.juntadeandalucia.es\/elblogdefrances\/files\/2025\/02\/Screenshot_3.png\" alt=\"\" width=\"715\" height=\"242\" srcset=\"https:\/\/blogsaverroes.juntadeandalucia.es\/elblogdefrances\/files\/2025\/02\/Screenshot_3.png 715w, https:\/\/blogsaverroes.juntadeandalucia.es\/elblogdefrances\/files\/2025\/02\/Screenshot_3-300x102.png 300w, https:\/\/blogsaverroes.juntadeandalucia.es\/elblogdefrances\/files\/2025\/02\/Screenshot_3-700x237.png 700w, https:\/\/blogsaverroes.juntadeandalucia.es\/elblogdefrances\/files\/2025\/02\/Screenshot_3-332x112.png 332w\" sizes=\"(max-width: 715px) 100vw, 715px\" \/><\/a><\/p>\n<p><a href=\"https:\/\/www.liveworksheets.com\/c?a=c&amp;m=d&amp;sr=n&amp;l=yl&amp;i=szusucd&amp;r=ba&amp;f=dzdfzutu&amp;ms=uz&amp;cd=knliapgxpxknfdngnegxzxxg&amp;mw=hs\"><img loading=\"lazy\" decoding=\"async\" class=\"alignnone size-full wp-image-1397\" src=\"https:\/\/blogsaverroes.juntadeandalucia.es\/elblogdefrances\/files\/2025\/02\/Screenshot_4.png\" alt=\"\" width=\"698\" height=\"203\" srcset=\"https:\/\/blogsaverroes.juntadeandalucia.es\/elblogdefrances\/files\/2025\/02\/Screenshot_4.png 698w, https:\/\/blogsaverroes.juntadeandalucia.es\/elblogdefrances\/files\/2025\/02\/Screenshot_4-300x87.png 300w, https:\/\/blogsaverroes.juntadeandalucia.es\/elblogdefrances\/files\/2025\/02\/Screenshot_4-332x97.png 332w\" sizes=\"(max-width: 698px) 100vw, 698px\" \/><\/a><\/p>\n<p><a href=\"https:\/\/www.liveworksheets.com\/es\/c?a=c&amp;m=d&amp;sr=n&amp;l=ic&amp;i=ddxodn&amp;r=mp&amp;f=dzdfzutu&amp;ms=uz&amp;cd=knloknnmjnlvhngnegxzxxg&amp;mw=hs\"><img loading=\"lazy\" decoding=\"async\" class=\"alignnone size-full wp-image-1399\" src=\"https:\/\/blogsaverroes.juntadeandalucia.es\/elblogdefrances\/files\/2025\/02\/Screenshot_5.png\" alt=\"\" width=\"693\" height=\"228\" srcset=\"https:\/\/blogsaverroes.juntadeandalucia.es\/elblogdefrances\/files\/2025\/02\/Screenshot_5.png 693w, https:\/\/blogsaverroes.juntadeandalucia.es\/elblogdefrances\/files\/2025\/02\/Screenshot_5-300x99.png 300w, https:\/\/blogsaverroes.juntadeandalucia.es\/elblogdefrances\/files\/2025\/02\/Screenshot_5-332x109.png 332w\" sizes=\"(max-width: 693px) 100vw, 693px\" \/><\/a><\/p>\n<ul>\n<li style=\"text-align: center\">Juegos:<\/li>\n<\/ul>\n<table style=\"border-collapse: collapse;width: 100%\">\n<tbody>\n<tr>\n<td style=\"width: 33.3333%\"><img loading=\"lazy\" decoding=\"async\" class=\"alignnone size-full wp-image-1401\" src=\"https:\/\/blogsaverroes.juntadeandalucia.es\/elblogdefrances\/files\/2025\/02\/Screenshot_6.png\" alt=\"\" width=\"305\" height=\"257\" srcset=\"https:\/\/blogsaverroes.juntadeandalucia.es\/elblogdefrances\/files\/2025\/02\/Screenshot_6.png 305w, https:\/\/blogsaverroes.juntadeandalucia.es\/elblogdefrances\/files\/2025\/02\/Screenshot_6-300x253.png 300w\" sizes=\"(max-width: 305px) 100vw, 305px\" \/><\/td>\n<td style=\"width: 33.3333%\"><a href=\"https:\/\/wordwall.net\/resource\/22579736\/quel-temps-fait-il\"><img loading=\"lazy\" decoding=\"async\" class=\"alignnone size-full wp-image-1402\" src=\"https:\/\/blogsaverroes.juntadeandalucia.es\/elblogdefrances\/files\/2025\/02\/Screenshot_7.png\" alt=\"\" width=\"725\" height=\"393\" srcset=\"https:\/\/blogsaverroes.juntadeandalucia.es\/elblogdefrances\/files\/2025\/02\/Screenshot_7.png 725w, https:\/\/blogsaverroes.juntadeandalucia.es\/elblogdefrances\/files\/2025\/02\/Screenshot_7-300x163.png 300w, https:\/\/blogsaverroes.juntadeandalucia.es\/elblogdefrances\/files\/2025\/02\/Screenshot_7-700x379.png 700w, https:\/\/blogsaverroes.juntadeandalucia.es\/elblogdefrances\/files\/2025\/02\/Screenshot_7-332x180.png 332w\" sizes=\"(max-width: 725px) 100vw, 725px\" \/><\/a><\/td>\n<td style=\"width: 33.3333%\"><a href=\"https:\/\/wordwall.net\/es\/resource\/58001628\/languages\/quel-temps-fait-il\"><img loading=\"lazy\" decoding=\"async\" class=\"alignnone size-full wp-image-1404\" src=\"https:\/\/blogsaverroes.juntadeandalucia.es\/elblogdefrances\/files\/2025\/02\/Screenshot_8.png\" alt=\"\" width=\"777\" height=\"404\" srcset=\"https:\/\/blogsaverroes.juntadeandalucia.es\/elblogdefrances\/files\/2025\/02\/Screenshot_8.png 777w, https:\/\/blogsaverroes.juntadeandalucia.es\/elblogdefrances\/files\/2025\/02\/Screenshot_8-300x156.png 300w, https:\/\/blogsaverroes.juntadeandalucia.es\/elblogdefrances\/files\/2025\/02\/Screenshot_8-768x399.png 768w, https:\/\/blogsaverroes.juntadeandalucia.es\/elblogdefrances\/files\/2025\/02\/Screenshot_8-700x364.png 700w, https:\/\/blogsaverroes.juntadeandalucia.es\/elblogdefrances\/files\/2025\/02\/Screenshot_8-332x173.png 332w\" sizes=\"(max-width: 777px) 100vw, 777px\" \/><\/a><\/td>\n<\/tr>\n<\/tbody>\n<\/table>\n<p><em><span style=\"font-size: 8pt\">Ejercicios sacados del blog: <a href=\"https:\/\/auladefrances.fr\/archives\/333\">https:\/\/auladefrances.fr\/archives\/333<\/a><\/span><\/em><\/p>\n<p>&nbsp;<\/p>\n<ul>\n<li>Ficha fotocopiable:<\/li>\n<\/ul>\n<p><a href=\"https:\/\/drive.google.com\/file\/d\/1w12eR9YL8OKHheZF825RT5-XgCSGN9g5\/view?usp=sharing\"><img loading=\"lazy\" decoding=\"async\" class=\"wp-image-1406 aligncenter\" src=\"https:\/\/blogsaverroes.juntadeandalucia.es\/elblogdefrances\/files\/2025\/02\/Screenshot_9.png\" alt=\"\" width=\"240\" height=\"323\" srcset=\"https:\/\/blogsaverroes.juntadeandalucia.es\/elblogdefrances\/files\/2025\/02\/Screenshot_9.png 289w, https:\/\/blogsaverroes.juntadeandalucia.es\/elblogdefrances\/files\/2025\/02\/Screenshot_9-223x300.png 223w\" sizes=\"(max-width: 240px) 100vw, 240px\" \/><br \/>\n<\/a><\/p>\n<ul>\n<li><strong>Jeu pour pratiquer:<\/strong><\/li>\n<\/ul>\n<p><img loading=\"lazy\" decoding=\"async\" class=\"alignnone size-full wp-image-1417 aligncenter\" src=\"https:\/\/blogsaverroes.juntadeandalucia.es\/elblogdefrances\/files\/2025\/02\/Screenshot_12.png\" alt=\"\" width=\"199\" height=\"172\"><\/p>\n<ul>\n<li><strong>Ficha fotocopiable:<\/strong><\/li>\n<\/ul>\n<p><a href=\"https:\/\/drive.google.com\/file\/d\/18mwx6WCe-3AGF02gq2ZuV0GhZwBu0Ey_\/view?usp=sharing\"><img loading=\"lazy\" decoding=\"async\" class=\"wp-image-1419 aligncenter\" src=\"https:\/\/blogsaverroes.juntadeandalucia.es\/elblogdefrances\/files\/2025\/02\/Screenshot_13.png\" alt=\"\" width=\"360\" height=\"218\" srcset=\"https:\/\/blogsaverroes.juntadeandalucia.es\/elblogdefrances\/files\/2025\/02\/Screenshot_13.png 603w, https:\/\/blogsaverroes.juntadeandalucia.es\/elblogdefrances\/files\/2025\/02\/Screenshot_13-300x182.png 300w, https:\/\/blogsaverroes.juntadeandalucia.es\/elblogdefrances\/files\/2025\/02\/Screenshot_13-332x201.png 332w\" sizes=\"(max-width: 360px) 100vw, 360px\" \/><\/a><\/p>\n<p>Ahora os toca escribir el parte meteorol\u00f3gico a vosotros. Para ello. os dejo una imagen. \u00a1Sacad vuestros cuadernos y a escribir!<\/p>\n<p style=\"text-align: center\"><img loading=\"lazy\" decoding=\"async\" class=\"alignnone size-full wp-image-1738\" src=\"https:\/\/blogsaverroes.juntadeandalucia.es\/elblogdefrances\/files\/2026\/02\/la-meteo.png\" alt=\"\" width=\"484\" height=\"605\" srcset=\"https:\/\/blogsaverroes.juntadeandalucia.es\/elblogdefrances\/files\/2026\/02\/la-meteo.png 484w, https:\/\/blogsaverroes.juntadeandalucia.es\/elblogdefrances\/files\/2026\/02\/la-meteo-240x300.png 240w\" sizes=\"(max-width: 484px) 100vw, 484px\" \/><\/p>\n<p><span style=\"font-size: 8pt\">Esta foto pertenece al blog educativo: https:\/\/liberteegalitecreativite.com\/tag\/a1-frances\/<\/span><\/p>\n","protected":false},"excerpt":{"rendered":"<p>&nbsp;Mise en route.&nbsp; \u00c9coute la chanson. Escuchamos el parte meteorol\u00f3gico en franc\u00e9s. \u00c9coute le bulletin de la m\u00e9teo.&nbsp;https:\/\/www.lachainemeteo.com\/videos-meteo\/videos-meteo-france\/meteo-du-jour-78 Leamos el mapa de Francia: https:\/\/meteofrance.com\/ &nbsp; P\u00e1gina web:&nbsp;&nbsp;https:\/\/enseigner.tv5monde.com\/fiches-pedagogiques-fle\/soleil-soleil Quel temps fai-il aujourd\u00b4hui?&nbsp; =&nbsp; Qu\u00e9 tiempo&#46;&#46;&#46;<\/p>\n","protected":false},"author":10861,"featured_media":0,"parent":0,"menu_order":0,"comment_status":"closed","ping_status":"closed","template":"","meta":{"ngg_post_thumbnail":0,"footnotes":""},"aioseo_notices":[],"_links":{"self":[{"href":"https:\/\/blogsaverroes.juntadeandalucia.es\/elblogdefrances\/wp-json\/wp\/v2\/pages\/1382"}],"collection":[{"href":"https:\/\/blogsaverroes.juntadeandalucia.es\/elblogdefrances\/wp-json\/wp\/v2\/pages"}],"about":[{"href":"https:\/\/blogsaverroes.juntadeandalucia.es\/elblogdefrances\/wp-json\/wp\/v2\/types\/page"}],"author":[{"embeddable":true,"href":"https:\/\/blogsaverroes.juntadeandalucia.es\/elblogdefrances\/wp-json\/wp\/v2\/users\/10861"}],"replies":[{"embeddable":true,"href":"https:\/\/blogsaverroes.juntadeandalucia.es\/elblogdefrances\/wp-json\/wp\/v2\/comments?post=1382"}],"version-history":[{"count":27,"href":"https:\/\/blogsaverroes.juntadeandalucia.es\/elblogdefrances\/wp-json\/wp\/v2\/pages\/1382\/revisions"}],"predecessor-version":[{"id":1739,"href":"https:\/\/blogsaverroes.juntadeandalucia.es\/elblogdefrances\/wp-json\/wp\/v2\/pages\/1382\/revisions\/1739"}],"wp:attachment":[{"href":"https:\/\/blogsaverroes.juntadeandalucia.es\/elblogdefrances\/wp-json\/wp\/v2\/media?parent=1382"}],"curies":[{"name":"wp","href":"https:\/\/api.w.org\/{rel}","templated":true}]}}