{"id":1836,"date":"2026-05-13T08:50:51","date_gmt":"2026-05-13T08:50:51","guid":{"rendered":"https:\/\/blogsaverroes.juntadeandalucia.es\/elblogdefrances\/?page_id=1836"},"modified":"2026-05-13T09:58:48","modified_gmt":"2026-05-13T09:58:48","slug":"series","status":"publish","type":"page","link":"https:\/\/blogsaverroes.juntadeandalucia.es\/elblogdefrances\/series\/","title":{"rendered":"Series"},"content":{"rendered":"<p>Aqu\u00ed os dejo algunas series muy interesantes y divertidas en franc\u00e9s.&nbsp;<\/p>\n<h2>La Francomobile<\/h2>\n<p>Les quatre membres de la famille Cooper, Thomas, Nanette, et les parents Bryan et Sandrine partent en voyage \u00e0 bord d\u2019une fourgonnette tr\u00e8s color\u00e9e. Apr\u00e8s quelques heures de route, Nanette d\u00e9couvre une cr\u00e9ature \u00e9trange et un peu maladroite dans les appareils mobiles de la famille. Elle se prend aussit\u00f4t d\u2019affection pour elle et, avec l\u2019aide de son fr\u00e8re, tentera de la dissimuler \u00e0 ses parents tout au long de l\u2019aventure.<\/p>\n<p>Embarquez dans la Francomobile avec Nanette et A+ et d\u00e9couvrez ces 40 capsules r\u00e9parties en huit grands th\u00e8mes incontournables pour apprendre le fran\u00e7ais!<\/p>\n<p>&nbsp;<\/p>\n<p style=\"text-align: center\"><a href=\"https:\/\/francolabjunior.ca\/\"><img loading=\"lazy\" decoding=\"async\" class=\"alignnone size-full wp-image-1837\" src=\"https:\/\/blogsaverroes.juntadeandalucia.es\/elblogdefrances\/files\/2026\/05\/Screenshot_1-1.png\" alt=\"\" width=\"530\" height=\"320\" srcset=\"https:\/\/blogsaverroes.juntadeandalucia.es\/elblogdefrances\/files\/2026\/05\/Screenshot_1-1.png 530w, https:\/\/blogsaverroes.juntadeandalucia.es\/elblogdefrances\/files\/2026\/05\/Screenshot_1-1-300x181.png 300w\" sizes=\"(max-width: 530px) 100vw, 530px\" \/><\/a><\/p>\n<h2>TV5 MONDE EDU<\/h2>\n<p><a href=\"https:\/\/enseigner.tv5monde.com\/fiches-pedagogiques-fle\/enfants\"><img loading=\"lazy\" decoding=\"async\" class=\"wp-image-1840 aligncenter\" src=\"https:\/\/blogsaverroes.juntadeandalucia.es\/elblogdefrances\/files\/2026\/05\/Screenshot_2.png\" alt=\"\" width=\"461\" height=\"387\" srcset=\"https:\/\/blogsaverroes.juntadeandalucia.es\/elblogdefrances\/files\/2026\/05\/Screenshot_2.png 674w, https:\/\/blogsaverroes.juntadeandalucia.es\/elblogdefrances\/files\/2026\/05\/Screenshot_2-300x251.png 300w\" sizes=\"(max-width: 461px) 100vw, 461px\" \/><\/a><\/p>\n<h2>TV5 MONDE PLUS<\/h2>\n<p><a href=\"https:\/\/www.tv5mondeplus.com\/fr\/jeunesse\"><img loading=\"lazy\" decoding=\"async\" class=\"alignnone wp-image-1843 aligncenter\" src=\"https:\/\/blogsaverroes.juntadeandalucia.es\/elblogdefrances\/files\/2026\/05\/Screenshot_3-1.png\" alt=\"\" width=\"390\" height=\"226\" srcset=\"https:\/\/blogsaverroes.juntadeandalucia.es\/elblogdefrances\/files\/2026\/05\/Screenshot_3-1.png 551w, https:\/\/blogsaverroes.juntadeandalucia.es\/elblogdefrances\/files\/2026\/05\/Screenshot_3-1-300x174.png 300w\" sizes=\"(max-width: 390px) 100vw, 390px\" \/><\/a><\/p>\n","protected":false},"excerpt":{"rendered":"<p>Aqu\u00ed os dejo algunas series muy interesantes y divertidas en franc\u00e9s.&nbsp; La Francomobile Les quatre membres de la famille Cooper, Thomas, Nanette, et les parents Bryan et Sandrine partent en voyage \u00e0 bord d\u2019une&#46;&#46;&#46;<\/p>\n","protected":false},"author":10861,"featured_media":0,"parent":0,"menu_order":0,"comment_status":"closed","ping_status":"closed","template":"","meta":{"ngg_post_thumbnail":0,"footnotes":""},"aioseo_notices":[],"_links":{"self":[{"href":"https:\/\/blogsaverroes.juntadeandalucia.es\/elblogdefrances\/wp-json\/wp\/v2\/pages\/1836"}],"collection":[{"href":"https:\/\/blogsaverroes.juntadeandalucia.es\/elblogdefrances\/wp-json\/wp\/v2\/pages"}],"about":[{"href":"https:\/\/blogsaverroes.juntadeandalucia.es\/elblogdefrances\/wp-json\/wp\/v2\/types\/page"}],"author":[{"embeddable":true,"href":"https:\/\/blogsaverroes.juntadeandalucia.es\/elblogdefrances\/wp-json\/wp\/v2\/users\/10861"}],"replies":[{"embeddable":true,"href":"https:\/\/blogsaverroes.juntadeandalucia.es\/elblogdefrances\/wp-json\/wp\/v2\/comments?post=1836"}],"version-history":[{"count":4,"href":"https:\/\/blogsaverroes.juntadeandalucia.es\/elblogdefrances\/wp-json\/wp\/v2\/pages\/1836\/revisions"}],"predecessor-version":[{"id":1844,"href":"https:\/\/blogsaverroes.juntadeandalucia.es\/elblogdefrances\/wp-json\/wp\/v2\/pages\/1836\/revisions\/1844"}],"wp:attachment":[{"href":"https:\/\/blogsaverroes.juntadeandalucia.es\/elblogdefrances\/wp-json\/wp\/v2\/media?parent=1836"}],"curies":[{"name":"wp","href":"https:\/\/api.w.org\/{rel}","templated":true}]}}