{"id":25,"date":"2020-10-03T16:00:18","date_gmt":"2020-10-03T16:00:18","guid":{"rendered":"https:\/\/blogsaverroes.juntadeandalucia.es\/elblogdefrances\/?page_id=25"},"modified":"2020-11-15T21:22:56","modified_gmt":"2020-11-15T21:22:56","slug":"frances-6o-de-primaria","status":"publish","type":"page","link":"https:\/\/blogsaverroes.juntadeandalucia.es\/elblogdefrances\/frances-6o-de-primaria\/","title":{"rendered":"Franc\u00e9s 6\u00ba de primaria"},"content":{"rendered":"<p>Repasemos los <strong>n\u00fameros en franc\u00e9s<\/strong>:<\/p>\n<p><a href=\"https:\/\/www.education.vic.gov.au\/languagesonline\/french\/sect25\/no_02\/no_02.htm\">https:\/\/www.education.vic.gov.au\/languagesonline\/french\/sect25\/no_02\/no_02.htm<\/a><\/p>\n<p>&nbsp;<\/p>\n<p>Juguemos y practiquemos <strong>los alimentos<\/strong> en franc\u00e9s. On y va! Haz clic en el enlace.<\/p>\n<p><img loading=\"lazy\" decoding=\"async\" class=\"size-medium wp-image-174 aligncenter\" src=\"https:\/\/blogsaverroes.juntadeandalucia.es\/elblogdefrances\/files\/2020\/11\/Les-aliments-300x152.png\" alt=\"\" width=\"300\" height=\"152\" srcset=\"https:\/\/blogsaverroes.juntadeandalucia.es\/elblogdefrances\/files\/2020\/11\/Les-aliments-300x152.png 300w, https:\/\/blogsaverroes.juntadeandalucia.es\/elblogdefrances\/files\/2020\/11\/Les-aliments-332x168.png 332w, https:\/\/blogsaverroes.juntadeandalucia.es\/elblogdefrances\/files\/2020\/11\/Les-aliments-24x12.png 24w, https:\/\/blogsaverroes.juntadeandalucia.es\/elblogdefrances\/files\/2020\/11\/Les-aliments-36x18.png 36w, https:\/\/blogsaverroes.juntadeandalucia.es\/elblogdefrances\/files\/2020\/11\/Les-aliments-48x24.png 48w, https:\/\/blogsaverroes.juntadeandalucia.es\/elblogdefrances\/files\/2020\/11\/Les-aliments.png 644w\" sizes=\"(max-width: 300px) 100vw, 300px\" \/><\/p>\n<p>&nbsp;<\/p>\n<p><a title=\"Los alimentos\" href=\"https:\/\/view.genial.ly\/5d8cafc47a928d0f87e1dab9\/learning-experience-challenges-francais-6o-u1\">https:\/\/view.genial.ly\/5d8cafc47a928d0f87e1dab9\/learning-experience-challenges-francais-6o-u1<\/a><\/p>\n<p>Aqu\u00ed encontrar\u00e9is unas <strong>recetas<\/strong> muy ricas: <strong>Gateau au chocolat<\/strong> y el famoso <strong>Pain d\u00b4epices.<\/strong><\/p>\n<p><img loading=\"lazy\" decoding=\"async\" class=\"size-medium wp-image-178 aligncenter\" src=\"https:\/\/blogsaverroes.juntadeandalucia.es\/elblogdefrances\/files\/2020\/11\/pastel-300x229.png\" alt=\"\" width=\"300\" height=\"229\" srcset=\"https:\/\/blogsaverroes.juntadeandalucia.es\/elblogdefrances\/files\/2020\/11\/pastel-300x229.png 300w, https:\/\/blogsaverroes.juntadeandalucia.es\/elblogdefrances\/files\/2020\/11\/pastel-332x253.png 332w, https:\/\/blogsaverroes.juntadeandalucia.es\/elblogdefrances\/files\/2020\/11\/pastel-24x18.png 24w, https:\/\/blogsaverroes.juntadeandalucia.es\/elblogdefrances\/files\/2020\/11\/pastel-36x27.png 36w, https:\/\/blogsaverroes.juntadeandalucia.es\/elblogdefrances\/files\/2020\/11\/pastel-48x37.png 48w, https:\/\/blogsaverroes.juntadeandalucia.es\/elblogdefrances\/files\/2020\/11\/pastel.png 416w\" sizes=\"(max-width: 300px) 100vw, 300px\" \/><\/p>\n<p><a href=\"https:\/\/drive.google.com\/file\/d\/1KkznvUu2PsfHChy3qQL4ZNzEUOuIID7w\/view?usp=sharing\">https:\/\/drive.google.com\/file\/d\/1KkznvUu2PsfHChy3qQL4ZNzEUOuIID7w\/view?usp=sharing<\/a><\/p>\n<p><img loading=\"lazy\" decoding=\"async\" class=\"size-medium wp-image-177 aligncenter\" src=\"https:\/\/blogsaverroes.juntadeandalucia.es\/elblogdefrances\/files\/2020\/11\/pain-de-epices-227x300.png\" alt=\"\" width=\"227\" height=\"300\" srcset=\"https:\/\/blogsaverroes.juntadeandalucia.es\/elblogdefrances\/files\/2020\/11\/pain-de-epices-227x300.png 227w, https:\/\/blogsaverroes.juntadeandalucia.es\/elblogdefrances\/files\/2020\/11\/pain-de-epices-18x24.png 18w, https:\/\/blogsaverroes.juntadeandalucia.es\/elblogdefrances\/files\/2020\/11\/pain-de-epices-27x36.png 27w, https:\/\/blogsaverroes.juntadeandalucia.es\/elblogdefrances\/files\/2020\/11\/pain-de-epices-36x48.png 36w, https:\/\/blogsaverroes.juntadeandalucia.es\/elblogdefrances\/files\/2020\/11\/pain-de-epices.png 287w\" sizes=\"(max-width: 227px) 100vw, 227px\" \/><\/p>\n<p><a href=\"https:\/\/drive.google.com\/file\/d\/12qYeFd8xFbBnXHkxo6tWf6OtCyFLjU8C\/view?usp=sharing\">https:\/\/drive.google.com\/file\/d\/12qYeFd8xFbBnXHkxo6tWf6OtCyFLjU8C\/view?usp=sharing<\/a><\/p>\n<p>Y por si quer\u00e9is sorprender a alguien, aqu\u00ed os dejo una receta muy f\u00e1cil y divertida:<\/p>\n<p><img loading=\"lazy\" decoding=\"async\" class=\"alignnone size-medium wp-image-180 aligncenter\" src=\"https:\/\/blogsaverroes.juntadeandalucia.es\/elblogdefrances\/files\/2020\/11\/receta-corazones-300x150.png\" alt=\"\" width=\"300\" height=\"150\" srcset=\"https:\/\/blogsaverroes.juntadeandalucia.es\/elblogdefrances\/files\/2020\/11\/receta-corazones-300x150.png 300w, https:\/\/blogsaverroes.juntadeandalucia.es\/elblogdefrances\/files\/2020\/11\/receta-corazones-332x166.png 332w, https:\/\/blogsaverroes.juntadeandalucia.es\/elblogdefrances\/files\/2020\/11\/receta-corazones-24x12.png 24w, https:\/\/blogsaverroes.juntadeandalucia.es\/elblogdefrances\/files\/2020\/11\/receta-corazones-36x18.png 36w, https:\/\/blogsaverroes.juntadeandalucia.es\/elblogdefrances\/files\/2020\/11\/receta-corazones-48x24.png 48w, https:\/\/blogsaverroes.juntadeandalucia.es\/elblogdefrances\/files\/2020\/11\/receta-corazones.png 507w\" sizes=\"(max-width: 300px) 100vw, 300px\" \/><\/p>\n<p><a href=\"https:\/\/drive.google.com\/file\/d\/1R0dLYzL2OAL22SzPWuW4QCk6Lqsbk1qq\/view?usp=sharing\">https:\/\/drive.google.com\/file\/d\/1R0dLYzL2OAL22SzPWuW4QCk6Lqsbk1qq\/view?usp=sharing<\/a><\/p>\n<p>Si os atrev\u00e9is a grabaros&#8230;\u00a1adelante! Mira c\u00f3mo lo hacen estos alumnas.&nbsp;<\/p>\n<p style=\"text-align: center\"><iframe loading=\"lazy\" src=\"\/\/www.youtube.com\/embed\/3wDLKUhW3ec\" width=\"220\" height=\"123\"><\/iframe><\/p>\n","protected":false},"excerpt":{"rendered":"<p>Repasemos los n\u00fameros en franc\u00e9s: https:\/\/www.education.vic.gov.au\/languagesonline\/french\/sect25\/no_02\/no_02.htm &nbsp; Juguemos y practiquemos los alimentos en franc\u00e9s. On y va! Haz clic en el enlace. &nbsp; https:\/\/view.genial.ly\/5d8cafc47a928d0f87e1dab9\/learning-experience-challenges-francais-6o-u1 Aqu\u00ed encontrar\u00e9is unas recetas muy ricas: Gateau au chocolat y&#46;&#46;&#46;<\/p>\n","protected":false},"author":10861,"featured_media":0,"parent":0,"menu_order":0,"comment_status":"closed","ping_status":"closed","template":"","meta":{"ngg_post_thumbnail":0,"footnotes":""},"aioseo_notices":[],"_links":{"self":[{"href":"https:\/\/blogsaverroes.juntadeandalucia.es\/elblogdefrances\/wp-json\/wp\/v2\/pages\/25"}],"collection":[{"href":"https:\/\/blogsaverroes.juntadeandalucia.es\/elblogdefrances\/wp-json\/wp\/v2\/pages"}],"about":[{"href":"https:\/\/blogsaverroes.juntadeandalucia.es\/elblogdefrances\/wp-json\/wp\/v2\/types\/page"}],"author":[{"embeddable":true,"href":"https:\/\/blogsaverroes.juntadeandalucia.es\/elblogdefrances\/wp-json\/wp\/v2\/users\/10861"}],"replies":[{"embeddable":true,"href":"https:\/\/blogsaverroes.juntadeandalucia.es\/elblogdefrances\/wp-json\/wp\/v2\/comments?post=25"}],"version-history":[{"count":8,"href":"https:\/\/blogsaverroes.juntadeandalucia.es\/elblogdefrances\/wp-json\/wp\/v2\/pages\/25\/revisions"}],"predecessor-version":[{"id":173,"href":"https:\/\/blogsaverroes.juntadeandalucia.es\/elblogdefrances\/wp-json\/wp\/v2\/pages\/25\/revisions\/173"}],"wp:attachment":[{"href":"https:\/\/blogsaverroes.juntadeandalucia.es\/elblogdefrances\/wp-json\/wp\/v2\/media?parent=25"}],"curies":[{"name":"wp","href":"https:\/\/api.w.org\/{rel}","templated":true}]}}