{"id":703,"date":"2025-11-03T22:43:37","date_gmt":"2025-11-03T22:43:37","guid":{"rendered":"https:\/\/blogsaverroes.juntadeandalucia.es\/elblogdefrances\/?page_id=703"},"modified":"2026-04-09T07:52:59","modified_gmt":"2026-04-09T07:52:59","slug":"2o-de-primaria","status":"publish","type":"page","link":"https:\/\/blogsaverroes.juntadeandalucia.es\/elblogdefrances\/2o-de-primaria\/","title":{"rendered":"2\u00ba de primaria"},"content":{"rendered":"<p style=\"text-align: center\">Cuaderno de problemas de matem\u00e1ticas<\/p>\n<p><a href=\"https:\/\/drive.google.com\/file\/d\/1ZuiHUzC0IAqf26s1TqNzEBymYEX4CWzj\/view?usp=sharing\"><img loading=\"lazy\" decoding=\"async\" class=\" wp-image-1656 aligncenter\" src=\"https:\/\/blogsaverroes.juntadeandalucia.es\/elblogdefrances\/files\/2025\/11\/Captura-de-pantalla-217-e1762413376803.png\" alt=\"\" width=\"340\" height=\"309\" srcset=\"https:\/\/blogsaverroes.juntadeandalucia.es\/elblogdefrances\/files\/2025\/11\/Captura-de-pantalla-217-e1762413376803.png 564w, https:\/\/blogsaverroes.juntadeandalucia.es\/elblogdefrances\/files\/2025\/11\/Captura-de-pantalla-217-e1762413376803-300x272.png 300w\" sizes=\"(max-width: 340px) 100vw, 340px\" \/><\/a><\/p>\n<p>&nbsp;<\/p>\n<p style=\"text-align: center\">Cuaderno para trabajar lecturas primer ciclo<\/p>\n<p><a href=\"https:\/\/drive.google.com\/file\/d\/1e4Hb0ql2c9Frj7fY0olp2B9aC2bgbITo\/view?usp=sharing\"><img loading=\"lazy\" decoding=\"async\" class=\"alignnone wp-image-1659 aligncenter\" src=\"https:\/\/blogsaverroes.juntadeandalucia.es\/elblogdefrances\/files\/2025\/11\/Captura-de-pantalla-219-e1762452579504.png\" alt=\"\" width=\"279\" height=\"257\" srcset=\"https:\/\/blogsaverroes.juntadeandalucia.es\/elblogdefrances\/files\/2025\/11\/Captura-de-pantalla-219-e1762452579504.png 491w, https:\/\/blogsaverroes.juntadeandalucia.es\/elblogdefrances\/files\/2025\/11\/Captura-de-pantalla-219-e1762452579504-300x277.png 300w\" sizes=\"(max-width: 279px) 100vw, 279px\" \/><\/a><\/p>\n<p>&nbsp;<\/p>\n<p>&nbsp;<\/p>\n<p><a href=\"https:\/\/drive.google.com\/file\/d\/1Yq84uFmVziN5S4xRTGBHIoErE4GxuNfc\/view?usp=sharing\"><img loading=\"lazy\" decoding=\"async\" class=\"alignnone wp-image-1757 aligncenter\" src=\"https:\/\/blogsaverroes.juntadeandalucia.es\/elblogdefrances\/files\/2026\/02\/Screenshot_2.png\" alt=\"\" width=\"409\" height=\"165\" srcset=\"https:\/\/blogsaverroes.juntadeandalucia.es\/elblogdefrances\/files\/2026\/02\/Screenshot_2.png 699w, https:\/\/blogsaverroes.juntadeandalucia.es\/elblogdefrances\/files\/2026\/02\/Screenshot_2-300x121.png 300w\" sizes=\"(max-width: 409px) 100vw, 409px\" \/><\/a><\/p>\n<p>&nbsp;<\/p>\n<p style=\"text-align: center\">Plantilla para trabajar la lectura del d\u00eda.<\/p>\n<p>&nbsp;<\/p>\n<p style=\"text-align: center\"><a href=\"https:\/\/drive.google.com\/file\/d\/1ael81zP4-JWdERbpuZJQQmtQFVG0_OeQ\/view?usp=sharing\"><img loading=\"lazy\" decoding=\"async\" class=\"alignnone wp-image-1650\" src=\"https:\/\/blogsaverroes.juntadeandalucia.es\/elblogdefrances\/files\/2025\/11\/pantallazo.png\" alt=\"\" width=\"451\" height=\"320\" srcset=\"https:\/\/blogsaverroes.juntadeandalucia.es\/elblogdefrances\/files\/2025\/11\/pantallazo.png 423w, https:\/\/blogsaverroes.juntadeandalucia.es\/elblogdefrances\/files\/2025\/11\/pantallazo-300x213.png 300w\" sizes=\"(max-width: 451px) 100vw, 451px\" \/><\/a><\/p>\n<p>&nbsp;<\/p>\n<p style=\"text-align: center\">Plantilla para trabajar la resoluci\u00f3n de problemas:<\/p>\n<p style=\"text-align: center\">&nbsp;<a href=\"https:\/\/drive.google.com\/file\/d\/1idmmD2nRzVTbs7e3wAIix9L-eMx2h_Ay\/view?usp=sharing\"><img loading=\"lazy\" decoding=\"async\" class=\"alignnone size-full wp-image-1654\" src=\"https:\/\/blogsaverroes.juntadeandalucia.es\/elblogdefrances\/files\/2025\/11\/Screenshot_1.png\" alt=\"\" width=\"300\" height=\"434\" srcset=\"https:\/\/blogsaverroes.juntadeandalucia.es\/elblogdefrances\/files\/2025\/11\/Screenshot_1.png 300w, https:\/\/blogsaverroes.juntadeandalucia.es\/elblogdefrances\/files\/2025\/11\/Screenshot_1-207x300.png 207w\" sizes=\"(max-width: 300px) 100vw, 300px\" \/><\/a><\/p>\n<p style=\"text-align: center\">&nbsp;Genially para trabajar plantilla de problemas y los problemas en clase<\/p>\n<p><a href=\"https:\/\/view.genially.com\/690cd8052e747613f1d5fb94\/interactive-content-problema\"><img loading=\"lazy\" decoding=\"async\" class=\"aligncenter\" src=\"https:\/\/iddocente.com\/wp-content\/uploads\/2021\/01\/idd_genially.jpg\" alt=\"Genially: liderando la nueva generaci\u00f3n de contenidos | idDOCENTE\" width=\"315\" height=\"150\"><\/a><\/p>\n<p>Aqu\u00ed os dejo un cuaderno de lecturas:<\/p>\n<p style=\"text-align: center\"><a href=\"https:\/\/drive.google.com\/file\/d\/12El8UQq2Gc_2gt0lzBPTAAMb-HE_ZbR8\/view?usp=sharing\"><img loading=\"lazy\" decoding=\"async\" class=\"alignnone wp-image-1786\" src=\"https:\/\/blogsaverroes.juntadeandalucia.es\/elblogdefrances\/files\/2026\/04\/Captura-de-pantalla-1-e1775721001219.png\" alt=\"\" width=\"437\" height=\"389\" srcset=\"https:\/\/blogsaverroes.juntadeandalucia.es\/elblogdefrances\/files\/2026\/04\/Captura-de-pantalla-1-e1775721001219.png 969w, https:\/\/blogsaverroes.juntadeandalucia.es\/elblogdefrances\/files\/2026\/04\/Captura-de-pantalla-1-e1775721001219-300x267.png 300w, https:\/\/blogsaverroes.juntadeandalucia.es\/elblogdefrances\/files\/2026\/04\/Captura-de-pantalla-1-e1775721001219-768x684.png 768w\" sizes=\"(max-width: 437px) 100vw, 437px\" \/><\/a><\/p>\n","protected":false},"excerpt":{"rendered":"<p>Cuaderno de problemas de matem\u00e1ticas &nbsp; Cuaderno para trabajar lecturas primer ciclo &nbsp; &nbsp; &nbsp; Plantilla para trabajar la lectura del d\u00eda. &nbsp; &nbsp; Plantilla para trabajar la resoluci\u00f3n de problemas: &nbsp; &nbsp;Genially para&#46;&#46;&#46;<\/p>\n","protected":false},"author":10861,"featured_media":0,"parent":0,"menu_order":0,"comment_status":"closed","ping_status":"closed","template":"","meta":{"ngg_post_thumbnail":0,"footnotes":""},"aioseo_notices":[],"_links":{"self":[{"href":"https:\/\/blogsaverroes.juntadeandalucia.es\/elblogdefrances\/wp-json\/wp\/v2\/pages\/703"}],"collection":[{"href":"https:\/\/blogsaverroes.juntadeandalucia.es\/elblogdefrances\/wp-json\/wp\/v2\/pages"}],"about":[{"href":"https:\/\/blogsaverroes.juntadeandalucia.es\/elblogdefrances\/wp-json\/wp\/v2\/types\/page"}],"author":[{"embeddable":true,"href":"https:\/\/blogsaverroes.juntadeandalucia.es\/elblogdefrances\/wp-json\/wp\/v2\/users\/10861"}],"replies":[{"embeddable":true,"href":"https:\/\/blogsaverroes.juntadeandalucia.es\/elblogdefrances\/wp-json\/wp\/v2\/comments?post=703"}],"version-history":[{"count":9,"href":"https:\/\/blogsaverroes.juntadeandalucia.es\/elblogdefrances\/wp-json\/wp\/v2\/pages\/703\/revisions"}],"predecessor-version":[{"id":1758,"href":"https:\/\/blogsaverroes.juntadeandalucia.es\/elblogdefrances\/wp-json\/wp\/v2\/pages\/703\/revisions\/1758"}],"wp:attachment":[{"href":"https:\/\/blogsaverroes.juntadeandalucia.es\/elblogdefrances\/wp-json\/wp\/v2\/media?parent=703"}],"curies":[{"name":"wp","href":"https:\/\/api.w.org\/{rel}","templated":true}]}}