{"id":719,"date":"2023-09-13T21:39:59","date_gmt":"2023-09-13T21:39:59","guid":{"rendered":"https:\/\/blogsaverroes.juntadeandalucia.es\/elblogdefrances\/?page_id=719"},"modified":"2023-11-01T23:19:41","modified_gmt":"2023-11-01T23:19:41","slug":"primer-trimestre","status":"publish","type":"page","link":"https:\/\/blogsaverroes.juntadeandalucia.es\/elblogdefrances\/primer-trimestre\/","title":{"rendered":"Primer trimestre de 5\u00ba"},"content":{"rendered":"<p style=\"text-align: center\"><span style=\"font-size: 18pt\"><strong>Bienvenue \u00e0 tous et \u00e0 toutes!!\u2665<\/strong><\/span><\/p>\n<p style=\"text-align: center\"><strong><img loading=\"lazy\" decoding=\"async\" class=\"aligncenter\" src=\"https:\/\/sdk.bitmoji.com\/render\/panel\/ccd0d7b1-8a5e-4af4-8730-9f9640abc7fd-50bc4073-95ba-461b-9f2f-35a27f937822-v1.png?transparent=1&amp;palette=1\" alt=\"Bitmoji Image\" width=\"206\" height=\"206\"><\/strong><\/p>\n<ul>\n<li><span style=\"font-family: 'comic sans ms', sans-serif\"><strong><span style=\"font-size: 14pt\">\u00bfQu\u00e9 conoces de Francia?&nbsp;<\/span><\/strong><\/span><\/li>\n<li><a href=\"https:\/\/drive.google.com\/file\/d\/112carXW_VHb9dMEt8fpMAan80NrNuWmd\/view?usp=drive_link\">https:\/\/drive.google.com\/file\/d\/112carXW_VHb9dMEt8fpMAan80NrNuWmd\/view?usp=drive_link<\/a><\/li>\n<li><a href=\"https:\/\/drive.google.com\/file\/d\/1b07fI_U44jcQ8saRHRqcHnwHXQhf-HFP\/view?usp=sharing\">https:\/\/drive.google.com\/file\/d\/1b07fI_U44jcQ8saRHRqcHnwHXQhf-HFP\/view?usp=sharing<\/a><\/li>\n<\/ul>\n<p>&nbsp;<\/p>\n<ul>\n<li><span style=\"font-family: 'comic sans ms', sans-serif\"><strong><span style=\"font-size: 14pt\">\u00bfC\u00f3mo te gustar\u00eda que fuesen las clases? Te doy la bienvenida como lo hizo mi compi de Murcia.<\/span><\/strong><\/span><\/li>\n<\/ul>\n<p><a href=\"https:\/\/drive.google.com\/file\/d\/1pmCsa9uvcrveA8d0ogDFJ_1mVOZWEe5g\/view?usp=sharing\">https:\/\/drive.google.com\/file\/d\/1pmCsa9uvcrveA8d0ogDFJ_1mVOZWEe5g\/view?usp=sharing<\/a><\/p>\n<ul>\n<li><strong><span style=\"font-size: 14pt;color: #ff0000\"><span style=\"color: #000000\">Nuestro grito de trabajo ser\u00e1<\/span>&#8230;1,2,3,&#8230;Croissant!<\/span><\/strong><strong style=\"font-family: 'Open Sans', sans-serif;font-size: 15px;font-style: normal\"><span style=\"font-size: 14pt;color: #ff0000\"><span style=\"color: #993300\"><img loading=\"lazy\" decoding=\"async\" class=\"\" src=\"https:\/\/sdk.bitmoji.com\/render\/panel\/ff5bbaab-addc-439d-8088-a973db0bdfbb-50bc4073-95ba-461b-9f2f-35a27f937822-v1.png?transparent=1&amp;palette=1\" alt=\"fingers crossed\" width=\"177\" height=\"177\"><\/span><\/span><\/strong><\/li>\n<li><span style=\"font-size: 14pt\"><strong>Nuestra canci\u00f3n de bienvenida de mi grupo favorito.&nbsp;<\/strong><\/span><\/li>\n<\/ul>\n<p style=\"text-align: center\"><iframe loading=\"lazy\" src=\"\/\/www.youtube.com\/embed\/lm2EXph3tLk\" width=\"357\" height=\"200\"><\/iframe><\/p>\n<ul>\n<li><strong>Os dejo la ficha<\/strong> para que pod\u00e1is imprimirla y colorearla. Ser\u00e1 nuestra <em><strong>\u00abpage de garde\u00bb.<\/strong><\/em><\/li>\n<\/ul>\n<p><a href=\"https:\/\/fr.islcollective.com\/francais-fle-fiches-pedagogiques\/tema-de-gramatica\/adjectifs\/cover\/10073\">https:\/\/fr.islcollective.com\/francais-fle-fiches-pedagogiques\/tema-de-gramatica\/adjectifs\/cover\/10073<\/a><\/p>\n<ul>\n<li><strong>Consignas de clase:<\/strong><\/li>\n<\/ul>\n<p style=\"text-align: center\"><iframe loading=\"lazy\" src=\"\/\/www.youtube.com\/embed\/Qrzgw-_44mc?t=95s\" width=\"446\" height=\"250\"><\/iframe><\/p>\n<p>Sesi\u00f3n 1: Aprender a saludar y a decir c\u00f3mo nos encontramos. Escucha esta canci\u00f3n.<\/p>\n<p style=\"text-align: center\"><iframe loading=\"lazy\" src=\"\/\/www.youtube.com\/embed\/atNkI6QFZ50\" width=\"446\" height=\"250\"><\/iframe><\/p>\n<h6 style=\"text-align: center\"><strong><span style=\"font-size: 12pt;font-family: 'book antiqua', palatino, serif\">Bonjour, bonjour<\/span><\/strong><\/h6>\n<p style=\"text-align: center\"><span style=\"font-family: 'comic sans ms', sans-serif;font-size: 12pt\"><strong> Comment \u00e7a va?&nbsp; xx<\/strong><\/span><\/p>\n<p style=\"text-align: center\"><span style=\"font-family: 'comic sans ms', sans-serif;font-size: 12pt\"><strong>Bonjour, bonjour Tr\u00e9s bien, merci <\/strong><\/span><\/p>\n<p style=\"text-align: center\"><span style=\"font-family: 'comic sans ms', sans-serif;font-size: 12pt\"><strong>Je suis content d&#8217;\u00eatre ici <\/strong><\/span><\/p>\n<p style=\"text-align: center\"><span style=\"font-family: 'comic sans ms', sans-serif;font-size: 12pt\"><strong>Avec tous mes petits amis<\/strong><\/span><\/p>\n<p style=\"text-align: center\"><span style=\"font-size: 12pt\"><strong><span style=\"font-family: 'comic sans ms', sans-serif\"> Bonjour, bonjour <\/span><\/strong><\/span><\/p>\n<p style=\"text-align: center\"><span style=\"font-size: 12pt\"><strong><span style=\"font-family: 'comic sans ms', sans-serif\">Comment \u00e7a va? xx<\/span><\/strong><\/span><\/p>\n<p style=\"text-align: center\"><span style=\"font-family: 'comic sans ms', sans-serif;font-size: 12pt\"><strong>Merci, merci, merci d\u00b4\u00catre ici<\/strong><\/span><\/p>\n<p style=\"text-align: center\"><span style=\"font-family: 'comic sans ms', sans-serif;font-size: 12pt\"><strong>Merci, merci<\/strong><\/span><\/p>\n<p style=\"text-align: center\"><span style=\"font-family: 'comic sans ms', sans-serif;font-size: 12pt\"><strong>\u00c9coutez!<\/strong><\/span><\/p>\n<p style=\"text-align: center\"><span style=\"font-family: 'comic sans ms', sans-serif;font-size: 12pt\"><strong>Aimez vous cette chanson?<\/strong><\/span><\/p>\n<p style=\"text-align: center\"><span style=\"font-family: 'comic sans ms', sans-serif;font-size: 12pt\"><strong>J\u00b4esp\u00e8re que je suis dans le ton<\/strong><\/span><\/p>\n<p style=\"text-align: center\"><span style=\"font-family: 'comic sans ms', sans-serif;font-size: 12pt\"><strong>Merci, merci,<\/strong><\/span><\/p>\n<p style=\"text-align: center\"><span style=\"font-family: 'comic sans ms', sans-serif;font-size: 12pt\"><strong>Merci d\u00b4\u00eatre ici.<\/strong><\/span><\/p>\n<p>&nbsp;<\/p>\n<h6><span style=\"font-family: 'arial black', sans-serif;color: #ff0000\">Aprendamos ahora a decir c\u00f3mo estamos:&nbsp; <\/span><span style=\"font-family: 'arial black', sans-serif;color: #ff0000\">Comment \u00e7a va?<\/span><\/h6>\n<p style=\"text-align: center\"><img loading=\"lazy\" decoding=\"async\" class=\"alignnone wp-image-220 size-full\" src=\"https:\/\/blogsaverroes.juntadeandalucia.es\/elblogdefrances\/files\/2020\/11\/\u00e7a-va.png\" alt=\"\" width=\"529\" height=\"403\" srcset=\"https:\/\/blogsaverroes.juntadeandalucia.es\/elblogdefrances\/files\/2020\/11\/\u00e7a-va.png 529w, https:\/\/blogsaverroes.juntadeandalucia.es\/elblogdefrances\/files\/2020\/11\/\u00e7a-va-300x229.png 300w, https:\/\/blogsaverroes.juntadeandalucia.es\/elblogdefrances\/files\/2020\/11\/\u00e7a-va-332x253.png 332w, https:\/\/blogsaverroes.juntadeandalucia.es\/elblogdefrances\/files\/2020\/11\/\u00e7a-va-24x18.png 24w, https:\/\/blogsaverroes.juntadeandalucia.es\/elblogdefrances\/files\/2020\/11\/\u00e7a-va-36x27.png 36w, https:\/\/blogsaverroes.juntadeandalucia.es\/elblogdefrances\/files\/2020\/11\/\u00e7a-va-48x37.png 48w\" sizes=\"(max-width: 529px) 100vw, 529px\" \/><\/p>\n<ul>\n<li>A continuaci\u00f3n, ver\u00e1s c\u00f3mo se saluda en franc\u00e9s dependiendo de la hora del d\u00eda. F\u00edjate bien y escucha con atenci\u00f3n en este v\u00eddeo:<\/li>\n<\/ul>\n<p style=\"text-align: center\"><iframe loading=\"lazy\" src=\"\/\/www.youtube.com\/embed\/wI5G3fcup5w?t=10s\" width=\"446\" height=\"250\"><\/iframe><\/p>\n<p><span style=\"color: #008000\">Aprendamos ahora <span style=\"color: #339966\"><strong>5 formas de saludar y 5 formas de despedirse. Est\u00e1n ordenadas seg\u00fan sale el sol y hasta que anochece.<\/strong><\/span><\/span><\/p>\n<p style=\"text-align: center\"><a href=\"https:\/\/drive.google.com\/file\/d\/1GRjJxb--MFs_DospvuNfDCwTy7GYltYD\/view?usp=sharing\"><img loading=\"lazy\" decoding=\"async\" class=\"alignnone wp-image-251\" src=\"https:\/\/blogsaverroes.juntadeandalucia.es\/elblogdefrances\/files\/2020\/12\/manos-300x194.png\" alt=\"\" width=\"326\" height=\"211\" srcset=\"https:\/\/blogsaverroes.juntadeandalucia.es\/elblogdefrances\/files\/2020\/12\/manos-300x194.png 300w, https:\/\/blogsaverroes.juntadeandalucia.es\/elblogdefrances\/files\/2020\/12\/manos-332x215.png 332w, https:\/\/blogsaverroes.juntadeandalucia.es\/elblogdefrances\/files\/2020\/12\/manos-24x16.png 24w, https:\/\/blogsaverroes.juntadeandalucia.es\/elblogdefrances\/files\/2020\/12\/manos-36x23.png 36w, https:\/\/blogsaverroes.juntadeandalucia.es\/elblogdefrances\/files\/2020\/12\/manos-48x31.png 48w, https:\/\/blogsaverroes.juntadeandalucia.es\/elblogdefrances\/files\/2020\/12\/manos.png 543w\" sizes=\"(max-width: 326px) 100vw, 326px\" \/><\/a><\/p>\n<p style=\"text-align: center\"><iframe loading=\"lazy\" src=\"\/\/www.youtube.com\/embed\/WhbvCHT6SKw\" width=\"446\" height=\"250\"><\/iframe><\/p>\n<ul>\n<li>\u00bfSabr\u00edas decirme cu\u00e1ntas veces escuchas la palabra <strong>Bonjour<\/strong> en este extracto de pel\u00edcula?<\/li>\n<\/ul>\n<p style=\"text-align: center\"><iframe loading=\"lazy\" src=\"\/\/www.youtube.com\/embed\/Vm7gj9vqBjY?t=138s\" width=\"350\" height=\"196\"><\/iframe><\/p>\n<ul>\n<li>Practica jugando:\n<div><iframe src=\"\/\/www.educandy.com\/site\/resource_embedded.php?activity-code=11a13e&quot;\" width=\"&quot;60%&quot;\"><\/iframe><\/div>\n<\/li>\n<li><a href=\"https:\/\/www.educandy.com\/site\/resource.php?activity-code=11a13e\">https:\/\/www.educandy.com\/site\/resource.php?activity-code=11a13e<\/a><\/li>\n<li>Aprenderemos a presentarnos:<\/li>\n<\/ul>\n<p style=\"text-align: center\"><iframe loading=\"lazy\" src=\"\/\/www.youtube.com\/embed\/9BgyvEXTZbk\" width=\"446\" height=\"250\"><\/iframe><\/p>\n<ul>\n<li><strong>Practiquemos \u00abil s\u00b4appelle,,,elle s\u00b4appelle&#8230;&nbsp;<\/strong><a href=\"https:\/\/view.genial.ly\/5d02102850998d0f719041b7\/presentation-comment-ilelle-sappelle\"><img loading=\"lazy\" decoding=\"async\" class=\"wp-image-773 size-full aligncenter\" src=\"https:\/\/blogsaverroes.juntadeandalucia.es\/elblogdefrances\/files\/2023\/10\/Captura-de-pantalla-105-e1696449231166.png\" alt=\"\" width=\"351\" height=\"232\" srcset=\"https:\/\/blogsaverroes.juntadeandalucia.es\/elblogdefrances\/files\/2023\/10\/Captura-de-pantalla-105-e1696449231166.png 351w, https:\/\/blogsaverroes.juntadeandalucia.es\/elblogdefrances\/files\/2023\/10\/Captura-de-pantalla-105-e1696449231166-300x198.png 300w, https:\/\/blogsaverroes.juntadeandalucia.es\/elblogdefrances\/files\/2023\/10\/Captura-de-pantalla-105-e1696449231166-332x219.png 332w\" sizes=\"(max-width: 351px) 100vw, 351px\" \/><\/a><\/li>\n<li>Mira c\u00f3mo <strong>se saludan<\/strong> estos amigos. Escucha y ponte a prueba para ver si lo has comprendido.<\/li>\n<\/ul>\n<p style=\"text-align: center\"><iframe loading=\"lazy\" src=\"\/\/www.youtube.com\/embed\/iT72GMl-VlI\" width=\"446\" height=\"250\"><\/iframe><\/p>\n<ul>\n<li>Aprendemos <strong>el vocabulario<\/strong> del tema 1. P\u00e1ginas 8-9 del libro \u00e9lastique. Practica con este juego de educandy:&nbsp;<a href=\"https:\/\/www.educandy.com\/site\/resource.php?activity-code=11ad7c\">https:\/\/www.educandy.com\/site\/resource.php?activity-code=11ad7c<\/a>\n<div>&nbsp;<\/div>\n<\/li>\n<li>Te dejo un quiz <strong>MARCIANITOS<\/strong>, para que juegues y repases el vocabulario de la unit\u00e9 1.<\/li>\n<\/ul>\n<p style=\"text-align: center\"><a href=\"https:\/\/view.genial.ly\/6542c7e64dc4410011b3fc15\/interactive-content-quiz-marcianitos\"><img loading=\"lazy\" decoding=\"async\" class=\"alignnone wp-image-801\" src=\"https:\/\/blogsaverroes.juntadeandalucia.es\/elblogdefrances\/files\/2023\/11\/Captura-de-pantalla-112-e1698878793536.png\" alt=\"\" width=\"304\" height=\"202\" srcset=\"https:\/\/blogsaverroes.juntadeandalucia.es\/elblogdefrances\/files\/2023\/11\/Captura-de-pantalla-112-e1698878793536.png 884w, https:\/\/blogsaverroes.juntadeandalucia.es\/elblogdefrances\/files\/2023\/11\/Captura-de-pantalla-112-e1698878793536-300x199.png 300w, https:\/\/blogsaverroes.juntadeandalucia.es\/elblogdefrances\/files\/2023\/11\/Captura-de-pantalla-112-e1698878793536-768x510.png 768w, https:\/\/blogsaverroes.juntadeandalucia.es\/elblogdefrances\/files\/2023\/11\/Captura-de-pantalla-112-e1698878793536-700x465.png 700w, https:\/\/blogsaverroes.juntadeandalucia.es\/elblogdefrances\/files\/2023\/11\/Captura-de-pantalla-112-e1698878793536-332x220.png 332w\" sizes=\"(max-width: 304px) 100vw, 304px\" \/><\/a><\/p>\n<ul>\n<li><strong>Los n\u00fameros del 1 al 20.<\/strong><\/li>\n<\/ul>\n<p style=\"text-align: center\"><iframe loading=\"lazy\" src=\"\/\/www.youtube.com\/embed\/UsEz58BblMY\" width=\"250\" height=\"140\"><\/iframe><\/p>\n<ul>\n<li><strong>Ficha interactiva.<\/strong> Escucha el n\u00famero y escribe con letra:&nbsp;<a href=\"https:\/\/www.liveworksheets.com\/es\/c?a=s&amp;t=eDPzhFyGVS&amp;sr=n&amp;l=lj&amp;i=szsnoou&amp;r=pg&amp;f=dzdtuuzu&amp;ms=uz&amp;cd=pr--gw-i---laqpgpljjxhbngnzxxgxxg&amp;mw=hs\">https:\/\/www.liveworksheets.com\/es\/c?a=s&amp;t=eDPzhFyGVS&amp;sr=n&amp;l=lj&amp;i=szsnoou&amp;r=pg&amp;f=dzdtuuzu&amp;ms=uz&amp;cd=pr&#8211;gw-i&#8212;laqpgpljjxhbngnzxxgxxg&amp;mw=hs<\/a><\/li>\n<li><strong>Ficha interactiva.<\/strong> N\u00fameros del 1 al 20.&nbsp;<a href=\"https:\/\/www.liveworksheets.com\/es\/c?a=s&amp;t=eDPzhFyGVS&amp;sr=n&amp;l=nm&amp;i=duzdftd&amp;r=he&amp;f=dzdtuuzu&amp;ms=uz&amp;cd=pr--gw-i---llvnxgneznwrngnzxxgxxg&amp;mw=hs\">https:\/\/www.liveworksheets.com\/es\/c?a=s&amp;t=eDPzhFyGVS&amp;sr=n&amp;l=nm&amp;i=duzdftd&amp;r=he&amp;f=dzdtuuzu&amp;ms=uz&amp;cd=pr&#8211;gw-i&#8212;llvnxgneznwrngnzxxgxxg&amp;mw=hs<\/a><\/li>\n<li><strong>Ficha interactiva.&nbsp;<a href=\"https:\/\/www.liveworksheets.com\/es\/c?a=s&amp;t=eDPzhFyGVS&amp;sr=n&amp;l=ts&amp;i=xszcdn&amp;r=qx&amp;f=dzdtuuzu&amp;ms=uz&amp;cd=pr--gw-i---lzpmpgknltmngnzxxgxxg&amp;mw=hs\">https:\/\/www.liveworksheets.com\/es\/c?a=s&amp;t=eDPzhFyGVS&amp;sr=n&amp;l=ts&amp;i=xszcdn&amp;r=qx&amp;f=dzdtuuzu&amp;ms=uz&amp;cd=pr&#8211;gw-i&#8212;lzpmpgknltmngnzxxgxxg&amp;mw=hs<\/a><\/strong><\/li>\n<li><strong>Quiz: <a href=\"https:\/\/view.genial.ly\/637318a472c4dc0010bdd8bd\/interactive-content-quiz-les-nombres-de-0-a-20\"><img loading=\"lazy\" decoding=\"async\" class=\"wp-image-807 aligncenter\" src=\"https:\/\/blogsaverroes.juntadeandalucia.es\/elblogdefrances\/files\/2023\/11\/Captura-de-pantalla-114-e1698880417837.png\" alt=\"\" width=\"364\" height=\"153\" srcset=\"https:\/\/blogsaverroes.juntadeandalucia.es\/elblogdefrances\/files\/2023\/11\/Captura-de-pantalla-114-e1698880417837.png 1161w, https:\/\/blogsaverroes.juntadeandalucia.es\/elblogdefrances\/files\/2023\/11\/Captura-de-pantalla-114-e1698880417837-300x126.png 300w, https:\/\/blogsaverroes.juntadeandalucia.es\/elblogdefrances\/files\/2023\/11\/Captura-de-pantalla-114-e1698880417837-1024x430.png 1024w, https:\/\/blogsaverroes.juntadeandalucia.es\/elblogdefrances\/files\/2023\/11\/Captura-de-pantalla-114-e1698880417837-768x323.png 768w, https:\/\/blogsaverroes.juntadeandalucia.es\/elblogdefrances\/files\/2023\/11\/Captura-de-pantalla-114-e1698880417837-700x294.png 700w, https:\/\/blogsaverroes.juntadeandalucia.es\/elblogdefrances\/files\/2023\/11\/Captura-de-pantalla-114-e1698880417837-332x140.png 332w\" sizes=\"(max-width: 364px) 100vw, 364px\" \/><\/a><\/strong><\/li>\n<li><strong>Ejercicios en Genially<\/strong> para practicar los n\u00fameros:<\/li>\n<\/ul>\n<p><a href=\"https:\/\/view.genial.ly\/5fa2a8405ef4550d7bcc1406\/learning-experience-didactic-unit-numeros-de-0-a-20\"><img loading=\"lazy\" decoding=\"async\" class=\"wp-image-809 aligncenter\" src=\"https:\/\/blogsaverroes.juntadeandalucia.es\/elblogdefrances\/files\/2023\/11\/Captura-de-pantalla-115-e1698880681523.png\" alt=\"\" width=\"470\" height=\"212\" srcset=\"https:\/\/blogsaverroes.juntadeandalucia.es\/elblogdefrances\/files\/2023\/11\/Captura-de-pantalla-115-e1698880681523.png 1034w, https:\/\/blogsaverroes.juntadeandalucia.es\/elblogdefrances\/files\/2023\/11\/Captura-de-pantalla-115-e1698880681523-300x135.png 300w, https:\/\/blogsaverroes.juntadeandalucia.es\/elblogdefrances\/files\/2023\/11\/Captura-de-pantalla-115-e1698880681523-1024x462.png 1024w, https:\/\/blogsaverroes.juntadeandalucia.es\/elblogdefrances\/files\/2023\/11\/Captura-de-pantalla-115-e1698880681523-768x347.png 768w, https:\/\/blogsaverroes.juntadeandalucia.es\/elblogdefrances\/files\/2023\/11\/Captura-de-pantalla-115-e1698880681523-700x316.png 700w, https:\/\/blogsaverroes.juntadeandalucia.es\/elblogdefrances\/files\/2023\/11\/Captura-de-pantalla-115-e1698880681523-332x150.png 332w\" sizes=\"(max-width: 470px) 100vw, 470px\" \/><\/a><\/p>\n","protected":false},"excerpt":{"rendered":"<p>Bienvenue \u00e0 tous et \u00e0 toutes!!\u2665 \u00bfQu\u00e9 conoces de Francia?&nbsp; https:\/\/drive.google.com\/file\/d\/112carXW_VHb9dMEt8fpMAan80NrNuWmd\/view?usp=drive_link https:\/\/drive.google.com\/file\/d\/1b07fI_U44jcQ8saRHRqcHnwHXQhf-HFP\/view?usp=sharing &nbsp; \u00bfC\u00f3mo te gustar\u00eda que fuesen las clases? Te doy la bienvenida como lo hizo mi compi de Murcia. https:\/\/drive.google.com\/file\/d\/1pmCsa9uvcrveA8d0ogDFJ_1mVOZWEe5g\/view?usp=sharing Nuestro grito&#46;&#46;&#46;<\/p>\n","protected":false},"author":10861,"featured_media":0,"parent":0,"menu_order":0,"comment_status":"closed","ping_status":"closed","template":"","meta":{"ngg_post_thumbnail":0,"footnotes":""},"aioseo_notices":[],"_links":{"self":[{"href":"https:\/\/blogsaverroes.juntadeandalucia.es\/elblogdefrances\/wp-json\/wp\/v2\/pages\/719"}],"collection":[{"href":"https:\/\/blogsaverroes.juntadeandalucia.es\/elblogdefrances\/wp-json\/wp\/v2\/pages"}],"about":[{"href":"https:\/\/blogsaverroes.juntadeandalucia.es\/elblogdefrances\/wp-json\/wp\/v2\/types\/page"}],"author":[{"embeddable":true,"href":"https:\/\/blogsaverroes.juntadeandalucia.es\/elblogdefrances\/wp-json\/wp\/v2\/users\/10861"}],"replies":[{"embeddable":true,"href":"https:\/\/blogsaverroes.juntadeandalucia.es\/elblogdefrances\/wp-json\/wp\/v2\/comments?post=719"}],"version-history":[{"count":32,"href":"https:\/\/blogsaverroes.juntadeandalucia.es\/elblogdefrances\/wp-json\/wp\/v2\/pages\/719\/revisions"}],"predecessor-version":[{"id":810,"href":"https:\/\/blogsaverroes.juntadeandalucia.es\/elblogdefrances\/wp-json\/wp\/v2\/pages\/719\/revisions\/810"}],"wp:attachment":[{"href":"https:\/\/blogsaverroes.juntadeandalucia.es\/elblogdefrances\/wp-json\/wp\/v2\/media?parent=719"}],"curies":[{"name":"wp","href":"https:\/\/api.w.org\/{rel}","templated":true}]}}