{"id":722,"date":"2023-09-13T21:41:06","date_gmt":"2023-09-13T21:41:06","guid":{"rendered":"https:\/\/blogsaverroes.juntadeandalucia.es\/elblogdefrances\/?page_id=722"},"modified":"2025-09-22T07:55:36","modified_gmt":"2025-09-22T07:55:36","slug":"primer-trimestre-2","status":"publish","type":"page","link":"https:\/\/blogsaverroes.juntadeandalucia.es\/elblogdefrances\/primer-trimestre-2\/","title":{"rendered":"Primer trimestre de 6\u00ba"},"content":{"rendered":"<p><span style=\"font-size: 14pt\"><strong>Bienvenue \u00e1 tous et \u00e1 toutes \u00e0 Sixi\u00e8me ann\u00e9e!!<\/strong><\/span><\/p>\n<p><img loading=\"lazy\" decoding=\"async\" class=\"aligncenter\" src=\"https:\/\/sdk.bitmoji.com\/render\/panel\/ca903b65-e4d1-442e-83ed-2d114d935f01-50bc4073-95ba-461b-9f2f-35a27f937822-v1.png?transparent=1&amp;palette=1\" alt=\"envelope greeting\" width=\"209\" height=\"209\"><\/p>\n<ul>\n<li>Haz clic para descargar la ficha de repaso en forma de<strong> lapbook.<\/strong><\/li>\n<\/ul>\n<p><a href=\"https:\/\/drive.google.com\/file\/d\/1OpWYmossZBy2l1M2eV8SMdmEz9AxRNHA\/view?usp=sharing\">https:\/\/drive.google.com\/file\/d\/1OpWYmossZBy2l1M2eV8SMdmEz9AxRNHA\/view?usp=sharing<\/a><\/p>\n<ul>\n<li>Haz clic en la ppt para repasar.<\/li>\n<\/ul>\n<p><a href=\"https:\/\/docs.google.com\/presentation\/d\/1ORI2C1cfgv42wZn3OII7LqeRy3AzNKp0\/edit?usp=sharing&amp;ouid=101423847111824307992&amp;rtpof=true&amp;sd=true\">https:\/\/docs.google.com\/presentation\/d\/1ORI2C1cfgv42wZn3OII7LqeRy3AzNKp0\/edit?usp=sharing&amp;ouid=101423847111824307992&amp;rtpof=true&amp;sd=true<\/a><\/p>\n<ul>\n<li>Juego de wordwall para repasar d\u00edas de la semana, meses y estaci\u00f3n del a\u00f1o:<\/li>\n<\/ul>\n<p><a href=\"https:\/\/wordwall.net\/es\/resource\/20937490\/les-saisons-mois-jours-de-semaine\">https:\/\/wordwall.net\/es\/resource\/20937490\/les-saisons-mois-jours-de-semaine<\/a><\/p>\n<ul style=\"list-style-type: circle\">\n<li>wordwall repaso numeros<\/li>\n<\/ul>\n<p><a href=\"https:\/\/wordwall.net\/es\/resource\/7140589\/les-nombres\">https:\/\/wordwall.net\/es\/resource\/7140589\/les-nombres<\/a><\/p>\n<ul>\n<li style=\"text-align: left\">Recordemos <strong>las consignas de clase.<\/strong><\/li>\n<\/ul>\n<p style=\"text-align: center\"><iframe loading=\"lazy\" src=\"\/\/www.youtube.com\/embed\/OFAWl2y9SzQ\" width=\"446\" height=\"250\"><\/iframe><\/p>\n<ul>\n<li>Ficha <strong>pdf<\/strong> para imprimir y colgar en clase. Haz clic y desc\u00e1rgatela.<\/li>\n<\/ul>\n<p style=\"text-align: center\"><a href=\"https:\/\/drive.google.com\/file\/d\/1IyyYHOHVCKIxkfXw7pSiMFRB9Vam8XE1\/view?usp=sharing\"><img loading=\"lazy\" decoding=\"async\" class=\"alignnone wp-image-758\" src=\"https:\/\/blogsaverroes.juntadeandalucia.es\/elblogdefrances\/files\/2023\/09\/Captura-de-pantalla-104-e1695332433415.png\" alt=\"\" width=\"494\" height=\"355\" srcset=\"https:\/\/blogsaverroes.juntadeandalucia.es\/elblogdefrances\/files\/2023\/09\/Captura-de-pantalla-104-e1695332433415.png 761w, https:\/\/blogsaverroes.juntadeandalucia.es\/elblogdefrances\/files\/2023\/09\/Captura-de-pantalla-104-e1695332433415-300x215.png 300w, https:\/\/blogsaverroes.juntadeandalucia.es\/elblogdefrances\/files\/2023\/09\/Captura-de-pantalla-104-e1695332433415-700x502.png 700w, https:\/\/blogsaverroes.juntadeandalucia.es\/elblogdefrances\/files\/2023\/09\/Captura-de-pantalla-104-e1695332433415-332x238.png 332w\" sizes=\"(max-width: 494px) 100vw, 494px\" \/><\/a><\/p>\n<ul>\n<li>Comencemos aprendiendo a <strong>contar hasta el 60<\/strong>.<\/li>\n<\/ul>\n<p style=\"text-align: center\"><iframe loading=\"lazy\" src=\"\/\/www.youtube.com\/embed\/DnrTrbJ6mYs\" width=\"350\" height=\"196\"><\/iframe><\/p>\n<ul>\n<li>Te dejo una <strong>ficha<\/strong> para que la tengas a mano, \u00a1 Haz clic Impr\u00edmela y gu\u00e1rdala!&nbsp;<a href=\"https:\/\/drive.google.com\/file\/d\/1AO1fWYYejm2QYc3kmrPJn3ysaVKj_yi3\/view?usp=drive_link\">https:\/\/drive.google.com\/file\/d\/1AO1fWYYejm2QYc3kmrPJn3ysaVKj_yi3\/view?usp=drive_link<\/a><\/li>\n<li>Aprendamos ahora a decir Qu\u00e9 hora es? <em><strong>Quelle heure est-il?<\/strong><\/em><\/li>\n<\/ul>\n<p style=\"text-align: center\"><iframe loading=\"lazy\" src=\"\/\/www.youtube.com\/embed\/1zYIOBs6-TY\" width=\"250\" height=\"140\"><\/iframe><\/p>\n<ul>\n<li>Os dejo <strong>ficha interactivas:<\/strong>&nbsp;<a href=\"https:\/\/www.liveworksheets.com\/es\/c?a=s&amp;t=eDPzhFyGVS&amp;sr=n&amp;l=fp&amp;i=utnoxts&amp;r=ma&amp;f=dzdtuzdz&amp;ms=uz&amp;cd=pr--gw-i---lehxzljmzpvdngnzxgngxg&amp;mw=hs\">https:\/\/www.liveworksheets.com\/es\/c?a=s&amp;t=eDPzhFyGVS&amp;sr=n&amp;l=fp&amp;i=utnoxts&amp;r=ma&amp;f=dzdtuzdz&amp;ms=uz&amp;cd=pr&#8211;gw-i&#8212;lehxzljmzpvdngnzxgngxg&amp;mw=hs<\/a><\/li>\n<li>Estudiemos ahora <strong>las activit\u00e9s du week-end<\/strong> (las actividades del fin de semana). Os dejo un quiz.<\/li>\n<\/ul>\n<p><a href=\"https:\/\/view.genial.ly\/6542842b5a26f20011742a50\/interactive-content-quiz-activites-du-week-end\"><img loading=\"lazy\" decoding=\"async\" class=\" wp-image-799 aligncenter\" src=\"https:\/\/blogsaverroes.juntadeandalucia.es\/elblogdefrances\/files\/2023\/11\/Captura-de-pantalla-107-e1698874577955.png\" alt=\"\" width=\"526\" height=\"294\" srcset=\"https:\/\/blogsaverroes.juntadeandalucia.es\/elblogdefrances\/files\/2023\/11\/Captura-de-pantalla-107-e1698874577955.png 775w, https:\/\/blogsaverroes.juntadeandalucia.es\/elblogdefrances\/files\/2023\/11\/Captura-de-pantalla-107-e1698874577955-300x168.png 300w, https:\/\/blogsaverroes.juntadeandalucia.es\/elblogdefrances\/files\/2023\/11\/Captura-de-pantalla-107-e1698874577955-768x429.png 768w, https:\/\/blogsaverroes.juntadeandalucia.es\/elblogdefrances\/files\/2023\/11\/Captura-de-pantalla-107-e1698874577955-700x393.png 700w, https:\/\/blogsaverroes.juntadeandalucia.es\/elblogdefrances\/files\/2023\/11\/Captura-de-pantalla-107-e1698874577955-332x185.png 332w\" sizes=\"(max-width: 526px) 100vw, 526px\" \/><\/a><\/p>\n","protected":false},"excerpt":{"rendered":"<p>Bienvenue \u00e1 tous et \u00e1 toutes \u00e0 Sixi\u00e8me ann\u00e9e!! Haz clic para descargar la ficha de repaso en forma de lapbook. https:\/\/drive.google.com\/file\/d\/1OpWYmossZBy2l1M2eV8SMdmEz9AxRNHA\/view?usp=sharing Haz clic en la ppt para repasar. https:\/\/docs.google.com\/presentation\/d\/1ORI2C1cfgv42wZn3OII7LqeRy3AzNKp0\/edit?usp=sharing&amp;ouid=101423847111824307992&amp;rtpof=true&amp;sd=true Juego de wordwall para&#46;&#46;&#46;<\/p>\n","protected":false},"author":10861,"featured_media":0,"parent":0,"menu_order":0,"comment_status":"closed","ping_status":"closed","template":"","meta":{"ngg_post_thumbnail":0,"footnotes":""},"aioseo_notices":[],"_links":{"self":[{"href":"https:\/\/blogsaverroes.juntadeandalucia.es\/elblogdefrances\/wp-json\/wp\/v2\/pages\/722"}],"collection":[{"href":"https:\/\/blogsaverroes.juntadeandalucia.es\/elblogdefrances\/wp-json\/wp\/v2\/pages"}],"about":[{"href":"https:\/\/blogsaverroes.juntadeandalucia.es\/elblogdefrances\/wp-json\/wp\/v2\/types\/page"}],"author":[{"embeddable":true,"href":"https:\/\/blogsaverroes.juntadeandalucia.es\/elblogdefrances\/wp-json\/wp\/v2\/users\/10861"}],"replies":[{"embeddable":true,"href":"https:\/\/blogsaverroes.juntadeandalucia.es\/elblogdefrances\/wp-json\/wp\/v2\/comments?post=722"}],"version-history":[{"count":12,"href":"https:\/\/blogsaverroes.juntadeandalucia.es\/elblogdefrances\/wp-json\/wp\/v2\/pages\/722\/revisions"}],"predecessor-version":[{"id":1571,"href":"https:\/\/blogsaverroes.juntadeandalucia.es\/elblogdefrances\/wp-json\/wp\/v2\/pages\/722\/revisions\/1571"}],"wp:attachment":[{"href":"https:\/\/blogsaverroes.juntadeandalucia.es\/elblogdefrances\/wp-json\/wp\/v2\/media?parent=722"}],"curies":[{"name":"wp","href":"https:\/\/api.w.org\/{rel}","templated":true}]}}