{"id":781,"date":"2023-10-04T21:27:25","date_gmt":"2023-10-04T21:27:25","guid":{"rendered":"https:\/\/blogsaverroes.juntadeandalucia.es\/elblogdefrances\/?page_id=781"},"modified":"2023-10-13T14:31:06","modified_gmt":"2023-10-13T14:31:06","slug":"equipo-de-gansos","status":"publish","type":"page","link":"https:\/\/blogsaverroes.juntadeandalucia.es\/elblogdefrances\/equipo-de-gansos\/","title":{"rendered":"Equipo de gansos"},"content":{"rendered":"<p>Bienvenidos a todos y a todas a quinto A. Este a\u00f1o, conocer\u00e9is a una se\u00f1o nueva y aprender\u00e9is muchas cosas. \u00bfEst\u00e1is preparados y preparadas? \u00bfTen\u00e9is vuestros chromebooks listos? \u00a1Adelante!<\/p>\n<p style=\"text-align: center\"><iframe loading=\"lazy\" src=\"\/\/www.youtube.com\/embed\/K5G8gRvx7nQ?pp=ygUNc2VhbW9zIGdhbnNvcw\" width=\"446\" height=\"250\"><\/iframe><\/p>\n<p><img loading=\"lazy\" decoding=\"async\" class=\"alignleft\" src=\"https:\/\/sdk.bitmoji.com\/render\/panel\/9e71d21b-95b4-4a25-b184-861acc0021c2-50bc4073-95ba-461b-9f2f-35a27f937822-v1.png?transparent=1&amp;palette=1\" alt=\"way to go\" width=\"156\" height=\"156\"><\/p>\n<p>A continuaci\u00f3n, te dejo un enlace para que puedas practicar algo de c\u00e1lculo mental:<\/p>\n<p><a href=\"https:\/\/www.educandy.com\/site\/resource.php?activity-code=11a140\">https:\/\/www.educandy.com\/site\/resource.php?activity-code=11a140<\/a><\/p>\n<p>&nbsp;<\/p>\n<p>&nbsp;<\/p>\n<p>&nbsp;<\/p>\n","protected":false},"excerpt":{"rendered":"<p>Bienvenidos a todos y a todas a quinto A. Este a\u00f1o, conocer\u00e9is a una se\u00f1o nueva y aprender\u00e9is muchas cosas. \u00bfEst\u00e1is preparados y preparadas? \u00bfTen\u00e9is vuestros chromebooks listos? \u00a1Adelante! A continuaci\u00f3n, te dejo un&#46;&#46;&#46;<\/p>\n","protected":false},"author":10861,"featured_media":0,"parent":0,"menu_order":0,"comment_status":"closed","ping_status":"closed","template":"","meta":{"ngg_post_thumbnail":0,"footnotes":""},"aioseo_notices":[],"_links":{"self":[{"href":"https:\/\/blogsaverroes.juntadeandalucia.es\/elblogdefrances\/wp-json\/wp\/v2\/pages\/781"}],"collection":[{"href":"https:\/\/blogsaverroes.juntadeandalucia.es\/elblogdefrances\/wp-json\/wp\/v2\/pages"}],"about":[{"href":"https:\/\/blogsaverroes.juntadeandalucia.es\/elblogdefrances\/wp-json\/wp\/v2\/types\/page"}],"author":[{"embeddable":true,"href":"https:\/\/blogsaverroes.juntadeandalucia.es\/elblogdefrances\/wp-json\/wp\/v2\/users\/10861"}],"replies":[{"embeddable":true,"href":"https:\/\/blogsaverroes.juntadeandalucia.es\/elblogdefrances\/wp-json\/wp\/v2\/comments?post=781"}],"version-history":[{"count":5,"href":"https:\/\/blogsaverroes.juntadeandalucia.es\/elblogdefrances\/wp-json\/wp\/v2\/pages\/781\/revisions"}],"predecessor-version":[{"id":788,"href":"https:\/\/blogsaverroes.juntadeandalucia.es\/elblogdefrances\/wp-json\/wp\/v2\/pages\/781\/revisions\/788"}],"wp:attachment":[{"href":"https:\/\/blogsaverroes.juntadeandalucia.es\/elblogdefrances\/wp-json\/wp\/v2\/media?parent=781"}],"curies":[{"name":"wp","href":"https:\/\/api.w.org\/{rel}","templated":true}]}}