{"id":815,"date":"2024-01-07T16:12:17","date_gmt":"2024-01-07T16:12:17","guid":{"rendered":"https:\/\/blogsaverroes.juntadeandalucia.es\/elblogdefrances\/?page_id=815"},"modified":"2025-12-11T23:08:49","modified_gmt":"2025-12-11T23:08:49","slug":"joyeux-noel","status":"publish","type":"page","link":"https:\/\/blogsaverroes.juntadeandalucia.es\/elblogdefrances\/joyeux-noel\/","title":{"rendered":"Joyeux No\u00ebl! \u00a1Feliz Navidad!"},"content":{"rendered":"<div style=\"width: 209px\" class=\"wp-caption alignnone\"><img loading=\"lazy\" decoding=\"async\" src=\"https:\/\/sdk.bitmoji.com\/render\/panel\/7170ce55-4f33-467e-9dda-79ec02b1b604-28f2c39d-de1d-442c-87dd-1d35e1acb416-v1.png?transparent=1&amp;palette=1\" alt=\"Bitmoji Image\" width=\"199\" height=\"199\"><p class=\"wp-caption-text\"><strong>Joyeux No\u00ebl!<\/strong><\/p><\/div>\n<p><strong>Joyeux No\u00ebl! = \u00a1Feliz Navidad! = Happy Christmas!<\/strong><\/p>\n<ul>\n<li><strong>\u00bfDe d\u00f3nde viene esta palabra \u201cNavidad\u201d?<\/strong><\/li>\n<\/ul>\n<p>La Navidad aparece hacia 1112, como resultado de la evoluci\u00f3n fon\u00e9tica de (&nbsp;<em>nael<\/em>&nbsp;) y la modificaci\u00f3n voc\u00e1lica del lat\u00edn&nbsp;<em>natalis<\/em>&nbsp;(&nbsp;<em>relativo al nacimiento<\/em>&nbsp;).&nbsp;La \u201c&nbsp;<em>o<\/em>&nbsp;\u201d de&nbsp;<em>Navidad<\/em>&nbsp;proviene de la disimilaci\u00f3n de las dos \u201c&nbsp;<em>a<\/em>&nbsp;\u201d de&nbsp;<em>natalis<\/em>&nbsp;y la di\u00e9resis (1718).&nbsp;En el uso actual, es una palabra masculina que se vuelve femenina en la frase el\u00edptica&nbsp;<em>Fiesta de Navidad<\/em>&nbsp;.&nbsp;En los siglos XIV&nbsp;<sup>y<\/sup>&nbsp;XV, \u201c\u00a1Navidad!\u201d&nbsp;\u00bb fue un grito de alegr\u00eda al saludar un acontecimiento feliz.&nbsp;Una&nbsp;<em>Navidad<\/em>&nbsp;tambi\u00e9n hace referencia a una canci\u00f3n que se canta en la \u00e9poca navide\u00f1a.<\/p>\n<ul>\n<li><strong>25 de Diciembre ?<\/strong><\/li>\n<\/ul>\n<p>El solsticio de invierno se celebraba antes del cristianismo: los romanos celebraban las Saturnales del 17 al 24 de diciembre.&nbsp;Cuando Julio C\u00e9sar reform\u00f3 el calendario, el solsticio de invierno cay\u00f3 el 25 de diciembre.&nbsp;Fue finalmente en 1582 que el Papa Gregorio XIII decidi\u00f3 corregir el calendario juliano y lo reemplaz\u00f3 por el gregoriano m\u00e1s preciso: elimin\u00f3 el exceso de a\u00f1os bisiestos, pospuso la Pascua hasta el equinoccio de primavera, elimin\u00f3 los d\u00edas entre el 4 y el 15 de octubre de 1582 pero No quiere corregir la Navidad, que entonces era el 25 de diciembre.<\/p>\n<ul>\n<li><strong>Una celebraci\u00f3n que var\u00eda seg\u00fan la regi\u00f3n:<\/strong><\/li>\n<\/ul>\n<p>En Francia, la forma de celebrar la Navidad var\u00eda mucho de una regi\u00f3n a otra.&nbsp;Tambi\u00e9n cambia el nombre de Pap\u00e1 Noel: P\u00e8re Chalande, Homme No\u00ebl, Bonhomme No\u00ebl, Barbassion\u00e9, P\u00e8re Janvier, Saint Nicolas&#8230;<\/p>\n<p>Adem\u00e1s, los franceses aprecian <strong>los belenes<\/strong>&nbsp;y sus decoraciones est\u00e1n inspiradas en las tradiciones regionales.&nbsp;En Provenza, en Aubagne, se fabrican figuras de terracota, a las que llamamos \u00absantons\u00bb (\u00ablei santoun\u00bb en provenzal que significa \u00abpeque\u00f1o santo\u00bb) para ponerlas en belenes.&nbsp;Esta artesan\u00eda provenzal sigue existiendo.&nbsp;Los villancicos tambi\u00e9n tienen su hueco durante las fiestas navide\u00f1as.&nbsp;Tambi\u00e9n fue en Provenza donde se invent\u00f3 la canci\u00f3n \u201cHa nacido, el Ni\u00f1o divino\u201d.<\/p>\n<p>En muchas zonas, fue un momento para recordar a los ca\u00eddos.&nbsp;As\u00ed, en Alsacia, esta vigilia del 24 de diciembre fue llamada \u201cfiesta del recuerdo\u201d.&nbsp;En Breta\u00f1a, la gente rezaba por los muertos;&nbsp;Nada m\u00e1s iniciarse la vigilia se contaron nueve estrellas en el cielo, correspondientes a los nueve meses de espera de la Virgen antes del nacimiento de Cristo.&nbsp;Tambi\u00e9n se dec\u00eda que la Virgen vendr\u00eda a calentarse cerca del tronco de Navidad.&nbsp;En C\u00f3rcega les dejamos las puertas abiertas toda la noche y comida para ellos.<br \/>\nEn Languedoc, era medio vaso de vino, pan, sal y un cuchillo.&nbsp;Finalmente, en los Altos Alpes, brindamos por la salud de los ausentes.&nbsp;A veces se contaban leyendas asombrosas, como en Auvernia y Lemos\u00edn, donde se dec\u00eda que los bueyes ten\u00edan, esa noche, el don de hablar y que dejaban de rumiar al dar las doce de la noche por miedo a despertar al ni\u00f1o Jes\u00fas.<\/p>\n<ul>\n<li><strong>Las decoraciones :<\/strong><\/li>\n<\/ul>\n<p><strong>Las guirnaldas y velas<\/strong>&nbsp;son las m\u00e1s presentes, tanto en el interior de los hogares como en las calles, dan un aire de celebraci\u00f3n.&nbsp;Suelen ser brillantes, por lo que pueden permanecer encendidos toda la noche.<\/p>\n<ul>\n<li><strong>El \u00e1rbol de Navidad,<\/strong>&nbsp;siempre presente en la sala central de la casa, es el lugar sagrado donde se colocar\u00e1n los regalos la noche del 24 y se abrir\u00e1n la ma\u00f1ana del 25.&nbsp;El primer \u00e1rbol de Navidad apareci\u00f3 en S\u00e9lestat, en Alsacia, en 1521. Su origen tambi\u00e9n proviene de los misterios, obras de teatro representadas en iglesias o plazas que, durante el per\u00edodo navide\u00f1o, contaban historias de la creaci\u00f3n del mundo.&nbsp;A menudo, un abeto era el \u00e1rbol de la vida plantado en medio del para\u00edso terrenal.&nbsp;Este \u00e1rbol estaba decorado con&nbsp;<em>oblatas<\/em>&nbsp;(ofrendas, peque\u00f1os manjares que representan hostias), y manzanas que representan el fruto prohibido, objeto del primer pecado.&nbsp;Hoy en d\u00eda las manzanas son sin duda&nbsp;<strong>las bolas navide\u00f1as<\/strong>&nbsp;.&nbsp;Sin embargo, la tradici\u00f3n de un \u00e1rbol decorado es mucho m\u00e1s antigua, ya que los celtas ya decoraban un \u00e1rbol s\u00edmbolo de la vida en la \u00e9poca del solsticio de invierno.<\/li>\n<li><strong>Las coronas de flores<\/strong>&nbsp;vuelven a ser el centro de atenci\u00f3n y, a menudo, se cuelgan en las puertas de las casas para recibir a los invitados.&nbsp;Su origen es alem\u00e1n porque fue Heinrich Wichern quien lo invent\u00f3 en el siglo XIX.&nbsp;Ella era la corona de Adviento y llevaba 4 velas, para los 4 domingos previos a Navidad.&nbsp;Esta costumbre est\u00e1 todav\u00eda muy extendida en Alsacia.<\/li>\n<li><strong>Mercado de Navidad :<\/strong><\/li>\n<\/ul>\n<p>El mercado navide\u00f1o est\u00e1 formado por puestos, generalmente de madera y construidos para la \u00e9poca festiva, que ofrecen objetos de decoraci\u00f3n, juguetes y regalos, a menudo productos artesanales.&nbsp;Dependiendo de la regi\u00f3n, se ofrecen productos culinarios tradicionales.&nbsp;En Francia, la tradici\u00f3n de los mercados navide\u00f1os, viva en el Este (Alsacia), se extendi\u00f3 al resto del pa\u00eds durante los a\u00f1os 90. El mercado de Estrasburgo, que tiene 436 a\u00f1os y donde se puede degustar un excelente vino caliente, recibe 2 millones de visitantes cada a\u00f1o.&nbsp;Los mercados navide\u00f1os suelen durar desde finales de noviembre hasta finales de diciembre.&nbsp;En Par\u00eds, tres grandes mercados son imprescindibles: St Sulpice, La D\u00e9fense y Trocad\u00e9ro.&nbsp;Los m\u00e1s famosos siguen siendo los de Alsacia, que tienen una larga tradici\u00f3n.<\/p>\n<ul>\n<li><strong>Pap\u00e1 Noel :<\/strong><\/li>\n<\/ul>\n<p>Pues s\u00ed, existe, no lo dudes, sobre todo durante la temporada navide\u00f1a. Su imagen actual es en realidad la de un dise\u00f1ador de Coca Cola, el se\u00f1or Haddon Sundblom, a quien todos deber\u00edamos conocer y que lo model\u00f3 en 1931 para una campa\u00f1a publicitaria.&nbsp;A \u00e9l le debemos esta imagen de hombre ben\u00e9volo, de mejillas rojas, jovial con su traje rojo, inspirado en San Nicol\u00e1s, que a\u00fan se celebra en el norte y este de Francia el 6 de diciembre.&nbsp;\u00a1Este santo patr\u00f3n de los ni\u00f1os, acompa\u00f1ado del padre azotador, era mucho m\u00e1s moralizador que nuestro Pap\u00e1 Noel!<\/p>\n<ul>\n<li><strong>En el aspecto comercial, \u00bfqu\u00e9 pasa con la Navidad?<\/strong><\/li>\n<\/ul>\n<p>En gastos, los franceses gastan una media de 583 euros, nuestros amigos chipriotas 1.103 y los irlandeses 1.339. Se estima que el 65% del gasto se destina a regalos, el 22% a comida y el 12% a ocio.<\/p>\n<p>Seg\u00fan se informa, los franceses compraron una media de 11,3 regalos en Navidad, los irlandeses 18,5 y los estadounidenses batieron todos los r\u00e9cords con 22 regalos.&nbsp;El 50% de los adultos recibe un CD o DVD.&nbsp;Para que sepas lo que te espera debajo del \u00e1rbol.<\/p>\n<p>Adem\u00e1s, se venden 5,8 millones de abetos, prefiri\u00e9ndose el abeto natural, el Nordmann, con espinas m\u00e1s resistentes.<\/p>\n<ul>\n<li>El chocolate abunda en nuestros hogares con 40.000 toneladas vendidas, los otros productos m\u00e1s consumidos siguen siendo las ostras, el salm\u00f3n y el foie gras, sin olvidar el tradicional&nbsp;<strong>tronco de Navidad<\/strong>&nbsp;.<\/li>\n<\/ul>\n<p style=\"text-align: center\"><strong>Aqu\u00ed os dejo un villancico: <\/strong><\/p>\n<p>&nbsp;<\/p>\n<ul>\n<li>Enlace a <strong>ficha<\/strong>: haz&nbsp; clic. <a href=\"https:\/\/drive.google.com\/file\/d\/10P5EP2IuuhY634JHiY7agBqH_mBUPcP0\/view?usp=sharing\"><img loading=\"lazy\" decoding=\"async\" class=\"wp-image-820 aligncenter\" src=\"https:\/\/blogsaverroes.juntadeandalucia.es\/elblogdefrances\/files\/2024\/01\/Captura-de-pantalla-120-e1705335596951.png\" alt=\"\" width=\"143\" height=\"188\" srcset=\"https:\/\/blogsaverroes.juntadeandalucia.es\/elblogdefrances\/files\/2024\/01\/Captura-de-pantalla-120-e1705335596951.png 379w, https:\/\/blogsaverroes.juntadeandalucia.es\/elblogdefrances\/files\/2024\/01\/Captura-de-pantalla-120-e1705335596951-228x300.png 228w, https:\/\/blogsaverroes.juntadeandalucia.es\/elblogdefrances\/files\/2024\/01\/Captura-de-pantalla-120-e1705335596951-332x436.png 332w\" sizes=\"(max-width: 143px) 100vw, 143px\" \/><\/a><\/li>\n<\/ul>\n<p>&nbsp; &nbsp; &nbsp; &nbsp; &nbsp; &nbsp; &nbsp; &nbsp;<a href=\"https:\/\/drive.google.com\/file\/d\/1ATr1aZiW0DWbOYKzbSMvE8UtqFbPcHPj\/view?usp=sharing\"><img loading=\"lazy\" decoding=\"async\" class=\"alignnone wp-image-823\" src=\"https:\/\/blogsaverroes.juntadeandalucia.es\/elblogdefrances\/files\/2024\/01\/vive-le-vent.png\" alt=\"\" width=\"297\" height=\"203\"><\/a><\/p>\n<ul>\n<li>Juguemos ahora a<strong> un bingo.<\/strong> Haz clic en la foto.<\/li>\n<\/ul>\n<p><a href=\"https:\/\/drive.google.com\/file\/d\/13gyhcG2lHz8LTIQEalKf_Z1dIPFfRlC-\/view?usp=sharing\">&nbsp;Ma<img loading=\"lazy\" decoding=\"async\" class=\" wp-image-826 aligncenter\" src=\"https:\/\/blogsaverroes.juntadeandalucia.es\/elblogdefrances\/files\/2024\/01\/loto.png\" alt=\"\" width=\"360\" height=\"490\" srcset=\"https:\/\/blogsaverroes.juntadeandalucia.es\/elblogdefrances\/files\/2024\/01\/loto.png 451w, https:\/\/blogsaverroes.juntadeandalucia.es\/elblogdefrances\/files\/2024\/01\/loto-220x300.png 220w, https:\/\/blogsaverroes.juntadeandalucia.es\/elblogdefrances\/files\/2024\/01\/loto-332x452.png 332w\" sizes=\"(max-width: 360px) 100vw, 360px\" \/><\/a><\/p>\n<ul>\n<li><strong>Manualidad Appareil de photo:<\/strong><\/li>\n<\/ul>\n<p><a href=\"https:\/\/drive.google.com\/file\/d\/17NOKuU-RSgJ-TcBfVF6MJqvirgWjK5h-\/view?usp=sharing\"> <img loading=\"lazy\" decoding=\"async\" class=\" wp-image-828 aligncenter\" src=\"https:\/\/blogsaverroes.juntadeandalucia.es\/elblogdefrances\/files\/2024\/01\/APPAREIL.png\" alt=\"\" width=\"345\" height=\"355\" srcset=\"https:\/\/blogsaverroes.juntadeandalucia.es\/elblogdefrances\/files\/2024\/01\/APPAREIL.png 496w, https:\/\/blogsaverroes.juntadeandalucia.es\/elblogdefrances\/files\/2024\/01\/APPAREIL-291x300.png 291w, https:\/\/blogsaverroes.juntadeandalucia.es\/elblogdefrances\/files\/2024\/01\/APPAREIL-332x342.png 332w\" sizes=\"(max-width: 345px) 100vw, 345px\" \/><\/a><\/p>\n<ul>\n<li><strong>Carta a pap\u00e1 No\u00cbl:<\/strong><\/li>\n<\/ul>\n<p><a href=\"https:\/\/docs.google.com\/document\/d\/1qFWES4OIPyqEO4ouoYW-s7ZennwfzilT\/edit?usp=sharing&amp;ouid=108274069397339666539&amp;rtpof=true&amp;sd=true\">https:\/\/docs.google.com\/document\/d\/1qFWES4OIPyqEO4ouoYW-s7ZennwfzilT\/edit?usp=sharing&amp;ouid=108274069397339666539&amp;rtpof=true&amp;sd=true<\/a><\/p>\n<ul>\n<li><strong>Bolas de Navidad<\/strong> para descargar e imprimir y decorar.<a href=\"https:\/\/teteamodeler.ouest-france.fr\/coloriages\/noel-boule.asp\">https:\/\/teteamodeler.ouest-france.fr\/coloriages\/noel-boule.asp<\/a><\/li>\n<\/ul>\n<p>&nbsp;<\/p>\n<p>Aqu\u00ed os dejo unas fichas para trabajar la <a href=\"https:\/\/drive.google.com\/file\/d\/1FIH78cU_ynS4ys2_dbGhThq6IOP_WYCH\/view?usp=sharing\">COMPRENSI\u00d3N ESCRITA<\/a> sobre la Navidad. <a href=\"https:\/\/drive.google.com\/file\/d\/1d8SbWWZFwIDNyCsGlCioM8nzMiPP4P1b\/view?usp=sharing\">Comprensi\u00f3n escrita No\u00eb<\/a>l<\/p>\n<p>&nbsp;<\/p>\n","protected":false},"excerpt":{"rendered":"<p>Joyeux No\u00ebl! = \u00a1Feliz Navidad! = Happy Christmas! \u00bfDe d\u00f3nde viene esta palabra \u201cNavidad\u201d? La Navidad aparece hacia 1112, como resultado de la evoluci\u00f3n fon\u00e9tica de (&nbsp;nael&nbsp;) y la modificaci\u00f3n voc\u00e1lica del lat\u00edn&nbsp;natalis&nbsp;(&nbsp;relativo al&#46;&#46;&#46;<\/p>\n","protected":false},"author":10861,"featured_media":0,"parent":0,"menu_order":0,"comment_status":"closed","ping_status":"closed","template":"","meta":{"ngg_post_thumbnail":0,"footnotes":""},"aioseo_notices":[],"_links":{"self":[{"href":"https:\/\/blogsaverroes.juntadeandalucia.es\/elblogdefrances\/wp-json\/wp\/v2\/pages\/815"}],"collection":[{"href":"https:\/\/blogsaverroes.juntadeandalucia.es\/elblogdefrances\/wp-json\/wp\/v2\/pages"}],"about":[{"href":"https:\/\/blogsaverroes.juntadeandalucia.es\/elblogdefrances\/wp-json\/wp\/v2\/types\/page"}],"author":[{"embeddable":true,"href":"https:\/\/blogsaverroes.juntadeandalucia.es\/elblogdefrances\/wp-json\/wp\/v2\/users\/10861"}],"replies":[{"embeddable":true,"href":"https:\/\/blogsaverroes.juntadeandalucia.es\/elblogdefrances\/wp-json\/wp\/v2\/comments?post=815"}],"version-history":[{"count":13,"href":"https:\/\/blogsaverroes.juntadeandalucia.es\/elblogdefrances\/wp-json\/wp\/v2\/pages\/815\/revisions"}],"predecessor-version":[{"id":1702,"href":"https:\/\/blogsaverroes.juntadeandalucia.es\/elblogdefrances\/wp-json\/wp\/v2\/pages\/815\/revisions\/1702"}],"wp:attachment":[{"href":"https:\/\/blogsaverroes.juntadeandalucia.es\/elblogdefrances\/wp-json\/wp\/v2\/media?parent=815"}],"curies":[{"name":"wp","href":"https:\/\/api.w.org\/{rel}","templated":true}]}}