{"id":949,"date":"2024-02-02T19:09:17","date_gmt":"2024-02-02T19:09:17","guid":{"rendered":"https:\/\/blogsaverroes.juntadeandalucia.es\/elblogdefrances\/?page_id=949"},"modified":"2024-03-02T10:12:51","modified_gmt":"2024-03-02T10:12:51","slug":"frances-5-2","status":"publish","type":"page","link":"https:\/\/blogsaverroes.juntadeandalucia.es\/elblogdefrances\/frances-5-2\/","title":{"rendered":"Franc\u00e9s 5.2"},"content":{"rendered":"<p><strong>\u00a1Ya estamos de vuelta! \u00a1Feliz a\u00f1o nuevo a todos! Este trimestre vamos a tratar todos estos contenidos:<img loading=\"lazy\" decoding=\"async\" class=\"alignleft\" src=\"https:\/\/sdk.bitmoji.com\/render\/panel\/f598e8f8-c3b7-4a8e-a27a-7c6a60a10d76-28f2c39d-de1d-442c-87dd-1d35e1acb416-v1.png?transparent=1&amp;palette=1\" alt=\"happy new year\" width=\"158\" height=\"158\"><\/strong><\/p>\n<ul>\n<li><strong>Les nombres de 20 \u00e0 31.<\/strong><\/li>\n<li><strong>Les couleurs.<\/strong><\/li>\n<li><strong>Le mat\u00e8riel scolaire.<\/strong><\/li>\n<li><strong>Le verbe \u00eatre.<\/strong><\/li>\n<li><strong>La description physique.<\/strong><\/li>\n<li><strong>Le verbe avoir.<\/strong><\/li>\n<li><strong>Les jours de la semaine.<\/strong><\/li>\n<li><strong>Les mois de l\u00b4ann\u00e9e.<\/strong><\/li>\n<li><strong>La Chandeleur.<\/strong><\/li>\n<\/ul>\n<p>Comencemos con los n\u00fameros. Escucha la canci\u00f3n.<\/p>\n<p><iframe loading=\"lazy\" src=\"\/\/www.youtube.com\/embed\/wlYqz2unHKc\" width=\"560\" height=\"314\"><\/iframe><\/p>\n<p>C\u00f3pialos en tu cuaderno:<\/p>\n<p><img decoding=\"async\" src=\"https:\/\/1.bp.blogspot.com\/-J_4G9vPYQRc\/UwvlrazQrTI\/AAAAAAAACbQ\/KKKuElIdxnQ\/s1600\/sous-main-educatif-enfants-sur-les-chiffres+(1).jpg\"><\/p>\n<ul>\n<li><strong>Ficha interactiva:&nbsp;<\/strong><\/li>\n<\/ul>\n<p><a href=\"https:\/\/www.liveworksheets.com\/es\/c?a=s&amp;t=eDPzhFyGVS&amp;sr=n&amp;l=tj&amp;i=dddxuzz&amp;r=pf&amp;f=dzdczuus&amp;ms=uz&amp;cd=pr--gw-i---lzqnnnmxgghengnkgxxpxg&amp;mw=hs\"><img decoding=\"async\" class=\"aligncenter\" src=\"https:\/\/blogsaverroes.juntadeandalucia.es\/elblogdefrances\/files\/2024\/01\/numeros.png\"><\/a><\/p>\n<ul>\n<li><strong>Ficha interactiva<\/strong>, donde puedes trabajar el sonido de los n\u00fameros:&nbsp;<a href=\"https:\/\/www.liveworksheets.com\/es\/c?a=s&amp;t=eDPzhFyGVS&amp;sr=n&amp;is=y&amp;ia=y&amp;l=fp&amp;i=dtttott&amp;r=my&amp;f=dzdczuus&amp;ms=uz&amp;cd=pr--gw-i---liiehnzzzjzzvingnkgxxpxg&amp;mw=hs\">https:\/\/www.liveworksheets.com\/es\/c?a=s&amp;t=eDPzhFyGVS&amp;sr=n&amp;is=y&amp;ia=y&amp;l=fp&amp;i=dtttott&amp;r=my&amp;f=dzdczuus&amp;ms=uz&amp;cd=pr\u2013gw-i\u2014liiehnzzzjzzvingnkgxxpxg&amp;mw=hs<\/a><\/li>\n<\/ul>\n<p><a href=\"https:\/\/wordwall.net\/es\/resource\/7976867\/les-nombres-de-0-%c3%a0-31\"><img decoding=\"async\" src=\"https:\/\/blogsaverroes.juntadeandalucia.es\/elblogdefrances\/files\/2024\/01\/juego.png\"><\/a><\/p>\n<ul>\n<li>Aprendamos ahora los colores:<\/li>\n<\/ul>\n<p><img decoding=\"async\" src=\"https:\/\/blogsaverroes.juntadeandalucia.es\/elblogdefrances\/files\/2024\/01\/les-couleurs.jpeg\"><\/p>\n<p><iframe loading=\"lazy\" src=\"\/\/www.youtube.com\/embed\/-4kNeFGBAcw\" width=\"560\" height=\"314\"><\/iframe><\/p>\n<p><iframe loading=\"lazy\" src=\"\/\/www.youtube.com\/embed\/fZR66TjjrDc\" width=\"560\" height=\"314\"><\/iframe><\/p>\n<p><img decoding=\"async\" src=\"https:\/\/blogsaverroes.juntadeandalucia.es\/elblogdefrances\/files\/2024\/01\/complete.jpeg\"><\/p>\n<ul>\n<li><strong>Juegos<\/strong>&nbsp;con los colores. Haz clic en mi emoji. Practica cambiando los juegos.<\/li>\n<\/ul>\n<p><a href=\"https:\/\/wordwall.net\/es\/resource\/6470606\/french\/bien-dit-1-vocabulaire-42-les-couleurs-jeu-de-m%c3%a9moire\"><img decoding=\"async\" src=\"https:\/\/blogsaverroes.juntadeandalucia.es\/elblogdefrances\/files\/2020\/11\/descarga-2-300x300.png\"><\/a><\/p>\n<p><a href=\"https:\/\/wordwall.net\/es\/resource\/5000910\/les-couleurs\"><img decoding=\"async\" src=\"https:\/\/blogsaverroes.juntadeandalucia.es\/elblogdefrances\/files\/2020\/11\/descarga-3-300x300.png\"><\/a><\/p>\n<ul>\n<li><strong>Practiquemos:&nbsp;<\/strong><\/li>\n<\/ul>\n<p><a href=\"https:\/\/view.genial.ly\/5e2476fa3050934543298ebc\/presentation-les-couleurs\"><img decoding=\"async\" src=\"https:\/\/blogsaverroes.juntadeandalucia.es\/elblogdefrances\/files\/2024\/01\/de-qu%C3%A9-color-es.png\"><\/a><\/p>\n<ul>\n<li>Les affaires de la classe.&nbsp;<strong>EL MATERIAL ESCOLAR:<\/strong><\/li>\n<\/ul>\n<p><img decoding=\"async\" src=\"https:\/\/ferulang.files.wordpress.com\/2014\/09\/jupiter-vocabulaire.jpg?w=723&amp;h=542\" alt=\"Jupiter_Vocabulaire\"><\/p>\n<p>Aqu\u00ed podemos escuchar&nbsp;<strong>c\u00f3mo se pronuncian:&nbsp;<\/strong><\/p>\n<p><iframe loading=\"lazy\" src=\"\/\/www.youtube.com\/embed\/96Oc314Yn4k\" width=\"560\" height=\"314\"><\/iframe><\/p>\n<ul>\n<li>Os dejo una ficha para imprimir y trabajar con el vocabulario del material escolar. Adem\u00e1s, podr\u00e9is aprender&nbsp;<strong>LOS ART\u00cdCULOS INDEFINIDOS.<\/strong><\/li>\n<\/ul>\n<p><a href=\"https:\/\/docs.google.com\/document\/d\/11Akg60XPuhy817i_exVjMRM3AiYM8_f_\/edit?usp=sharing&amp;ouid=108274069397339666539&amp;rtpof=true&amp;sd=true\">https:\/\/docs.google.com\/document\/d\/11Akg60XPuhy817i_exVjMRM3AiYM8_f_\/edit?usp=sharing&amp;ouid=108274069397339666539&amp;rtpof=true&amp;sd=true<\/a><\/p>\n<p><img decoding=\"async\" class=\"aligncenter\" src=\"https:\/\/blogsaverroes.juntadeandalucia.es\/elblogdefrances\/files\/2021\/01\/material-escolar.png\"><\/p>\n<p><img decoding=\"async\" class=\"aligncenter\" src=\"https:\/\/blogsaverroes.juntadeandalucia.es\/elblogdefrances\/files\/2024\/02\/ARTICLES.png\"><\/p>\n<ul>\n<li><strong>Juegos para practicar:<\/strong><\/li>\n<\/ul>\n<table style=\"border-collapse: collapse;width: 100%\">\n<tbody>\n<tr>\n<td style=\"width: 33.3333%\"><a href=\"https:\/\/wordwall.net\/es\/resource\/10225731\/le-mat%c3%a9riel-scolaire\"><img decoding=\"async\" src=\"https:\/\/blogsaverroes.juntadeandalucia.es\/elblogdefrances\/files\/2024\/02\/juego-1.png\"><\/a><\/td>\n<td style=\"width: 33.3333%\"><a href=\"https:\/\/wordwall.net\/es\/resource\/10225731\/le-mat%c3%a9riel-scolaire\"><img decoding=\"async\" src=\"https:\/\/blogsaverroes.juntadeandalucia.es\/elblogdefrances\/files\/2024\/02\/juego-2.png\"><\/a><\/td>\n<td style=\"width: 33.3333%\"><a href=\"https:\/\/wordwall.net\/es\/resource\/6722074\/le-mat%c3%a9riel-scolaire\"><img decoding=\"async\" src=\"https:\/\/blogsaverroes.juntadeandalucia.es\/elblogdefrances\/files\/2024\/02\/juego-3.png\"><\/a><\/td>\n<\/tr>\n<\/tbody>\n<\/table>\n<ul>\n<li>Continuamos, con el verbo \u00eatre. El verbo <strong>\u00caTRE,<\/strong> significa ser o estar. Es como en ingl\u00e9s el verbo to be. Escucha y aprende.<\/li>\n<\/ul>\n<p style=\"text-align: center\"><iframe loading=\"lazy\" src=\"\/\/www.youtube.com\/embed\/z2IrJ0DB0Xg?embeds_referring_euri=https\" width=\"350\" height=\"196\"><\/iframe><\/p>\n<ul>\n<li><strong>Primer juego<\/strong>:&nbsp;<a href=\"https:\/\/wordwall.net\/es\/resource\/684469\">https:\/\/wordwall.net\/es\/resource\/684469<\/a><\/li>\n<li><b>Segundo juego<\/b>:&nbsp;<a href=\"https:\/\/wordwall.net\/es\/resource\/6309010\">https:\/\/wordwall.net\/es\/resource\/6309010<\/a><\/li>\n<li><strong>En el siguiente enlace podr\u00e1s obtener una <\/strong>hoja de vocabulario<strong> (complementaria al vocabulario del libro )que te ayudar\u00e1 a describir. Solo hay que estudiarse de memoria el vocabulario que viene en el libro. La siguiente ficha es para ampliar.<\/strong><\/li>\n<\/ul>\n<p><img loading=\"lazy\" decoding=\"async\" class=\"alignnone size-full wp-image-351\" src=\"https:\/\/blogsaverroes.juntadeandalucia.es\/elblogdefrances\/files\/2021\/01\/la-description-physique-dictionnaire-visuel_33972_1.jpg\" alt=\"\" width=\"763\" height=\"1079\" srcset=\"https:\/\/blogsaverroes.juntadeandalucia.es\/elblogdefrances\/files\/2021\/01\/la-description-physique-dictionnaire-visuel_33972_1.jpg 763w, https:\/\/blogsaverroes.juntadeandalucia.es\/elblogdefrances\/files\/2021\/01\/la-description-physique-dictionnaire-visuel_33972_1-212x300.jpg 212w, https:\/\/blogsaverroes.juntadeandalucia.es\/elblogdefrances\/files\/2021\/01\/la-description-physique-dictionnaire-visuel_33972_1-724x1024.jpg 724w, https:\/\/blogsaverroes.juntadeandalucia.es\/elblogdefrances\/files\/2021\/01\/la-description-physique-dictionnaire-visuel_33972_1-700x990.jpg 700w, https:\/\/blogsaverroes.juntadeandalucia.es\/elblogdefrances\/files\/2021\/01\/la-description-physique-dictionnaire-visuel_33972_1-332x469.jpg 332w, https:\/\/blogsaverroes.juntadeandalucia.es\/elblogdefrances\/files\/2021\/01\/la-description-physique-dictionnaire-visuel_33972_1-17x24.jpg 17w, https:\/\/blogsaverroes.juntadeandalucia.es\/elblogdefrances\/files\/2021\/01\/la-description-physique-dictionnaire-visuel_33972_1-25x36.jpg 25w, https:\/\/blogsaverroes.juntadeandalucia.es\/elblogdefrances\/files\/2021\/01\/la-description-physique-dictionnaire-visuel_33972_1-34x48.jpg 34w\" sizes=\"(max-width: 763px) 100vw, 763px\" \/><\/p>\n<p>Os dejo unas <strong>fichas interactivas:<\/strong><\/p>\n<p><strong>Primera ficha<\/strong><\/p>\n<p><a href=\"https:\/\/www.liveworksheets.com\/es\/c?a=s&amp;t=eDPzhFyGVS&amp;sr=n&amp;l=xq&amp;i=ntton&amp;r=dp&amp;f=dzdczdzo&amp;ms=uz&amp;cd=pr--gw-i---lmtlzzjlnhngnkgngjxg&amp;mw=hs\">https:\/\/www.liveworksheets.com\/es\/c?a=s&amp;t=eDPzhFyGVS&amp;sr=n&amp;l=xq&amp;i=ntton&amp;r=dp&amp;f=dzdczdzo&amp;ms=uz&amp;cd=pr&#8211;gw-i&#8212;lmtlzzjlnhngnkgngjxg&amp;mw=hs<\/a><\/p>\n<p><strong>Segunda ficha<\/strong><\/p>\n<p><a href=\"https:\/\/www.liveworksheets.com\/es\/c?a=s&amp;t=eDPzhFyGVS&amp;sr=n&amp;l=bg&amp;i=ofunzs&amp;r=xz&amp;f=dzdczdzo&amp;ms=uz&amp;cd=pr--gw-i---lfbjexlgpmgngnkgngjxg&amp;mw=hs\">https:\/\/www.liveworksheets.com\/es\/c?a=s&amp;t=eDPzhFyGVS&amp;sr=n&amp;l=bg&amp;i=ofunzs&amp;r=xz&amp;f=dzdczdzo&amp;ms=uz&amp;cd=pr&#8211;gw-i&#8212;lfbjexlgpmgngnkgngjxg&amp;mw=hs<\/a><\/p>\n<p><img loading=\"lazy\" decoding=\"async\" class=\"aligncenter\" src=\"https:\/\/sdk.bitmoji.com\/render\/panel\/fc2ce719-cb84-403a-9ab6-097a72bfe904-28f2c39d-de1d-442c-87dd-1d35e1acb416-v1.png?transparent=1&amp;palette=1\" alt=\"going to work happy\" width=\"168\" height=\"168\"><\/p>\n<p>&nbsp;<\/p>\n<ul>\n<li>Aprendamos los <strong>d\u00edas de la semana<\/strong>.<\/li>\n<\/ul>\n<p><img decoding=\"async\" class=\"aligncenter\" src=\"https:\/\/blogsaverroes.juntadeandalucia.es\/elblogdefrances\/files\/2020\/11\/les-jours-de-la-semaine-300x204.jpg\"><\/p>\n<ul>\n<li>Escucha esta cancioncilla y aprende los <strong>d\u00edas de la semana:<\/strong><\/li>\n<\/ul>\n<p style=\"text-align: center\"><iframe loading=\"lazy\" src=\"\/\/www.youtube.com\/embed\/BiHYehk0tYo\" width=\"446\" height=\"250\"><\/iframe><\/p>\n<p>&nbsp;<\/p>\n<ul>\n<li>Practica jugando:<\/li>\n<\/ul>\n<table style=\"border-collapse: collapse;width: 100%\">\n<tbody>\n<tr>\n<td style=\"width: 33.3333%;text-align: center\"><a href=\"https:\/\/es.educaplay.com\/recursos-educativos\/603539-jours_de_la_semaine.html\"><img loading=\"lazy\" decoding=\"async\" class=\"alignnone size-full wp-image-1015\" src=\"https:\/\/blogsaverroes.juntadeandalucia.es\/elblogdefrances\/files\/2024\/03\/sopa-de-letras.png\" alt=\"\" width=\"645\" height=\"355\" srcset=\"https:\/\/blogsaverroes.juntadeandalucia.es\/elblogdefrances\/files\/2024\/03\/sopa-de-letras.png 645w, https:\/\/blogsaverroes.juntadeandalucia.es\/elblogdefrances\/files\/2024\/03\/sopa-de-letras-300x165.png 300w, https:\/\/blogsaverroes.juntadeandalucia.es\/elblogdefrances\/files\/2024\/03\/sopa-de-letras-332x183.png 332w\" sizes=\"(max-width: 645px) 100vw, 645px\" \/><\/a><\/td>\n<td style=\"width: 33.3333%\"><a href=\"https:\/\/es.educaplay.com\/recursos-educativos\/7560740-les_jours_de_la_semaine.html\"><img loading=\"lazy\" decoding=\"async\" class=\"alignnone size-full wp-image-1016\" src=\"https:\/\/blogsaverroes.juntadeandalucia.es\/elblogdefrances\/files\/2024\/03\/jours.png\" alt=\"\" width=\"1366\" height=\"641\" srcset=\"https:\/\/blogsaverroes.juntadeandalucia.es\/elblogdefrances\/files\/2024\/03\/jours.png 1366w, https:\/\/blogsaverroes.juntadeandalucia.es\/elblogdefrances\/files\/2024\/03\/jours-300x141.png 300w, https:\/\/blogsaverroes.juntadeandalucia.es\/elblogdefrances\/files\/2024\/03\/jours-1024x481.png 1024w, https:\/\/blogsaverroes.juntadeandalucia.es\/elblogdefrances\/files\/2024\/03\/jours-768x360.png 768w, https:\/\/blogsaverroes.juntadeandalucia.es\/elblogdefrances\/files\/2024\/03\/jours-700x328.png 700w, https:\/\/blogsaverroes.juntadeandalucia.es\/elblogdefrances\/files\/2024\/03\/jours-332x156.png 332w\" sizes=\"(max-width: 1366px) 100vw, 1366px\" \/><\/a><\/td>\n<td style=\"width: 33.3333%\"><a href=\"https:\/\/clicmaclasse.fr\/activites\/mots-meles\/mots-meles.php?nf=jours\"><img loading=\"lazy\" decoding=\"async\" class=\"alignnone size-full wp-image-1018\" src=\"https:\/\/blogsaverroes.juntadeandalucia.es\/elblogdefrances\/files\/2024\/03\/sopa.png\" alt=\"\" width=\"289\" height=\"276\"><\/a><\/td>\n<\/tr>\n<tr>\n<td style=\"width: 33.3333%\"><img loading=\"lazy\" decoding=\"async\" class=\"alignnone size-full wp-image-1020\" src=\"https:\/\/blogsaverroes.juntadeandalucia.es\/elblogdefrances\/files\/2024\/03\/ordenar.png\" alt=\"\" width=\"556\" height=\"521\" srcset=\"https:\/\/blogsaverroes.juntadeandalucia.es\/elblogdefrances\/files\/2024\/03\/ordenar.png 556w, https:\/\/blogsaverroes.juntadeandalucia.es\/elblogdefrances\/files\/2024\/03\/ordenar-300x281.png 300w, https:\/\/blogsaverroes.juntadeandalucia.es\/elblogdefrances\/files\/2024\/03\/ordenar-332x311.png 332w\" sizes=\"(max-width: 556px) 100vw, 556px\" \/><\/td>\n<td style=\"width: 33.3333%\"><a href=\"https:\/\/wordwall.net\/es\/resource\/392963\"><img loading=\"lazy\" decoding=\"async\" class=\"alignnone size-full wp-image-1022\" src=\"https:\/\/blogsaverroes.juntadeandalucia.es\/elblogdefrances\/files\/2024\/03\/dias.png\" alt=\"\" width=\"703\" height=\"390\" srcset=\"https:\/\/blogsaverroes.juntadeandalucia.es\/elblogdefrances\/files\/2024\/03\/dias.png 703w, https:\/\/blogsaverroes.juntadeandalucia.es\/elblogdefrances\/files\/2024\/03\/dias-300x166.png 300w, https:\/\/blogsaverroes.juntadeandalucia.es\/elblogdefrances\/files\/2024\/03\/dias-700x388.png 700w, https:\/\/blogsaverroes.juntadeandalucia.es\/elblogdefrances\/files\/2024\/03\/dias-332x184.png 332w\" sizes=\"(max-width: 703px) 100vw, 703px\" \/><\/a><\/td>\n<td style=\"width: 33.3333%\"><a href=\"https:\/\/wordwall.net\/es\/resource\/5057295\"><img loading=\"lazy\" decoding=\"async\" class=\"alignnone size-full wp-image-1024\" src=\"https:\/\/blogsaverroes.juntadeandalucia.es\/elblogdefrances\/files\/2024\/03\/topos.png\" alt=\"\" width=\"719\" height=\"458\" srcset=\"https:\/\/blogsaverroes.juntadeandalucia.es\/elblogdefrances\/files\/2024\/03\/topos.png 719w, https:\/\/blogsaverroes.juntadeandalucia.es\/elblogdefrances\/files\/2024\/03\/topos-300x191.png 300w, https:\/\/blogsaverroes.juntadeandalucia.es\/elblogdefrances\/files\/2024\/03\/topos-700x446.png 700w, https:\/\/blogsaverroes.juntadeandalucia.es\/elblogdefrances\/files\/2024\/03\/topos-332x211.png 332w\" sizes=\"(max-width: 719px) 100vw, 719px\" \/><\/a><\/td>\n<\/tr>\n<\/tbody>\n<\/table>\n<p>&nbsp;<\/p>\n<p>&nbsp;<\/p>\n<ul>\n<li>Aprendamos los <strong>meses del a\u00f1o<\/strong>:<\/li>\n<\/ul>\n<p style=\"text-align: center\"><iframe loading=\"lazy\" src=\"\/\/www.youtube.com\/embed\/7_u2SigckNQ?t=7s\" width=\"446\" height=\"250\"><\/iframe><\/p>\n<p>&nbsp;<\/p>\n<p style=\"text-align: center\"><iframe loading=\"lazy\" src=\"\/\/www.youtube.com\/embed\/XZhY8frvDTA?embeds_referring_euri=https\" width=\"446\" height=\"250\"><\/iframe><\/p>\n<ul>\n<li>En la siguiente tabla tienes<strong> juegos<\/strong> para practicar:<\/li>\n<\/ul>\n<table style=\"border-collapse: collapse;width: 100%\">\n<tbody>\n<tr>\n<td style=\"width: 33.3333%\"><a href=\"https:\/\/wordwall.net\/es\/resource\/6726663\"><img loading=\"lazy\" decoding=\"async\" class=\"wp-image-1010 aligncenter\" src=\"https:\/\/blogsaverroes.juntadeandalucia.es\/elblogdefrances\/files\/2024\/03\/jpours-de-la-semanaine.png\" alt=\"\" width=\"515\" height=\"270\" srcset=\"https:\/\/blogsaverroes.juntadeandalucia.es\/elblogdefrances\/files\/2024\/03\/jpours-de-la-semanaine.png 899w, https:\/\/blogsaverroes.juntadeandalucia.es\/elblogdefrances\/files\/2024\/03\/jpours-de-la-semanaine-300x157.png 300w, https:\/\/blogsaverroes.juntadeandalucia.es\/elblogdefrances\/files\/2024\/03\/jpours-de-la-semanaine-768x402.png 768w, https:\/\/blogsaverroes.juntadeandalucia.es\/elblogdefrances\/files\/2024\/03\/jpours-de-la-semanaine-700x367.png 700w, https:\/\/blogsaverroes.juntadeandalucia.es\/elblogdefrances\/files\/2024\/03\/jpours-de-la-semanaine-332x174.png 332w\" sizes=\"(max-width: 515px) 100vw, 515px\" \/><\/a><\/td>\n<td style=\"width: 33.3333%\"><a href=\"https:\/\/wordwall.net\/es\/resource\/4620703\"><img loading=\"lazy\" decoding=\"async\" class=\"alignnone size-full wp-image-1026\" src=\"https:\/\/blogsaverroes.juntadeandalucia.es\/elblogdefrances\/files\/2024\/03\/topil.png\" alt=\"\" width=\"763\" height=\"436\" srcset=\"https:\/\/blogsaverroes.juntadeandalucia.es\/elblogdefrances\/files\/2024\/03\/topil.png 763w, https:\/\/blogsaverroes.juntadeandalucia.es\/elblogdefrances\/files\/2024\/03\/topil-300x171.png 300w, https:\/\/blogsaverroes.juntadeandalucia.es\/elblogdefrances\/files\/2024\/03\/topil-700x400.png 700w, https:\/\/blogsaverroes.juntadeandalucia.es\/elblogdefrances\/files\/2024\/03\/topil-332x190.png 332w\" sizes=\"(max-width: 763px) 100vw, 763px\" \/><\/a><\/td>\n<td style=\"width: 33.3333%\"><a href=\"https:\/\/wordwall.net\/es\/resource\/5167498\"><img loading=\"lazy\" decoding=\"async\" class=\"alignnone size-full wp-image-1027\" src=\"https:\/\/blogsaverroes.juntadeandalucia.es\/elblogdefrances\/files\/2024\/03\/sopa-1.png\" alt=\"\" width=\"412\" height=\"393\" srcset=\"https:\/\/blogsaverroes.juntadeandalucia.es\/elblogdefrances\/files\/2024\/03\/sopa-1.png 412w, https:\/\/blogsaverroes.juntadeandalucia.es\/elblogdefrances\/files\/2024\/03\/sopa-1-300x286.png 300w, https:\/\/blogsaverroes.juntadeandalucia.es\/elblogdefrances\/files\/2024\/03\/sopa-1-332x317.png 332w\" sizes=\"(max-width: 412px) 100vw, 412px\" \/><\/a><\/td>\n<\/tr>\n<\/tbody>\n<\/table>\n","protected":false},"excerpt":{"rendered":"<p>\u00a1Ya estamos de vuelta! \u00a1Feliz a\u00f1o nuevo a todos! Este trimestre vamos a tratar todos estos contenidos: Les nombres de 20 \u00e0 31. Les couleurs. Le mat\u00e8riel scolaire. Le verbe \u00eatre. La description physique.&#46;&#46;&#46;<\/p>\n","protected":false},"author":10861,"featured_media":0,"parent":0,"menu_order":0,"comment_status":"closed","ping_status":"closed","template":"","meta":{"ngg_post_thumbnail":0,"footnotes":""},"aioseo_notices":[],"_links":{"self":[{"href":"https:\/\/blogsaverroes.juntadeandalucia.es\/elblogdefrances\/wp-json\/wp\/v2\/pages\/949"}],"collection":[{"href":"https:\/\/blogsaverroes.juntadeandalucia.es\/elblogdefrances\/wp-json\/wp\/v2\/pages"}],"about":[{"href":"https:\/\/blogsaverroes.juntadeandalucia.es\/elblogdefrances\/wp-json\/wp\/v2\/types\/page"}],"author":[{"embeddable":true,"href":"https:\/\/blogsaverroes.juntadeandalucia.es\/elblogdefrances\/wp-json\/wp\/v2\/users\/10861"}],"replies":[{"embeddable":true,"href":"https:\/\/blogsaverroes.juntadeandalucia.es\/elblogdefrances\/wp-json\/wp\/v2\/comments?post=949"}],"version-history":[{"count":24,"href":"https:\/\/blogsaverroes.juntadeandalucia.es\/elblogdefrances\/wp-json\/wp\/v2\/pages\/949\/revisions"}],"predecessor-version":[{"id":1028,"href":"https:\/\/blogsaverroes.juntadeandalucia.es\/elblogdefrances\/wp-json\/wp\/v2\/pages\/949\/revisions\/1028"}],"wp:attachment":[{"href":"https:\/\/blogsaverroes.juntadeandalucia.es\/elblogdefrances\/wp-json\/wp\/v2\/media?parent=949"}],"curies":[{"name":"wp","href":"https:\/\/api.w.org\/{rel}","templated":true}]}}