{"id":952,"date":"2024-02-02T19:09:29","date_gmt":"2024-02-02T19:09:29","guid":{"rendered":"https:\/\/blogsaverroes.juntadeandalucia.es\/elblogdefrances\/?page_id=952"},"modified":"2024-04-24T21:22:04","modified_gmt":"2024-04-24T21:22:04","slug":"frances-5-3","status":"publish","type":"page","link":"https:\/\/blogsaverroes.juntadeandalucia.es\/elblogdefrances\/frances-5-3\/","title":{"rendered":"Franc\u00e9s 5.3"},"content":{"rendered":"<p><img loading=\"lazy\" decoding=\"async\" class=\"aligncenter\" src=\"https:\/\/sdk.bitmoji.com\/render\/panel\/93332820-ca0c-4c75-a49e-f646fa09dcf3-28f2c39d-de1d-442c-87dd-1d35e1acb416-v1.png?transparent=1&amp;palette=1\" alt=\"awww yeah\" width=\"198\" height=\"198\"><\/p>\n<p>Vamos a por el \u00faltimo trimestre. Este trimestre aprenderemos:<\/p>\n<ul>\n<li><strong>Les nombres de 0 \u00e0 100.<\/strong><\/li>\n<li><strong>La description de ta famille. (Ma m\u00e8re s\u00b4appelle&#8230; mon p\u00e8re s\u00b4appelle&#8230;)<\/strong><\/li>\n<li><strong>Les adjectifs possessifs. (Mon, ma, mes, etc)<\/strong><\/li>\n<li><strong>Les animaux.<\/strong><\/li>\n<li><strong>Le genre et le nombre.<\/strong><\/li>\n<\/ul>\n<p>&nbsp;<\/p>\n<p><strong>Os dejo el vocabulario:<\/strong><\/p>\n<p><img loading=\"lazy\" decoding=\"async\" class=\"wp-image-1055 aligncenter\" src=\"https:\/\/blogsaverroes.juntadeandalucia.es\/elblogdefrances\/files\/2024\/04\/adjetivos.png\" alt=\"\" width=\"243\" height=\"281\" srcset=\"https:\/\/blogsaverroes.juntadeandalucia.es\/elblogdefrances\/files\/2024\/04\/adjetivos.png 357w, https:\/\/blogsaverroes.juntadeandalucia.es\/elblogdefrances\/files\/2024\/04\/adjetivos-259x300.png 259w, https:\/\/blogsaverroes.juntadeandalucia.es\/elblogdefrances\/files\/2024\/04\/adjetivos-332x385.png 332w\" sizes=\"(max-width: 243px) 100vw, 243px\" \/><\/p>\n<p><img loading=\"lazy\" decoding=\"async\" class=\"size-full wp-image-1056 aligncenter\" src=\"https:\/\/blogsaverroes.juntadeandalucia.es\/elblogdefrances\/files\/2024\/04\/FireShot-Capture-079-Glossaire-BlinkLearning-marsupial.blinklearning.com_.png\" alt=\"\" width=\"1065\" height=\"306\" srcset=\"https:\/\/blogsaverroes.juntadeandalucia.es\/elblogdefrances\/files\/2024\/04\/FireShot-Capture-079-Glossaire-BlinkLearning-marsupial.blinklearning.com_.png 1065w, https:\/\/blogsaverroes.juntadeandalucia.es\/elblogdefrances\/files\/2024\/04\/FireShot-Capture-079-Glossaire-BlinkLearning-marsupial.blinklearning.com_-300x86.png 300w, https:\/\/blogsaverroes.juntadeandalucia.es\/elblogdefrances\/files\/2024\/04\/FireShot-Capture-079-Glossaire-BlinkLearning-marsupial.blinklearning.com_-1024x294.png 1024w, https:\/\/blogsaverroes.juntadeandalucia.es\/elblogdefrances\/files\/2024\/04\/FireShot-Capture-079-Glossaire-BlinkLearning-marsupial.blinklearning.com_-768x221.png 768w, https:\/\/blogsaverroes.juntadeandalucia.es\/elblogdefrances\/files\/2024\/04\/FireShot-Capture-079-Glossaire-BlinkLearning-marsupial.blinklearning.com_-700x201.png 700w, https:\/\/blogsaverroes.juntadeandalucia.es\/elblogdefrances\/files\/2024\/04\/FireShot-Capture-079-Glossaire-BlinkLearning-marsupial.blinklearning.com_-332x95.png 332w\" sizes=\"(max-width: 1065px) 100vw, 1065px\" \/><\/p>\n<p>&nbsp;<\/p>\n<p>&nbsp;<\/p>\n<p><img loading=\"lazy\" decoding=\"async\" class=\"wp-image-1067 aligncenter\" src=\"https:\/\/blogsaverroes.juntadeandalucia.es\/elblogdefrances\/files\/2024\/04\/FireShot-Capture-085-eBook-BlinkLearning-marsupial.blinklearning.com_.png\" alt=\"\" width=\"536\" height=\"250\" srcset=\"https:\/\/blogsaverroes.juntadeandalucia.es\/elblogdefrances\/files\/2024\/04\/FireShot-Capture-085-eBook-BlinkLearning-marsupial.blinklearning.com_.png 992w, https:\/\/blogsaverroes.juntadeandalucia.es\/elblogdefrances\/files\/2024\/04\/FireShot-Capture-085-eBook-BlinkLearning-marsupial.blinklearning.com_-300x140.png 300w, https:\/\/blogsaverroes.juntadeandalucia.es\/elblogdefrances\/files\/2024\/04\/FireShot-Capture-085-eBook-BlinkLearning-marsupial.blinklearning.com_-768x358.png 768w, https:\/\/blogsaverroes.juntadeandalucia.es\/elblogdefrances\/files\/2024\/04\/FireShot-Capture-085-eBook-BlinkLearning-marsupial.blinklearning.com_-700x327.png 700w, https:\/\/blogsaverroes.juntadeandalucia.es\/elblogdefrances\/files\/2024\/04\/FireShot-Capture-085-eBook-BlinkLearning-marsupial.blinklearning.com_-332x155.png 332w\" sizes=\"(max-width: 536px) 100vw, 536px\" \/><\/p>\n<p>&nbsp;<\/p>\n<p><strong>Actividades interactivas<\/strong> para practicar el vocabulario de los animales y de la familia:<\/p>\n<table style=\"border-collapse: collapse;width: 100%\">\n<tbody>\n<tr>\n<td style=\"width: 33.3333%\"><a href=\"https:\/\/es.educaplay.com\/recursos-educativos\/18843824-mots_caches_sur_les_animaux.html\"><img loading=\"lazy\" decoding=\"async\" class=\"alignnone size-full wp-image-1060\" src=\"https:\/\/blogsaverroes.juntadeandalucia.es\/elblogdefrances\/files\/2024\/04\/FireShot-Capture-080-Actividades-educativas-de-Ana-Godoy-Anton-es.educaplay.com_.png\" alt=\"\" width=\"195\" height=\"72\"><\/a><\/td>\n<td style=\"width: 33.3333%\"><a href=\"https:\/\/es.educaplay.com\/recursos-educativos\/18843976-les_animaux_a_l_orale.html\"><img loading=\"lazy\" decoding=\"async\" class=\"alignnone size-full wp-image-1061\" src=\"https:\/\/blogsaverroes.juntadeandalucia.es\/elblogdefrances\/files\/2024\/04\/FireShot-Capture-081-Relacionar-Columnas_-Les-animaux-a-l\u00b4orale-es.educaplay.com_.png\" alt=\"\" width=\"358\" height=\"189\" srcset=\"https:\/\/blogsaverroes.juntadeandalucia.es\/elblogdefrances\/files\/2024\/04\/FireShot-Capture-081-Relacionar-Columnas_-Les-animaux-a-l\u00b4orale-es.educaplay.com_.png 358w, https:\/\/blogsaverroes.juntadeandalucia.es\/elblogdefrances\/files\/2024\/04\/FireShot-Capture-081-Relacionar-Columnas_-Les-animaux-a-l\u00b4orale-es.educaplay.com_-300x158.png 300w, https:\/\/blogsaverroes.juntadeandalucia.es\/elblogdefrances\/files\/2024\/04\/FireShot-Capture-081-Relacionar-Columnas_-Les-animaux-a-l\u00b4orale-es.educaplay.com_-332x175.png 332w\" sizes=\"(max-width: 358px) 100vw, 358px\" \/><\/a><\/td>\n<td style=\"width: 33.3333%\"><a href=\"https:\/\/wordwall.net\/es\/resource\/2472399\"><img loading=\"lazy\" decoding=\"async\" class=\"alignnone size-full wp-image-1063\" src=\"https:\/\/blogsaverroes.juntadeandalucia.es\/elblogdefrances\/files\/2024\/04\/FireShot-Capture-082-Seno-Ana-para-3o.-Toca-el-globo-para-que-se-suelte-en-el-vagon-correc_-wordwall.net_.png\" alt=\"\" width=\"653\" height=\"353\" srcset=\"https:\/\/blogsaverroes.juntadeandalucia.es\/elblogdefrances\/files\/2024\/04\/FireShot-Capture-082-Seno-Ana-para-3o.-Toca-el-globo-para-que-se-suelte-en-el-vagon-correc_-wordwall.net_.png 653w, https:\/\/blogsaverroes.juntadeandalucia.es\/elblogdefrances\/files\/2024\/04\/FireShot-Capture-082-Seno-Ana-para-3o.-Toca-el-globo-para-que-se-suelte-en-el-vagon-correc_-wordwall.net_-300x162.png 300w, https:\/\/blogsaverroes.juntadeandalucia.es\/elblogdefrances\/files\/2024\/04\/FireShot-Capture-082-Seno-Ana-para-3o.-Toca-el-globo-para-que-se-suelte-en-el-vagon-correc_-wordwall.net_-332x179.png 332w\" sizes=\"(max-width: 653px) 100vw, 653px\" \/><\/a><\/td>\n<\/tr>\n<tr>\n<td style=\"width: 33.3333%\"><a href=\"https:\/\/wordwall.net\/es\/resource\/2472399\"><img loading=\"lazy\" decoding=\"async\" class=\"alignnone size-full wp-image-1065\" src=\"https:\/\/blogsaverroes.juntadeandalucia.es\/elblogdefrances\/files\/2024\/04\/FireShot-Capture-083-Seno-Ana-para-3o.-Toca-el-globo-para-que-se-suelte-en-el-vagon-correc_-wordwall.net_.png\" alt=\"\" width=\"648\" height=\"288\" srcset=\"https:\/\/blogsaverroes.juntadeandalucia.es\/elblogdefrances\/files\/2024\/04\/FireShot-Capture-083-Seno-Ana-para-3o.-Toca-el-globo-para-que-se-suelte-en-el-vagon-correc_-wordwall.net_.png 648w, https:\/\/blogsaverroes.juntadeandalucia.es\/elblogdefrances\/files\/2024\/04\/FireShot-Capture-083-Seno-Ana-para-3o.-Toca-el-globo-para-que-se-suelte-en-el-vagon-correc_-wordwall.net_-300x133.png 300w, https:\/\/blogsaverroes.juntadeandalucia.es\/elblogdefrances\/files\/2024\/04\/FireShot-Capture-083-Seno-Ana-para-3o.-Toca-el-globo-para-que-se-suelte-en-el-vagon-correc_-wordwall.net_-332x148.png 332w\" sizes=\"(max-width: 648px) 100vw, 648px\" \/><\/a><\/td>\n<td style=\"width: 33.3333%\"><a href=\"https:\/\/wordwall.net\/es\/resource\/2472576\"><img loading=\"lazy\" decoding=\"async\" class=\"alignnone size-full wp-image-1066\" src=\"https:\/\/blogsaverroes.juntadeandalucia.es\/elblogdefrances\/files\/2024\/04\/FireShot-Capture-084-La-famille.-Seno-Ana-para-3o.-Aplastatopos-wordwall.net_.png\" alt=\"\" width=\"471\" height=\"261\" srcset=\"https:\/\/blogsaverroes.juntadeandalucia.es\/elblogdefrances\/files\/2024\/04\/FireShot-Capture-084-La-famille.-Seno-Ana-para-3o.-Aplastatopos-wordwall.net_.png 471w, https:\/\/blogsaverroes.juntadeandalucia.es\/elblogdefrances\/files\/2024\/04\/FireShot-Capture-084-La-famille.-Seno-Ana-para-3o.-Aplastatopos-wordwall.net_-300x166.png 300w, https:\/\/blogsaverroes.juntadeandalucia.es\/elblogdefrances\/files\/2024\/04\/FireShot-Capture-084-La-famille.-Seno-Ana-para-3o.-Aplastatopos-wordwall.net_-332x184.png 332w\" sizes=\"(max-width: 471px) 100vw, 471px\" \/><\/a><\/td>\n<td style=\"width: 33.3333%\"><a href=\"https:\/\/wheelofnames.com\/es\/buj-yum\"><img loading=\"lazy\" decoding=\"async\" class=\"alignnone size-full wp-image-1068\" src=\"https:\/\/blogsaverroes.juntadeandalucia.es\/elblogdefrances\/files\/2024\/04\/FireShot-Capture-086-Ruleta-Aleatoria-online-Generatools-generatools.com_.png\" alt=\"\" width=\"415\" height=\"385\" srcset=\"https:\/\/blogsaverroes.juntadeandalucia.es\/elblogdefrances\/files\/2024\/04\/FireShot-Capture-086-Ruleta-Aleatoria-online-Generatools-generatools.com_.png 415w, https:\/\/blogsaverroes.juntadeandalucia.es\/elblogdefrances\/files\/2024\/04\/FireShot-Capture-086-Ruleta-Aleatoria-online-Generatools-generatools.com_-300x278.png 300w, https:\/\/blogsaverroes.juntadeandalucia.es\/elblogdefrances\/files\/2024\/04\/FireShot-Capture-086-Ruleta-Aleatoria-online-Generatools-generatools.com_-332x308.png 332w\" sizes=\"(max-width: 415px) 100vw, 415px\" \/><\/a><\/td>\n<\/tr>\n<\/tbody>\n<\/table>\n<p>&nbsp;<\/p>\n<p>&nbsp;<\/p>\n","protected":false},"excerpt":{"rendered":"<p>Vamos a por el \u00faltimo trimestre. Este trimestre aprenderemos: Les nombres de 0 \u00e0 100. La description de ta famille. (Ma m\u00e8re s\u00b4appelle&#8230; mon p\u00e8re s\u00b4appelle&#8230;) Les adjectifs possessifs. (Mon, ma, mes, etc) Les&#46;&#46;&#46;<\/p>\n","protected":false},"author":10861,"featured_media":0,"parent":0,"menu_order":0,"comment_status":"closed","ping_status":"closed","template":"","meta":{"ngg_post_thumbnail":0,"footnotes":""},"aioseo_notices":[],"_links":{"self":[{"href":"https:\/\/blogsaverroes.juntadeandalucia.es\/elblogdefrances\/wp-json\/wp\/v2\/pages\/952"}],"collection":[{"href":"https:\/\/blogsaverroes.juntadeandalucia.es\/elblogdefrances\/wp-json\/wp\/v2\/pages"}],"about":[{"href":"https:\/\/blogsaverroes.juntadeandalucia.es\/elblogdefrances\/wp-json\/wp\/v2\/types\/page"}],"author":[{"embeddable":true,"href":"https:\/\/blogsaverroes.juntadeandalucia.es\/elblogdefrances\/wp-json\/wp\/v2\/users\/10861"}],"replies":[{"embeddable":true,"href":"https:\/\/blogsaverroes.juntadeandalucia.es\/elblogdefrances\/wp-json\/wp\/v2\/comments?post=952"}],"version-history":[{"count":10,"href":"https:\/\/blogsaverroes.juntadeandalucia.es\/elblogdefrances\/wp-json\/wp\/v2\/pages\/952\/revisions"}],"predecessor-version":[{"id":1071,"href":"https:\/\/blogsaverroes.juntadeandalucia.es\/elblogdefrances\/wp-json\/wp\/v2\/pages\/952\/revisions\/1071"}],"wp:attachment":[{"href":"https:\/\/blogsaverroes.juntadeandalucia.es\/elblogdefrances\/wp-json\/wp\/v2\/media?parent=952"}],"curies":[{"name":"wp","href":"https:\/\/api.w.org\/{rel}","templated":true}]}}