{"id":23,"date":"2019-02-10T06:23:33","date_gmt":"2019-02-10T06:23:33","guid":{"rendered":"https:\/\/blogsaverroes.juntadeandalucia.es\/elblogdelasmatematicas\/?page_id=23"},"modified":"2020-11-09T12:56:59","modified_gmt":"2020-11-09T12:56:59","slug":"2o-eso","status":"publish","type":"page","link":"https:\/\/blogsaverroes.juntadeandalucia.es\/elblogdelasmatematicas\/2o-eso\/","title":{"rendered":"2\u00ba ESO"},"content":{"rendered":"<p>&nbsp;<\/p>\n<pre><span style=\"font-family: helvetica,arial,sans-serif\"><strong><span style=\"font-size: 24pt\"><em>BLOQUE: \u00c1LGEBRA<\/em><\/span><\/strong><\/span><\/pre>\n<p><strong><span style=\"font-size: 14pt\">1.DIVISIBILIDAD. N\u00daMEROS ENTEROS<\/span><\/strong><\/p>\n<p>&nbsp;&nbsp;&nbsp;&nbsp;&nbsp;&nbsp;&nbsp;&nbsp;&nbsp;&nbsp;&nbsp;<a href=\"https:\/\/youtu.be\/drkRxtk4XAg\"><strong><span style=\"font-family: verdana,geneva,sans-serif;font-size: 12pt\">M\u00faltiplos y divisores &#8211; Hallar Divisores de un n\u00famero<\/span><\/strong><\/a><\/p>\n<p style=\"padding-left: 40px\"><span style=\"font-family: verdana,geneva,sans-serif;font-size: 12pt\"><strong><a href=\"https:\/\/www.youtube.com\/watch?v=Y8lPYbhGu5g\" target=\"_blank\" rel=\"noopener noreferrer\">Criterio de divisibilidad del 2<\/a><\/strong><\/span><\/p>\n<p style=\"padding-left: 40px\"><strong><span style=\"font-family: verdana,geneva,sans-serif;font-size: 12pt\"><a href=\"https:\/\/www.youtube.com\/watch?v=594BcY5i4gI\" target=\"_blank\" rel=\"noopener noreferrer\">Criterio de divisibilidad del 3<\/a><\/span><\/strong><\/p>\n<p style=\"padding-left: 40px\"><strong><span style=\"font-family: verdana,geneva,sans-serif;font-size: 12pt\"><a href=\"https:\/\/www.youtube.com\/watch?v=9x6uoPkpChU&amp;t=20s\" target=\"_blank\" rel=\"noopener noreferrer\">Criterio de divisibilidad del 4<\/a><\/span><\/strong><\/p>\n<p style=\"padding-left: 40px\"><strong><span style=\"font-family: verdana,geneva,sans-serif;font-size: 12pt\"><a href=\"https:\/\/www.youtube.com\/watch?v=a_BUYTnKtoE\" target=\"_blank\" rel=\"noopener noreferrer\">Criterio de divisibilidad del 5<\/a><\/span><\/strong><\/p>\n<p style=\"padding-left: 40px\"><strong><span style=\"font-family: verdana,geneva,sans-serif;font-size: 12pt\"><a href=\"https:\/\/www.youtube.com\/watch?v=KPpWxW3N_Qo\" target=\"_blank\" rel=\"noopener noreferrer\">Criterio de divisibilidad del 6<\/a><\/span><\/strong><\/p>\n<p style=\"padding-left: 40px\"><strong><span style=\"font-family: verdana,geneva,sans-serif;font-size: 12pt\"><a href=\"https:\/\/www.youtube.com\/watch?v=5CvSmRqFjSA\" target=\"_blank\" rel=\"noopener noreferrer\">Criterio de divisibilidad del 7<\/a><\/span><\/strong><\/p>\n<p style=\"padding-left: 40px\"><strong><span style=\"font-family: verdana,geneva,sans-serif;font-size: 12pt\"><a href=\"https:\/\/www.youtube.com\/watch?v=FYGMnc2jSaM\" target=\"_blank\" rel=\"noopener noreferrer\">Criterio de divisibilidad del 8<\/a><\/span><\/strong><\/p>\n<p style=\"padding-left: 40px\"><span style=\"font-size: 12pt\"><strong><span style=\"font-family: verdana,geneva,sans-serif\"><a href=\"https:\/\/www.youtube.com\/watch?v=a1bsA6xUFCY\" target=\"_blank\" rel=\"noopener noreferrer\">Criterio de divisibilidad del 9<\/a><\/span><\/strong><\/span><\/p>\n<p style=\"padding-left: 40px\"><span style=\"font-size: 12pt\"><strong><span style=\"font-family: verdana,geneva,sans-serif\"><a href=\"https:\/\/www.youtube.com\/watch?v=_Ab6XYhUEyE\" target=\"_blank\" rel=\"noopener noreferrer\">Criterio de divisibilidad del 10<\/a><\/span><\/strong><\/span><\/p>\n<p style=\"padding-left: 40px\"><span style=\"font-size: 12pt\"><strong><span style=\"font-family: verdana,geneva,sans-serif\"><a href=\"https:\/\/www.youtube.com\/watch?v=qmluoO7oseo&amp;t=2s\" target=\"_blank\" rel=\"noopener noreferrer\">Criterio de divisibilidad del 11<\/a><\/span><\/strong><\/span><\/p>\n<p style=\"padding-left: 40px\"><span style=\"font-size: 12pt\"><strong><span style=\"font-family: verdana,geneva,sans-serif\"><a href=\"https:\/\/youtu.be\/pGuJcRDmN6w\" target=\"_blank\" rel=\"noopener noreferrer\">N\u00fameros primos y compuestos<\/a><\/span><\/strong><\/span><\/p>\n<p style=\"padding-left: 40px\"><span style=\"font-size: 12pt\"><strong><span style=\"font-family: verdana,geneva,sans-serif\"><a href=\"https:\/\/youtu.be\/xHhuMa665uc\" target=\"_blank\" rel=\"noopener noreferrer\">Descomposici\u00f3n factorial<\/a><\/span><\/strong><\/span><\/p>\n<p style=\"padding-left: 40px\"><span style=\"font-size: 12pt\"><strong><span style=\"font-family: verdana,geneva,sans-serif\"><a href=\"https:\/\/youtu.be\/_MsXgTcc5k4\" target=\"_blank\" rel=\"noopener noreferrer\">M\u00e1ximo com\u00fan divisor<\/a><\/span><\/strong><\/span><\/p>\n<p style=\"padding-left: 40px\"><span style=\"font-size: 12pt\"><strong><span style=\"font-family: verdana,geneva,sans-serif\"><a href=\"https:\/\/youtu.be\/nieZbh8vBRM\" target=\"_blank\" rel=\"noopener noreferrer\">M\u00ednimo com\u00fan m\u00faltiplo<\/a><\/span><\/strong><\/span><\/p>\n<p>&nbsp;&nbsp;&nbsp;&nbsp;&nbsp;&nbsp;&nbsp;&nbsp;&nbsp;&nbsp;<a href=\"https:\/\/youtu.be\/ybzHvs9Znsw\"><span style=\"font-family: verdana,geneva,sans-serif;font-size: 12pt\"><strong> Problemas de mcm y mcd<\/strong><\/span><\/a><\/p>\n<p style=\"padding-left: 40px\"><span style=\"font-size: 12pt\"><strong><span style=\"font-family: verdana,geneva,sans-serif\"><a href=\"https:\/\/youtu.be\/6TZGhoeOI9o\" target=\"_blank\" rel=\"noopener noreferrer\">Valor absoluto. Opuesto de un n\u00famero. Suma y resta de n\u00fameros enteros<\/a>.<\/span><\/strong><\/span><\/p>\n<p style=\"padding-left: 40px\"><span style=\"font-size: 12pt\"><strong><span style=\"font-family: verdana,geneva,sans-serif\"><a href=\"https:\/\/youtu.be\/RSdmyjOIveI\" target=\"_blank\" rel=\"noopener noreferrer\">Multiplicaci\u00f3n y divisi\u00f3n de n\u00fameros enteros<\/a>.<\/span><\/strong><\/span><\/p>\n<p style=\"padding-left: 40px\"><span style=\"font-size: 12pt\"><strong><span style=\"font-family: verdana,geneva,sans-serif\"><a href=\"https:\/\/youtu.be\/8wWcn11RZtQ\" target=\"_blank\" rel=\"noopener noreferrer\">Operaciones combinadas<\/a><\/span><\/strong><\/span><\/p>\n<p style=\"padding-left: 40px\"><span style=\"font-size: 12pt\"><strong><span style=\"font-family: verdana,geneva,sans-serif\"><a href=\"https:\/\/youtu.be\/WBWu-Gwx3Ow\" target=\"_blank\" rel=\"noopener noreferrer\">Propiedad distributiva y factor com\u00fan<\/a><\/span><\/strong><\/span><\/p>\n<p><strong><span style=\"font-size: 14pt\">2.FRACCIONES Y DECIMALES<\/span><\/strong><\/p>\n<p>&nbsp;&nbsp;&nbsp;&nbsp;&nbsp;&nbsp;&nbsp;&nbsp;&nbsp;&nbsp;<a href=\"https:\/\/youtu.be\/PxwqDc5_ovk\"><strong><span style=\"font-family: verdana,geneva,sans-serif;font-size: 12pt\"> Fracciones I (desde cero)<\/span><\/strong><\/a><\/p>\n<p>&nbsp;&nbsp;&nbsp;&nbsp;&nbsp;&nbsp;&nbsp;&nbsp;&nbsp;&nbsp; <a href=\"https:\/\/youtu.be\/yxICjKblTJE\"><span style=\"font-family: verdana,geneva,sans-serif;font-size: 12pt\"><strong>Operaciones con fracciones (Fracciones II)<\/strong><\/span><\/a><\/p>\n<p>&nbsp;&nbsp;&nbsp;&nbsp;&nbsp;&nbsp;&nbsp;&nbsp;&nbsp;&nbsp;<a href=\"https:\/\/www.youtube.com\/watch?v=KkyugErl02o&amp;t=377s\"><span style=\"font-family: verdana,geneva,sans-serif;font-size: 12pt\"><strong> Ordenar fracciones con distinto denominador (Fracciones III)<\/strong><\/span><\/a><\/p>\n<p>&nbsp;&nbsp;&nbsp;&nbsp;&nbsp;&nbsp;&nbsp;&nbsp;&nbsp;&nbsp;<a href=\"https:\/\/youtu.be\/VPrxpUaNbag\"><strong><span style=\"font-family: verdana,geneva,sans-serif;font-size: 12pt\"> Paso de decimal a fracci\u00f3n &#8211; Fracci\u00f3n generatriz &#8211; (Fracciones IV)<\/span><\/strong><\/a><\/p>\n<p><strong><span style=\"font-size: 14pt\">3.POTENCIAS Y RA\u00cdCES<\/span><\/strong><\/p>\n<p style=\"padding-left: 40px\"><span style=\"font-family: verdana,geneva,sans-serif;font-size: 12pt\"><strong><a href=\"https:\/\/youtu.be\/VsLnotGTHm4\" target=\"_blank\" rel=\"noopener noreferrer\">Operaciones con potencias I<\/a><\/strong><\/span><\/p>\n<p style=\"padding-left: 40px\"><span style=\"font-family: verdana,geneva,sans-serif;font-size: 12pt\"><strong><a href=\"https:\/\/youtu.be\/Upr34gqvWCw\" target=\"_blank\" rel=\"noopener noreferrer\">Ra\u00edz cuadrada<\/a><\/strong><\/span><\/p>\n<p><span style=\"font-size: 14pt\"><strong>4.PROPORCIONALIDAD<\/strong><\/span><\/p>\n<p><strong><span style=\"font-size: 14pt\">5.EXPRESIONES ALGEBR\u00c1ICAS <\/span><\/strong><\/p>\n<p>&nbsp;&nbsp;&nbsp;&nbsp;&nbsp;&nbsp;&nbsp;&nbsp;&nbsp;<a href=\"https:\/\/youtu.be\/NwMJa8THuCk\"><strong><span style=\"font-family: verdana,geneva,sans-serif;font-size: 12pt\"> Expresiones algebraicas &#8211; Monomios y Polinomios<\/span><\/strong><\/a><\/p>\n<p><span style=\"font-size: 14pt\"><strong>6.ECUACIONES<\/strong><\/span><\/p>\n<p style=\"padding-left: 40px\"><strong><span style=\"font-family: verdana,geneva,sans-serif;font-size: 12pt\"><a href=\"https:\/\/youtu.be\/VJekjd1h040\" target=\"_blank\" rel=\"noopener noreferrer\">Tipos de ecuaciones de primer grado<\/a><\/span><\/strong><\/p>\n<p style=\"padding-left: 40px\"><span style=\"font-family: verdana,geneva,sans-serif;font-size: 12pt\"><a href=\"https:\/\/youtu.be\/tpO0SXBC6FQ\"><strong>Ecuaciones de primer grado b\u00e1sicas &#8211; Ejemplos <\/strong><\/a><\/span><\/p>\n<p style=\"padding-left: 40px\"><span style=\"font-family: verdana,geneva,sans-serif;font-size: 12pt\"><strong><a href=\"https:\/\/youtu.be\/_oluQTAAeFM\" target=\"_blank\" rel=\"noopener noreferrer\">Ecuaciones de primer grado con par\u00e9ntesis &#8211; Ejemplos<\/a><\/strong><\/span><\/p>\n<p style=\"padding-left: 40px\"><span style=\"font-family: verdana,geneva,sans-serif;font-size: 12pt\"><strong><a href=\"https:\/\/youtu.be\/9Q-f36dmmro\" target=\"_blank\" rel=\"noopener noreferrer\">Ecuaciones de primer grado con fracciones &#8211; Ejemplos<\/a><\/strong><\/span><\/p>\n<p><span style=\"font-size: 14pt\"><strong>7.SISTEMAS DE ECUACIONES<\/strong><\/span><\/p>\n<pre><span style=\"font-family: helvetica,arial,sans-serif\"><em><strong><span style=\"font-size: 24pt\">BLOQUE: FUNCIONES<\/span><\/strong><\/em><\/span><\/pre>\n<p><span style=\"font-size: 14pt\"><strong>8.FUNCIONES<\/strong><\/span><\/p>\n<pre><span style=\"font-family: helvetica,arial,sans-serif\"><em><strong><span style=\"font-size: 24pt\">BLOQUE GEOMETR\u00cdA<\/span><\/strong><\/em><\/span><\/pre>\n<p><span style=\"font-size: 14pt\"><strong>9.MEDIDAS. TEOREMA DE PIT\u00c1GORAS <\/strong><\/span><\/p>\n<p><strong><span style=\"font-size: 14pt\">10.SEMEJANZA<\/span><\/strong><\/p>\n<p><strong><span style=\"font-size: 14pt\">11.CUERPOS GEOM\u00c9TRICOS<\/span><\/strong><\/p>\n<pre><span style=\"font-family: helvetica,arial,sans-serif\"><em><strong><span style=\"font-size: 24pt\">BLOQUE: ESTAD\u00cdSTICA Y PROBABILIDAD<\/span><\/strong><\/em><\/span><\/pre>\n<p><strong><span style=\"font-size: 14pt\">12.ESTAD\u00cdSTICA<\/span><\/strong><\/p>\n<p><strong><span style=\"font-size: 14pt\">13.PROBABILIDAD<\/span><\/strong><\/p>\n<h1>&nbsp;<\/h1>\n<p>&nbsp;<\/p>\n<p>&nbsp;<\/p>\n","protected":false},"excerpt":{"rendered":"<p>&nbsp; BLOQUE: \u00c1LGEBRA 1.DIVISIBILIDAD. N\u00daMEROS ENTEROS &nbsp;&nbsp;&nbsp;&nbsp;&nbsp;&nbsp;&nbsp;&nbsp;&nbsp;&nbsp;&nbsp;M\u00faltiplos y divisores &#8211; Hallar Divisores de un n\u00famero Criterio de divisibilidad del 2 Criterio de divisibilidad del 3 Criterio de divisibilidad del 4 Criterio de divisibilidad del 5 Criterio de divisibilidad del 6 Criterio de divisibilidad del 7 Criterio de divisibilidad del 8 Criterio de divisibilidad del 9 [&hellip;]<\/p>\n","protected":false},"author":6820,"featured_media":0,"parent":0,"menu_order":0,"comment_status":"closed","ping_status":"closed","template":"","meta":{"ngg_post_thumbnail":0,"footnotes":""},"aioseo_notices":[],"_links":{"self":[{"href":"https:\/\/blogsaverroes.juntadeandalucia.es\/elblogdelasmatematicas\/wp-json\/wp\/v2\/pages\/23"}],"collection":[{"href":"https:\/\/blogsaverroes.juntadeandalucia.es\/elblogdelasmatematicas\/wp-json\/wp\/v2\/pages"}],"about":[{"href":"https:\/\/blogsaverroes.juntadeandalucia.es\/elblogdelasmatematicas\/wp-json\/wp\/v2\/types\/page"}],"author":[{"embeddable":true,"href":"https:\/\/blogsaverroes.juntadeandalucia.es\/elblogdelasmatematicas\/wp-json\/wp\/v2\/users\/6820"}],"replies":[{"embeddable":true,"href":"https:\/\/blogsaverroes.juntadeandalucia.es\/elblogdelasmatematicas\/wp-json\/wp\/v2\/comments?post=23"}],"version-history":[{"count":35,"href":"https:\/\/blogsaverroes.juntadeandalucia.es\/elblogdelasmatematicas\/wp-json\/wp\/v2\/pages\/23\/revisions"}],"predecessor-version":[{"id":693,"href":"https:\/\/blogsaverroes.juntadeandalucia.es\/elblogdelasmatematicas\/wp-json\/wp\/v2\/pages\/23\/revisions\/693"}],"wp:attachment":[{"href":"https:\/\/blogsaverroes.juntadeandalucia.es\/elblogdelasmatematicas\/wp-json\/wp\/v2\/media?parent=23"}],"curies":[{"name":"wp","href":"https:\/\/api.w.org\/{rel}","templated":true}]}}