{"id":27,"date":"2019-02-10T06:23:57","date_gmt":"2019-02-10T06:23:57","guid":{"rendered":"https:\/\/blogsaverroes.juntadeandalucia.es\/elblogdelasmatematicas\/?page_id=27"},"modified":"2020-12-30T09:09:18","modified_gmt":"2020-12-30T09:09:18","slug":"4o-eso","status":"publish","type":"page","link":"https:\/\/blogsaverroes.juntadeandalucia.es\/elblogdelasmatematicas\/4o-eso\/","title":{"rendered":"4\u00ba ESO"},"content":{"rendered":"<p><a href=\"https:\/\/www.youtube.com\/watch?v=7rob3oFuMdw&amp;list=PLUVguSiLaibnSX_-me0QLwQohi79srrkT\" rel=\"attachment wp-att-476\"><img loading=\"lazy\" decoding=\"async\" width=\"300\" height=\"59\" class=\"alignnone size-medium wp-image-476\" alt=\"\" src=\"https:\/\/blogsaverroes.juntadeandalucia.es\/elblogdelasmatematicas\/files\/2020\/06\/4eso-300x59.png\" srcset=\"https:\/\/blogsaverroes.juntadeandalucia.es\/elblogdelasmatematicas\/files\/2020\/06\/4eso-300x59.png 300w, https:\/\/blogsaverroes.juntadeandalucia.es\/elblogdelasmatematicas\/files\/2020\/06\/4eso-24x5.png 24w, https:\/\/blogsaverroes.juntadeandalucia.es\/elblogdelasmatematicas\/files\/2020\/06\/4eso-36x7.png 36w, https:\/\/blogsaverroes.juntadeandalucia.es\/elblogdelasmatematicas\/files\/2020\/06\/4eso-48x9.png 48w, https:\/\/blogsaverroes.juntadeandalucia.es\/elblogdelasmatematicas\/files\/2020\/06\/4eso.png 502w\" sizes=\"(max-width: 300px) 100vw, 300px\" \/><\/a><\/p>\n<pre><span style=\"font-family: helvetica,arial,sans-serif;font-size: 24pt\"><em><strong>BLOQUE: \u00c1LGEBRA<\/strong><\/em><\/span><\/pre>\n<p><span style=\"font-family: verdana,geneva,sans-serif;font-size: 14pt\"><strong>1.N\u00daMEROS ENTEROS Y FRACCIONES<\/strong><\/span><\/p>\n<p><strong>&nbsp; &nbsp; &nbsp; &nbsp; &nbsp; <span style=\"font-family: verdana,geneva,sans-serif;font-size: 12pt\"><a href=\"https:\/\/youtu.be\/6TZGhoeOI9o\">Sumas y restas de n\u00fameros enteros. Valor absoluto. Opuesto de un n\u00famero.<\/a><\/span><\/strong><\/p>\n<p><strong>&nbsp;&nbsp;&nbsp;&nbsp;&nbsp;&nbsp;&nbsp;&nbsp; <span style=\"font-family: verdana,geneva,sans-serif;font-size: 12pt\"><a href=\"https:\/\/youtu.be\/RSdmyjOIveI\">&nbsp;Multiplicaci\u00f3n y divisi\u00f3n de n\u00fameros enteros<\/a><\/span><\/strong><\/p>\n<p><strong><a href=\"https:\/\/youtu.be\/WBWu-Gwx3Ow\">&nbsp;&nbsp;&nbsp;&nbsp;&nbsp;&nbsp;&nbsp; &nbsp; <span style=\"font-family: verdana,geneva,sans-serif;font-size: 12pt\">Propiedad distributiva &#8211; Factor com\u00fan<\/span><\/a><\/strong><\/p>\n<p><strong><a href=\"https:\/\/youtu.be\/8wWcn11RZtQ\"><span style=\"font-size: 12pt\">&nbsp;&nbsp;&nbsp;&nbsp;&nbsp;&nbsp;&nbsp;<span style=\"font-family: verdana,geneva,sans-serif\">&nbsp;Jerarqu\u00eda de operaciones (operaciones combinadas)<\/span><\/span><\/a><\/strong><\/p>\n<p><span style=\"font-family: verdana,geneva,sans-serif\"><strong><a href=\"https:\/\/youtu.be\/pGuJcRDmN6w\">&nbsp; &nbsp; &nbsp; &nbsp;&nbsp; <span style=\"font-size: 12pt\">N\u00fameros primos &#8211; N\u00fameros compuestos<\/span><\/a><\/strong><\/span><\/p>\n<p><a href=\"https:\/\/youtu.be\/xHhuMa665uc\"><strong>&nbsp;&nbsp;&nbsp;&nbsp;&nbsp;&nbsp;&nbsp; &nbsp;<span style=\"font-family: verdana,geneva,sans-serif;font-size: 12pt\">Descomposici\u00f3n factorial en factores primos<\/span><\/strong><\/a><\/p>\n<p><span style=\"font-size: 12pt\"><a href=\"https:\/\/youtu.be\/_MsXgTcc5k4\"><strong>&nbsp;&nbsp;&nbsp;&nbsp;&nbsp;&nbsp; &nbsp;<span style=\"font-family: verdana,geneva,sans-serif\">M\u00e1ximo com\u00fan divisor<\/span><\/strong><\/a><\/span><\/p>\n<p><span style=\"font-family: verdana,geneva,sans-serif\"><a href=\"https:\/\/youtu.be\/nieZbh8vBRM\"><strong>&nbsp;&nbsp;&nbsp;&nbsp;&nbsp;&nbsp;&nbsp;&nbsp;&nbsp;<span style=\"font-size: 12pt\">M\u00ednimo com\u00fan m\u00faltiplo<\/span><\/strong><\/a><\/span><\/p>\n<p><a href=\"https:\/\/youtu.be\/PxwqDc5_ovk\"><strong><span style=\"font-family: verdana,geneva,sans-serif\">&nbsp; &nbsp;<span style=\"font-size: 12pt\"> &nbsp;&nbsp; Fracciones I (desde cero)<\/span><\/span><\/strong><\/a><\/p>\n<p><span style=\"font-family: verdana,geneva,sans-serif;font-size: 14pt\"><strong>2.N\u00daMEROS REALES<\/strong><\/span><\/p>\n<p><a href=\"https:\/\/youtu.be\/5proIIynv6Y\">&nbsp;&nbsp;&nbsp;&nbsp;&nbsp;&nbsp;&nbsp;&nbsp;&nbsp;&nbsp;<span style=\"font-family: verdana,geneva,sans-serif;font-size: 12pt\"><strong>&nbsp;Clasificaci\u00f3n de los distintos tipos de n\u00fameros: N\u00fameros reales<\/strong><\/span><\/a><\/p>\n<p>&nbsp; &nbsp;&nbsp; &nbsp;&nbsp; &nbsp;&nbsp; &nbsp;<a href=\"https:\/\/youtu.be\/YLSPK7j89SA\"><strong><span style=\"font-family: verdana,geneva,sans-serif;font-size: 12pt\">Racionalizaci\u00f3n de denominadores<\/span><\/strong><\/a><\/p>\n<p>&nbsp;&nbsp;&nbsp;&nbsp;&nbsp;&nbsp;&nbsp;&nbsp;&nbsp;&nbsp;&nbsp; <a href=\"https:\/\/youtu.be\/9WDu8ixopn4\"><span style=\"font-family: verdana,geneva,sans-serif;font-size: 12pt\"><strong>Intervalos &#8211; Tipos de intervalos &#8211; Interpretaci\u00f3n gr\u00e1fica<\/strong><\/span><\/a><\/p>\n<p><span style=\"font-family: verdana,geneva,sans-serif\"><strong><span style=\"font-size: 14pt\">3.POLIN\u00d3MIOS<\/span><\/strong><\/span><\/p>\n<p>&nbsp;&nbsp;&nbsp;&nbsp;&nbsp;&nbsp;&nbsp; &nbsp;<a href=\"https:\/\/youtu.be\/NwMJa8THuCk\"><span style=\"font-family: verdana,geneva,sans-serif;font-size: 12pt\"><strong> Expresiones algebraicas &#8211; Monomios y Polinomios<\/strong><\/span><\/a><\/p>\n<p>&nbsp;&nbsp;&nbsp;&nbsp;&nbsp;&nbsp;&nbsp;&nbsp;&nbsp; <a href=\"https:\/\/youtu.be\/4JHJ_MVa9bU\"><strong><span style=\"font-family: verdana,geneva,sans-serif;font-size: 12pt\">Suma y resta de polinomios<\/span><\/strong><\/a><\/p>\n<p>&nbsp;&nbsp;&nbsp;&nbsp;&nbsp;&nbsp;&nbsp;&nbsp;&nbsp; <a href=\"https:\/\/youtu.be\/mQRxGpo0ywg\"><strong><span style=\"font-family: verdana,geneva,sans-serif;font-size: 12pt\">Producto de polinomios<\/span><\/strong><\/a><\/p>\n<p>&nbsp;&nbsp;&nbsp;&nbsp;&nbsp;&nbsp;&nbsp;&nbsp;&nbsp;<a href=\"https:\/\/youtu.be\/vEICmC_X6qQ\"><strong><span style=\"font-family: verdana,geneva,sans-serif;font-size: 12pt\"> Identidades notables<\/span><\/strong><\/a><\/p>\n<p>&nbsp;&nbsp;&nbsp;&nbsp;&nbsp;&nbsp;&nbsp;&nbsp; <a href=\"https:\/\/youtu.be\/UIluXA4zXZY\"><strong><span style=\"font-family: verdana,geneva,sans-serif;font-size: 12pt\">Divisi\u00f3n de polinomios<\/span><\/strong><\/a><\/p>\n<p>&nbsp;&nbsp;&nbsp;&nbsp;&nbsp;&nbsp;&nbsp;&nbsp; <a href=\"https:\/\/youtu.be\/66wHjNPuZ7c\"><span style=\"font-family: verdana,geneva,sans-serif;font-size: 12pt\"><strong>Divisi\u00f3n por el m\u00e9todo de Ruffini<\/strong><\/span><\/a><\/p>\n<p>&nbsp;&nbsp;&nbsp;&nbsp;&nbsp;&nbsp;&nbsp;&nbsp; <a href=\"https:\/\/youtu.be\/TbH3Lqy42Ww\"><strong><span style=\"font-family: verdana,geneva,sans-serif;font-size: 12pt\">Factorizar polinomios de grado 2<\/span><\/strong><\/a><\/p>\n<p>&nbsp;&nbsp;&nbsp;&nbsp;&nbsp;&nbsp;&nbsp;&nbsp;&nbsp; <a href=\"https:\/\/youtu.be\/dflfqf536L0\"><span style=\"font-family: verdana,geneva,sans-serif\"><strong><span style=\"font-size: 12pt\">Teorema del resto <\/span><\/strong><\/span><\/a><span style=\"font-family: verdana,geneva,sans-serif\"><strong><span style=\"font-size: 12pt\">y del factor<\/span><\/strong><\/span><\/p>\n<p>&nbsp;&nbsp;&nbsp;&nbsp;&nbsp;&nbsp;&nbsp;&nbsp;<a href=\"https:\/\/youtu.be\/I1uzAqkWOkA\"><strong><span style=\"font-family: verdana,geneva,sans-serif;font-size: 12pt\"> Factorizar polinomios de grado mayor que dos<\/span><\/strong><\/a><\/p>\n<p><span style=\"font-family: verdana,geneva,sans-serif\"><strong><span style=\"font-size: 14pt\">4.ECUACIONES<\/span><\/strong><\/span><\/p>\n<p><span style=\"font-family: verdana,geneva,sans-serif;font-size: 12pt\"><strong>&nbsp;&nbsp;&nbsp;&nbsp;&nbsp;&nbsp;&nbsp;&nbsp; Ecuaciones de primer grado<\/strong><\/span><\/p>\n<p><span style=\"font-family: verdana,geneva,sans-serif;font-size: 12pt\"><strong>&nbsp;&nbsp;&nbsp;&nbsp;&nbsp;&nbsp;&nbsp;&nbsp;&nbsp;&nbsp;&nbsp;&nbsp;&nbsp;&nbsp;&nbsp;&nbsp;&nbsp;&nbsp;&nbsp;&nbsp; <a href=\"https:\/\/youtu.be\/VJekjd1h040\">Tipos de ecuaciones de primer grado<\/a><\/strong><\/span><\/p>\n<p><span style=\"font-family: verdana,geneva,sans-serif;font-size: 12pt\"><strong>&nbsp;&nbsp;&nbsp;&nbsp;&nbsp;&nbsp;&nbsp;&nbsp;&nbsp;&nbsp;&nbsp;&nbsp;&nbsp;&nbsp;&nbsp;&nbsp;&nbsp;&nbsp;&nbsp;&nbsp; <a href=\"https:\/\/youtu.be\/tpO0SXBC6FQ\">Ecuaciones de primer grado b\u00e1sicas<\/a><\/strong><\/span><\/p>\n<p><strong><span style=\"font-family: verdana,geneva,sans-serif;font-size: 12pt\">&nbsp;&nbsp;&nbsp;&nbsp;&nbsp;&nbsp;&nbsp;&nbsp;&nbsp;&nbsp;&nbsp;&nbsp;&nbsp;&nbsp;&nbsp;&nbsp;&nbsp;&nbsp;&nbsp;&nbsp;<a href=\"https:\/\/youtu.be\/_oluQTAAeFM\"> Ecuaciones de primer grado con par\u00e9ntesis<\/a><\/span><\/strong><\/p>\n<p><span style=\"font-family: verdana,geneva,sans-serif\"><strong><span style=\"font-size: 12pt\">&nbsp;&nbsp;&nbsp;&nbsp;&nbsp;&nbsp;&nbsp;&nbsp;&nbsp;&nbsp;&nbsp;&nbsp;&nbsp;&nbsp;&nbsp;&nbsp;&nbsp;&nbsp;&nbsp;&nbsp;<a href=\"https:\/\/youtu.be\/9Q-f36dmmro\"> Ecuaciones de primer grado con fracciones<\/a><\/span><\/strong><\/span><\/p>\n<p><span style=\"font-family: verdana,geneva,sans-serif;font-size: 12pt\"><strong>&nbsp;&nbsp;&nbsp;&nbsp;&nbsp;&nbsp;&nbsp;&nbsp;&nbsp;&nbsp;&nbsp;&nbsp;&nbsp;&nbsp;&nbsp;&nbsp;&nbsp;&nbsp;&nbsp;&nbsp;&nbsp;<a href=\"https:\/\/youtu.be\/Pgbtnxo12gc\">Ecuaciones de primer grado con soluciones infinitas&nbsp;<\/a><\/strong><\/span><\/p>\n<p><strong><span style=\"font-family: verdana,geneva,sans-serif;font-size: 12pt\">&nbsp;&nbsp;&nbsp;&nbsp;&nbsp;&nbsp;&nbsp;&nbsp;&nbsp;&nbsp;&nbsp;&nbsp;&nbsp;&nbsp;&nbsp;&nbsp;&nbsp;&nbsp;&nbsp;&nbsp; <a href=\"https:\/\/youtu.be\/BDLZNaSEy04\">Ecuaciones de primer grado sin soluci\u00f3n (v\u00eddeo)<\/a><\/span><\/strong><\/p>\n<p><span style=\"font-family: verdana,geneva,sans-serif\"><strong><span style=\"font-size: 14pt\">5.SISTEMAS DE ECUACIONES<\/span><\/strong><\/span><\/p>\n<p><span style=\"font-family: verdana,geneva,sans-serif\"><strong><span style=\"font-size: 14pt\">6.INECUACIONES<\/span><\/strong><\/span><\/p>\n<p><strong><span style=\"font-family: verdana,geneva,sans-serif;font-size: 12pt\">&nbsp;&nbsp;&nbsp;&nbsp;&nbsp;&nbsp;&nbsp;&nbsp;&nbsp;&nbsp;&nbsp;&nbsp;&nbsp;&nbsp;&nbsp;&nbsp;&nbsp;&nbsp; <a href=\"https:\/\/blogsaverroes.juntadeandalucia.es\/elblogdelasmatematicas\/4o-eso\/resumen-inecuaciones\/\" rel=\"attachment wp-att-756\">Resumen Inecuaciones<\/a> (pdf)<\/span><\/strong><\/p>\n<p><span style=\"font-family: verdana,geneva,sans-serif;font-size: 12pt\"><strong>&nbsp;&nbsp;&nbsp;&nbsp;&nbsp;&nbsp;&nbsp;&nbsp;&nbsp;&nbsp;&nbsp;&nbsp;&nbsp;&nbsp;&nbsp;&nbsp;&nbsp;&nbsp; <a href=\"https:\/\/blogsaverroes.juntadeandalucia.es\/elblogdelasmatematicas\/4o-eso\/ejercicios-inecuaciones-con-solucion\/\" rel=\"attachment wp-att-755\">Ejercicios Inecuaciones con soluci\u00f3n<\/a><\/strong> <strong>(pdf)<\/strong><\/span><\/p>\n<pre><em><strong><span style=\"font-family: helvetica,arial,sans-serif;font-size: 24pt\">BLOQUE: GEOMETR\u00cdA<\/span><\/strong><\/em><\/pre>\n<p><span style=\"font-family: verdana,geneva,sans-serif;font-size: 14pt\"><strong>7.SEMEJANZA<\/strong><\/span><\/p>\n<p><span style=\"font-family: verdana,geneva,sans-serif\"><strong><span style=\"font-size: 14pt\">8.TRIGONOMETR\u00cdA I: RAZONES TRIGONOM\u00c9TRICAS Y F\u00d3RMULAS<\/span><\/strong><\/span><\/p>\n<p><span style=\"font-family: verdana,geneva,sans-serif\"><strong><span style=\"font-size: 14pt\">9.TRIGONOMETR\u00cdA II: RESOLUCI\u00d3N DE TRI\u00c1NGULOS<\/span><\/strong><\/span><\/p>\n<pre><em><span style=\"font-family: helvetica,arial,sans-serif;font-size: 24pt\"><strong>BLOQUE: FUNCIONES<\/strong><\/span><\/em><\/pre>\n<p><span style=\"font-family: verdana,geneva,sans-serif\"><strong><span style=\"font-size: 14pt\">10.FUNCIONES<\/span><\/strong><\/span><\/p>\n<p><span style=\"font-family: verdana,geneva,sans-serif\"><strong><span style=\"font-size: 14pt\">11.FUNCIONES CONSTANTES DE PRIMER Y SEGUNDO GRADO<\/span><\/strong><\/span><\/p>\n<p><span style=\"font-family: verdana,geneva,sans-serif\"><strong><span style=\"font-size: 14pt\">12.FUNCIONES ELEMENTALES: EXPONENCIAL, LOGAR\u00cdTMICA E INVERSA<\/span><\/strong><\/span><\/p>\n<pre><span style=\"font-family: helvetica,arial,sans-serif;font-size: 24pt\"><em><strong>BLOQUE: ESTAD\u00cdSTICA Y PROBABILIDAD<\/strong><\/em><\/span><\/pre>\n<p><span style=\"font-family: verdana,geneva,sans-serif;font-size: 14pt\"><strong>13.ESTAD\u00cdSTICA UNIDIMENSIONAL<\/strong><\/span><\/p>\n<p><span style=\"font-family: verdana,geneva,sans-serif;font-size: 14pt\"><strong>14.ESTAD\u00cdSTICA BIDIMENSIONAL<\/strong><\/span><\/p>\n<p><span style=\"font-family: verdana,geneva,sans-serif\"><strong><span style=\"font-size: 14pt\">15.COMBINATORIA<\/span><\/strong><\/span><\/p>\n<p><span style=\"font-family: verdana,geneva,sans-serif;font-size: 14pt\"><strong>16.PROBABILIDAD<\/strong><\/span><\/p>\n","protected":false},"excerpt":{"rendered":"<p>BLOQUE: \u00c1LGEBRA 1.N\u00daMEROS ENTEROS Y FRACCIONES &nbsp; &nbsp; &nbsp; &nbsp; &nbsp; Sumas y restas de n\u00fameros enteros. Valor absoluto. Opuesto de un n\u00famero. &nbsp;&nbsp;&nbsp;&nbsp;&nbsp;&nbsp;&nbsp;&nbsp; &nbsp;Multiplicaci\u00f3n y divisi\u00f3n de n\u00fameros enteros &nbsp;&nbsp;&nbsp;&nbsp;&nbsp;&nbsp;&nbsp; &nbsp; Propiedad distributiva &#8211; Factor com\u00fan &nbsp;&nbsp;&nbsp;&nbsp;&nbsp;&nbsp;&nbsp;&nbsp;Jerarqu\u00eda de operaciones (operaciones combinadas) &nbsp; &nbsp; &nbsp; &nbsp;&nbsp; N\u00fameros primos &#8211; N\u00fameros compuestos &nbsp;&nbsp;&nbsp;&nbsp;&nbsp;&nbsp;&nbsp; &nbsp;Descomposici\u00f3n factorial en [&hellip;]<\/p>\n","protected":false},"author":6820,"featured_media":0,"parent":0,"menu_order":0,"comment_status":"closed","ping_status":"closed","template":"","meta":{"ngg_post_thumbnail":0,"footnotes":""},"aioseo_notices":[],"_links":{"self":[{"href":"https:\/\/blogsaverroes.juntadeandalucia.es\/elblogdelasmatematicas\/wp-json\/wp\/v2\/pages\/27"}],"collection":[{"href":"https:\/\/blogsaverroes.juntadeandalucia.es\/elblogdelasmatematicas\/wp-json\/wp\/v2\/pages"}],"about":[{"href":"https:\/\/blogsaverroes.juntadeandalucia.es\/elblogdelasmatematicas\/wp-json\/wp\/v2\/types\/page"}],"author":[{"embeddable":true,"href":"https:\/\/blogsaverroes.juntadeandalucia.es\/elblogdelasmatematicas\/wp-json\/wp\/v2\/users\/6820"}],"replies":[{"embeddable":true,"href":"https:\/\/blogsaverroes.juntadeandalucia.es\/elblogdelasmatematicas\/wp-json\/wp\/v2\/comments?post=27"}],"version-history":[{"count":26,"href":"https:\/\/blogsaverroes.juntadeandalucia.es\/elblogdelasmatematicas\/wp-json\/wp\/v2\/pages\/27\/revisions"}],"predecessor-version":[{"id":758,"href":"https:\/\/blogsaverroes.juntadeandalucia.es\/elblogdelasmatematicas\/wp-json\/wp\/v2\/pages\/27\/revisions\/758"}],"wp:attachment":[{"href":"https:\/\/blogsaverroes.juntadeandalucia.es\/elblogdelasmatematicas\/wp-json\/wp\/v2\/media?parent=27"}],"curies":[{"name":"wp","href":"https:\/\/api.w.org\/{rel}","templated":true}]}}