{"id":32,"date":"2020-05-04T18:23:45","date_gmt":"2020-05-04T16:23:45","guid":{"rendered":"https:\/\/blogsaverroes.juntadeandalucia.es\/elblogdelenguadepedro\/?page_id=32"},"modified":"2021-11-03T20:59:30","modified_gmt":"2021-11-03T19:59:30","slug":"contacto","status":"publish","type":"page","link":"https:\/\/blogsaverroes.juntadeandalucia.es\/elblogdelenguadepedro\/contacto\/","title":{"rendered":"Contacto"},"content":{"rendered":"<p>Para poder contactar conmigo pod\u00e9is escribirme a la siguiente direcci\u00f3n de correo electr\u00f3nico: pgarval006@g.educaand.es<\/p>\n<p>Tambi\u00e9n por Twitter @ValGarca<\/p>\n","protected":false},"excerpt":{"rendered":"<p>Para poder contactar conmigo pod\u00e9is escribirme a la siguiente direcci\u00f3n de correo electr\u00f3nico: pgarval006@g.educaand.es Tambi\u00e9n por Twitter @ValGarca<\/p>\n","protected":false},"author":9897,"featured_media":0,"parent":0,"menu_order":0,"comment_status":"closed","ping_status":"closed","template":"","meta":{"ngg_post_thumbnail":0,"footnotes":""},"aioseo_notices":[],"_links":{"self":[{"href":"https:\/\/blogsaverroes.juntadeandalucia.es\/elblogdelenguadepedro\/wp-json\/wp\/v2\/pages\/32"}],"collection":[{"href":"https:\/\/blogsaverroes.juntadeandalucia.es\/elblogdelenguadepedro\/wp-json\/wp\/v2\/pages"}],"about":[{"href":"https:\/\/blogsaverroes.juntadeandalucia.es\/elblogdelenguadepedro\/wp-json\/wp\/v2\/types\/page"}],"author":[{"embeddable":true,"href":"https:\/\/blogsaverroes.juntadeandalucia.es\/elblogdelenguadepedro\/wp-json\/wp\/v2\/users\/9897"}],"replies":[{"embeddable":true,"href":"https:\/\/blogsaverroes.juntadeandalucia.es\/elblogdelenguadepedro\/wp-json\/wp\/v2\/comments?post=32"}],"version-history":[{"count":2,"href":"https:\/\/blogsaverroes.juntadeandalucia.es\/elblogdelenguadepedro\/wp-json\/wp\/v2\/pages\/32\/revisions"}],"predecessor-version":[{"id":93,"href":"https:\/\/blogsaverroes.juntadeandalucia.es\/elblogdelenguadepedro\/wp-json\/wp\/v2\/pages\/32\/revisions\/93"}],"wp:attachment":[{"href":"https:\/\/blogsaverroes.juntadeandalucia.es\/elblogdelenguadepedro\/wp-json\/wp\/v2\/media?parent=32"}],"curies":[{"name":"wp","href":"https:\/\/api.w.org\/{rel}","templated":true}]}}