{"id":23,"date":"2020-11-11T18:46:13","date_gmt":"2020-11-11T18:46:13","guid":{"rendered":"https:\/\/blogsaverroes.juntadeandalucia.es\/elblogdemiclase\/?page_id=23"},"modified":"2020-11-11T18:46:13","modified_gmt":"2020-11-11T18:46:13","slug":"acerca-de-mi","status":"publish","type":"page","link":"https:\/\/blogsaverroes.juntadeandalucia.es\/elblogdemiclase\/acerca-de-mi\/","title":{"rendered":"Acerca de m\u00ed"},"content":{"rendered":"<p><img loading=\"lazy\" decoding=\"async\" class=\"alignnone size-medium wp-image-24\" src=\"https:\/\/blogsaverroes.juntadeandalucia.es\/elblogdemiclase\/files\/2020\/11\/IMG_20180322_111925-225x300.jpg\" alt=\"\" width=\"225\" height=\"300\" srcset=\"https:\/\/blogsaverroes.juntadeandalucia.es\/elblogdemiclase\/files\/2020\/11\/IMG_20180322_111925-225x300.jpg 225w, https:\/\/blogsaverroes.juntadeandalucia.es\/elblogdemiclase\/files\/2020\/11\/IMG_20180322_111925-768x1024.jpg 768w, https:\/\/blogsaverroes.juntadeandalucia.es\/elblogdemiclase\/files\/2020\/11\/IMG_20180322_111925-18x24.jpg 18w, https:\/\/blogsaverroes.juntadeandalucia.es\/elblogdemiclase\/files\/2020\/11\/IMG_20180322_111925-27x36.jpg 27w, https:\/\/blogsaverroes.juntadeandalucia.es\/elblogdemiclase\/files\/2020\/11\/IMG_20180322_111925-36x48.jpg 36w, https:\/\/blogsaverroes.juntadeandalucia.es\/elblogdemiclase\/files\/2020\/11\/IMG_20180322_111925.jpg 1080w\" sizes=\"(max-width: 225px) 100vw, 225px\" \/> Este soy yo. Mi nombre es Miguel \u00c1ngel y soy maestro de Educaci\u00f3n Infantil. Aqu\u00ed compartir\u00e9 experiencias y recursos que me ayudan en mi d\u00eda a d\u00eda como docente. Por ahora el sitio \u00abEl blog de Miguel\u00bb est\u00e1 en per\u00edodo de creaci\u00f3n, pero espero que pronto pueda tenerlo plenamente operativo.&nbsp;<\/p>\n","protected":false},"excerpt":{"rendered":"<p>Este soy yo. Mi nombre es Miguel \u00c1ngel y soy maestro de Educaci\u00f3n Infantil. Aqu\u00ed compartir\u00e9 experiencias y recursos que me ayudan en mi d\u00eda a d\u00eda como docente. Por ahora el sitio \u00abEl&#46;&#46;&#46;<\/p>\n","protected":false},"author":11365,"featured_media":0,"parent":0,"menu_order":0,"comment_status":"closed","ping_status":"closed","template":"","meta":{"ngg_post_thumbnail":0,"footnotes":""},"aioseo_notices":[],"_links":{"self":[{"href":"https:\/\/blogsaverroes.juntadeandalucia.es\/elblogdemiclase\/wp-json\/wp\/v2\/pages\/23"}],"collection":[{"href":"https:\/\/blogsaverroes.juntadeandalucia.es\/elblogdemiclase\/wp-json\/wp\/v2\/pages"}],"about":[{"href":"https:\/\/blogsaverroes.juntadeandalucia.es\/elblogdemiclase\/wp-json\/wp\/v2\/types\/page"}],"author":[{"embeddable":true,"href":"https:\/\/blogsaverroes.juntadeandalucia.es\/elblogdemiclase\/wp-json\/wp\/v2\/users\/11365"}],"replies":[{"embeddable":true,"href":"https:\/\/blogsaverroes.juntadeandalucia.es\/elblogdemiclase\/wp-json\/wp\/v2\/comments?post=23"}],"version-history":[{"count":2,"href":"https:\/\/blogsaverroes.juntadeandalucia.es\/elblogdemiclase\/wp-json\/wp\/v2\/pages\/23\/revisions"}],"predecessor-version":[{"id":26,"href":"https:\/\/blogsaverroes.juntadeandalucia.es\/elblogdemiclase\/wp-json\/wp\/v2\/pages\/23\/revisions\/26"}],"wp:attachment":[{"href":"https:\/\/blogsaverroes.juntadeandalucia.es\/elblogdemiclase\/wp-json\/wp\/v2\/media?parent=23"}],"curies":[{"name":"wp","href":"https:\/\/api.w.org\/{rel}","templated":true}]}}