{"id":225,"date":"2020-11-25T11:35:38","date_gmt":"2020-11-25T11:35:38","guid":{"rendered":"https:\/\/blogsaverroes.juntadeandalucia.es\/elcastillo\/?page_id=225"},"modified":"2020-11-25T11:38:01","modified_gmt":"2020-11-25T11:38:01","slug":"contacto","status":"publish","type":"page","link":"https:\/\/blogsaverroes.juntadeandalucia.es\/elcastillo\/contacto\/","title":{"rendered":"Contacto"},"content":{"rendered":"<p>Aqu\u00ed puedes contactar con nosotros:<\/p>\n<div class=\"mod\" lang=\"es-ES\" data-attrid=\"kc:\/location\/location:address\" data-md=\"1002\" data-hveid=\"CB0QAA\" data-ved=\"2ahUKEwi37L2ozJ3tAhWF2eAKHeJIDCsQkCkwGnoECB0QAA\">\n<div class=\"Z1hOCe\">\n<div class=\"zloOqf PZPZlf\" data-dtype=\"d3ifr\" data-local-attribute=\"d3adr\" data-ved=\"2ahUKEwi37L2ozJ3tAhWF2eAKHeJIDCsQghwoADAaegQIHRAB\">\n<p><span class=\"w8qArf\">Direcci\u00f3n:&nbsp;<\/span><span class=\"LrzXr\">Calle Fuente del Duque, 0, 21450 Cartaya, Huelva<\/span><\/p>\n<div class=\"GDRHkb\" data-at=\"2\" data-uid=\"1\"><span class=\"w8qArf\">Tel\u00e9fono:&nbsp;<\/span><span class=\"LrzXr zdqRlf kno-fv\"><span role=\"link\" aria-label=\"Llamar al n\u00famero de tel\u00e9fono 959 48 99 52\">959 48 99 52<\/span><\/span><\/div>\n<\/div>\n<\/div>\n<div data-at=\"2\" data-uid=\"1\">&nbsp;<\/div>\n<div data-at=\"2\" data-uid=\"1\">Horario de atenci\u00f3n: lunes a viernes de 10:30 a 12:30<\/div>\n<\/div>\n<div class=\"mod\" lang=\"es-ES\" data-attrid=\"kc:\/collection\/knowledge_panels\/has_phone:phone\" data-md=\"1006\" data-hveid=\"CBIQAA\" data-ved=\"2ahUKEwi37L2ozJ3tAhWF2eAKHeJIDCsQkCkwG3oECBIQAA\">\n<div class=\"Z1hOCe\">\n<div class=\"zloOqf PZPZlf\" data-dtype=\"d3ifr\" data-local-attribute=\"d3ph\" data-ved=\"2ahUKEwi37L2ozJ3tAhWF2eAKHeJIDCsQ8I0BKAAwG3oECBIQAQ\">\n<div class=\"GDRHkb\" data-at=\"3\" data-uid=\"1\">&nbsp;<\/div>\n<\/div>\n<\/div>\n<\/div>\n<div class=\"mod\" lang=\"es-ES\" data-attrid=\"kc:\/location\/location:province\" data-md=\"1001\" data-hveid=\"CBMQAA\" data-ved=\"2ahUKEwi37L2ozJ3tAhWF2eAKHeJIDCsQkCkwHHoECBMQAA\">\n<div class=\"Z1hOCe\">\n<div class=\"zloOqf PZPZlf\" data-ved=\"2ahUKEwi37L2ozJ3tAhWF2eAKHeJIDCsQyxMoADAcegQIExAB\"><span class=\"w8qArf\">Provincia:&nbsp;<\/span><span class=\"LrzXr kno-fv\">Huelva<\/span><\/div>\n<\/div>\n<div data-ved=\"2ahUKEwi37L2ozJ3tAhWF2eAKHeJIDCsQyxMoADAcegQIExAB\">&nbsp;<\/div>\n<div data-ved=\"2ahUKEwi37L2ozJ3tAhWF2eAKHeJIDCsQyxMoADAcegQIExAB\">Correo: ceipcastillo@hotmail.com<\/div>\n<\/div>\n","protected":false},"excerpt":{"rendered":"<p>Aqu\u00ed puedes contactar con nosotros: Direcci\u00f3n:&nbsp;Calle Fuente del Duque, 0, 21450 Cartaya, Huelva Tel\u00e9fono:&nbsp;959 48 99 52 &nbsp; Horario de atenci\u00f3n: lunes a viernes de 10:30 a 12:30 &nbsp; Provincia:&nbsp;Huelva &nbsp; Correo: ceipcastillo@hotmail.com<\/p>\n","protected":false},"author":11420,"featured_media":0,"parent":0,"menu_order":0,"comment_status":"closed","ping_status":"closed","template":"","meta":{"ngg_post_thumbnail":0,"footnotes":""},"aioseo_notices":[],"_links":{"self":[{"href":"https:\/\/blogsaverroes.juntadeandalucia.es\/elcastillo\/wp-json\/wp\/v2\/pages\/225"}],"collection":[{"href":"https:\/\/blogsaverroes.juntadeandalucia.es\/elcastillo\/wp-json\/wp\/v2\/pages"}],"about":[{"href":"https:\/\/blogsaverroes.juntadeandalucia.es\/elcastillo\/wp-json\/wp\/v2\/types\/page"}],"author":[{"embeddable":true,"href":"https:\/\/blogsaverroes.juntadeandalucia.es\/elcastillo\/wp-json\/wp\/v2\/users\/11420"}],"replies":[{"embeddable":true,"href":"https:\/\/blogsaverroes.juntadeandalucia.es\/elcastillo\/wp-json\/wp\/v2\/comments?post=225"}],"version-history":[{"count":3,"href":"https:\/\/blogsaverroes.juntadeandalucia.es\/elcastillo\/wp-json\/wp\/v2\/pages\/225\/revisions"}],"predecessor-version":[{"id":230,"href":"https:\/\/blogsaverroes.juntadeandalucia.es\/elcastillo\/wp-json\/wp\/v2\/pages\/225\/revisions\/230"}],"wp:attachment":[{"href":"https:\/\/blogsaverroes.juntadeandalucia.es\/elcastillo\/wp-json\/wp\/v2\/media?parent=225"}],"curies":[{"name":"wp","href":"https:\/\/api.w.org\/{rel}","templated":true}]}}