{"id":256,"date":"2020-11-27T19:40:57","date_gmt":"2020-11-27T19:40:57","guid":{"rendered":"https:\/\/blogsaverroes.juntadeandalucia.es\/elcastillo\/?page_id=256"},"modified":"2020-11-27T19:47:27","modified_gmt":"2020-11-27T19:47:27","slug":"inicio","status":"publish","type":"page","link":"https:\/\/blogsaverroes.juntadeandalucia.es\/elcastillo\/","title":{"rendered":"Inicio"},"content":{"rendered":"<h1 class=\"title\" style=\"text-align: center\"><strong>Bienvenidos a un mundo m\u00e1gico\u2026bienvenidos al Castillo<\/strong><\/h1>\n<div class=\"entry clearfix\">\n<p><img loading=\"lazy\" decoding=\"async\" class=\"aligncenter wp-image-12 size-medium\" src=\"https:\/\/blogsaverroes.juntadeandalucia.es\/elcastillo\/files\/2020\/11\/Captura-de-pantalla-2020-11-15-a-las-16.55.13-300x185.png\" alt=\"Ceip Castillo de los Z\u00fa\u00f1iga.\" width=\"300\" height=\"185\" srcset=\"https:\/\/blogsaverroes.juntadeandalucia.es\/elcastillo\/files\/2020\/11\/Captura-de-pantalla-2020-11-15-a-las-16.55.13-300x185.png 300w, https:\/\/blogsaverroes.juntadeandalucia.es\/elcastillo\/files\/2020\/11\/Captura-de-pantalla-2020-11-15-a-las-16.55.13-24x15.png 24w, https:\/\/blogsaverroes.juntadeandalucia.es\/elcastillo\/files\/2020\/11\/Captura-de-pantalla-2020-11-15-a-las-16.55.13-36x22.png 36w, https:\/\/blogsaverroes.juntadeandalucia.es\/elcastillo\/files\/2020\/11\/Captura-de-pantalla-2020-11-15-a-las-16.55.13-48x30.png 48w, https:\/\/blogsaverroes.juntadeandalucia.es\/elcastillo\/files\/2020\/11\/Captura-de-pantalla-2020-11-15-a-las-16.55.13.png 560w\" sizes=\"(max-width: 300px) 100vw, 300px\" \/><\/p>\n<p>En una ocasi\u00f3n, hace muchos a\u00f1os, me dijeron, \u00abAntonio, el amor con amor se paga\u00bb, pues hace cosa de dos a\u00f1os (o dos cursos, como nos gusta hablar a los maestros\/as) mis d\u00edas me llevaron a Cartaya, una localidad llena de vida, de culturas, productiva y todos los adjetivos que se os ocurran para definir un lugar pr\u00f3spero e inquieto. All\u00ed encontr\u00e9 un sitio m\u00e1gico, donde conviv\u00edan costumbres muy diferentes, en ocasiones contrapuestas, y donde la pluralidad es la esencia de esa magia, llegue al Castillo, a mi Castillo, al tuyo, al nuestro y al de todos.<\/p>\n<p>Es entonces donde conoc\u00ed a grandes profesionales, a personas maravillosas que estaban inmersas en el ADN de ese lugar, maestros y maestras que, eran capaces, adem\u00e1s, de contagiarte (ahora en estos d\u00edas que est\u00e1 tan nombrada la dichosa palabra) de entusiasmo, de ganas de ver el colegio como no ser\u00eda capaz de hacerlo por mi mismo.<\/p>\n<p>Ahora, despu\u00e9s de un curso en par\u00e9ntesis, vuelvo a este, mi lugar, a mi fortaleza, al lugar donde la magia se viste de contenidos y valores. Y es solo ahora cuando puedo hacer efectivo aquello que me dijeron en el pasado, ahora me corresponde a mi devolver todo el amor que recib\u00ed en aquel momento, con eso har\u00e9 caso a la persona que me dio aquel consejo, gracias mam\u00e1.<\/p>\n<p>Espero que con mi trabajo pueda honrar aquello que las personas que est\u00e1n y que antes estuvieron hicieron por los ni\u00f1os\/as de este centro.<\/p>\n<p style=\"text-align: center\">Vamos a por ello\u2026.<\/p>\n<h3 style=\"text-align: center\">Antonio J. Rodr\u00edguez Carrillo.<\/h3>\n<\/div>\n","protected":false},"excerpt":{"rendered":"<p>Bienvenidos a un mundo m\u00e1gico\u2026bienvenidos al Castillo En una ocasi\u00f3n, hace muchos a\u00f1os, me dijeron, \u00abAntonio, el amor con amor se paga\u00bb, pues hace cosa de dos a\u00f1os (o dos cursos, como nos gusta&#46;&#46;&#46;<\/p>\n","protected":false},"author":11420,"featured_media":0,"parent":0,"menu_order":0,"comment_status":"closed","ping_status":"closed","template":"","meta":{"ngg_post_thumbnail":0,"footnotes":""},"aioseo_notices":[],"_links":{"self":[{"href":"https:\/\/blogsaverroes.juntadeandalucia.es\/elcastillo\/wp-json\/wp\/v2\/pages\/256"}],"collection":[{"href":"https:\/\/blogsaverroes.juntadeandalucia.es\/elcastillo\/wp-json\/wp\/v2\/pages"}],"about":[{"href":"https:\/\/blogsaverroes.juntadeandalucia.es\/elcastillo\/wp-json\/wp\/v2\/types\/page"}],"author":[{"embeddable":true,"href":"https:\/\/blogsaverroes.juntadeandalucia.es\/elcastillo\/wp-json\/wp\/v2\/users\/11420"}],"replies":[{"embeddable":true,"href":"https:\/\/blogsaverroes.juntadeandalucia.es\/elcastillo\/wp-json\/wp\/v2\/comments?post=256"}],"version-history":[{"count":3,"href":"https:\/\/blogsaverroes.juntadeandalucia.es\/elcastillo\/wp-json\/wp\/v2\/pages\/256\/revisions"}],"predecessor-version":[{"id":266,"href":"https:\/\/blogsaverroes.juntadeandalucia.es\/elcastillo\/wp-json\/wp\/v2\/pages\/256\/revisions\/266"}],"wp:attachment":[{"href":"https:\/\/blogsaverroes.juntadeandalucia.es\/elcastillo\/wp-json\/wp\/v2\/media?parent=256"}],"curies":[{"name":"wp","href":"https:\/\/api.w.org\/{rel}","templated":true}]}}