{"id":117,"date":"2019-11-13T12:13:51","date_gmt":"2019-11-13T11:13:51","guid":{"rendered":"https:\/\/blogsaverroes.juntadeandalucia.es\/elcastilloigualdad\/?page_id=117"},"modified":"2021-12-17T11:43:57","modified_gmt":"2021-12-17T10:43:57","slug":"poesias-de-iguadad","status":"publish","type":"page","link":"https:\/\/blogsaverroes.juntadeandalucia.es\/elcastilloigualdad\/?page_id=117","title":{"rendered":"POES\u00cdAS DE IGUALDAD"},"content":{"rendered":"<p><span style=\"text-decoration: underline;color: #0000ff\"><strong>PARA EL NIVEL DE 3 A\u00d1OS<\/strong><\/span><\/p>\n<p>&nbsp; <img loading=\"lazy\" decoding=\"async\" class=\"alignnone wp-image-581\" src=\"https:\/\/blogsaverroes.juntadeandalucia.es\/elcastilloigualdad\/files\/2021\/12\/Imagen_Poes\u00edaIgualdad_ElFantasmaAnt\u00f3n-212x300.jpg\" alt=\"\" width=\"213\" height=\"301\" srcset=\"https:\/\/blogsaverroes.juntadeandalucia.es\/elcastilloigualdad\/files\/2021\/12\/Imagen_Poes\u00edaIgualdad_ElFantasmaAnt\u00f3n-212x300.jpg 212w, https:\/\/blogsaverroes.juntadeandalucia.es\/elcastilloigualdad\/files\/2021\/12\/Imagen_Poes\u00edaIgualdad_ElFantasmaAnt\u00f3n-724x1024.jpg 724w, https:\/\/blogsaverroes.juntadeandalucia.es\/elcastilloigualdad\/files\/2021\/12\/Imagen_Poes\u00edaIgualdad_ElFantasmaAnt\u00f3n-768x1086.jpg 768w, https:\/\/blogsaverroes.juntadeandalucia.es\/elcastilloigualdad\/files\/2021\/12\/Imagen_Poes\u00edaIgualdad_ElFantasmaAnt\u00f3n-1086x1536.jpg 1086w, https:\/\/blogsaverroes.juntadeandalucia.es\/elcastilloigualdad\/files\/2021\/12\/Imagen_Poes\u00edaIgualdad_ElFantasmaAnt\u00f3n-1448x2048.jpg 1448w, https:\/\/blogsaverroes.juntadeandalucia.es\/elcastilloigualdad\/files\/2021\/12\/Imagen_Poes\u00edaIgualdad_ElFantasmaAnt\u00f3n.jpg 1654w\" sizes=\"(max-width: 213px) 100vw, 213px\" \/> &nbsp; <img loading=\"lazy\" decoding=\"async\" class=\"alignnone size-medium wp-image-580\" src=\"https:\/\/blogsaverroes.juntadeandalucia.es\/elcastilloigualdad\/files\/2021\/12\/Imagen_Poes\u00edaIgualdad_ColorRosa-300x214.jpg\" alt=\"\" width=\"300\" height=\"214\" srcset=\"https:\/\/blogsaverroes.juntadeandalucia.es\/elcastilloigualdad\/files\/2021\/12\/Imagen_Poes\u00edaIgualdad_ColorRosa-300x214.jpg 300w, https:\/\/blogsaverroes.juntadeandalucia.es\/elcastilloigualdad\/files\/2021\/12\/Imagen_Poes\u00edaIgualdad_ColorRosa.jpg 700w\" sizes=\"(max-width: 300px) 100vw, 300px\" \/> <img loading=\"lazy\" decoding=\"async\" class=\"alignnone size-medium wp-image-582\" src=\"https:\/\/blogsaverroes.juntadeandalucia.es\/elcastilloigualdad\/files\/2021\/12\/Imagen_Poes\u00edaIgualdad_ElLoboRa\u00fal-212x300.jpg\" alt=\"\" width=\"212\" height=\"300\" srcset=\"https:\/\/blogsaverroes.juntadeandalucia.es\/elcastilloigualdad\/files\/2021\/12\/Imagen_Poes\u00edaIgualdad_ElLoboRa\u00fal-212x300.jpg 212w, https:\/\/blogsaverroes.juntadeandalucia.es\/elcastilloigualdad\/files\/2021\/12\/Imagen_Poes\u00edaIgualdad_ElLoboRa\u00fal-724x1024.jpg 724w, https:\/\/blogsaverroes.juntadeandalucia.es\/elcastilloigualdad\/files\/2021\/12\/Imagen_Poes\u00edaIgualdad_ElLoboRa\u00fal-768x1086.jpg 768w, https:\/\/blogsaverroes.juntadeandalucia.es\/elcastilloigualdad\/files\/2021\/12\/Imagen_Poes\u00edaIgualdad_ElLoboRa\u00fal-1086x1536.jpg 1086w, https:\/\/blogsaverroes.juntadeandalucia.es\/elcastilloigualdad\/files\/2021\/12\/Imagen_Poes\u00edaIgualdad_ElLoboRa\u00fal-1448x2048.jpg 1448w, https:\/\/blogsaverroes.juntadeandalucia.es\/elcastilloigualdad\/files\/2021\/12\/Imagen_Poes\u00edaIgualdad_ElLoboRa\u00fal.jpg 1654w\" sizes=\"(max-width: 212px) 100vw, 212px\" \/><\/p>\n<p><span style=\"color: #0000ff\"><strong><span style=\"text-decoration: underline\">PARA EL NIVEL DE 4 A\u00d1OS<\/span><\/strong><\/span><\/p>\n<p><img loading=\"lazy\" decoding=\"async\" class=\"alignnone size-medium wp-image-583\" src=\"https:\/\/blogsaverroes.juntadeandalucia.es\/elcastilloigualdad\/files\/2021\/12\/Imagen_Poes\u00edaIgualdad_ElBrujoEdelmiro-212x300.jpg\" alt=\"\" width=\"212\" height=\"300\" srcset=\"https:\/\/blogsaverroes.juntadeandalucia.es\/elcastilloigualdad\/files\/2021\/12\/Imagen_Poes\u00edaIgualdad_ElBrujoEdelmiro-212x300.jpg 212w, https:\/\/blogsaverroes.juntadeandalucia.es\/elcastilloigualdad\/files\/2021\/12\/Imagen_Poes\u00edaIgualdad_ElBrujoEdelmiro-724x1024.jpg 724w, https:\/\/blogsaverroes.juntadeandalucia.es\/elcastilloigualdad\/files\/2021\/12\/Imagen_Poes\u00edaIgualdad_ElBrujoEdelmiro-768x1086.jpg 768w, https:\/\/blogsaverroes.juntadeandalucia.es\/elcastilloigualdad\/files\/2021\/12\/Imagen_Poes\u00edaIgualdad_ElBrujoEdelmiro-1086x1536.jpg 1086w, https:\/\/blogsaverroes.juntadeandalucia.es\/elcastilloigualdad\/files\/2021\/12\/Imagen_Poes\u00edaIgualdad_ElBrujoEdelmiro-1448x2048.jpg 1448w, https:\/\/blogsaverroes.juntadeandalucia.es\/elcastilloigualdad\/files\/2021\/12\/Imagen_Poes\u00edaIgualdad_ElBrujoEdelmiro.jpg 1654w\" sizes=\"(max-width: 212px) 100vw, 212px\" \/> <img loading=\"lazy\" decoding=\"async\" class=\"alignnone size-medium wp-image-584\" src=\"https:\/\/blogsaverroes.juntadeandalucia.es\/elcastilloigualdad\/files\/2021\/12\/Imagen_Poes\u00edaIgualdad_LaVampiraIn\u00e9s-212x300.jpg\" alt=\"\" width=\"212\" height=\"300\" srcset=\"https:\/\/blogsaverroes.juntadeandalucia.es\/elcastilloigualdad\/files\/2021\/12\/Imagen_Poes\u00edaIgualdad_LaVampiraIn\u00e9s-212x300.jpg 212w, https:\/\/blogsaverroes.juntadeandalucia.es\/elcastilloigualdad\/files\/2021\/12\/Imagen_Poes\u00edaIgualdad_LaVampiraIn\u00e9s-724x1024.jpg 724w, https:\/\/blogsaverroes.juntadeandalucia.es\/elcastilloigualdad\/files\/2021\/12\/Imagen_Poes\u00edaIgualdad_LaVampiraIn\u00e9s-768x1086.jpg 768w, https:\/\/blogsaverroes.juntadeandalucia.es\/elcastilloigualdad\/files\/2021\/12\/Imagen_Poes\u00edaIgualdad_LaVampiraIn\u00e9s-1086x1536.jpg 1086w, https:\/\/blogsaverroes.juntadeandalucia.es\/elcastilloigualdad\/files\/2021\/12\/Imagen_Poes\u00edaIgualdad_LaVampiraIn\u00e9s-1448x2048.jpg 1448w, https:\/\/blogsaverroes.juntadeandalucia.es\/elcastilloigualdad\/files\/2021\/12\/Imagen_Poes\u00edaIgualdad_LaVampiraIn\u00e9s.jpg 1654w\" sizes=\"(max-width: 212px) 100vw, 212px\" \/> <img loading=\"lazy\" decoding=\"async\" class=\"alignnone wp-image-585\" src=\"https:\/\/blogsaverroes.juntadeandalucia.es\/elcastilloigualdad\/files\/2021\/12\/Imagen_Poes\u00edaIgualdad_NiElRosaNiElAzul.jpg\" alt=\"\" width=\"342\" height=\"158\"><\/p>\n<p><span style=\"text-decoration: underline;color: #0000ff\"><strong>PARA EL NIVEL DE 5 A\u00d1OS<\/strong><\/span><\/p>\n<p><img loading=\"lazy\" decoding=\"async\" class=\"alignnone size-medium wp-image-586\" src=\"https:\/\/blogsaverroes.juntadeandalucia.es\/elcastilloigualdad\/files\/2021\/12\/Imagen_Poes\u00edaIgualdad_AConstruir-167x300.jpg\" alt=\"\" width=\"167\" height=\"300\" srcset=\"https:\/\/blogsaverroes.juntadeandalucia.es\/elcastilloigualdad\/files\/2021\/12\/Imagen_Poes\u00edaIgualdad_AConstruir-167x300.jpg 167w, https:\/\/blogsaverroes.juntadeandalucia.es\/elcastilloigualdad\/files\/2021\/12\/Imagen_Poes\u00edaIgualdad_AConstruir.jpg 571w\" sizes=\"(max-width: 167px) 100vw, 167px\" \/> <img loading=\"lazy\" decoding=\"async\" class=\"alignnone size-medium wp-image-587\" src=\"https:\/\/blogsaverroes.juntadeandalucia.es\/elcastilloigualdad\/files\/2021\/12\/Imagen_Poes\u00edaIgualdad_laBrujaMaruja-212x300.jpg\" alt=\"\" width=\"212\" height=\"300\" srcset=\"https:\/\/blogsaverroes.juntadeandalucia.es\/elcastilloigualdad\/files\/2021\/12\/Imagen_Poes\u00edaIgualdad_laBrujaMaruja-212x300.jpg 212w, https:\/\/blogsaverroes.juntadeandalucia.es\/elcastilloigualdad\/files\/2021\/12\/Imagen_Poes\u00edaIgualdad_laBrujaMaruja-724x1024.jpg 724w, https:\/\/blogsaverroes.juntadeandalucia.es\/elcastilloigualdad\/files\/2021\/12\/Imagen_Poes\u00edaIgualdad_laBrujaMaruja-768x1086.jpg 768w, https:\/\/blogsaverroes.juntadeandalucia.es\/elcastilloigualdad\/files\/2021\/12\/Imagen_Poes\u00edaIgualdad_laBrujaMaruja-1086x1536.jpg 1086w, https:\/\/blogsaverroes.juntadeandalucia.es\/elcastilloigualdad\/files\/2021\/12\/Imagen_Poes\u00edaIgualdad_laBrujaMaruja-1448x2048.jpg 1448w, https:\/\/blogsaverroes.juntadeandalucia.es\/elcastilloigualdad\/files\/2021\/12\/Imagen_Poes\u00edaIgualdad_laBrujaMaruja.jpg 1654w\" sizes=\"(max-width: 212px) 100vw, 212px\" \/> <img loading=\"lazy\" decoding=\"async\" class=\"alignnone size-medium wp-image-588\" src=\"https:\/\/blogsaverroes.juntadeandalucia.es\/elcastilloigualdad\/files\/2021\/12\/Imagen_Poes\u00edaIgualdad_laMomia-212x300.jpg\" alt=\"\" width=\"212\" height=\"300\" srcset=\"https:\/\/blogsaverroes.juntadeandalucia.es\/elcastilloigualdad\/files\/2021\/12\/Imagen_Poes\u00edaIgualdad_laMomia-212x300.jpg 212w, https:\/\/blogsaverroes.juntadeandalucia.es\/elcastilloigualdad\/files\/2021\/12\/Imagen_Poes\u00edaIgualdad_laMomia-724x1024.jpg 724w, https:\/\/blogsaverroes.juntadeandalucia.es\/elcastilloigualdad\/files\/2021\/12\/Imagen_Poes\u00edaIgualdad_laMomia-768x1086.jpg 768w, https:\/\/blogsaverroes.juntadeandalucia.es\/elcastilloigualdad\/files\/2021\/12\/Imagen_Poes\u00edaIgualdad_laMomia-1086x1536.jpg 1086w, https:\/\/blogsaverroes.juntadeandalucia.es\/elcastilloigualdad\/files\/2021\/12\/Imagen_Poes\u00edaIgualdad_laMomia-1448x2048.jpg 1448w, https:\/\/blogsaverroes.juntadeandalucia.es\/elcastilloigualdad\/files\/2021\/12\/Imagen_Poes\u00edaIgualdad_laMomia.jpg 1654w\" sizes=\"(max-width: 212px) 100vw, 212px\" \/><\/p>\n","protected":false},"excerpt":{"rendered":"<p>PARA EL NIVEL DE 3 A\u00d1OS &nbsp; &nbsp; PARA EL NIVEL DE 4 A\u00d1OS PARA EL NIVEL DE 5 A\u00d1OS<\/p>\n","protected":false},"author":3249,"featured_media":0,"parent":0,"menu_order":1,"comment_status":"closed","ping_status":"closed","template":"","meta":{"ngg_post_thumbnail":0,"footnotes":""},"aioseo_notices":[],"_links":{"self":[{"href":"https:\/\/blogsaverroes.juntadeandalucia.es\/elcastilloigualdad\/index.php?rest_route=\/wp\/v2\/pages\/117"}],"collection":[{"href":"https:\/\/blogsaverroes.juntadeandalucia.es\/elcastilloigualdad\/index.php?rest_route=\/wp\/v2\/pages"}],"about":[{"href":"https:\/\/blogsaverroes.juntadeandalucia.es\/elcastilloigualdad\/index.php?rest_route=\/wp\/v2\/types\/page"}],"author":[{"embeddable":true,"href":"https:\/\/blogsaverroes.juntadeandalucia.es\/elcastilloigualdad\/index.php?rest_route=\/wp\/v2\/users\/3249"}],"replies":[{"embeddable":true,"href":"https:\/\/blogsaverroes.juntadeandalucia.es\/elcastilloigualdad\/index.php?rest_route=%2Fwp%2Fv2%2Fcomments&post=117"}],"version-history":[{"count":7,"href":"https:\/\/blogsaverroes.juntadeandalucia.es\/elcastilloigualdad\/index.php?rest_route=\/wp\/v2\/pages\/117\/revisions"}],"predecessor-version":[{"id":589,"href":"https:\/\/blogsaverroes.juntadeandalucia.es\/elcastilloigualdad\/index.php?rest_route=\/wp\/v2\/pages\/117\/revisions\/589"}],"wp:attachment":[{"href":"https:\/\/blogsaverroes.juntadeandalucia.es\/elcastilloigualdad\/index.php?rest_route=%2Fwp%2Fv2%2Fmedia&parent=117"}],"curies":[{"name":"wp","href":"https:\/\/api.w.org\/{rel}","templated":true}]}}