{"id":2,"date":"2019-11-05T11:03:59","date_gmt":"2019-11-05T10:03:59","guid":{"rendered":"https:\/\/blogsaverroes.juntadeandalucia.es\/elcastilloigualdad\/?page_id=2"},"modified":"2023-04-07T12:47:20","modified_gmt":"2023-04-07T10:47:20","slug":"pagina-ejemplo","status":"publish","type":"page","link":"https:\/\/blogsaverroes.juntadeandalucia.es\/elcastilloigualdad\/","title":{"rendered":"INICIO"},"content":{"rendered":"<header class=\"entry-header cf\">\n<header><\/header>\n<header><\/header>\n<header><\/header>\n<\/header>\n<header><\/header>\n<h1 style=\"text-align: center\"><img loading=\"lazy\" decoding=\"async\" class=\"alignnone wp-image-757 size-full\" src=\"https:\/\/blogsaverroes.juntadeandalucia.es\/elcastilloigualdad\/files\/2022\/11\/Imagen_portada-blog-igualdad_4.jpg\" alt=\"\" width=\"963\" height=\"616\" srcset=\"https:\/\/blogsaverroes.juntadeandalucia.es\/elcastilloigualdad\/files\/2022\/11\/Imagen_portada-blog-igualdad_4.jpg 963w, https:\/\/blogsaverroes.juntadeandalucia.es\/elcastilloigualdad\/files\/2022\/11\/Imagen_portada-blog-igualdad_4-300x192.jpg 300w, https:\/\/blogsaverroes.juntadeandalucia.es\/elcastilloigualdad\/files\/2022\/11\/Imagen_portada-blog-igualdad_4-768x491.jpg 768w, https:\/\/blogsaverroes.juntadeandalucia.es\/elcastilloigualdad\/files\/2022\/11\/Imagen_portada-blog-igualdad_4-280x180.jpg 280w\" sizes=\"(max-width: 963px) 100vw, 963px\" \/><\/h1>\n<h2 style=\"text-align: center\"><span style=\"color: #ff00ff\">8 de marzo, D\u00cdA DE LA MUJER<\/span><\/h2>\n<p style=\"text-align: center\"><strong>En el sal\u00f3n de actos de la Casa de la Cultura de Bail\u00e9n, representamos con ayuda de AMPA \u00abEl Reloj\u00bb: \u00abDaniela Pirata\u00bb Daniela, una \u00f1i\u00f1a valiene, tremendamente atrevida y lo m\u00e1s importante, segura de s\u00ed misma. Nos han acompa\u00f1ado el&nbsp; alumnado de primero y segundo del&nbsp; C. E. PR .\u00bbGeneral Casta\u00f1os\u00bb, aula espec\u00edfica del I.E.S \u00abHermanos Medina Rivilla\u00bb, Taller ocupacional y AFAMP. Mira:<br \/>\n<\/strong><\/p>\n<h2 style=\"text-align: center\"><iframe loading=\"lazy\" src=\"https:\/\/www.youtube.com\/embed\/2Dlh7ibvwuU\" width=\"640\" height=\"362\" frameborder=\"0\"><\/iframe>&nbsp;<\/h2>\n<h2 style=\"text-align: center\"><span style=\"color: #800080\">25 noviembre, D\u00cdA CONTRA LA VIOLENCIA DE G\u00c9NERO<\/span><\/h2>\n<p style=\"text-align: center\"><strong>En EL CASTILLO lo recordamos con esta representaci\u00f3n a la que invitamos a nuestros amigos de 1\u00ba del cole General Casta\u00f1os. Una princesa rebelde, un pr\u00edncipe aventurero y un drag\u00f3n destructor dan vida a esta historia. Mira:<\/strong><\/p>\n<p>&nbsp;<\/p>\n<p style=\"text-align: center\"><iframe loading=\"lazy\" src=\"https:\/\/www.youtube.com\/embed\/x--vhMVYEis\" width=\"640\" height=\"362\" frameborder=\"0\"><span style=\"width: 0px;overflow: hidden;line-height: 0\" data-mce-type=\"bookmark\" class=\"mce_SELRES_start\">\ufeff<\/span><\/iframe>&nbsp;<\/p>\n<hr>\n<p><img loading=\"lazy\" decoding=\"async\" class=\"alignleft wp-image-523\" src=\"https:\/\/blogsaverroes.juntadeandalucia.es\/elcastilloigualdad\/files\/2021\/10\/Imagen_oficialViolenciaGenero-300x35.jpg\" alt=\"\" width=\"625\" height=\"73\" srcset=\"https:\/\/blogsaverroes.juntadeandalucia.es\/elcastilloigualdad\/files\/2021\/10\/Imagen_oficialViolenciaGenero-300x35.jpg 300w, https:\/\/blogsaverroes.juntadeandalucia.es\/elcastilloigualdad\/files\/2021\/10\/Imagen_oficialViolenciaGenero-1024x121.jpg 1024w, https:\/\/blogsaverroes.juntadeandalucia.es\/elcastilloigualdad\/files\/2021\/10\/Imagen_oficialViolenciaGenero-768x91.jpg 768w, https:\/\/blogsaverroes.juntadeandalucia.es\/elcastilloigualdad\/files\/2021\/10\/Imagen_oficialViolenciaGenero.jpg 1168w\" sizes=\"(max-width: 625px) 100vw, 625px\" \/> <img loading=\"lazy\" decoding=\"async\" class=\"alignnone wp-image-453\" src=\"https:\/\/blogsaverroes.juntadeandalucia.es\/elcastilloigualdad\/files\/2021\/10\/Imagen_igualdadcoeducacionprevviolengenero-300x72.png\" alt=\"\" width=\"325\" height=\"78\" srcset=\"https:\/\/blogsaverroes.juntadeandalucia.es\/elcastilloigualdad\/files\/2021\/10\/Imagen_igualdadcoeducacionprevviolengenero-300x72.png 300w, https:\/\/blogsaverroes.juntadeandalucia.es\/elcastilloigualdad\/files\/2021\/10\/Imagen_igualdadcoeducacionprevviolengenero-1024x245.png 1024w, https:\/\/blogsaverroes.juntadeandalucia.es\/elcastilloigualdad\/files\/2021\/10\/Imagen_igualdadcoeducacionprevviolengenero-768x184.png 768w, https:\/\/blogsaverroes.juntadeandalucia.es\/elcastilloigualdad\/files\/2021\/10\/Imagen_igualdadcoeducacionprevviolengenero.png 1160w\" sizes=\"(max-width: 325px) 100vw, 325px\" \/><\/p>\n<header><\/header>\n<header><\/header>\n","protected":false},"excerpt":{"rendered":"<p>8 de marzo, D\u00cdA DE LA MUJER En el sal\u00f3n de actos de la Casa de la Cultura de Bail\u00e9n, representamos con ayuda de AMPA \u00abEl Reloj\u00bb: \u00abDaniela Pirata\u00bb Daniela, una \u00f1i\u00f1a valiene, tremendamente&#46;&#46;&#46;<\/p>\n","protected":false},"author":3249,"featured_media":0,"parent":0,"menu_order":1,"comment_status":"closed","ping_status":"open","template":"","meta":{"ngg_post_thumbnail":0,"footnotes":""},"aioseo_notices":[],"_links":{"self":[{"href":"https:\/\/blogsaverroes.juntadeandalucia.es\/elcastilloigualdad\/index.php?rest_route=\/wp\/v2\/pages\/2"}],"collection":[{"href":"https:\/\/blogsaverroes.juntadeandalucia.es\/elcastilloigualdad\/index.php?rest_route=\/wp\/v2\/pages"}],"about":[{"href":"https:\/\/blogsaverroes.juntadeandalucia.es\/elcastilloigualdad\/index.php?rest_route=\/wp\/v2\/types\/page"}],"author":[{"embeddable":true,"href":"https:\/\/blogsaverroes.juntadeandalucia.es\/elcastilloigualdad\/index.php?rest_route=\/wp\/v2\/users\/3249"}],"replies":[{"embeddable":true,"href":"https:\/\/blogsaverroes.juntadeandalucia.es\/elcastilloigualdad\/index.php?rest_route=%2Fwp%2Fv2%2Fcomments&post=2"}],"version-history":[{"count":63,"href":"https:\/\/blogsaverroes.juntadeandalucia.es\/elcastilloigualdad\/index.php?rest_route=\/wp\/v2\/pages\/2\/revisions"}],"predecessor-version":[{"id":872,"href":"https:\/\/blogsaverroes.juntadeandalucia.es\/elcastilloigualdad\/index.php?rest_route=\/wp\/v2\/pages\/2\/revisions\/872"}],"wp:attachment":[{"href":"https:\/\/blogsaverroes.juntadeandalucia.es\/elcastilloigualdad\/index.php?rest_route=%2Fwp%2Fv2%2Fmedia&parent=2"}],"curies":[{"name":"wp","href":"https:\/\/api.w.org\/{rel}","templated":true}]}}