{"id":445,"date":"2021-10-10T18:17:09","date_gmt":"2021-10-10T16:17:09","guid":{"rendered":"https:\/\/blogsaverroes.juntadeandalucia.es\/elcastilloigualdad\/?page_id=445"},"modified":"2022-10-30T22:10:19","modified_gmt":"2022-10-30T21:10:19","slug":"proyecto-2021-22-nueve-meses-nueve-cuentos","status":"publish","type":"page","link":"https:\/\/blogsaverroes.juntadeandalucia.es\/elcastilloigualdad\/?page_id=445","title":{"rendered":"Proyecto 2021\/22 NUEVE MESES, NUEVE CUENTOS"},"content":{"rendered":"<p style=\"text-align: justify\"><img loading=\"lazy\" decoding=\"async\" class=\"alignleft wp-image-718 size-medium\" src=\"https:\/\/blogsaverroes.juntadeandalucia.es\/elcastilloigualdad\/files\/2022\/10\/Imagen_cartel9meses9cuentos_2021-232-300x142.jpg\" alt=\"\" width=\"300\" height=\"142\" srcset=\"https:\/\/blogsaverroes.juntadeandalucia.es\/elcastilloigualdad\/files\/2022\/10\/Imagen_cartel9meses9cuentos_2021-232-300x142.jpg 300w, https:\/\/blogsaverroes.juntadeandalucia.es\/elcastilloigualdad\/files\/2022\/10\/Imagen_cartel9meses9cuentos_2021-232.jpg 470w\" sizes=\"(max-width: 300px) 100vw, 300px\" \/>Durante este curso 2021\/22 presentaremos el proyecto NUEVES MESES, NUEVE CUENTOS.<\/p>\n<p style=\"text-align: justify\">Desde octubre y hasta junio, presentaremos nueve cuentos a trav\u00e9s de los que trabajar una serie de valores y emociones. Los cuentos se presentar\u00e1n en el aula, se dramatizar\u00e1n para todo el alumnado, los ofreceremos a las familias a trav\u00e9s de nuestra web para que puedan visualizarlos.<\/p>\n<p style=\"text-align: justify\">Cada cuento ir\u00e1 acompa\u00f1ado de una tarjeta para trabajar en casa, siguiendo las indicaciones del tutor o tutora.<\/p>\n<p>En la columna de la derecha encontrar\u00e1s el enlace a cada uno de los meses.<\/p>\n<p style=\"text-align: justify\">Si despu\u00e9s de ver y escuchar el cuentacuentos y haber trabajado la tarjeta, el alumnado quiere hacer un dibujo o cualquier actividad pl\u00e1stica, NO DUDE EN ENVIARLO, SE LO PUBLICAMOS. P\u00e1sanoslo a trav\u00e9s del correo electr\u00f3nico del cole (23000891.edu@juntadeandalucia.es) o simplemente a trav\u00e9s de un mensaje de whassap al tel\u00e9fono de direcci\u00f3n (administrador de la web) 671567584<\/p>\n<h2><span style=\"color: #ff0000\">Mes a mes:<\/span><\/h2>\n<p><a href=\"https:\/\/blogsaverroes.juntadeandalucia.es\/elcastilloigualdad\/?page_id=509\"><img loading=\"lazy\" decoding=\"async\" class=\"alignnone size-full wp-image-467\" src=\"https:\/\/blogsaverroes.juntadeandalucia.es\/elcastilloigualdad\/files\/2021\/10\/Boton_Programa-octubre2021.jpg\" alt=\"\" width=\"300\" height=\"72\"><\/a> <a href=\"https:\/\/blogsaverroes.juntadeandalucia.es\/elcastilloigualdad\/?page_id=482\"><img loading=\"lazy\" decoding=\"async\" class=\"alignnone size-full wp-image-479\" src=\"https:\/\/blogsaverroes.juntadeandalucia.es\/elcastilloigualdad\/files\/2021\/10\/Boton_Programa-nooviembre2021.jpg\" alt=\"\" width=\"300\" height=\"72\"><\/a> <a href=\"https:\/\/blogsaverroes.juntadeandalucia.es\/elcastilloigualdad\/?page_id=482\"><img loading=\"lazy\" decoding=\"async\" class=\"alignnone size-full wp-image-469\" src=\"https:\/\/blogsaverroes.juntadeandalucia.es\/elcastilloigualdad\/files\/2021\/10\/Boton_Programa-diciembre2022.jpg\" alt=\"\" width=\"300\" height=\"72\"><\/a> <a href=\"https:\/\/blogsaverroes.juntadeandalucia.es\/elcastilloigualdad\/?page_id=486\"><img loading=\"lazy\" decoding=\"async\" class=\"alignnone size-full wp-image-470\" src=\"https:\/\/blogsaverroes.juntadeandalucia.es\/elcastilloigualdad\/files\/2021\/10\/Boton_Programa-enero2021.jpg\" alt=\"\" width=\"300\" height=\"72\"><\/a> <a href=\"https:\/\/blogsaverroes.juntadeandalucia.es\/elcastilloigualdad\/?page_id=488\"><img loading=\"lazy\" decoding=\"async\" class=\"alignnone size-full wp-image-471\" src=\"https:\/\/blogsaverroes.juntadeandalucia.es\/elcastilloigualdad\/files\/2021\/10\/Boton_Programa-febrero2022.jpg\" alt=\"\" width=\"300\" height=\"72\"><\/a> <a href=\"https:\/\/blogsaverroes.juntadeandalucia.es\/elcastilloigualdad\/?page_id=490\"><img loading=\"lazy\" decoding=\"async\" class=\"alignnone size-full wp-image-472\" src=\"https:\/\/blogsaverroes.juntadeandalucia.es\/elcastilloigualdad\/files\/2021\/10\/Boton_Programa-marzo2022.jpg\" alt=\"\" width=\"300\" height=\"72\"><\/a> <a href=\"https:\/\/blogsaverroes.juntadeandalucia.es\/elcastilloigualdad\/?page_id=492\"><img loading=\"lazy\" decoding=\"async\" class=\"alignnone size-full wp-image-498\" src=\"https:\/\/blogsaverroes.juntadeandalucia.es\/elcastilloigualdad\/files\/2021\/10\/Boton_Programa-aabril2022.jpg\" alt=\"\" width=\"300\" height=\"72\"><\/a> <a href=\"https:\/\/blogsaverroes.juntadeandalucia.es\/elcastilloigualdad\/?page_id=494\"><img loading=\"lazy\" decoding=\"async\" class=\"alignnone size-full wp-image-499\" src=\"https:\/\/blogsaverroes.juntadeandalucia.es\/elcastilloigualdad\/files\/2021\/10\/Boton_Programa-maayo2022.jpg\" alt=\"\" width=\"300\" height=\"72\"><\/a> <a href=\"https:\/\/blogsaverroes.juntadeandalucia.es\/elcastilloigualdad\/?page_id=683\"><img loading=\"lazy\" decoding=\"async\" class=\"alignnone size-medium wp-image-682\" src=\"https:\/\/blogsaverroes.juntadeandalucia.es\/elcastilloigualdad\/files\/2022\/06\/Boton_Programa-junio2022-300x74.png\" alt=\"\" width=\"300\" height=\"74\" srcset=\"https:\/\/blogsaverroes.juntadeandalucia.es\/elcastilloigualdad\/files\/2022\/06\/Boton_Programa-junio2022-300x74.png 300w, https:\/\/blogsaverroes.juntadeandalucia.es\/elcastilloigualdad\/files\/2022\/06\/Boton_Programa-junio2022.png 328w\" sizes=\"(max-width: 300px) 100vw, 300px\" \/><\/a><\/p>\n<p>&nbsp;<\/p>\n","protected":false},"excerpt":{"rendered":"<p>Durante este curso 2021\/22 presentaremos el proyecto NUEVES MESES, NUEVE CUENTOS. Desde octubre y hasta junio, presentaremos nueve cuentos a trav\u00e9s de los que trabajar una serie de valores y emociones. Los cuentos se&#46;&#46;&#46;<\/p>\n","protected":false},"author":3249,"featured_media":0,"parent":707,"menu_order":1,"comment_status":"closed","ping_status":"closed","template":"","meta":{"ngg_post_thumbnail":0,"footnotes":""},"aioseo_notices":[],"_links":{"self":[{"href":"https:\/\/blogsaverroes.juntadeandalucia.es\/elcastilloigualdad\/index.php?rest_route=\/wp\/v2\/pages\/445"}],"collection":[{"href":"https:\/\/blogsaverroes.juntadeandalucia.es\/elcastilloigualdad\/index.php?rest_route=\/wp\/v2\/pages"}],"about":[{"href":"https:\/\/blogsaverroes.juntadeandalucia.es\/elcastilloigualdad\/index.php?rest_route=\/wp\/v2\/types\/page"}],"author":[{"embeddable":true,"href":"https:\/\/blogsaverroes.juntadeandalucia.es\/elcastilloigualdad\/index.php?rest_route=\/wp\/v2\/users\/3249"}],"replies":[{"embeddable":true,"href":"https:\/\/blogsaverroes.juntadeandalucia.es\/elcastilloigualdad\/index.php?rest_route=%2Fwp%2Fv2%2Fcomments&post=445"}],"version-history":[{"count":10,"href":"https:\/\/blogsaverroes.juntadeandalucia.es\/elcastilloigualdad\/index.php?rest_route=\/wp\/v2\/pages\/445\/revisions"}],"predecessor-version":[{"id":742,"href":"https:\/\/blogsaverroes.juntadeandalucia.es\/elcastilloigualdad\/index.php?rest_route=\/wp\/v2\/pages\/445\/revisions\/742"}],"up":[{"embeddable":true,"href":"https:\/\/blogsaverroes.juntadeandalucia.es\/elcastilloigualdad\/index.php?rest_route=\/wp\/v2\/pages\/707"}],"wp:attachment":[{"href":"https:\/\/blogsaverroes.juntadeandalucia.es\/elcastilloigualdad\/index.php?rest_route=%2Fwp%2Fv2%2Fmedia&parent=445"}],"curies":[{"name":"wp","href":"https:\/\/api.w.org\/{rel}","templated":true}]}}