{"id":492,"date":"2021-10-30T15:16:31","date_gmt":"2021-10-30T13:16:31","guid":{"rendered":"https:\/\/blogsaverroes.juntadeandalucia.es\/elcastilloigualdad\/?page_id=492"},"modified":"2022-10-09T13:12:53","modified_gmt":"2022-10-09T11:12:53","slug":"el-programa-de-valores-y-educacion-emocional-en-abril-2022","status":"publish","type":"page","link":"https:\/\/blogsaverroes.juntadeandalucia.es\/elcastilloigualdad\/?page_id=492","title":{"rendered":"EL PROGRAMA DE VALORES Y EDUCACI\u00d3N EMOCIONAL EN ABRIL 2022"},"content":{"rendered":"<p><strong>S\u00e9ptimo cuento del proyecto \u00abNueve meses, nueve cuentos\u00bb, a trav\u00e9s del que trabajamos el programa de Valores y Educaci\u00f3n Emocional.<\/strong><\/p>\n<p><img loading=\"lazy\" decoding=\"async\" class=\"size-full wp-image-657 alignleft\" src=\"https:\/\/blogsaverroes.juntadeandalucia.es\/elcastilloigualdad\/files\/2022\/03\/Imagen_cuento7_2021-22.jpg\" alt=\"\" width=\"263\" height=\"300\"><\/p>\n<p>Se trata de un cuento sencillo centrado en el autocontrol de emociones. A los peque\u00f1os les encanta porque se divierten dando vida a un sentimiento muy cercano y frecuente en ellos.<\/p>\n<p>Resulta un recurso muy \u00fatil para padres\/madres y maestros\/as a la hora de ayudar a los ni\u00f1os a gestionar sus enfados, transmitir su frustraci\u00f3n\u2026<\/p>\n<p>Sus padres lo mandan a su habitaci\u00f3n, y all\u00ed, poco a poco, Roberto va notando una cosa terrible que sube, sube\u2026 y sale de golpe!! As\u00ed conocer\u00e1 a Cosa, un peculiar personaje que le ayudar\u00e1 a entender qu\u00e9 le ocurre.<\/p>\n<p>&nbsp;<\/p>\n<div>\n<div>\n<p><strong>\u00a1 Un libro bonito, que vale la pena tener en tu biblioteca !,<\/strong> en cualquier caso lo tienes en la biblioteca del centro.<\/p>\n<\/div>\n<\/div>\n<p>&nbsp;<\/p>\n<p><span style=\"color: #800000\"><strong>El cuento<\/strong><\/span>&nbsp;est\u00e1 disponible entrando a nuestra&nbsp;<a href=\"https:\/\/blogsaverroes.juntadeandalucia.es\/eielcastillo\/?page_id=10678\">plataforma Moodle,&nbsp;<\/a> visitando el aula virtual:&nbsp;<\/p>\n<p><img loading=\"lazy\" decoding=\"async\" class=\"alignnone size-medium wp-image-460\" src=\"https:\/\/blogsaverroes.juntadeandalucia.es\/elcastilloigualdad\/files\/2021\/10\/Imagen_BibliotecaDigital.jpg-300x168.png\" alt=\"\" width=\"300\" height=\"168\" srcset=\"https:\/\/blogsaverroes.juntadeandalucia.es\/elcastilloigualdad\/files\/2021\/10\/Imagen_BibliotecaDigital.jpg-300x168.png 300w, https:\/\/blogsaverroes.juntadeandalucia.es\/elcastilloigualdad\/files\/2021\/10\/Imagen_BibliotecaDigital.jpg-768x429.png 768w, https:\/\/blogsaverroes.juntadeandalucia.es\/elcastilloigualdad\/files\/2021\/10\/Imagen_BibliotecaDigital.jpg.png 877w\" sizes=\"(max-width: 300px) 100vw, 300px\" \/><\/p>\n<p><a href=\"https:\/\/educacionadistancia.juntadeandalucia.es\/centros\/jaen\/\">\u00a1 ENTRA A LA BIBLIOTECA DIGITAL!<\/a><\/p>\n<p>En este aula virtual de nuestra moodle podr\u00e1s ver el cuento p\u00e1gina a p\u00e1gina, encontrar\u00e1s un enlace que te permite verlo como una presentaci\u00f3n.<\/p>\n<p>&nbsp;<\/p>\n<p><span style=\"color: #800000\"><strong>En youtube<\/strong><\/span> podemos encontrar diversas narraciones del cuento, una de ellas es esta:<\/p>\n<p>&nbsp;<iframe loading=\"lazy\" src=\"https:\/\/www.youtube.com\/embed\/y_7IiaBaQVc\" width=\"640\" height=\"362\" frameborder=\"0\"><span style=\"width: 0px;overflow: hidden;line-height: 0\" data-mce-type=\"bookmark\" class=\"mce_SELRES_start\">\ufeff<\/span><\/iframe><\/p>\n<p>Tambi\u00e9n hemos visto esta adaptaci\u00f3n, seguro que te gusta:<\/p>\n<p><iframe loading=\"lazy\" src=\"https:\/\/www.youtube.com\/embed\/-x6Q4CmaG1w\" width=\"640\" height=\"362\" frameborder=\"0\"><span style=\"width: 0px;overflow: hidden;line-height: 0\" data-mce-type=\"bookmark\" class=\"mce_SELRES_start\">\ufeff<\/span><\/iframe>&nbsp;<\/p>\n<p>Ahora escucha esta canci\u00f3n para relajarnos:<\/p>\n<p><iframe loading=\"lazy\" src=\"https:\/\/www.youtube.com\/embed\/aixHCo0HIP4\" width=\"640\" height=\"362\" frameborder=\"0\"><span style=\"width: 0px;overflow: hidden;line-height: 0\" data-mce-type=\"bookmark\" class=\"mce_SELRES_start\">\ufeff<\/span><\/iframe>&nbsp;<\/p>\n<p><span style=\"color: #800000\"><strong>La tarjeta<\/strong><\/span> correspondiente a este mes de abril es:<\/p>\n<p><a href=\"https:\/\/blogsaverroes.juntadeandalucia.es\/elcastilloigualdad\/files\/2022\/05\/TarjetaValores_cuento7_2021-22.pdf\"><img loading=\"lazy\" decoding=\"async\" class=\"alignnone size-medium wp-image-658\" src=\"https:\/\/blogsaverroes.juntadeandalucia.es\/elcastilloigualdad\/files\/2022\/03\/TarjetaValores_cuento7_2021-22-300x211.jpg\" alt=\"\" width=\"300\" height=\"211\" srcset=\"https:\/\/blogsaverroes.juntadeandalucia.es\/elcastilloigualdad\/files\/2022\/03\/TarjetaValores_cuento7_2021-22-300x211.jpg 300w, https:\/\/blogsaverroes.juntadeandalucia.es\/elcastilloigualdad\/files\/2022\/03\/TarjetaValores_cuento7_2021-22-1024x722.jpg 1024w, https:\/\/blogsaverroes.juntadeandalucia.es\/elcastilloigualdad\/files\/2022\/03\/TarjetaValores_cuento7_2021-22-768x541.jpg 768w, https:\/\/blogsaverroes.juntadeandalucia.es\/elcastilloigualdad\/files\/2022\/03\/TarjetaValores_cuento7_2021-22.jpg 1240w\" sizes=\"(max-width: 300px) 100vw, 300px\" \/><\/a><\/p>\n<p>La grabaci\u00f3n del <strong><span style=\"color: #800000\">cuentacuentos<\/span>:<\/strong><\/p>\n<p><iframe loading=\"lazy\" src=\"https:\/\/www.youtube.com\/embed\/Mhq0X9MHXpY\" width=\"640\" height=\"362\" frameborder=\"0\"><\/iframe>&nbsp;<\/p>\n","protected":false},"excerpt":{"rendered":"<p>S\u00e9ptimo cuento del proyecto \u00abNueve meses, nueve cuentos\u00bb, a trav\u00e9s del que trabajamos el programa de Valores y Educaci\u00f3n Emocional. Se trata de un cuento sencillo centrado en el autocontrol de emociones. A los&#46;&#46;&#46;<\/p>\n","protected":false},"author":3249,"featured_media":0,"parent":445,"menu_order":7,"comment_status":"closed","ping_status":"closed","template":"","meta":{"ngg_post_thumbnail":0,"footnotes":""},"aioseo_notices":[],"_links":{"self":[{"href":"https:\/\/blogsaverroes.juntadeandalucia.es\/elcastilloigualdad\/index.php?rest_route=\/wp\/v2\/pages\/492"}],"collection":[{"href":"https:\/\/blogsaverroes.juntadeandalucia.es\/elcastilloigualdad\/index.php?rest_route=\/wp\/v2\/pages"}],"about":[{"href":"https:\/\/blogsaverroes.juntadeandalucia.es\/elcastilloigualdad\/index.php?rest_route=\/wp\/v2\/types\/page"}],"author":[{"embeddable":true,"href":"https:\/\/blogsaverroes.juntadeandalucia.es\/elcastilloigualdad\/index.php?rest_route=\/wp\/v2\/users\/3249"}],"replies":[{"embeddable":true,"href":"https:\/\/blogsaverroes.juntadeandalucia.es\/elcastilloigualdad\/index.php?rest_route=%2Fwp%2Fv2%2Fcomments&post=492"}],"version-history":[{"count":6,"href":"https:\/\/blogsaverroes.juntadeandalucia.es\/elcastilloigualdad\/index.php?rest_route=\/wp\/v2\/pages\/492\/revisions"}],"predecessor-version":[{"id":676,"href":"https:\/\/blogsaverroes.juntadeandalucia.es\/elcastilloigualdad\/index.php?rest_route=\/wp\/v2\/pages\/492\/revisions\/676"}],"up":[{"embeddable":true,"href":"https:\/\/blogsaverroes.juntadeandalucia.es\/elcastilloigualdad\/index.php?rest_route=\/wp\/v2\/pages\/445"}],"wp:attachment":[{"href":"https:\/\/blogsaverroes.juntadeandalucia.es\/elcastilloigualdad\/index.php?rest_route=%2Fwp%2Fv2%2Fmedia&parent=492"}],"curies":[{"name":"wp","href":"https:\/\/api.w.org\/{rel}","templated":true}]}}