{"id":494,"date":"2021-10-30T15:16:49","date_gmt":"2021-10-30T13:16:49","guid":{"rendered":"https:\/\/blogsaverroes.juntadeandalucia.es\/elcastilloigualdad\/?page_id=494"},"modified":"2022-10-09T13:13:21","modified_gmt":"2022-10-09T11:13:21","slug":"el-programa-de-valores-y-educacion-emocional-en-mayo-2022","status":"publish","type":"page","link":"https:\/\/blogsaverroes.juntadeandalucia.es\/elcastilloigualdad\/?page_id=494","title":{"rendered":"EL PROGRAMA DE VALORES Y EDUCACI\u00d3N EMOCIONAL EN MAYO 2022"},"content":{"rendered":"<p><strong><img loading=\"lazy\" decoding=\"async\" class=\"wp-image-665 alignleft\" src=\"https:\/\/blogsaverroes.juntadeandalucia.es\/elcastilloigualdad\/files\/2022\/05\/Imagen_post-Pocococo-Barbarrosa-186x300.jpeg\" alt=\"\" width=\"125\" height=\"202\" srcset=\"https:\/\/blogsaverroes.juntadeandalucia.es\/elcastilloigualdad\/files\/2022\/05\/Imagen_post-Pocococo-Barbarrosa-186x300.jpeg 186w, https:\/\/blogsaverroes.juntadeandalucia.es\/elcastilloigualdad\/files\/2022\/05\/Imagen_post-Pocococo-Barbarrosa.jpeg 219w\" sizes=\"(max-width: 125px) 100vw, 125px\" \/>Octavo&nbsp; cuento del proyecto \u00abNueve meses, nueve cuentos\u00bb, a trav\u00e9s del que trabajamos el programa de Valores y Educaci\u00f3n Emocional<\/strong>.<\/p>\n<p>Se trata del \u00faltimo de los cuentos relacionados con este programa que, este curso, se ha visto reducido&nbsp; a ocho en lugar de nueve.<\/p>\n<p>Pocococo y el pirata Barbarrosa es un gui\u00f3n de nuestro compa\u00f1ero Pedro Rizos.<\/p>\n<p>Con este cuentacuentos trabajamos el valor de <span style=\"color: #993300\">EL BIENESTAR DE LA RISA<\/span> y la emoci\u00f3n de <span style=\"color: #993300\">LA FELICIDAD<\/span>, tan necesarios.<\/p>\n<p><strong><span style=\"color: #ff00ff\">\u00bfPor qu\u00e9 un pirata no puede tener una barba de color rosa?<\/span><\/strong><\/p>\n<p>&nbsp;<\/p>\n<p><strong>La tarjeta<\/strong> correspondiente a este mes de mayo es:<\/p>\n<p><a href=\"https:\/\/blogsaverroes.juntadeandalucia.es\/elcastilloigualdad\/files\/2022\/05\/TarjetaValores_cuento8_2021-22.pdf\"><img loading=\"lazy\" decoding=\"async\" class=\"alignnone size-medium wp-image-666\" src=\"https:\/\/blogsaverroes.juntadeandalucia.es\/elcastilloigualdad\/files\/2022\/05\/TarjetaValores_cuento8_2021-22-300x211.jpg\" alt=\"\" width=\"300\" height=\"211\" srcset=\"https:\/\/blogsaverroes.juntadeandalucia.es\/elcastilloigualdad\/files\/2022\/05\/TarjetaValores_cuento8_2021-22-300x211.jpg 300w, https:\/\/blogsaverroes.juntadeandalucia.es\/elcastilloigualdad\/files\/2022\/05\/TarjetaValores_cuento8_2021-22-1024x722.jpg 1024w, https:\/\/blogsaverroes.juntadeandalucia.es\/elcastilloigualdad\/files\/2022\/05\/TarjetaValores_cuento8_2021-22-768x541.jpg 768w, https:\/\/blogsaverroes.juntadeandalucia.es\/elcastilloigualdad\/files\/2022\/05\/TarjetaValores_cuento8_2021-22-1536x1083.jpg 1536w, https:\/\/blogsaverroes.juntadeandalucia.es\/elcastilloigualdad\/files\/2022\/05\/TarjetaValores_cuento8_2021-22.jpg 1654w\" sizes=\"(max-width: 300px) 100vw, 300px\" \/><\/a><\/p>\n<p>La grabaci\u00f3n del <strong>cuentacuentos:<\/strong><\/p>\n<p><iframe loading=\"lazy\" src=\"https:\/\/www.youtube.com\/embed\/3xXVKNLJRjg\" width=\"640\" height=\"362\" frameborder=\"0\"><\/iframe>&nbsp;<\/p>\n","protected":false},"excerpt":{"rendered":"<p>Octavo&nbsp; cuento del proyecto \u00abNueve meses, nueve cuentos\u00bb, a trav\u00e9s del que trabajamos el programa de Valores y Educaci\u00f3n Emocional. Se trata del \u00faltimo de los cuentos relacionados con este programa que, este curso,&#46;&#46;&#46;<\/p>\n","protected":false},"author":3249,"featured_media":0,"parent":445,"menu_order":8,"comment_status":"closed","ping_status":"closed","template":"","meta":{"ngg_post_thumbnail":0,"footnotes":""},"aioseo_notices":[],"_links":{"self":[{"href":"https:\/\/blogsaverroes.juntadeandalucia.es\/elcastilloigualdad\/index.php?rest_route=\/wp\/v2\/pages\/494"}],"collection":[{"href":"https:\/\/blogsaverroes.juntadeandalucia.es\/elcastilloigualdad\/index.php?rest_route=\/wp\/v2\/pages"}],"about":[{"href":"https:\/\/blogsaverroes.juntadeandalucia.es\/elcastilloigualdad\/index.php?rest_route=\/wp\/v2\/types\/page"}],"author":[{"embeddable":true,"href":"https:\/\/blogsaverroes.juntadeandalucia.es\/elcastilloigualdad\/index.php?rest_route=\/wp\/v2\/users\/3249"}],"replies":[{"embeddable":true,"href":"https:\/\/blogsaverroes.juntadeandalucia.es\/elcastilloigualdad\/index.php?rest_route=%2Fwp%2Fv2%2Fcomments&post=494"}],"version-history":[{"count":6,"href":"https:\/\/blogsaverroes.juntadeandalucia.es\/elcastilloigualdad\/index.php?rest_route=\/wp\/v2\/pages\/494\/revisions"}],"predecessor-version":[{"id":670,"href":"https:\/\/blogsaverroes.juntadeandalucia.es\/elcastilloigualdad\/index.php?rest_route=\/wp\/v2\/pages\/494\/revisions\/670"}],"up":[{"embeddable":true,"href":"https:\/\/blogsaverroes.juntadeandalucia.es\/elcastilloigualdad\/index.php?rest_route=\/wp\/v2\/pages\/445"}],"wp:attachment":[{"href":"https:\/\/blogsaverroes.juntadeandalucia.es\/elcastilloigualdad\/index.php?rest_route=%2Fwp%2Fv2%2Fmedia&parent=494"}],"curies":[{"name":"wp","href":"https:\/\/api.w.org\/{rel}","templated":true}]}}