{"id":707,"date":"2022-10-06T17:28:38","date_gmt":"2022-10-06T15:28:38","guid":{"rendered":"https:\/\/blogsaverroes.juntadeandalucia.es\/elcastilloigualdad\/?page_id=707"},"modified":"2023-04-07T12:38:28","modified_gmt":"2023-04-07T10:38:28","slug":"proyecto-nueves-meses-nueve-cuentos","status":"publish","type":"page","link":"https:\/\/blogsaverroes.juntadeandalucia.es\/elcastilloigualdad\/?page_id=707","title":{"rendered":"Proyecto \u00abNUEVES MESES, NUEVE CUENTOS\u00bb"},"content":{"rendered":"<p style=\"text-align: justify\">A trav\u00e9s de este proyecto trabajamos las emociones y una diversidad de valores, entre ellos, la igualdad de g\u00e9nero.<\/p>\n<p style=\"text-align: justify\">En cada uno de meses del curso, desde octubre hasta junio, nos dedicaremos a uno y nuestro alumnado lo podr\u00e1 visualizar a trav\u00e9s de la corrrespondiente dramatizaci\u00f3n.<\/p>\n<p>&nbsp;<\/p>\n<div id=\"attachment_717\" style=\"width: 200px\" class=\"wp-caption alignnone\"><a href=\"https:\/\/blogsaverroes.juntadeandalucia.es\/elcastilloigualdad\/?page_id=445\"><img loading=\"lazy\" decoding=\"async\" aria-describedby=\"caption-attachment-717\" class=\"wp-image-718 \" src=\"https:\/\/blogsaverroes.juntadeandalucia.es\/elcastilloigualdad\/files\/2022\/10\/Imagen_cartel9meses9cuentos_2021-232-300x142.jpg\" alt=\"\" data-wp-editing=\"1\" width=\"190\" height=\"90\" srcset=\"https:\/\/blogsaverroes.juntadeandalucia.es\/elcastilloigualdad\/files\/2022\/10\/Imagen_cartel9meses9cuentos_2021-232-300x142.jpg 300w, https:\/\/blogsaverroes.juntadeandalucia.es\/elcastilloigualdad\/files\/2022\/10\/Imagen_cartel9meses9cuentos_2021-232.jpg 470w\" sizes=\"(max-width: 190px) 100vw, 190px\" \/><\/a><p id=\"caption-attachment-717\" class=\"wp-caption-text\"><a href=\"https:\/\/blogsaverroes.juntadeandalucia.es\/elcastilloigualdad\/?page_id=445\">ENTRA PARA VER<\/a><\/p><\/div>\n<div id=\"attachment_717\" style=\"width: 409px\" class=\"wp-caption alignnone\"><a href=\"https:\/\/blogsaverroes.juntadeandalucia.es\/elcastilloigualdad\/?page_id=705\"><img loading=\"lazy\" decoding=\"async\" aria-describedby=\"caption-attachment-717\" class=\"wp-image-717 \" src=\"https:\/\/blogsaverroes.juntadeandalucia.es\/elcastilloigualdad\/files\/2022\/10\/Imagen_cartel9meses9cuentos_2022-23-300x142.jpg\" alt=\"\" width=\"399\" height=\"189\" srcset=\"https:\/\/blogsaverroes.juntadeandalucia.es\/elcastilloigualdad\/files\/2022\/10\/Imagen_cartel9meses9cuentos_2022-23-300x142.jpg 300w, https:\/\/blogsaverroes.juntadeandalucia.es\/elcastilloigualdad\/files\/2022\/10\/Imagen_cartel9meses9cuentos_2022-23.jpg 470w\" sizes=\"(max-width: 399px) 100vw, 399px\" \/><\/a><p id=\"caption-attachment-717\" class=\"wp-caption-text\"><a href=\"https:\/\/blogsaverroes.juntadeandalucia.es\/elcastilloigualdad\/?page_id=705\">ENTRA PARA VER<\/a><\/p><\/div>\n<p>&nbsp;<\/p>\n","protected":false},"excerpt":{"rendered":"<p>A trav\u00e9s de este proyecto trabajamos las emociones y una diversidad de valores, entre ellos, la igualdad de g\u00e9nero. En cada uno de meses del curso, desde octubre hasta junio, nos dedicaremos a uno&#46;&#46;&#46;<\/p>\n","protected":false},"author":3249,"featured_media":0,"parent":0,"menu_order":0,"comment_status":"closed","ping_status":"closed","template":"","meta":{"ngg_post_thumbnail":0,"footnotes":""},"aioseo_notices":[],"_links":{"self":[{"href":"https:\/\/blogsaverroes.juntadeandalucia.es\/elcastilloigualdad\/index.php?rest_route=\/wp\/v2\/pages\/707"}],"collection":[{"href":"https:\/\/blogsaverroes.juntadeandalucia.es\/elcastilloigualdad\/index.php?rest_route=\/wp\/v2\/pages"}],"about":[{"href":"https:\/\/blogsaverroes.juntadeandalucia.es\/elcastilloigualdad\/index.php?rest_route=\/wp\/v2\/types\/page"}],"author":[{"embeddable":true,"href":"https:\/\/blogsaverroes.juntadeandalucia.es\/elcastilloigualdad\/index.php?rest_route=\/wp\/v2\/users\/3249"}],"replies":[{"embeddable":true,"href":"https:\/\/blogsaverroes.juntadeandalucia.es\/elcastilloigualdad\/index.php?rest_route=%2Fwp%2Fv2%2Fcomments&post=707"}],"version-history":[{"count":5,"href":"https:\/\/blogsaverroes.juntadeandalucia.es\/elcastilloigualdad\/index.php?rest_route=\/wp\/v2\/pages\/707\/revisions"}],"predecessor-version":[{"id":871,"href":"https:\/\/blogsaverroes.juntadeandalucia.es\/elcastilloigualdad\/index.php?rest_route=\/wp\/v2\/pages\/707\/revisions\/871"}],"wp:attachment":[{"href":"https:\/\/blogsaverroes.juntadeandalucia.es\/elcastilloigualdad\/index.php?rest_route=%2Fwp%2Fv2%2Fmedia&parent=707"}],"curies":[{"name":"wp","href":"https:\/\/api.w.org\/{rel}","templated":true}]}}