{"id":721,"date":"2022-10-09T13:19:03","date_gmt":"2022-10-09T11:19:03","guid":{"rendered":"https:\/\/blogsaverroes.juntadeandalucia.es\/elcastilloigualdad\/?page_id=721"},"modified":"2022-10-14T20:38:54","modified_gmt":"2022-10-14T18:38:54","slug":"el-programa-de-valores-y-educacion-emocional-en-octubre-2022","status":"publish","type":"page","link":"https:\/\/blogsaverroes.juntadeandalucia.es\/elcastilloigualdad\/?page_id=721","title":{"rendered":"EL PROGRAMA DE VALORES Y EDUCACI\u00d3N EMOCIONAL EN OCTUBRE 2022"},"content":{"rendered":"<p><strong><img loading=\"lazy\" decoding=\"async\" class=\"wp-image-727 alignleft\" src=\"https:\/\/blogsaverroes.juntadeandalucia.es\/elcastilloigualdad\/files\/2022\/10\/Imagen_cuento1_2022-23-264x300.jpg\" alt=\"\" width=\"187\" height=\"213\" srcset=\"https:\/\/blogsaverroes.juntadeandalucia.es\/elcastilloigualdad\/files\/2022\/10\/Imagen_cuento1_2022-23-264x300.jpg 264w, https:\/\/blogsaverroes.juntadeandalucia.es\/elcastilloigualdad\/files\/2022\/10\/Imagen_cuento1_2022-23-900x1024.jpg 900w, https:\/\/blogsaverroes.juntadeandalucia.es\/elcastilloigualdad\/files\/2022\/10\/Imagen_cuento1_2022-23-768x874.jpg 768w, https:\/\/blogsaverroes.juntadeandalucia.es\/elcastilloigualdad\/files\/2022\/10\/Imagen_cuento1_2022-23-1350x1536.jpg 1350w, https:\/\/blogsaverroes.juntadeandalucia.es\/elcastilloigualdad\/files\/2022\/10\/Imagen_cuento1_2022-23-1800x2048.jpg 1800w, https:\/\/blogsaverroes.juntadeandalucia.es\/elcastilloigualdad\/files\/2022\/10\/Imagen_cuento1_2022-23.jpg 1905w\" sizes=\"(max-width: 187px) 100vw, 187px\" \/><span style=\"color: #800080\">Primer cuento del proyecto \u00abNueve meses, nueve cuentos\u00bb, a trav\u00e9s del que trabajamos el programa de Valores y Educaci\u00f3n Emocional.<\/span><\/strong><\/p>\n<h2><strong>\u00abUN VAMPIRO PELIGROZO\u00bb<\/strong>.<\/h2>\n<p>El cuento est\u00e1 disponible en nuestra biblioteca de centro y se ofrece, digitalizado,&nbsp; a nuestro alumnado a trav\u00e9s de Moodle.<\/p>\n<p>Este mes de octubre 2022 se trabaja el valor de la <strong><span style=\"color: #ff6600\">EMPAT\u00cdA<\/span><\/strong>, y las emociones de <strong><span style=\"color: #ff6600\">LA TRISTEZA<\/span><\/strong> y la <strong><span style=\"color: #ff6600\">ALEGR\u00cdA.<\/span><\/strong><\/p>\n<p>El autor de ese cuento es Jos\u00e9 Carlos Andr\u00e9s, edita Nube Ocho.<\/p>\n<p><strong><span style=\"text-decoration: underline\">Breve resumen:<\/span><\/strong><\/p>\n<p style=\"text-align: justify\"><span style=\"font-family: arial, helvetica, sans-serif;color: #0000ff\"><img loading=\"lazy\" decoding=\"async\" class=\"wp-image-730 alignleft\" src=\"https:\/\/blogsaverroes.juntadeandalucia.es\/elcastilloigualdad\/files\/2022\/10\/Imagen_unCuentoenTusmanos-269x300.jpg\" alt=\"\" width=\"185\" height=\"207\" srcset=\"https:\/\/blogsaverroes.juntadeandalucia.es\/elcastilloigualdad\/files\/2022\/10\/Imagen_unCuentoenTusmanos-269x300.jpg 269w, https:\/\/blogsaverroes.juntadeandalucia.es\/elcastilloigualdad\/files\/2022\/10\/Imagen_unCuentoenTusmanos.jpg 517w\" sizes=\"(max-width: 185px) 100vw, 185px\" \/>Hace mucho tiempo, en la lejana Transilvania, donde nacieron los vampiros m\u00e1s famosos del mundo, sucedi\u00f3 algo que podr\u00eda dar mucho miedo\u201d.<\/span><\/p>\n<p style=\"text-align: justify\"><span style=\"font-family: arial, helvetica, sans-serif;color: #0000ff\">As\u00ed es como empieza el cuento que os traigo hoy. \u00bfPreparados para pasar muuuucho miedo? O quiz\u00e1s no\u2026<\/span><\/p>\n<p style=\"text-align: justify\"><span style=\"font-family: arial, helvetica, sans-serif;color: #0000ff\">Hab\u00eda una ni\u00f1a que caminaba de noche por una calle cuando, de repente, una enorme sombra apareci\u00f3 delante de ella.&nbsp;<\/span><\/p>\n<p style=\"text-align: justify\"><span style=\"font-family: arial, helvetica, sans-serif;color: #0000ff\"><strong>\u201c\u00a1ZOY UN VAMPIRO PELIGROZO!\u201d<\/strong>, \u2013 grit\u00f3 un vampirito chiquitito.&nbsp;<\/span><\/p>\n<p style=\"text-align: justify\"><span style=\"font-family: arial, helvetica, sans-serif;color: #0000ff\">Lejos de la reacci\u00f3n que esperaba por parte de la ni\u00f1a, ella tembl\u00f3 pero\u2026 \u00a1de risa! As\u00ed que el que acab\u00f3 llorando fue el vampiro, porque aquello era una prueba para el examen para poder entrar en la escuela de vampiros, y el pobre\u2026 no daba ning\u00fan miedo. Y es que, si no pasaba el examen, acabar\u00eda en la escuela de peladores de pl\u00e1tanos.&nbsp;<\/span><\/p>\n<p style=\"text-align: justify\"><span style=\"font-family: arial, helvetica, sans-serif;color: #0000ff\">La ni\u00f1a le ayudar\u00e1 a dar mucho miedo para que el vampirito supere la prueba. \u00bfConseguir\u00e1 dar muuucho miedo? Si quer\u00e9is descubrir el final, tendr\u00e9is que leerlo.&nbsp;<\/span><\/p>\n<p style=\"text-align: justify\"><span style=\"font-family: arial, helvetica, sans-serif;color: #0000ff\">&nbsp;<\/span><\/p>\n<h3><span style=\"text-decoration: underline\"><strong><span style=\"color: #800000;text-decoration: underline\">El cuento&nbsp;est\u00e1 disponible<\/span><\/strong><\/span> entrando a nuestra&nbsp;plataforma Moodle&nbsp;y visitando el aula virtual:&nbsp;<\/h3>\n<p><img loading=\"lazy\" decoding=\"async\" class=\"wp-image-460 alignleft\" src=\"https:\/\/blogsaverroes.juntadeandalucia.es\/elcastilloigualdad\/files\/2021\/10\/Imagen_BibliotecaDigital.jpg-300x168.png\" alt=\"\" width=\"191\" height=\"107\" srcset=\"https:\/\/blogsaverroes.juntadeandalucia.es\/elcastilloigualdad\/files\/2021\/10\/Imagen_BibliotecaDigital.jpg-300x168.png 300w, https:\/\/blogsaverroes.juntadeandalucia.es\/elcastilloigualdad\/files\/2021\/10\/Imagen_BibliotecaDigital.jpg-768x429.png 768w, https:\/\/blogsaverroes.juntadeandalucia.es\/elcastilloigualdad\/files\/2021\/10\/Imagen_BibliotecaDigital.jpg.png 877w\" sizes=\"(max-width: 191px) 100vw, 191px\" \/>Para entrar al aula virtual BIBLIOTECA DIGITAL,&nbsp; toca en este enlace:&nbsp; <a href=\"https:\/\/educacionadistancia.juntadeandalucia.es\/centros\/jaen\/\">\u00a1 ENTRA A LA BIBLIOTECA DIGITAL!<\/a> y accede a Moodle con el usuario y contrase\u00f1a que aparece en Pasen. Busca en los mensajes que aparecen en los tres puntitos del borde superior derecho, aparecer\u00e1 siempre uno con el texto: \u00abUsuarios y contrase\u00f1as del alumnado\u00bb.<\/p>\n<p>&nbsp;<\/p>\n<p>&nbsp;<\/p>\n<h3><span style=\"text-decoration: underline\"><span style=\"color: #800000\"><strong>En internet hemos encontrado alguna referencia, te la dejamos:<\/strong><\/span><\/span><\/h3>\n<p><iframe loading=\"lazy\" src=\"https:\/\/www.youtube.com\/embed\/AvQdx-27oOE\" width=\"640\" height=\"362\" frameborder=\"0\"><span style=\"width: 0px;overflow: hidden;line-height: 0\" data-mce-type=\"bookmark\" class=\"mce_SELRES_start\">\ufeff<\/span><\/iframe>&nbsp;<\/p>\n<p>&nbsp;<\/p>\n<p>&nbsp;<\/p>\n<h3><span style=\"text-decoration: underline\"><strong><span style=\"color: #800000;text-decoration: underline\">La tarjeta&nbsp;correspondiente a este mes de octubre es:<\/span><\/strong><\/span><\/h3>\n<p><a href=\"https:\/\/blogsaverroes.juntadeandalucia.es\/elcastilloigualdad\/files\/2022\/10\/TarjetaValores_cuento-octubre_2022-23.jpg\"><img loading=\"lazy\" decoding=\"async\" class=\"alignnone size-medium wp-image-723\" src=\"https:\/\/blogsaverroes.juntadeandalucia.es\/elcastilloigualdad\/files\/2022\/10\/TarjetaValores_cuento-octubre_2022-23-300x211.jpg\" alt=\"\" width=\"300\" height=\"211\" srcset=\"https:\/\/blogsaverroes.juntadeandalucia.es\/elcastilloigualdad\/files\/2022\/10\/TarjetaValores_cuento-octubre_2022-23-300x211.jpg 300w, https:\/\/blogsaverroes.juntadeandalucia.es\/elcastilloigualdad\/files\/2022\/10\/TarjetaValores_cuento-octubre_2022-23-1024x722.jpg 1024w, https:\/\/blogsaverroes.juntadeandalucia.es\/elcastilloigualdad\/files\/2022\/10\/TarjetaValores_cuento-octubre_2022-23-768x541.jpg 768w, https:\/\/blogsaverroes.juntadeandalucia.es\/elcastilloigualdad\/files\/2022\/10\/TarjetaValores_cuento-octubre_2022-23.jpg 1240w\" sizes=\"(max-width: 300px) 100vw, 300px\" \/><\/a><\/p>\n<p><a href=\"https:\/\/blogsaverroes.juntadeandalucia.es\/elcastilloigualdad\/files\/2022\/10\/TarjetaValores_cuento-octubre_2022-23.pdf\">Puedes verla o descargarla en pdf.<\/a><\/p>\n<h3><span style=\"text-decoration: underline\"><strong><span style=\"color: #800000;text-decoration: underline\">El video del&nbsp;cuentacuentos&nbsp;es \u00e9ste:<\/span><\/strong><\/span><\/h3>\n<p><span style=\"color: #808080\"><iframe loading=\"lazy\" src=\"https:\/\/www.youtube.com\/embed\/S27pNt-JQz8\" width=\"640\" height=\"362\" frameborder=\"0\"><\/iframe><\/span><\/p>\n<p><span style=\"color: #808080\"><a href=\"https:\/\/blogsaverroes.juntadeandalucia.es\/eielcastillo\/?p=13808\"><span style=\"color: #800000\">Puedes ver im\u00e1genes del cuentacuentos en el post publicado en la web del centro.<\/span><\/a><br \/>\n<\/span><\/p>\n<p>&nbsp;<\/p>\n<hr>\n<p style=\"text-align: justify\">Si despu\u00e9s de ver y escuchar el cuentacuentos, hojear el cuento&nbsp;<strong>\u00abUn vampiro peligrozo\u00bb<\/strong>, y haber trabajado la tarjeta, el alumnado quiere hacer un dibujo o cualquier actividad pl\u00e1stica, NO DUDE EN ENVIARLO, SE LO PUBLICAMOS. Hazlo llegar&nbsp; a trav\u00e9s del correo electr\u00f3nico del cole (23000891.edu@juntadeandalucia.es) o simplemente a trav\u00e9s de un mensaje de whassap al tel\u00e9fono de direcci\u00f3n (administrador de la web) 671567584. En todo caso, lo puedes dejar en clase.<\/p>\n","protected":false},"excerpt":{"rendered":"<p>Primer cuento del proyecto \u00abNueve meses, nueve cuentos\u00bb, a trav\u00e9s del que trabajamos el programa de Valores y Educaci\u00f3n Emocional. \u00abUN VAMPIRO PELIGROZO\u00bb. El cuento est\u00e1 disponible en nuestra biblioteca de centro y se&#46;&#46;&#46;<\/p>\n","protected":false},"author":3249,"featured_media":0,"parent":705,"menu_order":1,"comment_status":"closed","ping_status":"closed","template":"","meta":{"ngg_post_thumbnail":0,"footnotes":""},"aioseo_notices":[],"_links":{"self":[{"href":"https:\/\/blogsaverroes.juntadeandalucia.es\/elcastilloigualdad\/index.php?rest_route=\/wp\/v2\/pages\/721"}],"collection":[{"href":"https:\/\/blogsaverroes.juntadeandalucia.es\/elcastilloigualdad\/index.php?rest_route=\/wp\/v2\/pages"}],"about":[{"href":"https:\/\/blogsaverroes.juntadeandalucia.es\/elcastilloigualdad\/index.php?rest_route=\/wp\/v2\/types\/page"}],"author":[{"embeddable":true,"href":"https:\/\/blogsaverroes.juntadeandalucia.es\/elcastilloigualdad\/index.php?rest_route=\/wp\/v2\/users\/3249"}],"replies":[{"embeddable":true,"href":"https:\/\/blogsaverroes.juntadeandalucia.es\/elcastilloigualdad\/index.php?rest_route=%2Fwp%2Fv2%2Fcomments&post=721"}],"version-history":[{"count":13,"href":"https:\/\/blogsaverroes.juntadeandalucia.es\/elcastilloigualdad\/index.php?rest_route=\/wp\/v2\/pages\/721\/revisions"}],"predecessor-version":[{"id":739,"href":"https:\/\/blogsaverroes.juntadeandalucia.es\/elcastilloigualdad\/index.php?rest_route=\/wp\/v2\/pages\/721\/revisions\/739"}],"up":[{"embeddable":true,"href":"https:\/\/blogsaverroes.juntadeandalucia.es\/elcastilloigualdad\/index.php?rest_route=\/wp\/v2\/pages\/705"}],"wp:attachment":[{"href":"https:\/\/blogsaverroes.juntadeandalucia.es\/elcastilloigualdad\/index.php?rest_route=%2Fwp%2Fv2%2Fmedia&parent=721"}],"curies":[{"name":"wp","href":"https:\/\/api.w.org\/{rel}","templated":true}]}}