{"id":788,"date":"2022-12-08T20:41:56","date_gmt":"2022-12-08T19:41:56","guid":{"rendered":"https:\/\/blogsaverroes.juntadeandalucia.es\/elcastilloigualdad\/?page_id=788"},"modified":"2023-04-10T10:22:17","modified_gmt":"2023-04-10T08:22:17","slug":"el-programa-de-valores-y-educacion-emocional-en-diciembre-2022","status":"publish","type":"page","link":"https:\/\/blogsaverroes.juntadeandalucia.es\/elcastilloigualdad\/?page_id=788","title":{"rendered":"EL PROGRAMA DE VALORES Y EDUCACI\u00d3N EMOCIONAL EN DICIEMBRE 2022"},"content":{"rendered":"<p><strong><img loading=\"lazy\" decoding=\"async\" class=\"size-medium wp-image-794 alignleft\" src=\"https:\/\/blogsaverroes.juntadeandalucia.es\/elcastilloigualdad\/files\/2022\/12\/Imagen_post-LaNavidadDelNo-300x211.jpg\" alt=\"\" width=\"300\" height=\"211\" srcset=\"https:\/\/blogsaverroes.juntadeandalucia.es\/elcastilloigualdad\/files\/2022\/12\/Imagen_post-LaNavidadDelNo-300x211.jpg 300w, https:\/\/blogsaverroes.juntadeandalucia.es\/elcastilloigualdad\/files\/2022\/12\/Imagen_post-LaNavidadDelNo-768x541.jpg 768w, https:\/\/blogsaverroes.juntadeandalucia.es\/elcastilloigualdad\/files\/2022\/12\/Imagen_post-LaNavidadDelNo.jpg 797w\" sizes=\"(max-width: 300px) 100vw, 300px\" \/>Para este mes de diciembre no hay tercer cuento, <\/strong><\/p>\n<p><strong>\u00e9ste se sustituye por la representaci\u00f3n que tendr\u00e1 lugar el pr\u00f3ximo martes 20 en dos sesiones, ser\u00e1 en el sal\u00f3n de actos de la Casa de la Cultura, abierto a la comunidad educativa, auque ser\u00e1 necesario disponer de las invitaciones que el centro facilitar\u00e1 a las familias ya que es imposible superar el aforo establecido por normativa para ese espacio.<\/strong><\/p>\n<p><strong>El t\u00edtulo: <span style=\"color: #0000ff\">La Navidad del NO<\/span>.<\/strong><\/p>\n<p><strong>&nbsp;<\/strong><\/p>\n<h2>&nbsp;<\/h2>\n<h2><a href=\"\/\/blogsaverroes.juntadeandalucia.es\/eielcastillo\/?p=14501\"><span style=\"color: #0000ff\">\u00abLA NAVIDAD DEL NO\u00bb<\/span><\/a><\/h2>\n<p>El gui\u00f3n de la obra lo ha preparado el maestro Pedro.<\/p>\n<p>Este&nbsp; mes de diciembre 2022 se trabaja el valor de la <strong><span style=\"color: #ff0000\">ASERTIVIDAD<\/span><\/strong> (saber decir NO) y la emoci\u00f3n de la <span style=\"color: #ff0000\"><strong>AUTOESTIMA Y SEGURIDAD EN S\u00cd MISMO.<\/strong><\/span><\/p>\n<h4>&nbsp;<\/h4>\n<h3><span style=\"color: #800000\">Breve resumen de la obra:<\/span><\/h3>\n<p style=\"text-align: justify\"><img loading=\"lazy\" decoding=\"async\" class=\" wp-image-801 alignleft\" src=\"https:\/\/blogsaverroes.juntadeandalucia.es\/elcastilloigualdad\/files\/2022\/12\/imagen_arbolNavidad-240x300.jpg\" alt=\"\" width=\"160\" height=\"200\" srcset=\"https:\/\/blogsaverroes.juntadeandalucia.es\/elcastilloigualdad\/files\/2022\/12\/imagen_arbolNavidad-240x300.jpg 240w, https:\/\/blogsaverroes.juntadeandalucia.es\/elcastilloigualdad\/files\/2022\/12\/imagen_arbolNavidad.jpg 638w\" sizes=\"(max-width: 160px) 100vw, 160px\" \/>\u00abLa Navidad del NO\u00bb nos muestra la historia de un \u00e1rbol de Navidad que, cansado de ser demasiado adornado cada diciembre decide ser valiente y decir que no a tantos adornos. Para ello contar\u00e1 con la ayuda de un grupo de duendes m\u00e1gicos de la Navidad que lo visitar\u00e1n para hacerle ver lo importante que es aprender a decir que no cuando algo nos disgusta o nos molesta. La historia sucede una ma\u00f1ana de Navidad cuando los peque\u00f1os Martina y Hugo deciden adornar como cada a\u00f1o su \u00e1rbol. En la obra tambi\u00e9n aparecen Antonio y Mari Carmen, los padres de los ni\u00f1os. Toda la familia, incluido su \u00e1rbol navide\u00f1o, aprender\u00e1n una gran lecci\u00f3n sobre asertividad y autoestima.<\/p>\n<p>&nbsp;<\/p>\n<h3>&nbsp;<\/h3>\n<h3><span style=\"color: #800000\"><strong>La tarjeta correspondiente a este mes de diciembre es:<\/strong><\/span><\/h3>\n<p><img loading=\"lazy\" decoding=\"async\" class=\"alignnone size-full wp-image-876\" src=\"https:\/\/blogsaverroes.juntadeandalucia.es\/elcastilloigualdad\/files\/2023\/04\/TarjetaValores_cuento-diciembre_2022-23.jpg\" alt=\"\" width=\"1170\" height=\"835\" srcset=\"https:\/\/blogsaverroes.juntadeandalucia.es\/elcastilloigualdad\/files\/2023\/04\/TarjetaValores_cuento-diciembre_2022-23.jpg 1170w, https:\/\/blogsaverroes.juntadeandalucia.es\/elcastilloigualdad\/files\/2023\/04\/TarjetaValores_cuento-diciembre_2022-23-300x214.jpg 300w, https:\/\/blogsaverroes.juntadeandalucia.es\/elcastilloigualdad\/files\/2023\/04\/TarjetaValores_cuento-diciembre_2022-23-1024x731.jpg 1024w, https:\/\/blogsaverroes.juntadeandalucia.es\/elcastilloigualdad\/files\/2023\/04\/TarjetaValores_cuento-diciembre_2022-23-768x548.jpg 768w\" sizes=\"(max-width: 1170px) 100vw, 1170px\" \/><\/p>\n<p>&nbsp;<\/p>\n<h3><span style=\"color: #800000\"><strong>El video de la actuaci\u00f3n es \u00e9ste:<\/strong><\/span><\/h3>\n<p>(El video incluye todo el festival, al final se incluye la grabaci\u00f3n de la obra \u00abLa Navidad del NO\u00bb)<\/p>\n<p><span style=\"color: #808080\"><iframe loading=\"lazy\" src=\"https:\/\/www.youtube.com\/embed\/1Jl_z9OtGGM\" width=\"640\" height=\"362\" frameborder=\"0\"><span style=\"width: 0px;overflow: hidden;line-height: 0\" data-mce-type=\"bookmark\" class=\"mce_SELRES_start\">\ufeff<\/span><\/iframe>&nbsp;<\/span><\/p>\n<h3><strong><span style=\"color: #800000\">Im\u00e1genes de la actuaci\u00f3n:<\/span><\/strong><\/h3>\n<p><img loading=\"lazy\" decoding=\"async\" class=\"alignnone wp-image-886 size-medium\" src=\"https:\/\/blogsaverroes.juntadeandalucia.es\/elcastilloigualdad\/files\/2023\/04\/Imagen_PAC2022-23_dic_105-300x168.jpg\" alt=\"\" width=\"300\" height=\"168\" srcset=\"https:\/\/blogsaverroes.juntadeandalucia.es\/elcastilloigualdad\/files\/2023\/04\/Imagen_PAC2022-23_dic_105-300x168.jpg 300w, https:\/\/blogsaverroes.juntadeandalucia.es\/elcastilloigualdad\/files\/2023\/04\/Imagen_PAC2022-23_dic_105-1024x575.jpg 1024w, https:\/\/blogsaverroes.juntadeandalucia.es\/elcastilloigualdad\/files\/2023\/04\/Imagen_PAC2022-23_dic_105-768x431.jpg 768w, https:\/\/blogsaverroes.juntadeandalucia.es\/elcastilloigualdad\/files\/2023\/04\/Imagen_PAC2022-23_dic_105.jpg 1269w\" sizes=\"(max-width: 300px) 100vw, 300px\" \/> <img loading=\"lazy\" decoding=\"async\" class=\"alignnone wp-image-885 size-medium\" src=\"https:\/\/blogsaverroes.juntadeandalucia.es\/elcastilloigualdad\/files\/2023\/04\/Imagen_PAC2022-23_dic_103-300x169.jpg\" alt=\"\" width=\"300\" height=\"169\" srcset=\"https:\/\/blogsaverroes.juntadeandalucia.es\/elcastilloigualdad\/files\/2023\/04\/Imagen_PAC2022-23_dic_103-300x169.jpg 300w, https:\/\/blogsaverroes.juntadeandalucia.es\/elcastilloigualdad\/files\/2023\/04\/Imagen_PAC2022-23_dic_103-1024x576.jpg 1024w, https:\/\/blogsaverroes.juntadeandalucia.es\/elcastilloigualdad\/files\/2023\/04\/Imagen_PAC2022-23_dic_103-768x432.jpg 768w, https:\/\/blogsaverroes.juntadeandalucia.es\/elcastilloigualdad\/files\/2023\/04\/Imagen_PAC2022-23_dic_103-1536x864.jpg 1536w, https:\/\/blogsaverroes.juntadeandalucia.es\/elcastilloigualdad\/files\/2023\/04\/Imagen_PAC2022-23_dic_103-2048x1152.jpg 2048w\" sizes=\"(max-width: 300px) 100vw, 300px\" \/> <img loading=\"lazy\" decoding=\"async\" class=\"alignnone wp-image-884 size-medium\" src=\"https:\/\/blogsaverroes.juntadeandalucia.es\/elcastilloigualdad\/files\/2023\/04\/Imagen_PAC2022-23_dic_101-300x169.jpg\" alt=\"\" width=\"300\" height=\"169\" srcset=\"https:\/\/blogsaverroes.juntadeandalucia.es\/elcastilloigualdad\/files\/2023\/04\/Imagen_PAC2022-23_dic_101-300x169.jpg 300w, https:\/\/blogsaverroes.juntadeandalucia.es\/elcastilloigualdad\/files\/2023\/04\/Imagen_PAC2022-23_dic_101-1024x575.jpg 1024w, https:\/\/blogsaverroes.juntadeandalucia.es\/elcastilloigualdad\/files\/2023\/04\/Imagen_PAC2022-23_dic_101-768x432.jpg 768w, https:\/\/blogsaverroes.juntadeandalucia.es\/elcastilloigualdad\/files\/2023\/04\/Imagen_PAC2022-23_dic_101.jpg 1269w\" sizes=\"(max-width: 300px) 100vw, 300px\" \/> <img loading=\"lazy\" decoding=\"async\" class=\"alignnone wp-image-883 size-medium\" src=\"https:\/\/blogsaverroes.juntadeandalucia.es\/elcastilloigualdad\/files\/2023\/04\/Imagen_PAC2022-23_dic_98-300x168.jpg\" alt=\"\" width=\"300\" height=\"168\" srcset=\"https:\/\/blogsaverroes.juntadeandalucia.es\/elcastilloigualdad\/files\/2023\/04\/Imagen_PAC2022-23_dic_98-300x168.jpg 300w, https:\/\/blogsaverroes.juntadeandalucia.es\/elcastilloigualdad\/files\/2023\/04\/Imagen_PAC2022-23_dic_98-1024x575.jpg 1024w, https:\/\/blogsaverroes.juntadeandalucia.es\/elcastilloigualdad\/files\/2023\/04\/Imagen_PAC2022-23_dic_98-768x431.jpg 768w, https:\/\/blogsaverroes.juntadeandalucia.es\/elcastilloigualdad\/files\/2023\/04\/Imagen_PAC2022-23_dic_98.jpg 1270w\" sizes=\"(max-width: 300px) 100vw, 300px\" \/> <img loading=\"lazy\" decoding=\"async\" class=\"alignnone wp-image-882 size-medium\" src=\"https:\/\/blogsaverroes.juntadeandalucia.es\/elcastilloigualdad\/files\/2023\/04\/Imagen_PAC2022-23_dic_96-300x169.jpg\" alt=\"\" width=\"300\" height=\"169\" srcset=\"https:\/\/blogsaverroes.juntadeandalucia.es\/elcastilloigualdad\/files\/2023\/04\/Imagen_PAC2022-23_dic_96-300x169.jpg 300w, https:\/\/blogsaverroes.juntadeandalucia.es\/elcastilloigualdad\/files\/2023\/04\/Imagen_PAC2022-23_dic_96-1024x576.jpg 1024w, https:\/\/blogsaverroes.juntadeandalucia.es\/elcastilloigualdad\/files\/2023\/04\/Imagen_PAC2022-23_dic_96-768x432.jpg 768w, https:\/\/blogsaverroes.juntadeandalucia.es\/elcastilloigualdad\/files\/2023\/04\/Imagen_PAC2022-23_dic_96-1536x864.jpg 1536w, https:\/\/blogsaverroes.juntadeandalucia.es\/elcastilloigualdad\/files\/2023\/04\/Imagen_PAC2022-23_dic_96-2048x1152.jpg 2048w\" sizes=\"(max-width: 300px) 100vw, 300px\" \/> <img loading=\"lazy\" decoding=\"async\" class=\"alignnone wp-image-881 size-medium\" src=\"https:\/\/blogsaverroes.juntadeandalucia.es\/elcastilloigualdad\/files\/2023\/04\/Imagen_PAC2022-23_dic_95-300x169.jpg\" alt=\"\" width=\"300\" height=\"169\" srcset=\"https:\/\/blogsaverroes.juntadeandalucia.es\/elcastilloigualdad\/files\/2023\/04\/Imagen_PAC2022-23_dic_95-300x169.jpg 300w, https:\/\/blogsaverroes.juntadeandalucia.es\/elcastilloigualdad\/files\/2023\/04\/Imagen_PAC2022-23_dic_95-1024x576.jpg 1024w, https:\/\/blogsaverroes.juntadeandalucia.es\/elcastilloigualdad\/files\/2023\/04\/Imagen_PAC2022-23_dic_95-768x432.jpg 768w, https:\/\/blogsaverroes.juntadeandalucia.es\/elcastilloigualdad\/files\/2023\/04\/Imagen_PAC2022-23_dic_95-1536x864.jpg 1536w, https:\/\/blogsaverroes.juntadeandalucia.es\/elcastilloigualdad\/files\/2023\/04\/Imagen_PAC2022-23_dic_95-2048x1152.jpg 2048w\" sizes=\"(max-width: 300px) 100vw, 300px\" \/> <img loading=\"lazy\" decoding=\"async\" class=\"alignnone wp-image-880 size-medium\" src=\"https:\/\/blogsaverroes.juntadeandalucia.es\/elcastilloigualdad\/files\/2023\/04\/Imagen_PAC2022-23_dic_94-300x169.jpg\" alt=\"\" width=\"300\" height=\"169\" srcset=\"https:\/\/blogsaverroes.juntadeandalucia.es\/elcastilloigualdad\/files\/2023\/04\/Imagen_PAC2022-23_dic_94-300x169.jpg 300w, https:\/\/blogsaverroes.juntadeandalucia.es\/elcastilloigualdad\/files\/2023\/04\/Imagen_PAC2022-23_dic_94-1024x576.jpg 1024w, https:\/\/blogsaverroes.juntadeandalucia.es\/elcastilloigualdad\/files\/2023\/04\/Imagen_PAC2022-23_dic_94-768x432.jpg 768w, https:\/\/blogsaverroes.juntadeandalucia.es\/elcastilloigualdad\/files\/2023\/04\/Imagen_PAC2022-23_dic_94.jpg 1270w\" sizes=\"(max-width: 300px) 100vw, 300px\" \/> <img loading=\"lazy\" decoding=\"async\" class=\"alignnone wp-image-879 \" src=\"https:\/\/blogsaverroes.juntadeandalucia.es\/elcastilloigualdad\/files\/2023\/04\/Imagen_post-FestivalNavidad2022-2-300x133.jpg\" alt=\"\" width=\"390\" height=\"173\" srcset=\"https:\/\/blogsaverroes.juntadeandalucia.es\/elcastilloigualdad\/files\/2023\/04\/Imagen_post-FestivalNavidad2022-2-300x133.jpg 300w, https:\/\/blogsaverroes.juntadeandalucia.es\/elcastilloigualdad\/files\/2023\/04\/Imagen_post-FestivalNavidad2022-2-1024x453.jpg 1024w, https:\/\/blogsaverroes.juntadeandalucia.es\/elcastilloigualdad\/files\/2023\/04\/Imagen_post-FestivalNavidad2022-2-768x339.jpg 768w, https:\/\/blogsaverroes.juntadeandalucia.es\/elcastilloigualdad\/files\/2023\/04\/Imagen_post-FestivalNavidad2022-2-1536x679.jpg 1536w, https:\/\/blogsaverroes.juntadeandalucia.es\/elcastilloigualdad\/files\/2023\/04\/Imagen_post-FestivalNavidad2022-2.jpg 1579w\" sizes=\"(max-width: 390px) 100vw, 390px\" \/><\/p>\n<hr>\n<p>Si despu\u00e9s de ver y escuchar la actuaci\u00f3n, y haber trabajado la tarjeta, el alumnado quiere hacer un dibujo o cualquier actividad pl\u00e1stica, NO DUDE EN ENVIARLO, SE LO PUBLICAMOS. Hazlo llegar&nbsp; a trav\u00e9s del correo electr\u00f3nico del cole (23000891.edu@juntadeandalucia.es) o simplemente a trav\u00e9s de un mensaje de whassap al tel\u00e9fono de direcci\u00f3n (administrador de la web) 671567584. En todo caso, lo puedes dejar en clase.<\/p>\n","protected":false},"excerpt":{"rendered":"<p>Para este mes de diciembre no hay tercer cuento, \u00e9ste se sustituye por la representaci\u00f3n que tendr\u00e1 lugar el pr\u00f3ximo martes 20 en dos sesiones, ser\u00e1 en el sal\u00f3n de actos de la Casa&#46;&#46;&#46;<\/p>\n","protected":false},"author":3249,"featured_media":0,"parent":705,"menu_order":3,"comment_status":"closed","ping_status":"closed","template":"","meta":{"ngg_post_thumbnail":0,"footnotes":""},"aioseo_notices":[],"_links":{"self":[{"href":"https:\/\/blogsaverroes.juntadeandalucia.es\/elcastilloigualdad\/index.php?rest_route=\/wp\/v2\/pages\/788"}],"collection":[{"href":"https:\/\/blogsaverroes.juntadeandalucia.es\/elcastilloigualdad\/index.php?rest_route=\/wp\/v2\/pages"}],"about":[{"href":"https:\/\/blogsaverroes.juntadeandalucia.es\/elcastilloigualdad\/index.php?rest_route=\/wp\/v2\/types\/page"}],"author":[{"embeddable":true,"href":"https:\/\/blogsaverroes.juntadeandalucia.es\/elcastilloigualdad\/index.php?rest_route=\/wp\/v2\/users\/3249"}],"replies":[{"embeddable":true,"href":"https:\/\/blogsaverroes.juntadeandalucia.es\/elcastilloigualdad\/index.php?rest_route=%2Fwp%2Fv2%2Fcomments&post=788"}],"version-history":[{"count":18,"href":"https:\/\/blogsaverroes.juntadeandalucia.es\/elcastilloigualdad\/index.php?rest_route=\/wp\/v2\/pages\/788\/revisions"}],"predecessor-version":[{"id":887,"href":"https:\/\/blogsaverroes.juntadeandalucia.es\/elcastilloigualdad\/index.php?rest_route=\/wp\/v2\/pages\/788\/revisions\/887"}],"up":[{"embeddable":true,"href":"https:\/\/blogsaverroes.juntadeandalucia.es\/elcastilloigualdad\/index.php?rest_route=\/wp\/v2\/pages\/705"}],"wp:attachment":[{"href":"https:\/\/blogsaverroes.juntadeandalucia.es\/elcastilloigualdad\/index.php?rest_route=%2Fwp%2Fv2%2Fmedia&parent=788"}],"curies":[{"name":"wp","href":"https:\/\/api.w.org\/{rel}","templated":true}]}}