{"id":809,"date":"2023-01-12T11:48:24","date_gmt":"2023-01-12T10:48:24","guid":{"rendered":"https:\/\/blogsaverroes.juntadeandalucia.es\/elcastilloigualdad\/?page_id=809"},"modified":"2023-02-11T18:44:12","modified_gmt":"2023-02-11T17:44:12","slug":"el-programa-de-valores-y-educaciona-emocional-en-enero-2023","status":"publish","type":"page","link":"https:\/\/blogsaverroes.juntadeandalucia.es\/elcastilloigualdad\/?page_id=809","title":{"rendered":"EL PROGRAMA DE VALORES Y EDUCACION EMOCIONAL EN ENERO 2023"},"content":{"rendered":"<p><strong><img loading=\"lazy\" decoding=\"async\" class=\"size-medium wp-image-815 alignleft\" src=\"https:\/\/blogsaverroes.juntadeandalucia.es\/elcastilloigualdad\/files\/2023\/01\/Imagen_Leonor-y-la-paloma-de-la-paz-248x300.jpg\" alt=\"\" width=\"248\" height=\"300\" srcset=\"https:\/\/blogsaverroes.juntadeandalucia.es\/elcastilloigualdad\/files\/2023\/01\/Imagen_Leonor-y-la-paloma-de-la-paz-248x300.jpg 248w, https:\/\/blogsaverroes.juntadeandalucia.es\/elcastilloigualdad\/files\/2023\/01\/Imagen_Leonor-y-la-paloma-de-la-paz.jpg 383w\" sizes=\"(max-width: 248px) 100vw, 248px\" \/>Para este mes de enero, el cuento que utilizamos para trabajar el progrqama de Valores y Educaci\u00f3n Emocional es:<br \/>\n<\/strong><\/p>\n<h3>\u00abLEONOR Y LA PALOMA DE LA PAZ\u00bb<\/h3>\n<p>El cuento est\u00e1 disponible en nuestra biblioteca de centro y se ofrece, digitalizado,&nbsp; a nuestro alumnado a trav\u00e9s de nuestra Moodle, accede al aula virtual \u00abBIBLIOTECA DIGITAL\u00bb.<\/p>\n<p>En este mes de enero 2023 se trabaja el valor de la <strong>GENEROSIDAD<\/strong> y la emoci\u00f3n de la <strong>CALMA, PAZ.<\/strong><\/p>\n<p>Las autoras del cuento son&nbsp; <a href=\"https:\/\/maitecarranza.com\/biografia\/\">Maite Carranza<\/a>&nbsp; y&nbsp; <a href=\"https:\/\/es.literaturasm.com\/autor\/margarita-menendez-gutierrez\">Margarita Men\u00e9ndez<\/a><\/p>\n<p><strong>&nbsp;<\/strong><\/p>\n<p>&nbsp;<\/p>\n<p><strong>&nbsp;<span style=\"color: #800000\">Breve resumen:<\/span><br \/>\n<\/strong><\/p>\n<p><img loading=\"lazy\" decoding=\"async\" class=\" wp-image-813 alignleft\" src=\"https:\/\/blogsaverroes.juntadeandalucia.es\/elcastilloigualdad\/files\/2023\/01\/Imagen_palomaPAZ.jpg\" alt=\"\" width=\"225\" height=\"196\"><\/p>\n<p>&nbsp;<\/p>\n<p><span style=\"color: #0000ff\"><strong>L<\/strong>a paloma de este peque\u00f1o&nbsp;cuento&nbsp;escrito con&nbsp;letra enlazada, est\u00e1 cansada y pierde la ramita de olivo que llevaba en el pico.<\/span><\/p>\n<p><span style=\"color: #0000ff\"> A partir de ah\u00ed se encuentra con&nbsp;varios ni\u00f1os y ni\u00f1as que no la tratan bien, hasta que se topa con&nbsp;Leonor y el rumbo&nbsp;de este cuento&nbsp;cambia.&nbsp;<\/span><\/p>\n<h3>&nbsp;<\/h3>\n<p>&nbsp;<\/p>\n<p><span style=\"color: #800000\"><strong>La tarjeta correspondiente a este mes de diciembre es: <\/strong><span style=\"color: #000000\">(clic para verla a mayor tama\u00f1o)<\/span><strong><br \/>\n<\/strong><\/span><\/p>\n<p><a href=\"https:\/\/blogsaverroes.juntadeandalucia.es\/elcastilloigualdad\/files\/2023\/01\/TarjetaValores_cuento-enero_2022-23.jpg\"><img loading=\"lazy\" decoding=\"async\" class=\"alignnone size-medium wp-image-806\" src=\"https:\/\/blogsaverroes.juntadeandalucia.es\/elcastilloigualdad\/files\/2023\/01\/TarjetaValores_cuento-enero_2022-23-300x211.jpg\" alt=\"\" width=\"300\" height=\"211\" srcset=\"https:\/\/blogsaverroes.juntadeandalucia.es\/elcastilloigualdad\/files\/2023\/01\/TarjetaValores_cuento-enero_2022-23-300x211.jpg 300w, https:\/\/blogsaverroes.juntadeandalucia.es\/elcastilloigualdad\/files\/2023\/01\/TarjetaValores_cuento-enero_2022-23-1024x722.jpg 1024w, https:\/\/blogsaverroes.juntadeandalucia.es\/elcastilloigualdad\/files\/2023\/01\/TarjetaValores_cuento-enero_2022-23-768x541.jpg 768w, https:\/\/blogsaverroes.juntadeandalucia.es\/elcastilloigualdad\/files\/2023\/01\/TarjetaValores_cuento-enero_2022-23.jpg 1240w\" sizes=\"(max-width: 300px) 100vw, 300px\" \/><\/a><\/p>\n<p><span style=\"color: #800000\"><strong>Video internet:<\/strong><\/span><\/p>\n<p>En youtube hemos encontrado varios videos del cuento, te dejamos uno de ellos<\/p>\n<p><iframe loading=\"lazy\" src=\"https:\/\/www.youtube.com\/embed\/DAP5qSSLO0A\" width=\"640\" height=\"362\" frameborder=\"0\"><span style=\"width: 0px;overflow: hidden;line-height: 0\" data-mce-type=\"bookmark\" class=\"mce_SELRES_start\">\ufeff<\/span><\/iframe>&nbsp;<\/p>\n<p><span style=\"font-size: 8pt\">Video localizado en esta web&nbsp; https:\/\/profesoradoreligion.blogspot.com\/2022\/01\/cuento-leonor-y-la-paloma-de-la-paz.html<\/span><\/p>\n<p><span style=\"color: #800000\"><strong>El video de la actuaci\u00f3n es \u00e9ste:<\/strong><\/span><\/p>\n<p><iframe loading=\"lazy\" src=\"https:\/\/www.youtube.com\/embed\/arKub4nx7pM\" width=\"640\" height=\"362\" frameborder=\"0\"><\/iframe>&nbsp;<\/p>\n<p>&nbsp;<\/p>\n<p><span style=\"color: #800000\"><strong>M\u00e1s im\u00e1genes<\/strong>&nbsp;<\/span>en la web del centro, <a href=\"https:\/\/blogsaverroes.juntadeandalucia.es\/eielcastillo\/?p=14823\"><strong>TOCA AQUI<\/strong><\/a><\/p>\n<p><strong>&nbsp;<\/strong><\/p>\n<p>&nbsp;<\/p>\n<hr>\n<p>Si despu\u00e9s de ver y escuchar la actuaci\u00f3n, y haber trabajado la tarjeta, el alumnado quiere hacer un dibujo o cualquier actividad pl\u00e1stica, NO DUDE EN ENVIARLO, SE LO PUBLICAMOS. Hazlo llegar&nbsp; a trav\u00e9s del correo electr\u00f3nico del cole (23000891.edu@juntadeandalucia.es) o simplemente a trav\u00e9s de un mensaje de whassap al tel\u00e9fono de direcci\u00f3n (administrador de la web) 671567584. En todo caso, lo puedes dejar en clase.<\/p>\n","protected":false},"excerpt":{"rendered":"<p>Para este mes de enero, el cuento que utilizamos para trabajar el progrqama de Valores y Educaci\u00f3n Emocional es: \u00abLEONOR Y LA PALOMA DE LA PAZ\u00bb El cuento est\u00e1 disponible en nuestra biblioteca de&#46;&#46;&#46;<\/p>\n","protected":false},"author":3249,"featured_media":0,"parent":705,"menu_order":4,"comment_status":"closed","ping_status":"closed","template":"","meta":{"ngg_post_thumbnail":0,"footnotes":""},"aioseo_notices":[],"_links":{"self":[{"href":"https:\/\/blogsaverroes.juntadeandalucia.es\/elcastilloigualdad\/index.php?rest_route=\/wp\/v2\/pages\/809"}],"collection":[{"href":"https:\/\/blogsaverroes.juntadeandalucia.es\/elcastilloigualdad\/index.php?rest_route=\/wp\/v2\/pages"}],"about":[{"href":"https:\/\/blogsaverroes.juntadeandalucia.es\/elcastilloigualdad\/index.php?rest_route=\/wp\/v2\/types\/page"}],"author":[{"embeddable":true,"href":"https:\/\/blogsaverroes.juntadeandalucia.es\/elcastilloigualdad\/index.php?rest_route=\/wp\/v2\/users\/3249"}],"replies":[{"embeddable":true,"href":"https:\/\/blogsaverroes.juntadeandalucia.es\/elcastilloigualdad\/index.php?rest_route=%2Fwp%2Fv2%2Fcomments&post=809"}],"version-history":[{"count":10,"href":"https:\/\/blogsaverroes.juntadeandalucia.es\/elcastilloigualdad\/index.php?rest_route=\/wp\/v2\/pages\/809\/revisions"}],"predecessor-version":[{"id":833,"href":"https:\/\/blogsaverroes.juntadeandalucia.es\/elcastilloigualdad\/index.php?rest_route=\/wp\/v2\/pages\/809\/revisions\/833"}],"up":[{"embeddable":true,"href":"https:\/\/blogsaverroes.juntadeandalucia.es\/elcastilloigualdad\/index.php?rest_route=\/wp\/v2\/pages\/705"}],"wp:attachment":[{"href":"https:\/\/blogsaverroes.juntadeandalucia.es\/elcastilloigualdad\/index.php?rest_route=%2Fwp%2Fv2%2Fmedia&parent=809"}],"curies":[{"name":"wp","href":"https:\/\/api.w.org\/{rel}","templated":true}]}}