{"id":824,"date":"2023-02-08T20:50:36","date_gmt":"2023-02-08T19:50:36","guid":{"rendered":"https:\/\/blogsaverroes.juntadeandalucia.es\/elcastilloigualdad\/?page_id=824"},"modified":"2023-02-14T13:35:11","modified_gmt":"2023-02-14T12:35:11","slug":"el-programa-de-valores-y-educacion-emocional-en-febrero-2023","status":"publish","type":"page","link":"https:\/\/blogsaverroes.juntadeandalucia.es\/elcastilloigualdad\/?page_id=824","title":{"rendered":"EL PROGRAMA DE VALORES Y EDUCACION EMOCIONAL EN FEBRERO 2023"},"content":{"rendered":"<p style=\"text-align: justify\"><strong><img loading=\"lazy\" decoding=\"async\" class=\"size-medium wp-image-826 alignleft\" src=\"https:\/\/blogsaverroes.juntadeandalucia.es\/elcastilloigualdad\/files\/2023\/02\/Imagen_pezARCOIRIS1-262x300.jpg\" alt=\"\" width=\"262\" height=\"300\" srcset=\"https:\/\/blogsaverroes.juntadeandalucia.es\/elcastilloigualdad\/files\/2023\/02\/Imagen_pezARCOIRIS1-262x300.jpg 262w, https:\/\/blogsaverroes.juntadeandalucia.es\/elcastilloigualdad\/files\/2023\/02\/Imagen_pezARCOIRIS1.jpg 299w\" sizes=\"(max-width: 262px) 100vw, 262px\" \/>Para este mes de febrero, el cuento que utilizamos para trabajar el programa de Valores y Educaci\u00f3n Emocional es:<br \/>\n<\/strong><\/p>\n<h3 style=\"text-align: justify\"><span style=\"color: #0000ff\">\u00abEL PEZ ARCOIRIS\u00bb<\/span><\/h3>\n<p style=\"text-align: justify\">El cuento est\u00e1 disponible en nuestra biblioteca de centro y se ofrece, digitalizado,&nbsp; a nuestro alumnado a trav\u00e9s de nuestra Moodle, accede al aula virtual \u00abBIBLIOTECA DIGITAL\u00bb.<\/p>\n<p style=\"text-align: justify\">En este mes de febrero 2023 se trabaja el valor de la <strong>RESPETO A LA DIVERSIDAD<\/strong> y la emoci\u00f3n del <strong>AMOR Y LA AMISTAD<br \/>\n<\/strong><\/p>\n<p style=\"text-align: justify\">El autor&nbsp; del cuento es&nbsp; Marcus Pfister (nacido en Suiza en 1960), adem\u00e1s de autor es ilustrador de cuentos para ni\u00f1os. Precisamente su colecci\u00f3n de cuentos \u00abEl pez Arcoiris\u00bb, publica en 1992, se convirti\u00f3 en un cl\u00e1sico y un \u00e9xito mundiqal, traducido a m\u00e1s de sesenta idiomas.<\/p>\n<p><strong>&nbsp;<\/strong><\/p>\n<p><strong>&nbsp;<span style=\"color: #800000\">Breve resumen:<\/span><\/strong><\/p>\n<p><img loading=\"lazy\" decoding=\"async\" class=\"wp-image-827 alignleft\" src=\"https:\/\/blogsaverroes.juntadeandalucia.es\/elcastilloigualdad\/files\/2023\/02\/Imagen_pez-ARCOIRIS2-300x289.jpg\" alt=\"\" width=\"168\" height=\"162\" srcset=\"https:\/\/blogsaverroes.juntadeandalucia.es\/elcastilloigualdad\/files\/2023\/02\/Imagen_pez-ARCOIRIS2-300x289.jpg 300w, https:\/\/blogsaverroes.juntadeandalucia.es\/elcastilloigualdad\/files\/2023\/02\/Imagen_pez-ARCOIRIS2-1024x988.jpg 1024w, https:\/\/blogsaverroes.juntadeandalucia.es\/elcastilloigualdad\/files\/2023\/02\/Imagen_pez-ARCOIRIS2-768x741.jpg 768w, https:\/\/blogsaverroes.juntadeandalucia.es\/elcastilloigualdad\/files\/2023\/02\/Imagen_pez-ARCOIRIS2.jpg 1246w\" sizes=\"(max-width: 168px) 100vw, 168px\" \/><\/p>\n<p style=\"text-align: justify\">El pez Arcoiris era el pez m\u00e1s bonito de todos gracias a sus escamas brillantes de todos los colores.<\/p>\n<p style=\"text-align: justify\">Era admirado por todos los dem\u00e1s peces, que siempre le ped\u00edan que jugase con ellos a pesar de la indiferencia que este les mostraba. Un d\u00eda, un pececito azul se acerca para pedirle una de sus muchas escamas de colores, pero de forma muy grosera se niega rotundamente. El pececito se va asustado y le cuenta lo sucedido a todos sus amigos que, a partir de ese d\u00eda, ya no quieren jugar con \u00e9l. Sin entender por qu\u00e9, siendo el pez m\u00e1s guapo, ya nadie quiere estar con \u00e9l, busca ayuda en el pulpo Octopus, que le aconseja compartir sus escamas con los dem\u00e1s peces para sentirse mejor y poder ser m\u00e1s feliz. Con muchas dudas, finalmente sigue el consejo del sabio pulpo y reparte sus escamas hasta quedarse s\u00f3lo con una. Los dem\u00e1s peces estar\u00e1n muy contentos y el pez Arcoiris, de repente, \u00a1se sentir\u00e1 m\u00e1s feliz que nunca!<\/p>\n<p style=\"text-align: justify\">El cuento nos presenta a un pez muy presumido y engre\u00eddo, que se muestra poco amable y cari\u00f1oso con los dem\u00e1s y que no est\u00e1 dispuesto a compartir con nadie aquello que lo convierte en el pez m\u00e1s hermoso del oc\u00e9ano: sus escamas. Por estas razones, los dem\u00e1s peces no quieren ser sus amigos, y \u00e9l se siente triste y solo.<\/p>\n<p style=\"text-align: justify\">Siguiendo los consejos de un sabio pulpo, empezar\u00e1 a compartir sus escamas que, como si de trocitos de felicidad se trataran, repartir\u00e1n alegr\u00eda y har\u00e1n sentir muy dichosos a los dem\u00e1s peces. Al ver la reacci\u00f3n que sus escamas producen a su alrededor, el pez Arcoiris tambi\u00e9n se sentir\u00e1 mucho mejor y, a partir de ese momento, ser\u00e1 aceptado por todos y tendr\u00e1 muchos amigos.<\/p>\n<p>&nbsp;<\/p>\n<p><strong><span style=\"color: #800000\">La tarjeta correspondiente a este mes de febrero es<\/span>: <\/strong>(clic para verla a mayor tama\u00f1o)<strong><br \/>\n<\/strong><\/p>\n<p><a href=\"https:\/\/blogsaverroes.juntadeandalucia.es\/elcastilloigualdad\/files\/2023\/02\/Imagen_TarjetaValores_cuento-febrero_2022-23.jpg\"><img loading=\"lazy\" decoding=\"async\" class=\"alignnone wp-image-830 size-medium\" src=\"https:\/\/blogsaverroes.juntadeandalucia.es\/elcastilloigualdad\/files\/2023\/02\/Imagen_TarjetaValores_cuento-febrero_2022-23-300x211.jpg\" alt=\"\" width=\"300\" height=\"211\" srcset=\"https:\/\/blogsaverroes.juntadeandalucia.es\/elcastilloigualdad\/files\/2023\/02\/Imagen_TarjetaValores_cuento-febrero_2022-23-300x211.jpg 300w, https:\/\/blogsaverroes.juntadeandalucia.es\/elcastilloigualdad\/files\/2023\/02\/Imagen_TarjetaValores_cuento-febrero_2022-23-1024x722.jpg 1024w, https:\/\/blogsaverroes.juntadeandalucia.es\/elcastilloigualdad\/files\/2023\/02\/Imagen_TarjetaValores_cuento-febrero_2022-23-768x541.jpg 768w, https:\/\/blogsaverroes.juntadeandalucia.es\/elcastilloigualdad\/files\/2023\/02\/Imagen_TarjetaValores_cuento-febrero_2022-23.jpg 1240w\" sizes=\"(max-width: 300px) 100vw, 300px\" \/><\/a><\/p>\n<p>&nbsp;<\/p>\n<p><span style=\"color: #800000\"><strong>Video internet:<\/strong><\/span><\/p>\n<p>En youtube hemos encontrado varios videos del cuento, te dejamos uno de ellos<\/p>\n<p><iframe loading=\"lazy\" src=\"https:\/\/www.youtube.com\/embed\/wAd7e0I5hdI\" width=\"640\" height=\"362\" frameborder=\"0\"><\/iframe>&nbsp;<\/p>\n<p>&nbsp;<\/p>\n<p><span style=\"color: #800000\"><strong>El video de la actuaci\u00f3n es \u00e9ste:<\/strong><\/span><\/p>\n<p><iframe loading=\"lazy\" src=\"https:\/\/www.youtube.com\/embed\/DVCM7du8PRU\" width=\"640\" height=\"362\" frameborder=\"0\"><\/iframe>&nbsp;<\/p>\n<p>&nbsp;<\/p>\n<p><span style=\"color: #800000\"><strong>M\u00e1s im\u00e1genes<\/strong><\/span>&nbsp;en la web del centro,&nbsp;<strong>AQUI<\/strong><\/p>\n<p>(una vez tenga lugar)<strong><br \/>\n<\/strong><\/p>\n<p>&nbsp;<\/p>\n<hr>\n<p>Si despu\u00e9s de ver y escuchar la actuaci\u00f3n, y haber trabajado la tarjeta, el alumnado quiere hacer un dibujo o cualquier actividad pl\u00e1stica, NO DUDE EN ENVIARLO, SE LO PUBLICAMOS. Hazlo llegar&nbsp; a trav\u00e9s del correo electr\u00f3nico del cole (23000891.edu@juntadeandalucia.es) o simplemente a trav\u00e9s de un mensaje de whassap al tel\u00e9fono de direcci\u00f3n (administrador de la web) 671567584. En todo caso, lo puedes dejar en clase.<\/p>\n","protected":false},"excerpt":{"rendered":"<p>Para este mes de febrero, el cuento que utilizamos para trabajar el programa de Valores y Educaci\u00f3n Emocional es: \u00abEL PEZ ARCOIRIS\u00bb El cuento est\u00e1 disponible en nuestra biblioteca de centro y se ofrece,&#46;&#46;&#46;<\/p>\n","protected":false},"author":3249,"featured_media":0,"parent":705,"menu_order":5,"comment_status":"closed","ping_status":"closed","template":"","meta":{"ngg_post_thumbnail":0,"footnotes":""},"aioseo_notices":[],"_links":{"self":[{"href":"https:\/\/blogsaverroes.juntadeandalucia.es\/elcastilloigualdad\/index.php?rest_route=\/wp\/v2\/pages\/824"}],"collection":[{"href":"https:\/\/blogsaverroes.juntadeandalucia.es\/elcastilloigualdad\/index.php?rest_route=\/wp\/v2\/pages"}],"about":[{"href":"https:\/\/blogsaverroes.juntadeandalucia.es\/elcastilloigualdad\/index.php?rest_route=\/wp\/v2\/types\/page"}],"author":[{"embeddable":true,"href":"https:\/\/blogsaverroes.juntadeandalucia.es\/elcastilloigualdad\/index.php?rest_route=\/wp\/v2\/users\/3249"}],"replies":[{"embeddable":true,"href":"https:\/\/blogsaverroes.juntadeandalucia.es\/elcastilloigualdad\/index.php?rest_route=%2Fwp%2Fv2%2Fcomments&post=824"}],"version-history":[{"count":8,"href":"https:\/\/blogsaverroes.juntadeandalucia.es\/elcastilloigualdad\/index.php?rest_route=\/wp\/v2\/pages\/824\/revisions"}],"predecessor-version":[{"id":836,"href":"https:\/\/blogsaverroes.juntadeandalucia.es\/elcastilloigualdad\/index.php?rest_route=\/wp\/v2\/pages\/824\/revisions\/836"}],"up":[{"embeddable":true,"href":"https:\/\/blogsaverroes.juntadeandalucia.es\/elcastilloigualdad\/index.php?rest_route=\/wp\/v2\/pages\/705"}],"wp:attachment":[{"href":"https:\/\/blogsaverroes.juntadeandalucia.es\/elcastilloigualdad\/index.php?rest_route=%2Fwp%2Fv2%2Fmedia&parent=824"}],"curies":[{"name":"wp","href":"https:\/\/api.w.org\/{rel}","templated":true}]}}