{"id":857,"date":"2023-04-07T12:10:05","date_gmt":"2023-04-07T10:10:05","guid":{"rendered":"https:\/\/blogsaverroes.juntadeandalucia.es\/elcastilloigualdad\/?page_id=857"},"modified":"2023-04-21T20:34:30","modified_gmt":"2023-04-21T18:34:30","slug":"el-programa-de-valores-y-educacion-emocional-en-abril-2023","status":"publish","type":"page","link":"https:\/\/blogsaverroes.juntadeandalucia.es\/elcastilloigualdad\/?page_id=857","title":{"rendered":"EL PROGRAMA DE VALORES Y EDUCACI\u00d3N EMOCIONAL EN ABRIL 2023"},"content":{"rendered":"<p><strong>Para este mes de abril, el cuento que utilizamos para trabajar el programa de Valores y Educaci\u00f3n Emocional es:<br \/>\n<\/strong><\/p>\n<h3><span style=\"color: #800000\">\u00abEL LE\u00d3N QUE NO SAB\u00cdA ESCRIBIR\u00bb<\/span><\/h3>\n<p>El cuento est\u00e1 disponible en nuestra biblioteca del centro.<\/p>\n<p>En nuestra plataforma <a href=\"https:\/\/educacionadistancia.juntadeandalucia.es\/centros\/jaen\/\">Moodle Centros<\/a>&nbsp; tienes digitalizados todos los cuentos que utilizamos mes a mes en este Programa de Valores, visita el aula virtual: \u00ab<strong>BIBLIOTECA DIGITAL<\/strong>\u00bb.<\/p>\n<p>&nbsp;<\/p>\n<p style=\"text-align: justify\"><strong><em><img loading=\"lazy\" decoding=\"async\" class=\"wp-image-859 alignleft\" src=\"https:\/\/blogsaverroes.juntadeandalucia.es\/elcastilloigualdad\/files\/2023\/04\/Imagen_cuento_El-leon-que-no-sabia-escribirle\u00f3n3.jpg\" alt=\"\" width=\"343\" height=\"224\" srcset=\"https:\/\/blogsaverroes.juntadeandalucia.es\/elcastilloigualdad\/files\/2023\/04\/Imagen_cuento_El-leon-que-no-sabia-escribirle\u00f3n3.jpg 600w, https:\/\/blogsaverroes.juntadeandalucia.es\/elcastilloigualdad\/files\/2023\/04\/Imagen_cuento_El-leon-que-no-sabia-escribirle\u00f3n3-300x196.jpg 300w\" sizes=\"(max-width: 343px) 100vw, 343px\" \/><span style=\"color: #800000\">\u00abEl le\u00f3n que no sab\u00eda escribir\u00bb<\/span><\/em><\/strong>&nbsp;es un libro sencillo, original que nos habla de la&nbsp;<strong>importancia de leer y escribir<\/strong>. Pero tambi\u00e9n nos da una raci\u00f3n de&nbsp;<strong>humildad y paciencia<\/strong>&nbsp;frente a una de orgullo e impaciencia.<\/p>\n<p style=\"text-align: justify\"><span style=\"color: #003300\"><strong>Un le\u00f3n orgulloso y una leona paciente.<\/strong><\/span><\/p>\n<p style=\"text-align: justify\">Tenemos como protagonista al rey de la jungla, el m\u00e1s fiero, temible, orgulloso y vanidoso de los animales: el le\u00f3n .<\/p>\n<p style=\"text-align: justify\">Este le\u00f3n no sab\u00eda escribir, pero no le importaba pues le bastaba con rugir.<\/p>\n<p style=\"text-align: justify\">Hasta que un d\u00eda se encuentra con una leona. No cualquier leona, una leona lectora, toda una dama. Entonces le\u00f3n recuerda que a las damas se les escriben cartas, pero \u00a1oh, no! \u00c9l no sab\u00eda escribir. Por primera vez en su vida tendr\u00eda que buscar ayuda.<\/p>\n<p style=\"text-align: justify\">Aqu\u00ed comienza su andadura por la jungla, pidi\u00e9ndole ayuda a distintos animales para escribir la carta a su leona.<\/p>\n<p style=\"text-align: justify\">Con el peque\u00f1o inconveniente de que cada animal que acepta ayudarle escribe en la carta lo que a ellos les gustar\u00eda. Nada que ver con lo que le gustar\u00eda a un le\u00f3n, y menos a una leona.<\/p>\n<p style=\"text-align: justify\">Nuestro le\u00f3n se va enfadando con cada carta fallida un pel\u00edn m\u00e1s, hasta que la bomba estalla.<\/p>\n<p style=\"text-align: justify\">Entonces, le\u00f3n comienza a rugir y a rugir. En cada rugido expresa todo lo que \u00e9l escribir\u00eda en su carta. Leona, que lo hab\u00eda escuchado todo, le pregunta que por qu\u00e9 no escribe \u00e9l su carta si tan claro tiene todo lo que quiere decirle. Le\u00f3n, un tanto avergonzado, se sincera y le cuenta que no sabe escribir. Pero ella lo lleva bajo su \u00e1rbol y le ense\u00f1a la letra A de amor<\/p>\n<p style=\"text-align: justify\">Se trata de un libro ideal para edades de&nbsp;<strong>inicio de la lectoescritura<\/strong>, ya que se sentir\u00e1n identificados con el le\u00f3n y se motivar\u00e1n para continuar con el esfuerzo que supone este aprendizaje.<\/p>\n<p style=\"text-align: justify\">Es muy importante&nbsp;<strong>saber leer y escribir para poder comunicarnos<\/strong>&nbsp;de otra forma que no sea solo oralmente. Para poder comprender todo lo que veamos y no ser v\u00edctimas de enga\u00f1os, para disfrutar del placer de la lectura, apreciar el arte de los versos en poes\u00eda, de los sentimientos escritos y de la personalidad de los trazos delineados con las manos.&nbsp;<strong>\u00a1Qu\u00e9 bonito es leer y escribir!<\/strong><\/p>\n<p style=\"text-align: justify\">Sin embargo, el libro va m\u00e1s all\u00e1. No se queda solo en la importancia de la lectoescritura. Nos habla del orgullo, de la vanidad del le\u00f3n que se cree todopoderoso en su posici\u00f3n de Rey de la Selva.<\/p>\n<p style=\"text-align: justify\">Aunque, m\u00e1s tarde, se dar\u00e1 cuenta de que no es tan autosuficiente como cre\u00eda, y necesita ayuda de los dem\u00e1s, igual que todos la necesitamos en alg\u00fan momento de nuestra vida. No podemos vivir crey\u00e9ndonos intocables y que lo sabemos todo. Siempre hay cosas que aprender de los dem\u00e1s y compartir con ellos.<\/p>\n<p style=\"text-align: justify\">Leona, por su parte, nos da una lecci\u00f3n de paciencia y humildad desde su posici\u00f3n, casi pasiva, durante la historia. Se ofrece a ayudar al le\u00f3n sin pedir nada a cambio ni mostrarse superior a \u00e9l por su sabidur\u00eda en ning\u00fan momento.<\/p>\n<h4 style=\"text-align: justify\"><span style=\"color: #003300\">\u00a1 Un libro bonito, que vale la pena tener en tu biblioteca !<\/span><\/h4>\n<h3 style=\"text-align: center\"><strong><a href=\"https:\/\/view.genial.ly\/61feee41da38a000186d6d1d\/presentation-el-leon-que-no-sabia-escribir\">&nbsp;Ver el cuento a trav\u00e9s de este genial.ly<\/a><br \/>\n<\/strong><\/h3>\n<p>&nbsp;<\/p>\n<p><span style=\"color: #800000\"><strong>La tarjeta correspondiente a este mes de abril es:<\/strong><\/span><\/p>\n<p><img loading=\"lazy\" decoding=\"async\" class=\"alignnone size-full wp-image-864\" src=\"https:\/\/blogsaverroes.juntadeandalucia.es\/elcastilloigualdad\/files\/2023\/04\/Imagen_TarjetaValores_cuento-abril_2022-23.jpg\" alt=\"\" width=\"1173\" height=\"835\" srcset=\"https:\/\/blogsaverroes.juntadeandalucia.es\/elcastilloigualdad\/files\/2023\/04\/Imagen_TarjetaValores_cuento-abril_2022-23.jpg 1173w, https:\/\/blogsaverroes.juntadeandalucia.es\/elcastilloigualdad\/files\/2023\/04\/Imagen_TarjetaValores_cuento-abril_2022-23-300x214.jpg 300w, https:\/\/blogsaverroes.juntadeandalucia.es\/elcastilloigualdad\/files\/2023\/04\/Imagen_TarjetaValores_cuento-abril_2022-23-1024x729.jpg 1024w, https:\/\/blogsaverroes.juntadeandalucia.es\/elcastilloigualdad\/files\/2023\/04\/Imagen_TarjetaValores_cuento-abril_2022-23-768x547.jpg 768w\" sizes=\"(max-width: 1173px) 100vw, 1173px\" \/><\/p>\n<p><span style=\"color: #800000\"><strong>Video internet:<\/strong><\/span><\/p>\n<p>En youtube hemos encontrado varios videos del cuento, te dejamos dos narraciones:<\/p>\n<p><iframe loading=\"lazy\" src=\"https:\/\/www.youtube.com\/embed\/n0OfVant1Z4\" width=\"640\" height=\"362\" frameborder=\"0\"><\/iframe><\/p>\n<p>&nbsp;<iframe loading=\"lazy\" src=\"https:\/\/www.youtube.com\/embed\/5Px_gsLOR5s\" width=\"640\" height=\"362\" frameborder=\"0\"><\/iframe><\/p>\n<p><strong><span style=\"color: #800000\">El video de la actuaci\u00f3n:<\/span><br \/>\n<\/strong><\/p>\n<p><iframe loading=\"lazy\" src=\"https:\/\/www.youtube.com\/embed\/sUz3U-BZQwc\" width=\"640\" height=\"362\" frameborder=\"0\"><\/iframe>&nbsp;<\/p>\n<p>&nbsp;<\/p>\n<p><span style=\"color: #800000\"><strong>M\u00e1s im\u00e1genes: <\/strong><\/span><strong><br \/>\n<\/strong><\/p>\n<p>Puedes verlas en nuestra web, <strong>haz clic AQU\u00cd<\/strong><\/p>\n<p><strong>&nbsp;<\/strong><\/p>\n<p>&nbsp;<\/p>\n<hr>\n<p>Si despu\u00e9s de ver y escuchar la actuaci\u00f3n, y haber trabajado la tarjeta, el alumnado quiere hacer un dibujo o cualquier actividad pl\u00e1stica, NO DUDE EN ENVIARLO, SE LO PUBLICAMOS. Hazlo llegar&nbsp; a trav\u00e9s del correo electr\u00f3nico del cole (23000891.edu@juntadeandalucia.es) o simplemente a trav\u00e9s de un mensaje de whassap al tel\u00e9fono de direcci\u00f3n (administrador de la web) 671567584. En todo caso, lo puedes dejar en clase.<\/p>\n","protected":false},"excerpt":{"rendered":"<p>Para este mes de abril, el cuento que utilizamos para trabajar el programa de Valores y Educaci\u00f3n Emocional es: \u00abEL LE\u00d3N QUE NO SAB\u00cdA ESCRIBIR\u00bb El cuento est\u00e1 disponible en nuestra biblioteca del centro.&#46;&#46;&#46;<\/p>\n","protected":false},"author":3249,"featured_media":0,"parent":705,"menu_order":7,"comment_status":"closed","ping_status":"closed","template":"","meta":{"ngg_post_thumbnail":0,"footnotes":""},"aioseo_notices":[],"_links":{"self":[{"href":"https:\/\/blogsaverroes.juntadeandalucia.es\/elcastilloigualdad\/index.php?rest_route=\/wp\/v2\/pages\/857"}],"collection":[{"href":"https:\/\/blogsaverroes.juntadeandalucia.es\/elcastilloigualdad\/index.php?rest_route=\/wp\/v2\/pages"}],"about":[{"href":"https:\/\/blogsaverroes.juntadeandalucia.es\/elcastilloigualdad\/index.php?rest_route=\/wp\/v2\/types\/page"}],"author":[{"embeddable":true,"href":"https:\/\/blogsaverroes.juntadeandalucia.es\/elcastilloigualdad\/index.php?rest_route=\/wp\/v2\/users\/3249"}],"replies":[{"embeddable":true,"href":"https:\/\/blogsaverroes.juntadeandalucia.es\/elcastilloigualdad\/index.php?rest_route=%2Fwp%2Fv2%2Fcomments&post=857"}],"version-history":[{"count":11,"href":"https:\/\/blogsaverroes.juntadeandalucia.es\/elcastilloigualdad\/index.php?rest_route=\/wp\/v2\/pages\/857\/revisions"}],"predecessor-version":[{"id":889,"href":"https:\/\/blogsaverroes.juntadeandalucia.es\/elcastilloigualdad\/index.php?rest_route=\/wp\/v2\/pages\/857\/revisions\/889"}],"up":[{"embeddable":true,"href":"https:\/\/blogsaverroes.juntadeandalucia.es\/elcastilloigualdad\/index.php?rest_route=\/wp\/v2\/pages\/705"}],"wp:attachment":[{"href":"https:\/\/blogsaverroes.juntadeandalucia.es\/elcastilloigualdad\/index.php?rest_route=%2Fwp%2Fv2%2Fmedia&parent=857"}],"curies":[{"name":"wp","href":"https:\/\/api.w.org\/{rel}","templated":true}]}}