{"id":892,"date":"2023-05-06T19:50:30","date_gmt":"2023-05-06T17:50:30","guid":{"rendered":"https:\/\/blogsaverroes.juntadeandalucia.es\/elcastilloigualdad\/?page_id=892"},"modified":"2023-05-12T00:17:11","modified_gmt":"2023-05-11T22:17:11","slug":"el-programa-de-valores-y-educacion-emocional-en-mayo-2023","status":"publish","type":"page","link":"https:\/\/blogsaverroes.juntadeandalucia.es\/elcastilloigualdad\/?page_id=892","title":{"rendered":"EL PROGRAMA DE VALORES Y EDUCACI\u00d3N EMOCIONAL EN MAYO 2023"},"content":{"rendered":"<p><strong>Para este mes de mayo, el cuento que utilizamos para trabajar el programa de Valores y Educaci\u00f3n Emocional es:<br \/>\n<\/strong><\/p>\n<h3>\u00abPOCOCOCO Y EL PIRATA BARBARROSA, EN EL MISTERIO DEL COLOR ROSA\u00bb<\/h3>\n<p>El cuento que presentamos este mes de mayo, no lo vamos a encontrar en nuestra biblioteca ni en ninguna porque se trata de un gui\u00f3n de nuestro compa\u00f1ero, el maestro Pedro Rizos. Ya el curso pasado, en mayo, presentamos <strong>\u00abPocococo y el pirata Barbarrosa\u00bb<\/strong>, ahora nos va a averiguar el misterio del color rosa, de ah\u00ed el t\u00edtulo:<\/p>\n<h2><span style=\"color: #f50add\"><strong>\u00abPocococo y el pirata Barbarrosa, en el misterio del color ROSA\u00bb.<\/strong><\/span><\/h2>\n<p><strong><span style=\"font-family: arial, helvetica, sans-serif\">Con este cuentacuentos trabajamos el valor de <span style=\"color: #800000\">EL BIENESTAR DE LA RISA<\/span> y la emoci\u00f3n de <span style=\"color: #800000\">LA FELICIDAD<\/span>, tan necesarios&#8230;<\/span><\/strong><\/p>\n<p>&nbsp;<\/p>\n<p><span style=\"text-decoration: underline;color: #800000\"><strong>La tarjeta correspondiente a este mes de mayo es:<\/strong><\/span><\/p>\n<p><img loading=\"lazy\" decoding=\"async\" class=\"alignnone size-full wp-image-894\" src=\"https:\/\/blogsaverroes.juntadeandalucia.es\/elcastilloigualdad\/files\/2023\/05\/TarjetaValores_cuento-mayo_2022-23.jpg\" alt=\"\" width=\"1178\" height=\"836\" srcset=\"https:\/\/blogsaverroes.juntadeandalucia.es\/elcastilloigualdad\/files\/2023\/05\/TarjetaValores_cuento-mayo_2022-23.jpg 1178w, https:\/\/blogsaverroes.juntadeandalucia.es\/elcastilloigualdad\/files\/2023\/05\/TarjetaValores_cuento-mayo_2022-23-300x213.jpg 300w, https:\/\/blogsaverroes.juntadeandalucia.es\/elcastilloigualdad\/files\/2023\/05\/TarjetaValores_cuento-mayo_2022-23-1024x727.jpg 1024w, https:\/\/blogsaverroes.juntadeandalucia.es\/elcastilloigualdad\/files\/2023\/05\/TarjetaValores_cuento-mayo_2022-23-768x545.jpg 768w\" sizes=\"(max-width: 1178px) 100vw, 1178px\" \/><\/p>\n<p>&nbsp;<\/p>\n<p><strong><span style=\"text-decoration: underline;color: #800000\">El video de la actuaci\u00f3n:<\/span><br \/>\n<\/strong><\/p>\n<p><iframe loading=\"lazy\" src=\"https:\/\/www.youtube.com\/embed\/BH6tdDDiizc\" width=\"640\" height=\"362\" frameborder=\"0\"><\/iframe>&nbsp;<\/p>\n<p>&nbsp;<\/p>\n<p><span style=\"text-decoration: underline\"><span style=\"color: #800000;text-decoration: underline\"><strong>M\u00e1s im\u00e1genes: <\/strong><\/span><\/span><strong><br \/>\n<\/strong><\/p>\n<p>Puedes verlas en nuestra web, <a href=\"https:\/\/blogsaverroes.juntadeandalucia.es\/eielcastillo\/?p=15655\"><strong>haz clic AQU\u00cd <\/strong><\/a><strong><br \/>\n<\/strong><\/p>\n<p><strong>&nbsp;<\/strong><\/p>\n<p>&nbsp;<\/p>\n<hr>\n<p>Si despu\u00e9s de ver y escuchar la actuaci\u00f3n, y haber trabajado la tarjeta, el alumnado quiere hacer un dibujo o cualquier actividad pl\u00e1stica, NO DUDE EN ENVIARLO, SE LO PUBLICAMOS. Hazlo llegar&nbsp; a trav\u00e9s del correo electr\u00f3nico del cole (23000891.edu@juntadeandalucia.es) o simplemente a trav\u00e9s de un mensaje de whassap al tel\u00e9fono de direcci\u00f3n (administrador de la web) 671567584. En todo caso, lo puedes dejar en clase.<\/p>\n","protected":false},"excerpt":{"rendered":"<p>Para este mes de mayo, el cuento que utilizamos para trabajar el programa de Valores y Educaci\u00f3n Emocional es: \u00abPOCOCOCO Y EL PIRATA BARBARROSA, EN EL MISTERIO DEL COLOR ROSA\u00bb El cuento que presentamos&#46;&#46;&#46;<\/p>\n","protected":false},"author":3249,"featured_media":0,"parent":705,"menu_order":8,"comment_status":"closed","ping_status":"closed","template":"","meta":{"ngg_post_thumbnail":0,"footnotes":""},"aioseo_notices":[],"_links":{"self":[{"href":"https:\/\/blogsaverroes.juntadeandalucia.es\/elcastilloigualdad\/index.php?rest_route=\/wp\/v2\/pages\/892"}],"collection":[{"href":"https:\/\/blogsaverroes.juntadeandalucia.es\/elcastilloigualdad\/index.php?rest_route=\/wp\/v2\/pages"}],"about":[{"href":"https:\/\/blogsaverroes.juntadeandalucia.es\/elcastilloigualdad\/index.php?rest_route=\/wp\/v2\/types\/page"}],"author":[{"embeddable":true,"href":"https:\/\/blogsaverroes.juntadeandalucia.es\/elcastilloigualdad\/index.php?rest_route=\/wp\/v2\/users\/3249"}],"replies":[{"embeddable":true,"href":"https:\/\/blogsaverroes.juntadeandalucia.es\/elcastilloigualdad\/index.php?rest_route=%2Fwp%2Fv2%2Fcomments&post=892"}],"version-history":[{"count":4,"href":"https:\/\/blogsaverroes.juntadeandalucia.es\/elcastilloigualdad\/index.php?rest_route=\/wp\/v2\/pages\/892\/revisions"}],"predecessor-version":[{"id":900,"href":"https:\/\/blogsaverroes.juntadeandalucia.es\/elcastilloigualdad\/index.php?rest_route=\/wp\/v2\/pages\/892\/revisions\/900"}],"up":[{"embeddable":true,"href":"https:\/\/blogsaverroes.juntadeandalucia.es\/elcastilloigualdad\/index.php?rest_route=\/wp\/v2\/pages\/705"}],"wp:attachment":[{"href":"https:\/\/blogsaverroes.juntadeandalucia.es\/elcastilloigualdad\/index.php?rest_route=%2Fwp%2Fv2%2Fmedia&parent=892"}],"curies":[{"name":"wp","href":"https:\/\/api.w.org\/{rel}","templated":true}]}}