{"id":479,"date":"2020-12-07T16:10:59","date_gmt":"2020-12-07T16:10:59","guid":{"rendered":"https:\/\/blogsaverroes.juntadeandalucia.es\/elcastillorecursos\/?page_id=479"},"modified":"2020-12-07T16:10:59","modified_gmt":"2020-12-07T16:10:59","slug":"jclic-falta-letra","status":"publish","type":"page","link":"https:\/\/blogsaverroes.juntadeandalucia.es\/elcastillorecursos\/?page_id=479","title":{"rendered":"JCLIC- Falta letra"},"content":{"rendered":"<h2 id=\"tituloItem\" class=\"blockTituloItem\"><span class=\"tituloItem\" style=\"color: #ff0000\">Serie FALTA LETRA<\/span><\/h2>\n<div id=\"contenido_sitio\">\n<p style=\"text-align: justify\"><span class=\"Estilo2\"><strong>Descripci\u00f3n:<\/strong>&nbsp;se trata de una serie de proyectos JClic en los que el alumnado debe buscar la letra que le&nbsp;falta a cada palabra, para ello en cada actividad les aparece una pantalla con seis palabras y seis letras sueltas (las que le faltan a las&nbsp;palabras referidas). El alumno\/a debe arrastrar cada letra hasta la palabra correspondiente.&nbsp;Cada actividad conlleva su propia autoevaluaci\u00f3n, de hacer bien la actividad aparecer\u00e1 en el mensaje final una fila de estrellitas. El juego 1 comprende P,L,M,S; el juego 2 comprende N,\u00d1,T,D,J; el juego 3 Y,LL,B,V; el juego 4 Z,C (ce, ci),R; el juego 5 K,Q, C(ca,co, cu), F, H, CH; el juego 6 G.<\/span><\/p>\n<ul>\n<li>\n<p class=\"titulo2\"><a class=\"LinkModi\" title=\"http:\/\/www.juntadeandalucia.es\/averroes\/centros-tic\/23000891\/helvia\/aula\/archivos\/repositorio\/0\/36\/html\/index.htm\" href=\"http:\/\/www.juntadeandalucia.es\/averroes\/centros-tic\/23000891\/helvia\/aula\/archivos\/repositorio\/0\/36\/html\/index.htm\" target=\"_NEW\" rel=\"noopener noreferrer\"><strong>Proyecto FALTA LETRA_1<\/strong><\/a><\/p>\n<\/li>\n<li>\n<p class=\"titulo2\"><a class=\"LinkModi\" title=\"http:\/\/www.juntadeandalucia.es\/averroes\/centros-tic\/23000891\/helvia\/aula\/archivos\/repositorio\/0\/37\/html\/index.htm\" href=\"http:\/\/www.juntadeandalucia.es\/averroes\/centros-tic\/23000891\/helvia\/aula\/archivos\/repositorio\/0\/37\/html\/index.htm\" target=\"_NEW\" rel=\"noopener noreferrer\"><strong>Proyecto FALTA LETRA_2<\/strong><\/a><\/p>\n<\/li>\n<li>\n<p class=\"titulo2\"><a class=\"LinkModi\" title=\"http:\/\/www.juntadeandalucia.es\/averroes\/centros-tic\/23000891\/helvia\/aula\/archivos\/repositorio\/0\/38\/html\/index.htm\" href=\"http:\/\/www.juntadeandalucia.es\/averroes\/centros-tic\/23000891\/helvia\/aula\/archivos\/repositorio\/0\/38\/html\/index.htm\" target=\"_NEW\" rel=\"noopener noreferrer\"><strong>Proyecto FALTA LETRA_3<\/strong><\/a><\/p>\n<\/li>\n<li>\n<p class=\"titulo2\"><a class=\"LinkModi\" title=\"http:\/\/www.juntadeandalucia.es\/averroes\/centros-tic\/23000891\/helvia\/aula\/archivos\/repositorio\/0\/39\/html\/index.htm\" href=\"http:\/\/www.juntadeandalucia.es\/averroes\/centros-tic\/23000891\/helvia\/aula\/archivos\/repositorio\/0\/39\/html\/index.htm\" target=\"_NEW\" rel=\"noopener noreferrer\"><strong>Proyecto FALTA LETRA_4<\/strong><\/a><\/p>\n<\/li>\n<li>\n<p class=\"titulo2\"><a class=\"LinkModi\" title=\"http:\/\/www.juntadeandalucia.es\/averroes\/centros-tic\/23000891\/helvia\/aula\/archivos\/repositorio\/0\/40\/html\/index.htm\" href=\"http:\/\/www.juntadeandalucia.es\/averroes\/centros-tic\/23000891\/helvia\/aula\/archivos\/repositorio\/0\/40\/html\/index.htm\" target=\"_NEW\" rel=\"noopener noreferrer\"><strong>Proyecto FALTA LETRA_5<\/strong><\/a><\/p>\n<\/li>\n<li>\n<p class=\"titulo2\"><a class=\"LinkModi\" title=\"http:\/\/www.juntadeandalucia.es\/averroes\/centros-tic\/23000891\/helvia\/aula\/archivos\/repositorio\/0\/41\/html\/index.htm\" href=\"http:\/\/www.juntadeandalucia.es\/averroes\/centros-tic\/23000891\/helvia\/aula\/archivos\/repositorio\/0\/41\/html\/index.htm\" target=\"_NEW\" rel=\"noopener noreferrer\"><strong>Proyecto FALTA LETRA_6<\/strong><\/a><\/p>\n<\/li>\n<\/ul>\n<\/div>\n","protected":false},"excerpt":{"rendered":"<p>Serie FALTA LETRA Descripci\u00f3n:&nbsp;se trata de una serie de proyectos JClic en los que el alumnado debe buscar la letra que le&nbsp;falta a cada palabra, para ello en cada actividad les aparece una pantalla&#46;&#46;&#46;<\/p>\n","protected":false},"author":3249,"featured_media":0,"parent":425,"menu_order":7,"comment_status":"closed","ping_status":"closed","template":"","meta":{"ngg_post_thumbnail":0,"footnotes":""},"aioseo_notices":[],"_links":{"self":[{"href":"https:\/\/blogsaverroes.juntadeandalucia.es\/elcastillorecursos\/index.php?rest_route=\/wp\/v2\/pages\/479"}],"collection":[{"href":"https:\/\/blogsaverroes.juntadeandalucia.es\/elcastillorecursos\/index.php?rest_route=\/wp\/v2\/pages"}],"about":[{"href":"https:\/\/blogsaverroes.juntadeandalucia.es\/elcastillorecursos\/index.php?rest_route=\/wp\/v2\/types\/page"}],"author":[{"embeddable":true,"href":"https:\/\/blogsaverroes.juntadeandalucia.es\/elcastillorecursos\/index.php?rest_route=\/wp\/v2\/users\/3249"}],"replies":[{"embeddable":true,"href":"https:\/\/blogsaverroes.juntadeandalucia.es\/elcastillorecursos\/index.php?rest_route=%2Fwp%2Fv2%2Fcomments&post=479"}],"version-history":[{"count":1,"href":"https:\/\/blogsaverroes.juntadeandalucia.es\/elcastillorecursos\/index.php?rest_route=\/wp\/v2\/pages\/479\/revisions"}],"predecessor-version":[{"id":480,"href":"https:\/\/blogsaverroes.juntadeandalucia.es\/elcastillorecursos\/index.php?rest_route=\/wp\/v2\/pages\/479\/revisions\/480"}],"up":[{"embeddable":true,"href":"https:\/\/blogsaverroes.juntadeandalucia.es\/elcastillorecursos\/index.php?rest_route=\/wp\/v2\/pages\/425"}],"wp:attachment":[{"href":"https:\/\/blogsaverroes.juntadeandalucia.es\/elcastillorecursos\/index.php?rest_route=%2Fwp%2Fv2%2Fmedia&parent=479"}],"curies":[{"name":"wp","href":"https:\/\/api.w.org\/{rel}","templated":true}]}}